{"id":3804,"date":"2024-05-26T19:02:45","date_gmt":"2024-05-26T19:02:45","guid":{"rendered":"https:\/\/new.alteg.io\/?page_id=3804"},"modified":"2026-02-15T18:57:56","modified_gmt":"2026-02-15T18:57:56","slug":"contact","status":"publish","type":"page","link":"https:\/\/alteg.io\/ru\/info\/contact\/","title":{"rendered":"\u041a\u043e\u043d\u0442\u0430\u043a\u0442\u044b"},"content":{"rendered":"<div data-elementor-type=\"wp-page\" data-elementor-id=\"3804\" class=\"elementor elementor-3804\" data-elementor-post-type=\"page\">\n\t\t\t\t\t\t<section class=\"elementor-section elementor-top-section elementor-element elementor-element-850f7fe elementor-section-boxed elementor-section-height-default elementor-section-height-default\" data-id=\"850f7fe\" data-element_type=\"section\" data-e-type=\"section\" data-settings=\"{&quot;background_background&quot;:&quot;classic&quot;}\">\n\t\t\t\t\t\t<div class=\"elementor-container elementor-column-gap-default\">\n\t\t\t\t\t<div class=\"elementor-column elementor-col-100 elementor-top-column elementor-element elementor-element-2ec97f4\" data-id=\"2ec97f4\" data-element_type=\"column\" data-e-type=\"column\">\n\t\t\t<div class=\"elementor-widget-wrap elementor-element-populated\">\n\t\t\t\t\t\t<div class=\"elementor-element elementor-element-0762970 elementor-widget elementor-widget-shortcode\" data-id=\"0762970\" data-element_type=\"widget\" data-e-type=\"widget\" data-widget_type=\"shortcode.default\">\n\t\t\t\t\t\t\t<div class=\"elementor-shortcode\"><div class=\"aioseo-breadcrumbs\"><span class=\"aioseo-breadcrumb\">\n\t<a href=\"https:\/\/alteg.io\/ru\/\" title=\"\u0414\u043e\u043c\u043e\u0439\">\u0414\u043e\u043c\u043e\u0439<\/a>\n<\/span><span class=\"aioseo-breadcrumb-separator\">&gt;<\/span><span class=\"aioseo-breadcrumb\">\n\t<a href=\"https:\/\/alteg.io\/ru\/?page_id=1114\" title=\"\u0418\u043d\u0444\u043e\u0440\u043c\u0430\u0446\u0438\u044f\">\u0418\u043d\u0444\u043e\u0440\u043c\u0430\u0446\u0438\u044f<\/a>\n<\/span><span class=\"aioseo-breadcrumb-separator\">&gt;<\/span><span class=\"aioseo-breadcrumb\">\n\t\u041a\u043e\u043d\u0442\u0430\u043a\u0442\u044b\n<\/span><\/div><\/div>\n\t\t\t\t\t\t<\/div>\n\t\t\t\t<div class=\"elementor-element elementor-element-3fadbf2 elementor-invisible elementor-widget elementor-widget-heading\" data-id=\"3fadbf2\" data-element_type=\"widget\" data-e-type=\"widget\" data-settings=\"{&quot;_animation&quot;:&quot;fadeInUp&quot;,&quot;_animation_mobile&quot;:&quot;fadeInDown&quot;,&quot;_animation_delay&quot;:300}\" data-widget_type=\"heading.default\">\n\t\t\t\t\t<h1 class=\"elementor-heading-title elementor-size-default\">\u041a\u043e\u043d\u0442\u0430\u043a\u0442\u044b<\/h1>\t\t\t\t<\/div>\n\t\t\t\t<div class=\"elementor-element elementor-element-36ce984 text-a text-main animated-slow elementor-invisible elementor-widget elementor-widget-text-editor\" data-id=\"36ce984\" data-element_type=\"widget\" data-e-type=\"widget\" data-settings=\"{&quot;_animation&quot;:&quot;fadeIn&quot;,&quot;_animation_delay&quot;:400}\" data-widget_type=\"text-editor.default\">\n\t\t\t\t\t\t\t\t\t<h2><strong>\u0425\u0418\u0412\u0410\u0422\u0410\u041b\u041e\u0421 \u041a\u0415\u041f\u0412\u0418\u0421\u0415\u041b\u041e<\/strong><\/h2>\t\t\t\t\t\t\t\t<\/div>\n\t\t\t\t<div class=\"elementor-element elementor-element-0f9b5c2 text-a text-main animated-slow elementor-invisible elementor-widget elementor-widget-text-editor\" data-id=\"0f9b5c2\" data-element_type=\"widget\" data-e-type=\"widget\" data-settings=\"{&quot;_animation&quot;:&quot;fadeIn&quot;,&quot;_animation_delay&quot;:400}\" data-widget_type=\"text-editor.default\">\n\t\t\t\t\t\t\t\t\t<h5><strong>Altegio Limited<\/strong><\/h5>\t\t\t\t\t\t\t\t<\/div>\n\t\t\t\t<div class=\"elementor-element elementor-element-6d5c7cc text-a text-main animated-slow elementor-invisible elementor-widget elementor-widget-text-editor\" data-id=\"6d5c7cc\" data-element_type=\"widget\" data-e-type=\"widget\" data-settings=\"{&quot;_animation&quot;:&quot;fadeIn&quot;,&quot;_animation_delay&quot;:500}\" data-widget_type=\"text-editor.default\">\n\t\t\t\t\t\t\t\t\t<p>\n\u0418\u043d\u0434\u0435\u043a\u0441: 1054\n<\/p>\n<p>\n\u0413\u043e\u0440\u043e\u0434: \u0411\u0443\u0434\u0430\u043f\u0435\u0448\u0442\n<\/p>\n<p>\n\u0410\u0434\u0440\u0435\u0441: Sz\u00e9chenyi Istv\u00e1n t\u00e9r 7, \u0414\u043e\u043c \u0431\u0438\u0437\u043d\u0435\u0441\u0430 \u0420\u0443\u0437\u0432\u0435\u043b\u044c\u0442\u0430.\n<\/p>\n<p>\nEU VAT#: HU26110123\n<\/p>\n<p>\n<span class=\"d-block\">\u0412\u0435\u043d\u0433\u0435\u0440\u0441\u043a\u0438\u0435 \u043a\u043b\u0438\u0435\u043d\u0442\u044b<\/span>\n<span class=\"d-block\">(<a href=\"mailto:support@altegio.hu\">support@altegio.hu<\/a>, <a href=\"tel:+3617008108\">+36 1 700 8108<\/a>)<\/span>\n<span class=\"d-block ml-2\">\u041d\u0430\u0437\u0432\u0430\u043d\u0438\u0435 \u0431\u0430\u043d\u043a\u0430: OTP Bank NYRT. \u0411\u0423\u0414\u0410\u041f\u0415\u0428\u0422\u0421\u041a\u0418\u0419 \u0420\u0410\u0419\u041e\u041d<\/span>\n<span class=\"d-block ml-2\">\u0410\u0434\u0440\u0435\u0441 \u0431\u0430\u043d\u043a\u0430: 1211 \u0411\u0423\u0414\u0410\u041f\u0415\u0428\u0422, \u041a\u041e\u0428\u0423\u0422\u0421\u041a\u0418\u0419 \u0423. 86<\/span>\n<span class=\"d-block ml-2\">BIC\/SWIFT: OTPVHUHB<\/span>\n<span class=\"d-block ml-2\">\u0418\u0411\u0410\u041d: HU31 1172 1002 2145 5546 0000 0000<\/span>\n<\/p>\n<p>\n<span class=\"d-block\">\u0414\u0440\u0443\u0433\u0438\u0435 \u043a\u043b\u0438\u0435\u043d\u0442\u044b<\/span>\n<span class=\"d-block\">(<a href=\"mailto:support@alteg.io\">support@alteg.io<\/a>, <a href=\"tel:+3617008108\">+36 1 700 8108<\/a>)<\/span>\n<span class=\"d-block ml-2\">\u0411\u0430\u043d\u043a: Revolut Payments UAB<\/span>\n<span class=\"d-block ml-2\">\u0410\u0434\u0440\u0435\u0441 \u0431\u0430\u043d\u043a\u0430: \u043f\u0440. \u041a\u043e\u043d\u0441\u0442\u0438\u0442\u0443\u0446\u0438\u0438 21B, 08130, \u0412\u0438\u043b\u044c\u043d\u044e\u0441, \u041b\u0438\u0442\u0432\u0430<\/span>\n<span class=\"d-block ml-2\">BIC\/SWIFT: REVOLT21<\/span>\n<span class=\"d-block ml-2\">IBAN: LT44 3250 0920 5948 0914<\/span>\n<\/p>\t\t\t\t\t\t\t\t<\/div>\n\t\t\t\t\t<\/div>\n\t\t<\/div>\n\t\t\t\t\t<\/div>\n\t\t<\/section>\n\t\t\t\t<\/div>","protected":false},"excerpt":{"rendered":"","protected":false},"author":3,"featured_media":0,"parent":1114,"menu_order":0,"comment_status":"closed","ping_status":"closed","template":"","meta":{"_monsterinsights_skip_tracking":false,"_monsterinsights_sitenote_active":false,"_monsterinsights_sitenote_note":"","_monsterinsights_sitenote_category":0,"footnotes":""},"class_list":["post-3804","page","type-page","status-publish","hentry"],"aioseo_notices":[],"_links":{"self":[{"href":"https:\/\/alteg.io\/ru\/wp-json\/wp\/v2\/pages\/3804","targetHints":{"allow":["GET"]}}],"collection":[{"href":"https:\/\/alteg.io\/ru\/wp-json\/wp\/v2\/pages"}],"about":[{"href":"https:\/\/alteg.io\/ru\/wp-json\/wp\/v2\/types\/page"}],"author":[{"embeddable":true,"href":"https:\/\/alteg.io\/ru\/wp-json\/wp\/v2\/users\/3"}],"replies":[{"embeddable":true,"href":"https:\/\/alteg.io\/ru\/wp-json\/wp\/v2\/comments?post=3804"}],"version-history":[{"count":9,"href":"https:\/\/alteg.io\/ru\/wp-json\/wp\/v2\/pages\/3804\/revisions"}],"predecessor-version":[{"id":19336,"href":"https:\/\/alteg.io\/ru\/wp-json\/wp\/v2\/pages\/3804\/revisions\/19336"}],"up":[{"embeddable":true,"href":"https:\/\/alteg.io\/ru\/wp-json\/wp\/v2\/pages\/1114"}],"wp:attachment":[{"href":"https:\/\/alteg.io\/ru\/wp-json\/wp\/v2\/media?parent=3804"}],"curies":[{"name":"wp","href":"https:\/\/api.w.org\/{rel}","templated":true}]}}