{"id":9876,"date":"2025-03-18T07:47:56","date_gmt":"2025-03-18T07:47:56","guid":{"rendered":"https:\/\/alteg.io\/?page_id=9876"},"modified":"2026-03-17T12:37:06","modified_gmt":"2026-03-17T12:37:06","slug":"industries","status":"publish","type":"page","link":"https:\/\/alteg.io\/pt\/industries\/","title":{"rendered":"Setores"},"content":{"rendered":"<div data-elementor-type=\"wp-page\" data-elementor-id=\"9876\" class=\"elementor elementor-9876\" data-elementor-post-type=\"page\">\n\t\t\t\t<div class=\"elementor-element elementor-element-0a80a92 e-flex e-con-boxed e-con e-parent\" data-id=\"0a80a92\" data-element_type=\"container\" data-e-type=\"container\">\n\t\t\t\t\t<div class=\"e-con-inner\">\n\t\t\t\t<div class=\"elementor-element elementor-element-258f41d elementor-widget elementor-widget-shortcode\" data-id=\"258f41d\" data-element_type=\"widget\" data-e-type=\"widget\" data-widget_type=\"shortcode.default\">\n\t\t\t\t\t\t\t<div class=\"elementor-shortcode\"><div class=\"aioseo-breadcrumbs\"><span class=\"aioseo-breadcrumb\">\n\t<a href=\"https:\/\/alteg.io\/pt\/\" title=\"In\u00edcio\">In\u00edcio<\/a>\n<\/span><span class=\"aioseo-breadcrumb-separator\">&gt;<\/span><span class=\"aioseo-breadcrumb\">\n\tSetores\n<\/span><\/div><\/div>\n\t\t\t\t\t\t<\/div>\n\t\t\t\t<div class=\"elementor-element elementor-element-c1bc54c elementor-widget__width-initial elementor-widget elementor-widget-heading\" data-id=\"c1bc54c\" data-element_type=\"widget\" data-e-type=\"widget\" data-widget_type=\"heading.default\">\n\t\t\t\t\t<h1 class=\"elementor-heading-title elementor-size-default\">Recursos da plataforma Altegio<\/h1>\t\t\t\t<\/div>\n\t\t\t\t<div class=\"elementor-element elementor-element-fbd60c6 elementor-widget elementor-widget-text-editor\" data-id=\"fbd60c6\" data-element_type=\"widget\" data-e-type=\"widget\" data-widget_type=\"text-editor.default\">\n\t\t\t\t\t\t\t\t\t<p class=\"p1\">Descubra os recursos avan\u00e7ados de nosso produto que ajudar\u00e3o a levar sua empresa para o pr\u00f3ximo n\u00edvel!<\/p>\t\t\t\t\t\t\t\t<\/div>\n\t\t\t\t\t<\/div>\n\t\t\t\t<\/div>\n\t\t<div class=\"elementor-element elementor-element-0ef534e e-grid e-con-boxed e-con e-parent\" data-id=\"0ef534e\" data-element_type=\"container\" data-e-type=\"container\">\n\t\t\t\t\t<div class=\"e-con-inner\">\n\t\t<div class=\"elementor-element elementor-element-78bd2de e-con-full e-flex e-con e-child\" data-id=\"78bd2de\" data-element_type=\"container\" data-e-type=\"container\" data-settings=\"{&quot;background_background&quot;:&quot;classic&quot;}\">\n\t\t\t\t<div class=\"elementor-element elementor-element-b3a1138 elementor-view-default elementor-widget elementor-widget-icon\" data-id=\"b3a1138\" data-element_type=\"widget\" data-e-type=\"widget\" data-widget_type=\"icon.default\">\n\t\t\t\t\t\t\t<div class=\"elementor-icon-wrapper\">\n\t\t\t<div class=\"elementor-icon\" data-no-translation=\"\">\n\t\t\t<svg aria-hidden=\"true\" class=\"e-font-icon-svg e-fas-check-circle\" viewbox=\"0 0 512 512\" xmlns=\"http:\/\/www.w3.org\/2000\/svg\" data-no-translation=\"\"><path d=\"M504 256c0 136.967-111.033 248-248 248S8 392.967 8 256 119.033 8 256 8s248 111.033 248 248zM227.314 387.314l184-184c6.248-6.248 6.248-16.379 0-22.627l-22.627-22.627c-6.248-6.249-16.379-6.249-22.628 0L216 308.118l-70.059-70.059c-6.248-6.248-16.379-6.248-22.628 0l-22.627 22.627c-6.248 6.248-6.248 16.379 0 22.627l104 104c6.249 6.249 16.379 6.249 22.628.001z\"><\/path><\/svg>\t\t\t<\/div>\n\t\t<\/div>\n\t\t\t\t\t\t<\/div>\n\t\t\t\t<div class=\"elementor-element elementor-element-ff931a6 elementor-widget elementor-widget-text-editor\" data-id=\"ff931a6\" data-element_type=\"widget\" data-e-type=\"widget\" data-widget_type=\"text-editor.default\">\n\t\t\t\t\t\t\t\t\t<p>Beleza<\/p>\t\t\t\t\t\t\t\t<\/div>\n\t\t\t\t<div class=\"elementor-element elementor-element-8571cd9 elementor-widget elementor-widget-text-editor\" data-id=\"8571cd9\" data-element_type=\"widget\" data-e-type=\"widget\" data-widget_type=\"text-editor.default\">\n\t\t\t\t\t\t\t\t\t<p><a href=\"https:\/\/alteg.io\/pt\/beauty\/\">Sal\u00e3o de beleza<\/a>, <a href=\"https:\/\/alteg.io\/pt\/barbershop\/\">Barbearia<\/a>, SPA, Tatuagem, <a href=\"https:\/\/alteg.io\/pt\/cosmetology\/\">Cosmetologia<\/a>, Est\u00fadio de bronzeamento, Servi\u00e7o de unhas, Sobrancelhas ou c\u00edlios, Est\u00fadio de cabelo infantil, Depila\u00e7\u00e3o<\/p>\t\t\t\t\t\t\t\t<\/div>\n\t\t\t\t<div class=\"elementor-element elementor-element-7aea9a0 elementor-widget elementor-widget-text-editor\" data-id=\"7aea9a0\" data-element_type=\"widget\" data-e-type=\"widget\" data-widget_type=\"text-editor.default\">\n\t\t\t\t\t\t\t\t\t<p><a title=\"Beleza\" href=\"https:\/\/alteg.io\/en\/beauty\/\">Saiba mais<\/a><\/p>\t\t\t\t\t\t\t\t<\/div>\n\t\t\t\t<\/div>\n\t\t<div class=\"elementor-element elementor-element-36fef99 e-con-full e-flex e-con e-child\" data-id=\"36fef99\" data-element_type=\"container\" data-e-type=\"container\" data-settings=\"{&quot;background_background&quot;:&quot;classic&quot;}\">\n\t\t\t\t<div class=\"elementor-element elementor-element-0b345e8 elementor-view-default elementor-widget elementor-widget-icon\" data-id=\"0b345e8\" data-element_type=\"widget\" data-e-type=\"widget\" data-widget_type=\"icon.default\">\n\t\t\t\t\t\t\t<div class=\"elementor-icon-wrapper\">\n\t\t\t<div class=\"elementor-icon\" data-no-translation=\"\">\n\t\t\t<svg aria-hidden=\"true\" class=\"e-font-icon-svg e-fas-check-circle\" viewbox=\"0 0 512 512\" xmlns=\"http:\/\/www.w3.org\/2000\/svg\" data-no-translation=\"\"><path d=\"M504 256c0 136.967-111.033 248-248 248S8 392.967 8 256 119.033 8 256 8s248 111.033 248 248zM227.314 387.314l184-184c6.248-6.248 6.248-16.379 0-22.627l-22.627-22.627c-6.248-6.249-16.379-6.249-22.628 0L216 308.118l-70.059-70.059c-6.248-6.248-16.379-6.248-22.628 0l-22.627 22.627c-6.248 6.248-6.248 16.379 0 22.627l104 104c6.249 6.249 16.379 6.249 22.628.001z\"><\/path><\/svg>\t\t\t<\/div>\n\t\t<\/div>\n\t\t\t\t\t\t<\/div>\n\t\t\t\t<div class=\"elementor-element elementor-element-2fd6462 elementor-widget elementor-widget-text-editor\" data-id=\"2fd6462\" data-element_type=\"widget\" data-e-type=\"widget\" data-widget_type=\"text-editor.default\">\n\t\t\t\t\t\t\t\t\t<p>Servi\u00e7os de sa\u00fade<\/p>\t\t\t\t\t\t\t\t<\/div>\n\t\t\t\t<div class=\"elementor-element elementor-element-5dd1d2f elementor-widget elementor-widget-text-editor\" data-id=\"5dd1d2f\" data-element_type=\"widget\" data-e-type=\"widget\" data-widget_type=\"text-editor.default\">\n\t\t\t\t\t\t\t\t\t<div class=\"elementor-element elementor-element-3d6523f menu-main-item elementor-widget elementor-widget-icon-box\" data-id=\"3d6523f\" data-element_type=\"widget\" data-widget_type=\"icon-box.default\"><div class=\"elementor-widget-container\"><div class=\"elementor-icon-box-wrapper\"><div class=\"elementor-icon-box-content\"><p class=\"elementor-icon-box-description\">Centro m\u00e9dico, Odontologia, Cosmetologia, Veterin\u00e1ria, Psicoterapia e psicologia, Cl\u00ednica de massagem, Centro de diagn\u00f3stico, Medicina alternativa, Hospital, Exames m\u00e9dicos, Aconselhamento de sa\u00fade feminina<\/p><\/div><\/div><\/div><\/div>\t\t\t\t\t\t\t\t<\/div>\n\t\t\t\t<div class=\"elementor-element elementor-element-1d2240d elementor-widget elementor-widget-text-editor\" data-id=\"1d2240d\" data-element_type=\"widget\" data-e-type=\"widget\" data-widget_type=\"text-editor.default\">\n\t\t\t\t\t\t\t\t\t<p><a title=\"Servi\u00e7os de sa\u00fade\" href=\"https:\/\/alteg.io\/en\/healthcare\/\">Saiba mais<\/a><\/p>\t\t\t\t\t\t\t\t<\/div>\n\t\t\t\t<\/div>\n\t\t<div class=\"elementor-element elementor-element-acdf5bd e-con-full e-flex e-con e-child\" data-id=\"acdf5bd\" data-element_type=\"container\" data-e-type=\"container\" data-settings=\"{&quot;background_background&quot;:&quot;classic&quot;}\">\n\t\t\t\t<div class=\"elementor-element elementor-element-4d6079c elementor-view-default elementor-widget elementor-widget-icon\" data-id=\"4d6079c\" data-element_type=\"widget\" data-e-type=\"widget\" data-widget_type=\"icon.default\">\n\t\t\t\t\t\t\t<div class=\"elementor-icon-wrapper\">\n\t\t\t<div class=\"elementor-icon\" data-no-translation=\"\">\n\t\t\t<svg aria-hidden=\"true\" class=\"e-font-icon-svg e-fas-check-circle\" viewbox=\"0 0 512 512\" xmlns=\"http:\/\/www.w3.org\/2000\/svg\" data-no-translation=\"\"><path d=\"M504 256c0 136.967-111.033 248-248 248S8 392.967 8 256 119.033 8 256 8s248 111.033 248 248zM227.314 387.314l184-184c6.248-6.248 6.248-16.379 0-22.627l-22.627-22.627c-6.248-6.249-16.379-6.249-22.628 0L216 308.118l-70.059-70.059c-6.248-6.248-16.379-6.248-22.628 0l-22.627 22.627c-6.248 6.248-6.248 16.379 0 22.627l104 104c6.249 6.249 16.379 6.249 22.628.001z\"><\/path><\/svg>\t\t\t<\/div>\n\t\t<\/div>\n\t\t\t\t\t\t<\/div>\n\t\t\t\t<div class=\"elementor-element elementor-element-a565a9a elementor-widget elementor-widget-text-editor\" data-id=\"a565a9a\" data-element_type=\"widget\" data-e-type=\"widget\" data-widget_type=\"text-editor.default\">\n\t\t\t\t\t\t\t\t\t<p>Educa\u00e7\u00e3o<\/p>\t\t\t\t\t\t\t\t<\/div>\n\t\t\t\t<div class=\"elementor-element elementor-element-fcdbf02 elementor-widget elementor-widget-text-editor\" data-id=\"fcdbf02\" data-element_type=\"widget\" data-e-type=\"widget\" data-widget_type=\"text-editor.default\">\n\t\t\t\t\t\t\t\t\t<div class=\"elementor-element elementor-element-d2dc5b1 menu-main-item elementor-widget elementor-widget-icon-box\" data-id=\"d2dc5b1\" data-element_type=\"widget\" data-widget_type=\"icon-box.default\"><div class=\"elementor-widget-container\"><div class=\"elementor-icon-box-wrapper\"><div class=\"elementor-icon-box-content\"><p class=\"elementor-icon-box-description\">Escola de idiomas, Escola de dire\u00e7\u00e3o, Prepara\u00e7\u00e3o para exames, Escola de m\u00fasica, Aulas particulares, Cursos multidisciplinares, Educa\u00e7\u00e3o infantil, Programas de carreira<\/p><\/div><\/div><\/div><\/div>\t\t\t\t\t\t\t\t<\/div>\n\t\t\t\t<div class=\"elementor-element elementor-element-02ba84b elementor-widget elementor-widget-text-editor\" data-id=\"02ba84b\" data-element_type=\"widget\" data-e-type=\"widget\" data-widget_type=\"text-editor.default\">\n\t\t\t\t\t\t\t\t\t<p><a title=\"Educa\u00e7\u00e3o\" href=\"https:\/\/alteg.io\/en\/education\/\">Saiba mais<\/a><\/p>\t\t\t\t\t\t\t\t<\/div>\n\t\t\t\t<\/div>\n\t\t<div class=\"elementor-element elementor-element-4906556 e-con-full e-flex e-con e-child\" data-id=\"4906556\" data-element_type=\"container\" data-e-type=\"container\" data-settings=\"{&quot;background_background&quot;:&quot;classic&quot;}\">\n\t\t\t\t<div class=\"elementor-element elementor-element-0431949 elementor-view-default elementor-widget elementor-widget-icon\" data-id=\"0431949\" data-element_type=\"widget\" data-e-type=\"widget\" data-widget_type=\"icon.default\">\n\t\t\t\t\t\t\t<div class=\"elementor-icon-wrapper\">\n\t\t\t<div class=\"elementor-icon\" data-no-translation=\"\">\n\t\t\t<svg aria-hidden=\"true\" class=\"e-font-icon-svg e-fas-check-circle\" viewbox=\"0 0 512 512\" xmlns=\"http:\/\/www.w3.org\/2000\/svg\" data-no-translation=\"\"><path d=\"M504 256c0 136.967-111.033 248-248 248S8 392.967 8 256 119.033 8 256 8s248 111.033 248 248zM227.314 387.314l184-184c6.248-6.248 6.248-16.379 0-22.627l-22.627-22.627c-6.248-6.249-16.379-6.249-22.628 0L216 308.118l-70.059-70.059c-6.248-6.248-16.379-6.248-22.628 0l-22.627 22.627c-6.248 6.248-6.248 16.379 0 22.627l104 104c6.249 6.249 16.379 6.249 22.628.001z\"><\/path><\/svg>\t\t\t<\/div>\n\t\t<\/div>\n\t\t\t\t\t\t<\/div>\n\t\t\t\t<div class=\"elementor-element elementor-element-f17d717 elementor-widget elementor-widget-text-editor\" data-id=\"f17d717\" data-element_type=\"widget\" data-e-type=\"widget\" data-widget_type=\"text-editor.default\">\n\t\t\t\t\t\t\t\t\t<p>Automotivo<\/p>\t\t\t\t\t\t\t\t<\/div>\n\t\t\t\t<div class=\"elementor-element elementor-element-a3c7d8a elementor-widget elementor-widget-text-editor\" data-id=\"a3c7d8a\" data-element_type=\"widget\" data-e-type=\"widget\" data-widget_type=\"text-editor.default\">\n\t\t\t\t\t\t\t\t\t<div class=\"elementor-element elementor-element-d17a427 menu-main-item ext-link-api elementor-widget elementor-widget-icon-box\" data-id=\"d17a427\" data-element_type=\"widget\" data-widget_type=\"icon-box.default\"><div class=\"elementor-widget-container\"><div class=\"elementor-icon-box-wrapper\"><div class=\"elementor-icon-box-content\"><p class=\"elementor-icon-box-description\">Lavagem e detalhamento de carros, oficina mec\u00e2nica, montagem de pneus, centro de tuning, inspe\u00e7\u00e3o de ve\u00edculos, showroom de carros, mec\u00e2nico particular, aluguel de carros<\/p><\/div><\/div><\/div><\/div>\t\t\t\t\t\t\t\t<\/div>\n\t\t\t\t<div class=\"elementor-element elementor-element-6fa9c27 elementor-widget elementor-widget-text-editor\" data-id=\"6fa9c27\" data-element_type=\"widget\" data-e-type=\"widget\" data-widget_type=\"text-editor.default\">\n\t\t\t\t\t\t\t\t\t<p><a title=\"Servi\u00e7o automotivo\" href=\"https:\/\/alteg.io\/en\/auto-service\/\">Saiba mais<\/a><\/p>\t\t\t\t\t\t\t\t<\/div>\n\t\t\t\t<\/div>\n\t\t<div class=\"elementor-element elementor-element-6ff07f4 e-con-full e-flex e-con e-child\" data-id=\"6ff07f4\" data-element_type=\"container\" data-e-type=\"container\" data-settings=\"{&quot;background_background&quot;:&quot;classic&quot;}\">\n\t\t\t\t<div class=\"elementor-element elementor-element-8553310 elementor-view-default elementor-widget elementor-widget-icon\" data-id=\"8553310\" data-element_type=\"widget\" data-e-type=\"widget\" data-widget_type=\"icon.default\">\n\t\t\t\t\t\t\t<div class=\"elementor-icon-wrapper\">\n\t\t\t<div class=\"elementor-icon\" data-no-translation=\"\">\n\t\t\t<svg aria-hidden=\"true\" class=\"e-font-icon-svg e-fas-check-circle\" viewbox=\"0 0 512 512\" xmlns=\"http:\/\/www.w3.org\/2000\/svg\" data-no-translation=\"\"><path d=\"M504 256c0 136.967-111.033 248-248 248S8 392.967 8 256 119.033 8 256 8s248 111.033 248 248zM227.314 387.314l184-184c6.248-6.248 6.248-16.379 0-22.627l-22.627-22.627c-6.248-6.249-16.379-6.249-22.628 0L216 308.118l-70.059-70.059c-6.248-6.248-16.379-6.248-22.628 0l-22.627 22.627c-6.248 6.248-6.248 16.379 0 22.627l104 104c6.249 6.249 16.379 6.249 22.628.001z\"><\/path><\/svg>\t\t\t<\/div>\n\t\t<\/div>\n\t\t\t\t\t\t<\/div>\n\t\t\t\t<div class=\"elementor-element elementor-element-06815dd elementor-widget elementor-widget-text-editor\" data-id=\"06815dd\" data-element_type=\"widget\" data-e-type=\"widget\" data-widget_type=\"text-editor.default\">\n\t\t\t\t\t\t\t\t\t<p>Esporte e condicionamento f\u00edsico<\/p>\t\t\t\t\t\t\t\t<\/div>\n\t\t\t\t<div class=\"elementor-element elementor-element-ed02e2d elementor-widget elementor-widget-text-editor\" data-id=\"ed02e2d\" data-element_type=\"widget\" data-e-type=\"widget\" data-widget_type=\"text-editor.default\">\n\t\t\t\t\t\t\t\t\t<div class=\"elementor-element elementor-element-5c74d79 menu-main-item elementor-widget elementor-widget-icon-box\" data-id=\"5c74d79\" data-element_type=\"widget\" data-widget_type=\"icon-box.default\"><div class=\"elementor-widget-container\"><div class=\"elementor-icon-box-wrapper\"><div class=\"elementor-icon-box-content\"><div class=\"elementor-element elementor-element-03fc4c6 e-con-full e-flex e-con e-child\" data-id=\"03fc4c6\" data-element_type=\"container\"><div class=\"elementor-element elementor-element-f09f241 menu-main-item ext-link-sup elementor-widget elementor-widget-icon-box\" data-id=\"f09f241\" data-element_type=\"widget\" data-no-translation-href=\"\" data-widget_type=\"icon-box.default\"><div class=\"elementor-widget-container\"><div class=\"elementor-icon-box-wrapper\"><div class=\"elementor-icon-box-content\"><p class=\"elementor-icon-box-description\">Academia de gin\u00e1stica, Piscina, Est\u00fadio de ioga, Escola de dan\u00e7a, Est\u00fadio de alongamento, Artes marciais, Esportes de jogos, T\u00eanis e Squash, Esportes aqu\u00e1ticos, Esportes de inverno, Instrutor particular, Centro de esportes para crian\u00e7as<\/p><\/div><\/div><\/div><\/div><\/div><\/div><\/div><\/div><\/div>\t\t\t\t\t\t\t\t<\/div>\n\t\t\t\t<div class=\"elementor-element elementor-element-d09a007 elementor-widget elementor-widget-text-editor\" data-id=\"d09a007\" data-element_type=\"widget\" data-e-type=\"widget\" data-widget_type=\"text-editor.default\">\n\t\t\t\t\t\t\t\t\t<p><a title=\"Esporte e condicionamento f\u00edsico\" href=\"https:\/\/alteg.io\/en\/sport-and-fitness\/\">Saiba mais<\/a><\/p>\t\t\t\t\t\t\t\t<\/div>\n\t\t\t\t<\/div>\n\t\t<div class=\"elementor-element elementor-element-dd502dc e-con-full e-flex e-con e-child\" data-id=\"dd502dc\" data-element_type=\"container\" data-e-type=\"container\" data-settings=\"{&quot;background_background&quot;:&quot;classic&quot;}\">\n\t\t\t\t<div class=\"elementor-element elementor-element-52c72cb elementor-view-default elementor-widget elementor-widget-icon\" data-id=\"52c72cb\" data-element_type=\"widget\" data-e-type=\"widget\" data-widget_type=\"icon.default\">\n\t\t\t\t\t\t\t<div class=\"elementor-icon-wrapper\">\n\t\t\t<div class=\"elementor-icon\" data-no-translation=\"\">\n\t\t\t<svg aria-hidden=\"true\" class=\"e-font-icon-svg e-fas-check-circle\" viewbox=\"0 0 512 512\" xmlns=\"http:\/\/www.w3.org\/2000\/svg\" data-no-translation=\"\"><path d=\"M504 256c0 136.967-111.033 248-248 248S8 392.967 8 256 119.033 8 256 8s248 111.033 248 248zM227.314 387.314l184-184c6.248-6.248 6.248-16.379 0-22.627l-22.627-22.627c-6.248-6.249-16.379-6.249-22.628 0L216 308.118l-70.059-70.059c-6.248-6.248-16.379-6.248-22.628 0l-22.627 22.627c-6.248 6.248-6.248 16.379 0 22.627l104 104c6.249 6.249 16.379 6.249 22.628.001z\"><\/path><\/svg>\t\t\t<\/div>\n\t\t<\/div>\n\t\t\t\t\t\t<\/div>\n\t\t\t\t<div class=\"elementor-element elementor-element-23cddd5 elementor-widget elementor-widget-text-editor\" data-id=\"23cddd5\" data-element_type=\"widget\" data-e-type=\"widget\" data-widget_type=\"text-editor.default\">\n\t\t\t\t\t\t\t\t\t<p>Servi\u00e7os dom\u00e9sticos<\/p>\t\t\t\t\t\t\t\t<\/div>\n\t\t\t\t<div class=\"elementor-element elementor-element-67e8742 elementor-widget elementor-widget-text-editor\" data-id=\"67e8742\" data-element_type=\"widget\" data-e-type=\"widget\" data-widget_type=\"text-editor.default\">\n\t\t\t\t\t\t\t\t\t<div class=\"elementor-element elementor-element-5c74d79 menu-main-item elementor-widget elementor-widget-icon-box\" data-id=\"5c74d79\" data-element_type=\"widget\" data-widget_type=\"icon-box.default\"><div class=\"elementor-widget-container\"><div class=\"elementor-icon-box-wrapper\"><div class=\"elementor-icon-box-content\"><p>Est\u00fadio fotogr\u00e1fico, Limpeza, Cuidados com animais de estima\u00e7\u00e3o, Design de interiores, Aluguel de equipamentos, Reparos t\u00e9cnicos, Lavagem a seco<\/p><\/div><\/div><\/div><\/div>\t\t\t\t\t\t\t\t<\/div>\n\t\t\t\t<div class=\"elementor-element elementor-element-2f4b3cd elementor-widget elementor-widget-text-editor\" data-id=\"2f4b3cd\" data-element_type=\"widget\" data-e-type=\"widget\" data-widget_type=\"text-editor.default\">\n\t\t\t\t\t\t\t\t\t<p><a title=\"Servi\u00e7os dom\u00e9sticos\" href=\"https:\/\/alteg.io\/en\/domestic-services\/\">Saiba mais<\/a><\/p>\t\t\t\t\t\t\t\t<\/div>\n\t\t\t\t<\/div>\n\t\t\t\t\t<\/div>\n\t\t\t\t<\/div>\n\t\t\t\t<\/div>","protected":false},"excerpt":{"rendered":"<p>Altegio platform features Discover the advanced features of our product that will help take your business to the next level! Beauty Beauty salon, Barbershop, SPA, Tattoo, Cosmetology, Tanning studio, Nail service, Eyebrows or eyelashes, Kids&#8217; Hair Studio, Waxing Learn more Healthcare Medical Center, Dentistry, Cosmetology, Veterinary, Psychotherapy &amp; psychology, Massage clinic, Diagnostic center, Alternative medicine, [&hellip;]<\/p>\n","protected":false},"author":3,"featured_media":0,"parent":0,"menu_order":0,"comment_status":"closed","ping_status":"closed","template":"","meta":{"_monsterinsights_skip_tracking":false,"_monsterinsights_sitenote_active":false,"_monsterinsights_sitenote_note":"","_monsterinsights_sitenote_category":0,"footnotes":""},"class_list":["post-9876","page","type-page","status-publish","hentry"],"aioseo_notices":[],"_links":{"self":[{"href":"https:\/\/alteg.io\/pt\/wp-json\/wp\/v2\/pages\/9876","targetHints":{"allow":["GET"]}}],"collection":[{"href":"https:\/\/alteg.io\/pt\/wp-json\/wp\/v2\/pages"}],"about":[{"href":"https:\/\/alteg.io\/pt\/wp-json\/wp\/v2\/types\/page"}],"author":[{"embeddable":true,"href":"https:\/\/alteg.io\/pt\/wp-json\/wp\/v2\/users\/3"}],"replies":[{"embeddable":true,"href":"https:\/\/alteg.io\/pt\/wp-json\/wp\/v2\/comments?post=9876"}],"version-history":[{"count":16,"href":"https:\/\/alteg.io\/pt\/wp-json\/wp\/v2\/pages\/9876\/revisions"}],"predecessor-version":[{"id":24014,"href":"https:\/\/alteg.io\/pt\/wp-json\/wp\/v2\/pages\/9876\/revisions\/24014"}],"wp:attachment":[{"href":"https:\/\/alteg.io\/pt\/wp-json\/wp\/v2\/media?parent=9876"}],"curies":[{"name":"wp","href":"https:\/\/api.w.org\/{rel}","templated":true}]}}