{"id":8844,"date":"2024-11-21T15:05:22","date_gmt":"2024-11-21T15:05:22","guid":{"rendered":"https:\/\/alteg.io\/?page_id=8844"},"modified":"2026-02-15T19:01:00","modified_gmt":"2026-02-15T19:01:00","slug":"eula","status":"publish","type":"page","link":"https:\/\/alteg.io\/pt\/eula\/","title":{"rendered":"Aplicativo m\u00f3vel AunioContrato de licen\u00e7a"},"content":{"rendered":"<div data-elementor-type=\"wp-page\" data-elementor-id=\"8844\" class=\"elementor elementor-8844\" data-elementor-post-type=\"page\">\n\t\t\t\t<div class=\"elementor-element elementor-element-af88cb1 e-flex e-con-boxed e-con e-parent\" data-id=\"af88cb1\" data-element_type=\"container\" data-e-type=\"container\">\n\t\t\t\t\t<div class=\"e-con-inner\">\n\t\t\t\t<div class=\"elementor-element elementor-element-d7fae47 elementor-widget elementor-widget-shortcode\" data-id=\"d7fae47\" data-element_type=\"widget\" data-e-type=\"widget\" data-widget_type=\"shortcode.default\">\n\t\t\t\t\t\t\t<div class=\"elementor-shortcode\"><div class=\"aioseo-breadcrumbs\"><span class=\"aioseo-breadcrumb\">\n\t<a href=\"https:\/\/alteg.io\/pt\/\" title=\"In\u00edcio\">In\u00edcio<\/a>\n<\/span><span class=\"aioseo-breadcrumb-separator\">&gt;<\/span><span class=\"aioseo-breadcrumb\">\n\tAplicativo m\u00f3vel AunioContrato de licen\u00e7a\n<\/span><\/div><\/div>\n\t\t\t\t\t\t<\/div>\n\t\t\t\t<div class=\"elementor-element elementor-element-4d2422d elementor-invisible elementor-widget elementor-widget-heading\" data-id=\"4d2422d\" data-element_type=\"widget\" data-e-type=\"widget\" data-settings=\"{&quot;_animation&quot;:&quot;fadeInUp&quot;,&quot;_animation_mobile&quot;:&quot;fadeInDown&quot;,&quot;_animation_delay&quot;:300}\" data-widget_type=\"heading.default\">\n\t\t\t\t\t<h1 class=\"elementor-heading-title elementor-size-default\">Contrato de licen\u00e7a do aplicativo m\u00f3vel Aunio<\/h1>\t\t\t\t<\/div>\n\t\t\t\t<div class=\"elementor-element elementor-element-c2d7f3f text-a text-main animated-slow elementor-invisible elementor-widget elementor-widget-text-editor\" data-id=\"c2d7f3f\" data-element_type=\"widget\" data-e-type=\"widget\" data-settings=\"{&quot;_animation&quot;:&quot;fadeIn&quot;,&quot;_animation_delay&quot;:500}\" data-widget_type=\"text-editor.default\">\n\t\t\t\t\t\t\t\t\t<ol class=\"ol-1-1 ol-1-1-head\" start=\"1\">\n \t<li><section>\n<div>\n\nEste Contrato de Licen\u00e7a \u00e9 uma oferta da Altegio Limited, uma empresa registrada de acordo com as leis do Chipre (doravante denominada \u201cTitular do Direito\u201d), para firmar o contrato nos termos e condi\u00e7\u00f5es estabelecidos abaixo.\n\n<b> Leia os termos e condi\u00e7\u00f5es deste Contrato de Licen\u00e7a antes de usar o aplicativo m\u00f3vel Aunio (doravante denominado \u201cAunio\u201d). N\u00e3o \u00e9 permitido usar o Aunio em outras condi\u00e7\u00f5es. <\/b>\n\nEste Contrato \u00e9 celebrado apenas entre o Usu\u00e1rio e o Titular do direito e n\u00e3o com nenhuma das lojas de aplicativos. Portanto, o detentor do direito \u00e9 o \u00fanico respons\u00e1vel pelo <b>Aunio<\/b> e seu conte\u00fado.\n\n<\/div>\n<\/section><section>\n<div>\n<ol>\n \t<li>\n<h2>Termos e defini\u00e7\u00f5es<\/h2>\n<ol>\n \t<li>As palavras e frases usadas neste Contrato de Licen\u00e7a t\u00eam os seguintes significados, a menos que seja expressamente especificado de outra forma a seguir:\n<ul>\n \t<li><b>Licen\u00e7a (Contrato)<\/b> significa o texto deste documento com todos os seus anexos, emendas e adendos exibidos durante o processo de instala\u00e7\u00e3o do <b>Aunio<\/b> ou durante o in\u00edcio de seu uso.<\/li>\n \t<li><b>Usu\u00e1rio<\/b> significa uma pessoa que celebrou este Contrato com o Titular do Direito para seu pr\u00f3prio benef\u00edcio ou para o benef\u00edcio de outros devido a exig\u00eancias da legisla\u00e7\u00e3o vigente e deste Contrato.<\/li>\n \t<li><b>Aunio<\/b> significa o aplicativo m\u00f3vel, o programa de software acompanhado por esta Licen\u00e7a e destinado \u00e0 instala\u00e7\u00e3o e ao uso no Dispositivo para fins de pedido (reserva) on-line dos Servi\u00e7os do Fornecedor pelo Usu\u00e1rio.<\/li>\n \t<li><b>Dispositivo<\/b> significa qualquer telefone celular, comunicador, smartphone, tablet ou outro dispositivo que permita usar os aplicativos m\u00f3veis de acordo com sua finalidade funcional.<\/li>\n \t<li><b>Fornecedor<\/b> significa um indicado no <b>Aunio<\/b> entidade ou indiv\u00edduo que fornece ao Usu\u00e1rio os Servi\u00e7os, cujo pedido (reserva) o <b>Aunio<\/b> destina-se a.<\/li>\n \t<li><b>Servi\u00e7os<\/b> significa os servi\u00e7os e mercadorias do Fornecedor que podem ser encomendados (reservados) pelo Usu\u00e1rio on-line usando o <b>Aunio<\/b>.<\/li>\n \t<li><b>Conte\u00fado<\/b> significa quaisquer informa\u00e7\u00f5es e materiais, incluindo texto, gr\u00e1ficos, \u00e1udio, v\u00eddeo e outros materiais que possam ser transmitidos e\/ou colocados no <b>Aunio<\/b>.<\/li>\n \t<li><b>Loja de aplicativos<\/b> significa Google Play, Apple AppStore, Amazon Appstore e outros servi\u00e7os e plataformas semelhantes para distribui\u00e7\u00e3o de software para dispositivos m\u00f3veis.<\/li>\n<\/ul>\n<\/li>\n \t<li>Este Contrato poder\u00e1 utilizar outros termos e defini\u00e7\u00f5es n\u00e3o estipulados na cl\u00e1usula 1.1. deste documento. Nesse caso, tal termo dever\u00e1 ser interpretado de acordo com o texto deste documento. Se n\u00e3o for poss\u00edvel interpretar tal termo ou defini\u00e7\u00e3o de maneira \u00fanica, tal termo de defini\u00e7\u00e3o dever\u00e1 ser interpretado, em primeiro lugar, de acordo com os documentos obrigat\u00f3rios estipulados neste documento, em segundo lugar, de acordo com as leis aplic\u00e1veis e, depois disso, de acordo com os costumes comerciais e a doutrina cient\u00edfica.<\/li>\n<\/ol>\n<\/li>\n \t<li>\n<h2>Licen\u00e7a<\/h2>\n<ol>\n \t<li>Ap\u00f3s a conclus\u00e3o deste Contrato, o detentor do direito autoriza o usu\u00e1rio a usar o <b>Aunio<\/b> nos termos de uma licen\u00e7a mundial n\u00e3o exclusiva e intransfer\u00edvel durante o prazo definido.<\/li>\n \t<li>O usu\u00e1rio s\u00f3 poder\u00e1 usar o <b>Aunio<\/b> em um Dispositivo de sua propriedade ou sob seu controle e conforme permitido pelos termos e condi\u00e7\u00f5es da App Store.<\/li>\n \t<li>Para concluir este Contrato, basta que o Usu\u00e1rio realize a reprodu\u00e7\u00e3o (registro) ou o lan\u00e7amento do <b>Aunio<\/b> O cumprimento das a\u00e7\u00f5es mencionadas acima confirma que o Usu\u00e1rio analisou e concorda total e absolutamente com todos os termos estabelecidos neste documento e cria o acordo sob as condi\u00e7\u00f5es dadas entre o Usu\u00e1rio e o Titular dos direitos.<\/li>\n \t<li>O usu\u00e1rio tem o direito de usar o <b>Aunio<\/b> devido aos termos e condi\u00e7\u00f5es deste documento pelos seguintes m\u00e9todos de uso:\n<ol>\n \t<li>Reprodu\u00e7\u00e3o (registro) do <b>Aunio<\/b> em um \u00fanico dispositivo;<\/li>\n \t<li>Lan\u00e7amento e uso do <b>Aunio<\/b> devido \u00e0 sua finalidade funcional em um \u00fanico dispositivo;<\/li>\n \t<li>Fornecer dados sobre o hist\u00f3rico dos registros on-line do Usu\u00e1rio usando o n\u00famero de telefone pessoal do Usu\u00e1rio.<\/li>\n<\/ol>\n<\/li>\n \t<li>Quaisquer direitos e formas de uso da <b>Aunio<\/b> n\u00e3o forem expressamente concedidas ao usu\u00e1rio pelo Contrato ser\u00e3o consideradas n\u00e3o concedidas\/proibidas pelo detentor do direito.<\/li>\n \t<li>O prazo desta licen\u00e7a n\u00e3o \u00e9 limitado. A disponibilidade real do pedido (reserva) dos Servi\u00e7os pelo Usu\u00e1rio depende do Fornecedor.<\/li>\n<\/ol>\n<\/li>\n \t<li>\n<h2>Servi\u00e7os e materiais do fornecedor<\/h2>\n<ol>\n \t<li><b>Aunio<\/b> destina-se a viabilizar a intera\u00e7\u00e3o entre o Usu\u00e1rio e o Fornecedor para fins de pedido (reserva) dos Servi\u00e7os do Fornecedor pelo Usu\u00e1rio. Com isso, o Usu\u00e1rio obt\u00e9m acesso \u00e0s informa\u00e7\u00f5es e aos materiais colocados no <b>Aunio<\/b> pelo Fornecedor ou em nome do Fornecedor, incluindo links para sites ou servi\u00e7os (doravante - os Materiais do Fornecedor).<\/li>\n \t<li>O Usu\u00e1rio reconhece e concorda que o Titular do Direito n\u00e3o ser\u00e1 respons\u00e1vel por quaisquer Servi\u00e7os ou Materiais do Fornecedor, incluindo sua precis\u00e3o, integridade, pontualidade, validade, conformidade com direitos autorais, legalidade, dec\u00eancia, qualidade, seguran\u00e7a ou qualquer outro aspecto dos mesmos. O Titular de Direitos n\u00e3o assume e n\u00e3o ter\u00e1 qualquer obriga\u00e7\u00e3o ou responsabilidade perante o Usu\u00e1rio ou qualquer outra pessoa ou entidade por quaisquer Servi\u00e7os ou Materiais do Fornecedor, e o Usu\u00e1rio os utiliza inteiramente por sua pr\u00f3pria conta e risco.<\/li>\n \t<li>O Usu\u00e1rio deve cumprir os termos de uso aplic\u00e1veis dos Servi\u00e7os ou Materiais do Fornecedor ao usar os Servi\u00e7os ou Materiais do Fornecedor. <b>Aunio<\/b>.<\/li>\n<\/ol>\n<\/li>\n \t<li>\n<h2>Restri\u00e7\u00f5es de licen\u00e7a<\/h2>\n<ol>\n \t<li>O Usu\u00e1rio n\u00e3o tem permiss\u00e3o para, de forma independente ou empregando terceiros, fazer o seguinte:\n<ol>\n \t<li>De qualquer forma, copiar (reproduzir) o software de aplicativo e os bancos de dados que fazem parte do <b>Aunio<\/b>, incluindo qualquer um de seus elementos e materiais informativos sem o consentimento pr\u00e9vio por escrito de seu propriet\u00e1rio.<\/li>\n \t<li>Revelar as t\u00e9cnicas, emular, descompilar, desmontar, decodificar e realizar quaisquer outras a\u00e7\u00f5es semelhantes em rela\u00e7\u00e3o ao <b>Aunio<\/b>.<\/li>\n \t<li>Criar software e\/ou servi\u00e7os usando o <b>Aunio<\/b> sem a permiss\u00e3o pr\u00e9via do detentor dos direitos autorais.<\/li>\n \t<li>Remover ou alterar de alguma forma marcas registradas e avisos de direitos autorais ou outros avisos de propriedade inclu\u00eddos no <b>Aunio<\/b>.<\/li>\n<\/ol>\n<\/li>\n \t<li>O usu\u00e1rio est\u00e1 estritamente proibido de usar o <b>Aunio<\/b> para a cria\u00e7\u00e3o e\/ou distribui\u00e7\u00e3o de Conte\u00fado que:\n<ul>\n \t<li>seja ilegal (informa\u00e7\u00f5es proibidas), prejudicial, ofenda a moralidade, demonstre (ou propague) viol\u00eancia e crueldade, promova o \u00f3dio e\/ou a discrimina\u00e7\u00e3o de pessoas por motivos raciais, \u00e9tnicos, sexuais, religiosos, sociais, contenha elementos (ou seja propaganda) de pornografia, erotismo infantil, constitua um an\u00fancio (ou uma promo\u00e7\u00e3o) de servi\u00e7os sexuais (inclusive sob o disfarce de outros servi\u00e7os), explique o procedimento de fabrica\u00e7\u00e3o, aplica\u00e7\u00e3o ou outro uso de drogas ou seus an\u00e1logos, explosivos ou outras armas;<\/li>\n \t<li>viole direitos pessoais de n\u00e3o propriedade ou direitos de propriedade intelectual;<\/li>\n \t<li>violar de outra forma as disposi\u00e7\u00f5es da lei aplic\u00e1vel, bem como os padr\u00f5es morais e \u00e9ticos comuns.<\/li>\n<\/ul>\n<\/li>\n \t<li>O detentor do direito tem o direito de definir restri\u00e7\u00f5es t\u00e9cnicas de uso do <b>Aunio<\/b>. O detentor do direito informar\u00e1 o usu\u00e1rio sobre as limita\u00e7\u00f5es acima mencionadas de tempos em tempos, a crit\u00e9rio do detentor do direito.<\/li>\n \t<li>A funcionalidade do <b>Aunio<\/b> est\u00e1 sujeito ao crit\u00e9rio exclusivo do detentor do direito e pode ser alterado periodicamente.<\/li>\n \t<li>O Usu\u00e1rio declara e garante que (i) n\u00e3o est\u00e1 localizado em um pa\u00eds que esteja sujeito a um embargo do governo dos EUA ou que esteja no T\u00edtulo 15, Parte 740, Suplemento 1, Grupo de Pa\u00edses E, do C\u00f3digo de Regulamenta\u00e7\u00f5es Federais dos EUA; e (ii) n\u00e3o est\u00e1 relacionado em nenhuma lista de partes proibidas ou restritas do governo dos EUA.<\/li>\n<\/ol>\n<\/li>\n \t<li>\n<h2>Responsabilidade sob a licen\u00e7a<\/h2>\n<ol>\n \t<li>O <b>Aunio<\/b> \u00c9 FORNECIDO \u201cCOMO EST\u00c1\u2019. AT\u00c9 O LIMITE M\u00c1XIMO POSS\u00cdVEL DE ACORDO COM A LEI APLIC\u00c1VEL, O TITULAR DO DIREITO SE ISENTA EXPRESSAMENTE DE QUAISQUER GARANTIAS COM RELA\u00c7\u00c3O A <b>Aunio<\/b> SEJAM EXPRESSAS, IMPL\u00cdCITAS OU ESTATUT\u00c1RIAS, INCLUINDO, SEM LIMITA\u00c7\u00c3O, GARANTIAS OU CONDI\u00c7\u00d5ES DE COMERCIALIZA\u00c7\u00c3O, ADEQUA\u00c7\u00c3O A UMA FINALIDADE ESPEC\u00cdFICA E SEUS EQUIVALENTES SOB AS LEIS DE QUALQUER JURISDI\u00c7\u00c3O. O TITULAR DOS DIREITOS N\u00c3O OFERECE NENHUMA GARANTIA DE QUE <b>Aunio<\/b> CORRESPONDER\u00c1 \u00c0S DEMANDAS DO USU\u00c1RIO, QUE FUNCIONAR\u00c1 EM COMBINA\u00c7\u00c3O ESCOLHIDA PARA O USO OU EM CONJUNTO COM DIFERENTES PRODUTOS DE TERCEIROS, QUE O FUNCIONAMENTO DO <b>Aunio<\/b> SER\u00c1 LIVRE DE FALHAS OU DEFEITOS, E QUE TODAS AS FALHAS DE <b>Aunio<\/b> SER\u00c1 CORRIGIDO.<\/li>\n \t<li>Como a funcionalidade do <b>Aunio<\/b> \u00e9 constantemente complementado e atualizado, a forma e a natureza do aplicativo m\u00f3vel podem ser alteradas de tempos em tempos sem aviso pr\u00e9vio ao Usu\u00e1rio. O detentor dos direitos tem o direito, a seu crit\u00e9rio, de interromper (tempor\u00e1ria ou definitivamente) o fornecimento ou o suporte do aplicativo m\u00f3vel. <b>Aunio<\/b> aos Usu\u00e1rios e tamb\u00e9m para alterar ou retirar a Licen\u00e7a sem aviso pr\u00e9vio.<\/li>\n \t<li>O detentor do direito n\u00e3o tem nenhuma obriga\u00e7\u00e3o, nos termos deste Contrato, de fornecer qualquer manuten\u00e7\u00e3o ou suporte com rela\u00e7\u00e3o ao <b>Aunio<\/b>. Na medida em que qualquer manuten\u00e7\u00e3o ou suporte seja exigido pela legisla\u00e7\u00e3o aplic\u00e1vel, o Titular do Direito, e n\u00e3o a App Store, ser\u00e1 obrigado a fornecer tal manuten\u00e7\u00e3o ou suporte.<\/li>\n \t<li>O Titular dos Direitos n\u00e3o tem nenhuma rela\u00e7\u00e3o com o Conte\u00fado que os Usu\u00e1rios ou Fornecedores transmitem e\/ou colocam no <b>Aunio<\/b>. O Rightholder n\u00e3o verifica o Conte\u00fado ou seus componentes, bem como sua conformidade com qualquer tipo de requisitos e que os Usu\u00e1rios t\u00eam todos os direitos necess\u00e1rios. Toda e qualquer responsabilidade pelo Conte\u00fado e sua conformidade com os requisitos aplic\u00e1veis \u00e9 do Usu\u00e1rio ou do Fornecedor.<\/li>\n \t<li>O detentor do direito n\u00e3o \u00e9 respons\u00e1vel por quaisquer viola\u00e7\u00f5es cometidas pelo usu\u00e1rio, bem como por quaisquer danos ou perdas causados por tais viola\u00e7\u00f5es.<\/li>\n \t<li>O Usu\u00e1rio \u00e9 respons\u00e1vel por qualquer viola\u00e7\u00e3o das obriga\u00e7\u00f5es estipuladas pelo Contrato e (ou) pela legisla\u00e7\u00e3o aplic\u00e1vel, e tamb\u00e9m por todas as consequ\u00eancias de tais viola\u00e7\u00f5es (incluindo quaisquer danos que o Rightholder e outros terceiros possam sofrer). No caso de tal viola\u00e7\u00e3o, o Rightholder tem o direito de limitar o uso de <b>Aunio<\/b> pelo Usu\u00e1rio sem qualquer compensa\u00e7\u00e3o.<\/li>\n \t<li>Caso o detentor dos direitos seja levado \u00e0 justi\u00e7a ou penalizado devido \u00e0s viola\u00e7\u00f5es do usu\u00e1rio aos direitos e\/ou interesses de terceiros, bem como \u00e0 viola\u00e7\u00e3o das restri\u00e7\u00f5es ou limita\u00e7\u00f5es estabelecidas pela lei, esse usu\u00e1rio dever\u00e1 reembolsar todos os danos causados ao detentor dos direitos.<\/li>\n \t<li>SOB NENHUMA CIRCUNST\u00c2NCIA O TITULAR DOS DIREITOS SER\u00c1 RESPONS\u00c1VEL POR QUAISQUER DANOS ESPECIAIS, INCIDENTAIS, INDIRETOS, ESTATUT\u00c1RIOS, EXEMPLARES, PUNITIVOS OU CONSEQUENCIAIS, DE QUALQUER TIPO, OU POR QUAISQUER LUCROS CESSANTES, NEG\u00d3CIOS OU RECEITAS, PERDA DE USO OU DE BOA VONTADE, OU OUTRA VANTAGEM ECON\u00d4MICA PERDIDA, DECORRENTES OU RELACIONADOS A ESTE CONTRATO OU \u00c0 VIOLA\u00c7\u00c3O DESTE, QUER TAIS REIVINDICA\u00c7\u00d5ES SEJAM BASEADAS EM VIOLA\u00c7\u00c3O DE CONTRATO, RESPONSABILIDADE ESTRITA, ATO IL\u00cdCITO, QUALQUER REIVINDICA\u00c7\u00c3O ESTATUT\u00c1RIA FEDERAL OU ESTADUAL OU QUALQUER OUTRA TEORIA JUR\u00cdDICA E MESMO QUE O TITULAR DOS DIREITOS SOUBESSE, DEVESSE SABER OU TENHA SIDO AVISADO DA POSSIBILIDADE DE TAIS DANOS.<\/li>\n \t<li>A responsabilidade cumulativa do detentor do direito nos termos do acordo, em qualquer caso, \u00e9 limitada pelo dano documentado sofrido pelo usu\u00e1rio em um valor que n\u00e3o pode exceder 20 euros, e o detentor do direito assume a responsabilidade sujeita \u00e0 sua culpa em causar tal dano.<\/li>\n \t<li>No caso de qualquer reivindica\u00e7\u00e3o de terceiros de que a <b>Aunio<\/b> ou a posse e o uso do Usu\u00e1rio do <b>Aunio<\/b> infringir os direitos de propriedade intelectual de terceiros, o Titular de Direitos, e n\u00e3o a App Store, ser\u00e1 o \u00fanico respons\u00e1vel pela investiga\u00e7\u00e3o, defesa, acordo e quita\u00e7\u00e3o de qualquer reivindica\u00e7\u00e3o de viola\u00e7\u00e3o de propriedade intelectual. <b>Aunio<\/b> ou a posse e\/ou o uso do mesmo pelo Usu\u00e1rio <b>Aunio<\/b>, incluindo, mas n\u00e3o se limitando a: (i) reivindica\u00e7\u00f5es de responsabilidade pelo produto; (ii) qualquer reivindica\u00e7\u00e3o de que a <b>Aunio<\/b> As disposi\u00e7\u00f5es deste par\u00e1grafo, em nenhuma circunst\u00e2ncia, podem ser consideradas um preju\u00edzo \u00e0s disposi\u00e7\u00f5es de outros par\u00e1grafos deste Contrato e, em qualquer caso, n\u00e3o devem ser entendidas como estipulando a responsabilidade do Titular do Direito por quaisquer a\u00e7\u00f5es do Usu\u00e1rio que constituam viola\u00e7\u00e3o dos direitos de terceiros, incluindo as a\u00e7\u00f5es do Usu\u00e1rio realizadas com o uso do <b>Aunio<\/b>; A disposi\u00e7\u00e3o deste par\u00e1grafo n\u00e3o elimina ou reduz a responsabilidade do Usu\u00e1rio por qualquer viola\u00e7\u00e3o cometida pelo Usu\u00e1rio.<\/li>\n \t<li>Algumas jurisdi\u00e7\u00f5es n\u00e3o permitem a exclus\u00e3o de certos tipos de garantias\/responsabilidades ou limita\u00e7\u00f5es nos direitos estatut\u00e1rios aplic\u00e1veis de um consumidor, portanto, algumas ou todas as exclus\u00f5es e limita\u00e7\u00f5es acima podem n\u00e3o se aplicar ao Usu\u00e1rio. Este Contrato pode n\u00e3o limitar a responsabilidade do Titular do direito para com o Usu\u00e1rio al\u00e9m do que \u00e9 permitido pela lei aplic\u00e1vel. Mas, nesse caso, as exclus\u00f5es e limita\u00e7\u00f5es estabelecidas nesta Se\u00e7\u00e3o dever\u00e3o ser aplicadas na maior extens\u00e3o poss\u00edvel sob a lei aplic\u00e1vel. Na medida em que qualquer garantia e\/ou responsabilidade exista sob a lei que n\u00e3o possa ser negada, o Titular do direito, e n\u00e3o a App Store, ser\u00e1 o \u00fanico respons\u00e1vel por tal garantia e\/ou responsabilidade.<\/li>\n<\/ol>\n<\/li>\n \t<li>\n<h2>Atualiza\u00e7\u00f5es\/novas vers\u00f5es<\/h2>\n<ol>\n \t<li>O <b>Aunio<\/b> poder\u00e1, de tempos em tempos, baixar e instalar automaticamente atualiza\u00e7\u00f5es projetadas para aprimorar o aplicativo m\u00f3vel e que podem estar na forma de patches, m\u00f3dulos adicionais ou vers\u00f5es completamente novas do aplicativo m\u00f3vel. O Usu\u00e1rio, por meio deste documento, reconhece e concorda com essa atualiza\u00e7\u00e3o autom\u00e1tica do aplicativo m\u00f3vel. <b>Aunio<\/b> incluindo a solicita\u00e7\u00e3o, o download e a instala\u00e7\u00e3o das atualiza\u00e7\u00f5es no Dispositivo do Usu\u00e1rio sem qualquer notifica\u00e7\u00e3o adicional.<\/li>\n \t<li>Esta Licen\u00e7a reger\u00e1 todas as atualiza\u00e7\u00f5es\/novas vers\u00f5es posteriores do <b>Aunio<\/b>. Instala\u00e7\u00e3o da atualiza\u00e7\u00e3o\/nova vers\u00e3o do <b>Aunio<\/b> ser\u00e1 considerada como a aceita\u00e7\u00e3o do Usu\u00e1rio desta Licen\u00e7a com rela\u00e7\u00e3o \u00e0s atualiza\u00e7\u00f5es\/novas vers\u00f5es relevantes do <b>Aunio<\/b> a menos que essa instala\u00e7\u00e3o seja acompanhada por um contrato de licen\u00e7a diferente.<\/li>\n<\/ol>\n<\/li>\n \t<li>\n<h2>Disposi\u00e7\u00f5es finais<\/h2>\n<ol>\n \t<li>O processamento das informa\u00e7\u00f5es fornecidas pelo Usu\u00e1rio sobre si mesmo ou sobre terceiros ao usar o <b>Aunio<\/b> bem como as informa\u00e7\u00f5es que s\u00e3o recebidas nesse uso de forma automatizada s\u00e3o feitas pelo detentor do direito de acordo com as instru\u00e7\u00f5es do fornecedor, conforme a Pol\u00edtica de Privacidade publicada ou dispon\u00edvel no endere\u00e7o: <a href=\"https:\/\/www.alteg.io\/en\/info\/privacy\" target=\"_blank\" rel=\"nofollow noreferrer noopener\">www.alteg.io\/en\/info\/privacy<\/a>.<\/li>\n \t<li>Caso a lei aplic\u00e1vel e\/ou os contratos do Titular de Direitos com as Lojas de Aplicativos estipulem regras obrigat\u00f3rias diferentes que n\u00e3o possam ser alteradas por este Contrato ou que este Contrato tenha que cumprir, as rela\u00e7\u00f5es das Partes ser\u00e3o regidas por tais regras obrigat\u00f3rias e este Contrato ser\u00e1 aplic\u00e1vel na medida em que estiver em conformidade com tais regras.<\/li>\n \t<li>O <b>Aunio<\/b> pode incluir software de terceiros que ser\u00e1 licenciado ao usu\u00e1rio sob os termos deste Contrato ou, se especificado na documenta\u00e7\u00e3o, nos arquivos Leiame ou de outra forma por escrito, sob termos de licen\u00e7a separados (\u201cTermos Separados\u201d) e n\u00e3o sob os termos deste contrato (\u201cSoftware de Terceiros Licenciado Separadamente\u201d). Os direitos do Usu\u00e1rio de usar tal Software de Terceiros Licenciado Separadamente sob os Termos Separados n\u00e3o s\u00e3o restritos ou modificados de forma alguma por este Contrato.<\/li>\n \t<li>Este Contrato, o procedimento para sua conclus\u00e3o e execu\u00e7\u00e3o e tamb\u00e9m quaisquer quest\u00f5es n\u00e3o previstas neste documento ser\u00e3o regidos pela lei aplic\u00e1vel do local do Titular do Direito. Seu uso do <b>Aunio<\/b> tamb\u00e9m pode estar sujeito a outras leis locais, estaduais, nacionais ou internacionais.<\/li>\n \t<li>Qualquer disputa decorrente do Contrato ou relacionada a ele estar\u00e1 sujeita \u00e0 resolu\u00e7\u00e3o em um tribunal no local do Titular do Direito, de acordo com a lei processual aplicada por esse tribunal.<\/li>\n \t<li>Este Contrato pode ser alterado ou rescindido pelo Titular dos Direitos unilateralmente e sem notifica\u00e7\u00e3o pr\u00e9via do Usu\u00e1rio e sem o pagamento de qualquer compensa\u00e7\u00e3o a esse respeito. Este Contrato ser\u00e1 rescindido imediatamente, sem aviso pr\u00e9vio do Titular dos Direitos, caso o Usu\u00e1rio n\u00e3o cumpra qualquer disposi\u00e7\u00e3o deste Contrato. Os usu\u00e1rios tamb\u00e9m podem rescindir este Contrato excluindo o <b>Aunio<\/b> e todas as suas c\u00f3pias do Dispositivo.<\/li>\n \t<li>O Titular do Direito e o Usu\u00e1rio reconhecem e concordam que a App Store, e suas subsidi\u00e1rias, s\u00e3o terceiros benefici\u00e1rios deste Contrato. Mediante a aceita\u00e7\u00e3o pelo Usu\u00e1rio dos termos e condi\u00e7\u00f5es deste Contrato, a App Store ter\u00e1 o direito (e ser\u00e1 considerada como tendo aceitado o direito) de aplicar este Contrato contra o Usu\u00e1rio como um terceiro benefici\u00e1rio do mesmo.<\/li>\n<\/ol>\n<\/li>\n \t<li>\n<h2>Detalhes do detentor do direito:<\/h2>\n<ol>\n \t<li style=\"list-style-type: none;\">\n<ol>\n \t<li>significa a Altegio Limited, uma empresa registrada\nsob as leis da Rep\u00fablica do Chipre, n\u00famero de registro:\nHE 434056, endere\u00e7o: Ioanni Stylianou, 6, 2\u00ba andar, Flat|Office 202, 2003, Nic\u00f3sia, Chipre.\n<ol>\n \t<li>tel: <a href=\"tel:+35722030868\">+35722030868<\/a>.<\/li>\n \t<li>e-mail: <a href=\"mailto:support@alteg.io\">suporte@alteg.io<\/a>.<\/li>\n<\/ol>\n<\/li>\n<\/ol>\n<\/li>\n<\/ol>\n<\/li>\n<\/ol>\n<\/div>\n<div><\/div>\n&nbsp;\n\n<\/section>Vers\u00e3o de 14 de dezembro de 2023<\/li>\n<\/ol>\t\t\t\t\t\t\t\t<\/div>\n\t\t\t\t\t<\/div>\n\t\t\t\t<\/div>\n\t\t\t\t<\/div>","protected":false},"excerpt":{"rendered":"","protected":false},"author":3,"featured_media":0,"parent":0,"menu_order":0,"comment_status":"closed","ping_status":"closed","template":"","meta":{"_monsterinsights_skip_tracking":false,"_monsterinsights_sitenote_active":false,"_monsterinsights_sitenote_note":"","_monsterinsights_sitenote_category":0,"footnotes":""},"class_list":["post-8844","page","type-page","status-publish","hentry"],"aioseo_notices":[],"_links":{"self":[{"href":"https:\/\/alteg.io\/pt\/wp-json\/wp\/v2\/pages\/8844","targetHints":{"allow":["GET"]}}],"collection":[{"href":"https:\/\/alteg.io\/pt\/wp-json\/wp\/v2\/pages"}],"about":[{"href":"https:\/\/alteg.io\/pt\/wp-json\/wp\/v2\/types\/page"}],"author":[{"embeddable":true,"href":"https:\/\/alteg.io\/pt\/wp-json\/wp\/v2\/users\/3"}],"replies":[{"embeddable":true,"href":"https:\/\/alteg.io\/pt\/wp-json\/wp\/v2\/comments?post=8844"}],"version-history":[{"count":4,"href":"https:\/\/alteg.io\/pt\/wp-json\/wp\/v2\/pages\/8844\/revisions"}],"predecessor-version":[{"id":19369,"href":"https:\/\/alteg.io\/pt\/wp-json\/wp\/v2\/pages\/8844\/revisions\/19369"}],"wp:attachment":[{"href":"https:\/\/alteg.io\/pt\/wp-json\/wp\/v2\/media?parent=8844"}],"curies":[{"name":"wp","href":"https:\/\/api.w.org\/{rel}","templated":true}]}}