{"id":8538,"date":"2024-11-07T13:38:47","date_gmt":"2024-11-07T13:38:47","guid":{"rendered":"https:\/\/alteg.io\/?page_id=8538"},"modified":"2026-01-20T10:23:47","modified_gmt":"2026-01-20T10:23:47","slug":"services","status":"publish","type":"page","link":"https:\/\/alteg.io\/pt\/info\/services\/","title":{"rendered":"Altegio - Servi\u00e7os de gerenciamento on-line automatizados. O Altegio \u00e9 um site de informa\u00e7\u00f5es sobre o mercado de trabalho."},"content":{"rendered":"<div data-elementor-type=\"wp-page\" data-elementor-id=\"8538\" class=\"elementor elementor-8538\" data-elementor-post-type=\"page\">\n\t\t\t\t<div class=\"elementor-element elementor-element-e72e176 e-flex e-con-boxed e-con e-parent\" data-id=\"e72e176\" data-element_type=\"container\" data-e-type=\"container\">\n\t\t\t\t\t<div class=\"e-con-inner\">\n\t\t\t\t<div class=\"elementor-element elementor-element-04265be elementor-widget elementor-widget-shortcode\" data-id=\"04265be\" data-element_type=\"widget\" data-e-type=\"widget\" data-widget_type=\"shortcode.default\">\n\t\t\t\t\t\t\t<div class=\"elementor-shortcode\"><div class=\"aioseo-breadcrumbs\"><span class=\"aioseo-breadcrumb\">\n\tIn\u00edcio\n<\/span><\/div><\/div>\n\t\t\t\t\t\t<\/div>\n\t\t\t\t<div class=\"elementor-element elementor-element-ce59e98 elementor-widget elementor-widget-text-editor\" data-id=\"ce59e98\" data-element_type=\"widget\" data-e-type=\"widget\" data-widget_type=\"text-editor.default\">\n\t\t\t\t\t\t\t\t\t<section>\n<div>\n\n<b>Altegio Brasil<\/b>, uma empresa constitu\u00edda e registrada na Hungria, n\u00famero de registro: 01 09 302414; data de registro: 17\/08\/2017, endere\u00e7o: 1054 Budapest, Sz\u00e9chenyi Istv\u00e1n t\u00e9r 7 (doravante denominada Contratada), por um lado, oferece (oferta p\u00fablica) a um n\u00famero ilimitado de pessoas f\u00edsicas e\/ou jur\u00eddicas (doravante denominada Cliente), por outro lado, doravante denominadas coletivamente como as \u201cPartes\u201d e cada uma separadamente como Parte, celebraram um contrato p\u00fablico para a presta\u00e7\u00e3o de servi\u00e7os (doravante denominada Oferta).\n\nAz El\u0151fizet\u0151 kijelenti, hogy a Szolg\u00e1ltat\u00e1st a saj\u00e1t \u00f6n\u00e1ll\u00f3 \u00fczleti tev\u00e9kenys\u00e9ge \u00e9rdek\u00e9ben ig\u00e9nybe vev\u0151 v\u00e1llalkoz\u00e1s.\n\n<\/div>\n<\/section><section>\n<div>\n<ol>\n \t<li>\n<h2>Defini\u00e7\u00e3o de termos e disposi\u00e7\u00f5es gerais<\/h2>\n<div>\n<div>\n\nServi\u00e7os s\u00e3o servi\u00e7os da Contratada na forma e nos termos definidos nesta Oferta.\n\n<\/div>\n<div>\n\nO site da Contratada significa a p\u00e1gina da Web na Internet no endere\u00e7o: <a href=\"https:\/\/alteg.io\/en\/\" target=\"_blank\" rel=\"nofollow noreferrer noopener\">alteg.io<\/a>, que \u00e9 a fonte oficial de informa\u00e7\u00f5es para os Clientes sobre a Empresa Contratada e os servi\u00e7os que ela fornece.\n\n<\/div>\n<div>\n\nOferta - o corpo deste documento, conforme estabelecido no site e dispon\u00edvel em: <a href=\"https:\/\/alteg.io\/hu\/info\/services\" target=\"_blank\" rel=\"nofollow noreferrer noopener\">alteg.io\/hu\/info\/services<\/a>com todos os anexos, emendas e adi\u00e7\u00f5es ao mesmo.\n\n<\/div>\n<div>\n\nA aceita\u00e7\u00e3o \u00e9 a aceita\u00e7\u00e3o total e incondicional dos termos e condi\u00e7\u00f5es por parte do Cliente, inclusive na forma em que est\u00e3o estabelecidos no texto desta Oferta.\n\n<\/div>\n<div>Cliente significa uma pessoa f\u00edsica ou jur\u00eddica que aceitou este<\/div>\n<\/div><\/li>\n \t<li>\n<h2>Objeto do contrato e Termos de servi\u00e7o<\/h2>\n<div>\n\nNa forma e nos termos estipulados por esta Oferta, a Contratada se compromete a prestar servi\u00e7os ao Cliente, e o Cliente se compromete a aceitar e pagar pelos Servi\u00e7os na forma e nos termos especificados nesta Oferta e na Fatura ou Contrato de Ades\u00e3o, onde as Partes concordam adicionalmente com o escopo, procedimento e termos para a presta\u00e7\u00e3o de servi\u00e7os (se aplic\u00e1vel).\n\n<\/div>\n<div>\n\nO Cliente escolhe independentemente a forma dos servi\u00e7os. A aceita\u00e7\u00e3o desta Oferta consiste na assinatura do Contrato de Ades\u00e3o por ambas as partes ou no pagamento pelo Cliente da Fatura de Servi\u00e7os da Contratada e significa a aceita\u00e7\u00e3o total e incondicional pelo Cliente dos termos desta Oferta e equivale \u00e0 assinatura manuscrita do Cliente nos termos desta Oferta.\n\n<\/div>\n<div>\n\nAo concordar com os termos da Oferta, o Cliente confirma sua capacidade legal e capacidade jur\u00eddica, bem como assume a responsabilidade pelas obriga\u00e7\u00f5es impostas a ele como resultado desta Oferta.\n\n<\/div>\n<div>\n\nOs servi\u00e7os s\u00e3o prestados em um formato remoto usando o software Altegio, na quantidade e no prazo acordados entre as Partes.\n\n<\/div>\n<div>O servi\u00e7o \u00e9 considerado prestado a partir da data de execu\u00e7\u00e3o pelo Contratante de todas as a\u00e7\u00f5es previstas no Contrato de Ades\u00e3o, sobre as quais o Contratante notifica o Cliente enviando uma notifica\u00e7\u00e3o da presta\u00e7\u00e3o de servi\u00e7os para o endere\u00e7o de e-mail do Cliente.<\/div><\/li>\n \t<li>\n<h2>Direitos e obriga\u00e7\u00f5es das partes<\/h2>\n<div>\n\nA Contratada se compromete a:\n\n<\/div>\n<ol>\n \t<li style=\"list-style-type: none;\">\n<ol>\n \t<li style=\"list-style-type: none;\">\n<ol>\n \t<li>fornecer servi\u00e7os oportunos, adequados e completos ao Cliente de acordo com esta Oferta.<\/li>\n \t<li>aceitar do Cliente e armazenar adequadamente os documentos transferidos em conex\u00e3o com o cumprimento das obriga\u00e7\u00f5es previstas nesta Oferta, e devolv\u00ea-los imediatamente ap\u00f3s a expira\u00e7\u00e3o ou rescis\u00e3o antecipada da Oferta.n\u00e3o divulgar informa\u00e7\u00f5es confidenciais e\/ou segredos comerciais das Partes que se tornaram conhecidos por elas, tanto durante a vig\u00eancia da Oferta quanto no prazo de 5 (cinco) anos a partir da data de rescis\u00e3o da Oferta.<\/li>\n<\/ol>\n<\/li>\n<\/ol>\n<\/li>\n<\/ol>\n<div>\n\nA Contratada tem o direito de:\n\n<\/div>\n<ol>\n \t<li style=\"list-style-type: none;\">\n<ol>\n \t<li style=\"list-style-type: none;\">\n<ol>\n \t<li>Obter acesso a informa\u00e7\u00f5es, inclusive confidenciais, e documentos do Cliente na medida necess\u00e1ria para cumprir as obriga\u00e7\u00f5es da Contratada nos termos desta Oferta.<\/li>\n \t<li>confiar a execu\u00e7\u00e3o do contrato de servi\u00e7o a outra pessoa, com a finalidade de cumprir as obriga\u00e7\u00f5es previstas nesta Oferta com pontualidade e qualidade.<\/li>\n \t<li>no caso de altera\u00e7\u00f5es na lista de servi\u00e7os acordada no sentido de aument\u00e1-la ou complic\u00e1-la, exigir um aumento proporcional no custo dos servi\u00e7os, e o Cliente dever\u00e1 pagar por eles.<\/li>\n<\/ol>\n<\/li>\n<\/ol>\n<\/li>\n<\/ol>\n<div>\n\nO Cliente se compromete:\n\n<\/div>\n<ol>\n \t<li style=\"list-style-type: none;\">\n<ol>\n \t<li style=\"list-style-type: none;\">\n<ol>\n \t<li>Fornecer informa\u00e7\u00f5es verdadeiras, completas e precisas sobre si mesmo na presta\u00e7\u00e3o de servi\u00e7os de informa\u00e7\u00e3o e consultoria pela Contratada. Se as informa\u00e7\u00f5es do question\u00e1rio on-line estiverem incorretas, a Contratada n\u00e3o ser\u00e1 respons\u00e1vel pela impossibilidade de estabelecer contato com o Cliente e de prestar os servi\u00e7os previstos nesta Oferta.<\/li>\n \t<li>Durante a vig\u00eancia desta Oferta, a pedido do Contratante, fornecer ao Contratante informa\u00e7\u00f5es completas e em tempo h\u00e1bil, bem como fornecer ao Contratante acesso aos documentos do Cliente na quantidade necess\u00e1ria para cumprir as obriga\u00e7\u00f5es do Contratante nos termos desta Oferta.<\/li>\n \t<li>pagar os servi\u00e7os da Contratada integralmente e em tempo h\u00e1bil, de acordo com o procedimento e nos termos definidos nesta Oferta.<\/li>\n \t<li>pagar pontualmente e integralmente os impostos, taxas, encargos e todos os outros pagamentos necess\u00e1rios para a execu\u00e7\u00e3o de qualidade deste contrato.<\/li>\n \t<li>n\u00e3o divulgar informa\u00e7\u00f5es confidenciais e\/ou segredos comerciais das Partes que tenham se tornado de seu conhecimento, tanto durante a vig\u00eancia da Oferta quanto no prazo de 5 (cinco) anos contados da data de encerramento da Oferta.<\/li>\n \t<li>Pagar pelos servi\u00e7os da Contratada na forma prevista na Se\u00e7\u00e3o 4 desta Oferta.<\/li>\n \t<li>O Cliente concorda em n\u00e3o reproduzir, repetir, copiar ou vender, bem como em n\u00e3o usar para quaisquer fins as informa\u00e7\u00f5es e os materiais que se tornaram dispon\u00edveis para ele em conex\u00e3o com o fornecimento dos Servi\u00e7os, exceto para uso pessoal diretamente pelo Cliente, sem fornecer qualquer forma de acesso a terceiros.<\/li>\n<\/ol>\n<\/li>\n<\/ol>\n<\/li>\n<\/ol>\n<div>\n\nA Contratada tem o direito de:\n\n<\/div>\n<ol>\n \t<li style=\"list-style-type: none;\">\n<ol>\n \t<li>Receber servi\u00e7os de qualidade adequada de acordo com este<\/li>\n \t<li>A qualquer momento, para conhecer os servi\u00e7os e as promo\u00e7\u00f5es no site da Contratada.<\/li>\n \t<li>Usar os resultados dos servi\u00e7os em suas atividades comerciais sem nenhuma restri\u00e7\u00e3o.<\/li>\n<\/ol>\n<\/li>\n<\/ol>\n<\/li>\n \t<li>\n<h2>Remunera\u00e7\u00e3o da Contratada e o procedimento para seu pagamento<\/h2>\n<div>\n\nO Cliente pagar\u00e1 ao Prestador de Servi\u00e7os uma remunera\u00e7\u00e3o pela presta\u00e7\u00e3o dos Servi\u00e7os nos termos desta Oferta.\n\n<\/div>\n<div>\n\nO valor da remunera\u00e7\u00e3o da Contratada depende do conte\u00fado e do escopo dos Servi\u00e7os prestados nos termos desta Oferta e acordados pelas Partes no Acordo de Ades\u00e3o.\n\n<\/div>\n<div>\n\nO custo total dos Servi\u00e7os nos termos desta Oferta \u00e9 o custo total de todos os Servi\u00e7os a serem prestados pela Contratada nos termos desta Oferta.\n\n<\/div>\n<div>Salvo acordo em contr\u00e1rio entre as Partes no Contrato de Ades\u00e3o, o Cliente paga pelos servi\u00e7os do Prestador de Servi\u00e7os em condi\u00e7\u00f5es de pagamento antecipado total no valor especificado na Fatura. A remunera\u00e7\u00e3o da Contratada n\u00e3o inclui impostos e taxas que o Cliente deve pagar e\/ou pagar ele mesmo de acordo com as leis do local do Cliente e n\u00e3o est\u00e1 sujeita a reten\u00e7\u00e3o pelo Cliente do valor do pagamento.<\/div>\n<div>\n\nO pagamento dos Servi\u00e7os dever\u00e1 ser feito por transfer\u00eancia n\u00e3o monet\u00e1ria pelo Cliente para a conta corrente do Contratante. O momento do pagamento dos servi\u00e7os pelo Cliente \u00e9 a data de recebimento dos fundos na conta do Prestador de Servi\u00e7os.\n\n<\/div>\n<div>Em caso de rescis\u00e3o antecipada do Contrato, a Contratada dever\u00e1 devolver os fundos no prazo de 14 dias, com base na solicita\u00e7\u00e3o enviada para o endere\u00e7o de e-mail: <a href=\"mailto:finance@alteg.io\">finance@alteg.io<\/a>, menos o custo dos servi\u00e7os prestados pela Contratada.<\/div><\/li>\n \t<li>\n<h2>Escopo e aceita\u00e7\u00e3o dos servi\u00e7os<\/h2>\n<div>\n\nCaso o volume de servi\u00e7os prestados exceda o prazo previsto pelas Partes e\/ou ultrapasse o conte\u00fado dos servi\u00e7os acordados pelas Partes, o custo final (definitivo) do volume de servi\u00e7os efetivamente prestados dever\u00e1 ser acordado pelas Partes adicionalmente na forma prevista na Oferta.\n\n<\/div>\n<div>Ap\u00f3s a conclus\u00e3o do trabalho ou dos servi\u00e7os, o Cliente dever\u00e1 ser notificado de acordo. Se houver quaisquer defeitos no trabalho conclu\u00eddo e nos servi\u00e7os prestados, eles dever\u00e3o ser levados ao conhecimento da Contratada no prazo de 24 (vinte e quatro) horas ap\u00f3s a conclus\u00e3o do trabalho e da presta\u00e7\u00e3o dos servi\u00e7os. Se n\u00e3o houver coment\u00e1rios dentro dos prazos especificados nesta cl\u00e1usula, a obra e os servi\u00e7os ser\u00e3o considerados aceitos pelo Cliente. Caso haja observa\u00e7\u00f5es sobre o trabalho realizado ou servi\u00e7os prestados, a Contratada dever\u00e1 eliminar as observa\u00e7\u00f5es dentro do escopo dos Servi\u00e7os inicialmente acordados pelas Partes.<\/div><\/li>\n \t<li>\n<h2>Privacidade<\/h2>\n<div>\n\nPara os fins desta Oferta, o termo \u201cInforma\u00e7\u00f5es Confidenciais\u201d significa:\n\n<\/div>\n<ol>\n \t<li style=\"list-style-type: none;\">\n<ol>\n \t<li style=\"list-style-type: none;\">\n<ol>\n \t<li>todas as informa\u00e7\u00f5es oficiais, n\u00e3o p\u00fablicas e n\u00e3o divulgadas ao p\u00fablico, incluindo segredos comerciais, dados financeiros, informa\u00e7\u00f5es comerciais, t\u00e9cnicas, operacionais e outras informa\u00e7\u00f5es, dados pessoais, informa\u00e7\u00f5es tecnol\u00f3gicas, dados, experi\u00eancia e conhecimento de qualquer tipo e de qualquer forma, direta ou indiretamente relacionados \u00e0s Partes desta Oferta, dados sobre fornecedores e termos de transa\u00e7\u00f5es com eles, planos financeiros das Partes e relat\u00f3rios sobre atividades passadas, que se tornaram conhecidos pelas Partes por escrito, oralmente, eletronicamente ou de outra forma durante sua coopera\u00e7\u00e3o;<\/li>\n \t<li>qualquer informa\u00e7\u00e3o que esteja em posse, uso ou disposi\u00e7\u00e3o das Partes e que se torne de conhecimento das Partes em rela\u00e7\u00e3o \u00e0 coopera\u00e7\u00e3o e \u00e0s rela\u00e7\u00f5es contratuais gerais;<\/li>\n \t<li>qualquer informa\u00e7\u00e3o que n\u00e3o seja de conhecimento geral ou dispon\u00edvel publicamente e que tenha valor real ou potencial para a Parte por motivos comerciais, cuja divulga\u00e7\u00e3o possa causar danos materiais, bem como prejudicar a reputa\u00e7\u00e3o comercial ou o prest\u00edgio da Parte ou de sua equipe;<\/li>\n \t<li>qualquer documento da Parte (inclusive em formato eletr\u00f4nico) marcado como \u201cConfidencial\u201d e\/ou \u201cPara uso oficial\u201d.<\/li>\n<\/ol>\n<\/li>\n<\/ol>\n<\/li>\n<\/ol>\n<div>As Partes se comprometem mutuamente a usar as informa\u00e7\u00f5es confidenciais fornecidas ou obtidas durante a vig\u00eancia desta Oferta e no curso da coopera\u00e7\u00e3o das Partes, somente de acordo com os termos desta Oferta e somente na quantidade e para a finalidade para a qual tais informa\u00e7\u00f5es foram fornecidas.<\/div><\/li>\n \t<li>\n<h2>Prote\u00e7\u00e3o de dados pessoais<\/h2>\n<div>Dentro da estrutura desta Oferta, o Cliente poder\u00e1 transferir os dados pessoais de funcion\u00e1rios\/representantes\/clientes para a Contratada.<\/div>\n<div>\n\nOs dados pessoais sob esta Oferta dever\u00e3o ser transmitidos para fins de execu\u00e7\u00e3o da Oferta pela Contratada.\n\n<\/div>\n<div>A Contratada tem o direito de processar dados pessoais na medida necess\u00e1ria para prestar os Servi\u00e7os nos termos desta Oferta, exclusivamente para fins de execu\u00e7\u00e3o desta Oferta.<\/div>\n<div>\n\nAo aceitar os termos desta Oferta, o Cliente garante que:\n\n<\/div>\n<ol>\n \t<li style=\"list-style-type: none;\">\n<ol>\n \t<li style=\"list-style-type: none;\">\n<ol>\n \t<li>Ao processar dados pessoais, o Cliente observa todos os direitos dos titulares de dados pessoais, estipulados pelo Regulamento Geral de Prote\u00e7\u00e3o de Dados (GDPR).<\/li>\n \t<li>O consentimento volunt\u00e1rio dos titulares de dados pessoais para processar seus dados pessoais \u00e9 recebido pelo Cliente.<\/li>\n<\/ol>\n<\/li>\n<\/ol>\n<\/li>\n<\/ol>\n<div>Ao assinar esta Oferta, os representantes autorizados das Partes consentem com o processamento de seus dados pessoais a fim de confirmar a autoridade do sujeito para alterar e rescindir a Oferta, para garantir a implementa\u00e7\u00e3o de rela\u00e7\u00f5es administrativas e jur\u00eddicas, rela\u00e7\u00f5es no curso de atividades comerciais e outras rela\u00e7\u00f5es previstas em lei.<\/div><\/li>\n \t<li>\n<h2>Responsabilidade das partes<\/h2>\n<div>\n\nEm caso de viola\u00e7\u00e3o de suas obriga\u00e7\u00f5es nos termos desta Oferta, as Partes ser\u00e3o respons\u00e1veis de acordo com esta Oferta e as leis aplic\u00e1veis. A viola\u00e7\u00e3o de uma obriga\u00e7\u00e3o \u00e9 o seu n\u00e3o cumprimento ou cumprimento inadequado.\n\n<\/div>\n<div>\n\nAs Partes n\u00e3o ser\u00e3o respons\u00e1veis por uma viola\u00e7\u00e3o de suas obriga\u00e7\u00f5es nos termos desta Oferta se isso n\u00e3o for devido \u00e0 sua culpa. Uma parte ser\u00e1 considerada inocente se provar que tomou todas as medidas ao seu alcance para o cumprimento adequado de sua obriga\u00e7\u00e3o.\n\n<\/div>\n<div>Em caso de n\u00e3o cumprimento das obriga\u00e7\u00f5es monet\u00e1rias previstas no Contrato, o Cliente ser\u00e1 obrigado a reembolsar o Contratante o valor da d\u00edvida, bem como uma multa \u00e0 taxa de 0,1% do custo total dos Servi\u00e7os, determinada pela fatura relevante, para cada dia de atraso.<\/div>\n<div>\n\nSe o Cliente n\u00e3o efetuar os pagamentos previstos nesta Oferta, o Contratante se reserva o direito de suspender a presta\u00e7\u00e3o dos Servi\u00e7os previstos nesta Oferta.\n\n<\/div>\n<div>\n\nO Contratante n\u00e3o ser\u00e1 respons\u00e1vel pelo n\u00e3o cumprimento ou pelo cumprimento inadequado das obriga\u00e7\u00f5es previstas nesta Oferta, se isso tiver ocorrido como resultado do n\u00e3o cumprimento ou do cumprimento inadequado das obriga\u00e7\u00f5es do pr\u00f3prio Cliente previstas nesta Oferta.\n\n<\/div>\n<div>Em caso de divulga\u00e7\u00e3o de Informa\u00e7\u00f5es Confidenciais e viola\u00e7\u00e3o dos termos desta Oferta, a Parte que permitiu tal divulga\u00e7\u00e3o ser\u00e1 obrigada a compensar a outra Parte por perdas documentadas resultantes da divulga\u00e7\u00e3o de Informa\u00e7\u00f5es Confidenciais e relacionadas ao n\u00e3o cumprimento ou cumprimento inadequado dos termos desta Oferta, incluindo danos \u00e0 reputa\u00e7\u00e3o comercial.<\/div><\/li>\n \t<li>\n<h2>For\u00e7a maior<\/h2>\n<div>\n\nAs Partes ficar\u00e3o isentas de responsabilidade pelo descumprimento total ou parcial de suas obriga\u00e7\u00f5es nos termos desta Oferta se isso for causado por circunst\u00e2ncias de for\u00e7a maior (for\u00e7a maior), tais como: desastres naturais, inc\u00eandios, inunda\u00e7\u00f5es, terremotos, guerra, bloqueio, ocupa\u00e7\u00e3o, imposi\u00e7\u00e3o de regulamentos de quarentena, apreens\u00e3o de documentos por autoridades p\u00fablicas (busca, acesso tempor\u00e1rio a coisas e documentos, solicita\u00e7\u00f5es de autoridades p\u00fablicas nos termos da legisla\u00e7\u00e3o vigente), regulamentos ou leis emitidos por autoridades governamentais autorizadas.\n\n<\/div>\n<div>Em caso de circunst\u00e2ncias de for\u00e7a maior, o prazo de cumprimento das obriga\u00e7\u00f5es ser\u00e1 adiado pelo tempo durante o qual tais circunst\u00e2ncias estar\u00e3o em vigor. Se essas circunst\u00e2ncias e suas consequ\u00eancias durarem mais de 3 (tr\u00eas) meses, cada uma das Partes ter\u00e1 o direito de recusar o cumprimento das obriga\u00e7\u00f5es previstas na Oferta.<\/div>\n<div>\n\nA Parte para a qual for imposs\u00edvel cumprir as obriga\u00e7\u00f5es previstas nesta Oferta devido a circunst\u00e2ncias de for\u00e7a maior dever\u00e1 notificar imediatamente a outra Parte.\n\n<\/div>\n<div>A Parte, para a qual \u00e9 imposs\u00edvel cumprir as obriga\u00e7\u00f5es previstas nesta Oferta devido \u00e0 ocorr\u00eancia de for\u00e7a maior, dever\u00e1 confirmar a exist\u00eancia e a dura\u00e7\u00e3o da for\u00e7a maior com um certificado do \u00f3rg\u00e3o autorizado ou informa\u00e7\u00f5es usando a m\u00eddia.<\/div><\/li>\n \t<li>\n<h2>Comunica\u00e7\u00f5es das partes<\/h2>\n<div>\n\nAs Partes concordaram que as comunica\u00e7\u00f5es, solicita\u00e7\u00f5es, demandas ou qualquer outra correspond\u00eancia (doravante denominada \u201cComunica\u00e7\u00e3o\u201d) no \u00e2mbito desta Oferta dever\u00e3o ser feitas por escrito ou enviadas por e-mail para a Parte relevante no endere\u00e7o de e-mail.\n\n<\/div>\n<div>A notifica\u00e7\u00e3o ser\u00e1 considerada devidamente executada e de acordo com os termos desta Oferta a partir do momento em que a notifica\u00e7\u00e3o for enviada para o endere\u00e7o de e-mail especificado nos detalhes.<\/div><\/li>\n \t<li>\n<h2>Per\u00edodo de validade da proposta<\/h2>\n<div>\n\nEsta Oferta entra em vigor a partir do momento de sua publica\u00e7\u00e3o no site da Contratada e \u00e9 v\u00e1lida at\u00e9 sua retirada pela Contratada.\n\n<\/div>\n<div>O Contratante tem o direito de, a qualquer momento e a seu crit\u00e9rio, alterar as condi\u00e7\u00f5es da Oferta e\/ou retirar a Oferta. Caso o Contratante fa\u00e7a altera\u00e7\u00f5es na Oferta, tais altera\u00e7\u00f5es entrar\u00e3o em vigor a partir da data de coloca\u00e7\u00e3o do texto alterado da Oferta no site do Contratante, se outra data de entrada em vigor n\u00e3o for definida diretamente no texto da Oferta alterada.<\/div><\/li>\n \t<li>\n<h2>Provis\u00f5es de fechamento<\/h2>\n<div>As partes estabeleceram que quaisquer disputas e reivindica\u00e7\u00f5es ser\u00e3o resolvidas por meio de negocia\u00e7\u00f5es.<\/div>\n<div>\n\nAs partes concordaram em considerar o local da transa\u00e7\u00e3o e o local do servi\u00e7o como o local do Contratante especificado na Se\u00e7\u00e3o 13 desta Oferta.\n\n<\/div>\n<div>\n\nAo aceitar esta Oferta, o Cliente concorda que todas as disputas relacionadas a esta Oferta ser\u00e3o regidas pela lei, sem levar em conta as regras de conflito de leis. Se as Partes n\u00e3o chegarem a um acordo durante a negocia\u00e7\u00e3o e o procedimento de reclama\u00e7\u00e3o, qualquer disputa, controv\u00e9rsia ou reivindica\u00e7\u00e3o que possa surgir de ou em conex\u00e3o com esta Oferta, ou a execu\u00e7\u00e3o, viola\u00e7\u00e3o, rescis\u00e3o ou invalidade da mesma, ser\u00e1 resolvida pelo Instituto de Arbitragem da C\u00e2mara de Com\u00e9rcio de Estocolmo (SCC).\n\n<\/div>\n<div>\n\nOs t\u00edtulos usados nos artigos e cl\u00e1usulas desta Oferta s\u00e3o usados apenas para comunica\u00e7\u00e3o e conveni\u00eancia no texto. Esses t\u00edtulos n\u00e3o podem ser interpretados como definindo, limitando ou modificando, ou afetando o significado e o conte\u00fado dos termos e condi\u00e7\u00f5es desta Oferta ou de qualquer parte dela.\n\n<\/div>\n<div>As partes desta Oferta concordaram que, se uma parte desta Oferta for considerada inv\u00e1lida (ilegal), a pr\u00f3pria Oferta, mesmo sem a inclus\u00e3o da parte inv\u00e1lida (ilegal), ser\u00e1 considerada conclu\u00edda. Nesse caso, uma Parte desta Oferta n\u00e3o poder\u00e1 argumentar que, sem a inclus\u00e3o da parte inv\u00e1lida (ilegal), ela n\u00e3o teria participado da Oferta.<\/div>\n<div>\n\nTodo o exposto acima constitui o texto \u00fanico da Oferta e substitui todas as negocia\u00e7\u00f5es, correspond\u00eancias, acordos, propostas e declara\u00e7\u00f5es anteriores feitas oralmente ou por escrito pelas Partes com rela\u00e7\u00e3o ao objeto da Oferta.\n\n<\/div>\n<div>Em todos os casos n\u00e3o cobertos por esta oferta, as Partes ser\u00e3o regidas pelas leis aplic\u00e1veis da Inglaterra e do Pa\u00eds de Gales.<\/div><\/li>\n \t<li>\n<h2>Informa\u00e7\u00f5es sobre o contratante<\/h2>\n<div><b>Altegio Brasil<\/b><\/div>\n<div>N\u00famero de registro: 01 09 302414<\/div>\n<div>Data de registro: 17\/08\/2017<\/div>\n<div>Endere\u00e7o: Hungria, 1054, Budapeste, Sz\u00e9chenyi Istv\u00e1n t\u00e9r 7.<\/div>\n<div>Vers\u00e3o atual da Oferta de <a class=\"gfm\" href=\"\/en\/altegio\/promo.landing\/-\/blob\/master\/hu\/info\/service-agreement-28042022\/\">28 de abril de 2022<\/a><\/div><\/li>\n<\/ol>\n<\/div>\n<\/section>\t\t\t\t\t\t\t\t<\/div>\n\t\t\t\t\t<\/div>\n\t\t\t\t<\/div>\n\t\t\t\t<\/div>","protected":false},"excerpt":{"rendered":"<p>Altegio Europe KFT., a company incorporated and registered in the Hungary, Registration No.: 01 09 302414; Date of Registration: 17\/08\/2017, address: 1054 Budapest, Sz\u00e9chenyi Istv\u00e1n t\u00e9r 7 (hereinafter referred to as the Contractor), on the one hand, offers (public offer) to an unlimited number of individuals and\/or legal entities (hereinafter referred to as the Customer), [&hellip;]<\/p>\n","protected":false},"author":3,"featured_media":0,"parent":1114,"menu_order":0,"comment_status":"closed","ping_status":"closed","template":"","meta":{"_monsterinsights_skip_tracking":false,"_monsterinsights_sitenote_active":false,"_monsterinsights_sitenote_note":"","_monsterinsights_sitenote_category":0,"footnotes":""},"class_list":["post-8538","page","type-page","status-publish","hentry"],"aioseo_notices":[],"_links":{"self":[{"href":"https:\/\/alteg.io\/pt\/wp-json\/wp\/v2\/pages\/8538","targetHints":{"allow":["GET"]}}],"collection":[{"href":"https:\/\/alteg.io\/pt\/wp-json\/wp\/v2\/pages"}],"about":[{"href":"https:\/\/alteg.io\/pt\/wp-json\/wp\/v2\/types\/page"}],"author":[{"embeddable":true,"href":"https:\/\/alteg.io\/pt\/wp-json\/wp\/v2\/users\/3"}],"replies":[{"embeddable":true,"href":"https:\/\/alteg.io\/pt\/wp-json\/wp\/v2\/comments?post=8538"}],"version-history":[{"count":3,"href":"https:\/\/alteg.io\/pt\/wp-json\/wp\/v2\/pages\/8538\/revisions"}],"predecessor-version":[{"id":15417,"href":"https:\/\/alteg.io\/pt\/wp-json\/wp\/v2\/pages\/8538\/revisions\/15417"}],"up":[{"embeddable":true,"href":"https:\/\/alteg.io\/pt\/wp-json\/wp\/v2\/pages\/1114"}],"wp:attachment":[{"href":"https:\/\/alteg.io\/pt\/wp-json\/wp\/v2\/media?parent=8538"}],"curies":[{"name":"wp","href":"https:\/\/api.w.org\/{rel}","templated":true}]}}