{"id":1637,"date":"2024-04-04T03:53:01","date_gmt":"2024-04-04T03:53:01","guid":{"rendered":"https:\/\/new.alteg.io\/?page_id=1637"},"modified":"2026-02-15T18:54:37","modified_gmt":"2026-02-15T18:54:37","slug":"service-agreement","status":"publish","type":"page","link":"https:\/\/alteg.io\/pt\/info\/service-agreement\/","title":{"rendered":"Contrato de servi\u00e7o"},"content":{"rendered":"<div data-elementor-type=\"wp-page\" data-elementor-id=\"1637\" class=\"elementor elementor-1637\" data-elementor-post-type=\"page\">\n\t\t\t\t\t\t<section class=\"elementor-section elementor-top-section elementor-element elementor-element-ac2bd18 elementor-section-boxed elementor-section-height-default elementor-section-height-default\" data-id=\"ac2bd18\" data-element_type=\"section\" data-e-type=\"section\" data-settings=\"{&quot;background_background&quot;:&quot;classic&quot;}\">\n\t\t\t\t\t\t<div class=\"elementor-container elementor-column-gap-default\">\n\t\t\t\t\t<div class=\"elementor-column elementor-col-100 elementor-top-column elementor-element elementor-element-111e7d8\" data-id=\"111e7d8\" data-element_type=\"column\" data-e-type=\"column\">\n\t\t\t<div class=\"elementor-widget-wrap elementor-element-populated\">\n\t\t\t\t\t\t<div class=\"elementor-element elementor-element-496d6d5 elementor-widget elementor-widget-shortcode\" data-id=\"496d6d5\" data-element_type=\"widget\" data-e-type=\"widget\" data-widget_type=\"shortcode.default\">\n\t\t\t\t\t\t\t<div class=\"elementor-shortcode\"><div class=\"aioseo-breadcrumbs\"><span class=\"aioseo-breadcrumb\">\n\t<a href=\"https:\/\/alteg.io\/pt\/\" title=\"In\u00edcio\">In\u00edcio<\/a>\n<\/span><span class=\"aioseo-breadcrumb-separator\">&gt;<\/span><span class=\"aioseo-breadcrumb\">\n\t<a href=\"https:\/\/alteg.io\/pt\/?page_id=1114\" title=\"Informa\u00e7\u00f5es\">Informa\u00e7\u00f5es<\/a>\n<\/span><span class=\"aioseo-breadcrumb-separator\">&gt;<\/span><span class=\"aioseo-breadcrumb\">\n\tContrato de servi\u00e7o\n<\/span><\/div><\/div>\n\t\t\t\t\t\t<\/div>\n\t\t\t\t<div class=\"elementor-element elementor-element-685289a elementor-invisible elementor-widget elementor-widget-heading\" data-id=\"685289a\" data-element_type=\"widget\" data-e-type=\"widget\" data-settings=\"{&quot;_animation&quot;:&quot;fadeInUp&quot;,&quot;_animation_mobile&quot;:&quot;fadeInDown&quot;,&quot;_animation_delay&quot;:300}\" data-widget_type=\"heading.default\">\n\t\t\t\t\t<h1 class=\"elementor-heading-title elementor-size-default\">Contrato de servi\u00e7o<\/h1>\t\t\t\t<\/div>\n\t\t\t\t<div class=\"elementor-element elementor-element-e755576 text-a text-main animated-slow elementor-invisible elementor-widget elementor-widget-text-editor\" data-id=\"e755576\" data-element_type=\"widget\" data-e-type=\"widget\" data-settings=\"{&quot;_animation&quot;:&quot;fadeIn&quot;,&quot;_animation_delay&quot;:400}\" data-widget_type=\"text-editor.default\">\n\t\t\t\t\t\t\t\t\t<p>A Altegio Limited, uma empresa constitu\u00edda de acordo com as leis do Chipre, registrada em 2Ioanni Stylianou, 6, 2nd floor, Flat|Office 202, 2003, Nic\u00f3sia, Chipre (doravante denominada Contratante), por um lado, guiada pelas leis aplic\u00e1veis da Rep\u00fablica do Chipre, oferece (oferta p\u00fablica) a um n\u00famero ilimitado de pessoas f\u00edsicas e\/ou jur\u00eddicas (doravante denominada Cliente), por outro lado, doravante denominadas coletivamente como as \"Partes\" e cada uma separadamente como Parte, celebraram um contrato p\u00fablico para a presta\u00e7\u00e3o de servi\u00e7os (doravante denominada Oferta).<\/p>\t\t\t\t\t\t\t\t<\/div>\n\t\t\t\t<div class=\"elementor-element elementor-element-0b67c47 text-a text-main animated-slow elementor-invisible elementor-widget elementor-widget-text-editor\" data-id=\"0b67c47\" data-element_type=\"widget\" data-e-type=\"widget\" data-settings=\"{&quot;_animation&quot;:&quot;fadeIn&quot;,&quot;_animation_delay&quot;:500}\" data-widget_type=\"text-editor.default\">\n\t\t\t\t\t\t\t\t\t<ol class=\"ol-1-1 ol-1-1-head\"><li><h2>Defini\u00e7\u00e3o de termos e disposi\u00e7\u00f5es gerais<\/h2><ol class=\"ol-1-1\"><li>Os servi\u00e7os s\u00e3o servi\u00e7os do Contratante na forma e no prazo de<br \/>termos definidos nesta Oferta.<\/li><li>O site do Contratante significa a p\u00e1gina da Web na Internet no endere\u00e7o<br \/>endere\u00e7o: <a href=\"https:\/\/alteg.io\/en\/\">alteg.io<\/a>que \u00e9 a fonte oficial de informa\u00e7\u00f5es<br \/>para os Clientes sobre a Empresa Contratada e os servi\u00e7os que ela fornece.<\/li><li>Oferta - o corpo deste documento conforme apresentado no site e<br \/>Dispon\u00edvel em:<br \/><a href=\"https:\/\/alteg.io\/en\/info\/service-agreement\">alteg.io\/en\/info\/service-agreement<\/a>com todos os anexos, emendas e adi\u00e7\u00f5es ao mesmo.<\/li><li>A aceita\u00e7\u00e3o \u00e9 a aceita\u00e7\u00e3o total e incondicional do Cliente dos<br \/>termos e condi\u00e7\u00f5es, inclusive na forma em que s\u00e3o definidos<br \/>estabelecidas no texto desta Oferta.<\/li><li>Cliente significa uma pessoa f\u00edsica ou jur\u00eddica que aceitou este<br \/>Oferecer.<\/li><\/ol><\/li><li><h2>Objeto do contrato e Termos de servi\u00e7o<\/h2><ol class=\"ol-1-1\"><li>Na forma e nos termos estipulados por esta Oferta, o<br \/>O Contratante se compromete a prestar servi\u00e7os ao Cliente, e o<br \/>O Cliente se compromete a aceitar e pagar pelos Servi\u00e7os da maneira<br \/>e nos termos especificados nesta Oferta e na Fatura ou<br \/>Acordo de ades\u00e3o, no qual as Partes concordam adicionalmente com a<br \/>escopo, procedimento e termos para a presta\u00e7\u00e3o de servi\u00e7os (se<br \/>aplic\u00e1vel).<\/li><li>O Cliente escolhe independentemente a forma dos servi\u00e7os. Aceita\u00e7\u00e3o<br \/>desta Oferta consiste na assinatura do Acordo de Ades\u00e3o por ambos<br \/>partes ou no pagamento, pelo Cliente, das despesas do Contratante<br \/>Fatura de Servi\u00e7os e significa a aceita\u00e7\u00e3o total e incondicional por<br \/>o Cliente dos termos desta Oferta e \u00e9 equivalente ao<br \/>Assinatura manuscrita do Cliente nesta Oferta.<\/li><li>Ao concordar com os termos da Oferta, o Cliente confirma sua<br \/>capacidade jur\u00eddica e habilidade legal, bem como realiza a<br \/>responsabilidade pelas obriga\u00e7\u00f5es impostas a ele como resultado de<br \/>esta oferta.<\/li><li>Os servi\u00e7os s\u00e3o fornecidos em um formato remoto usando o software Altegio, em<br \/>o valor e o prazo acordados pelas Partes.<\/li><li>O servi\u00e7o \u00e9 considerado prestado a partir da data de<br \/>execu\u00e7\u00e3o, pela Contratada, de todas as a\u00e7\u00f5es previstas na<br \/>Contrato de ades\u00e3o, sobre o qual o Contratante notifica a<br \/>Cliente, enviando uma notifica\u00e7\u00e3o da presta\u00e7\u00e3o de servi\u00e7os para<br \/>o endere\u00e7o de e-mail do Cliente.<\/li><\/ol><\/li><li><h2>Direitos e obriga\u00e7\u00f5es das partes<\/h2><ol class=\"ol-1-1\"><li>A Contratada se compromete a:<ol class=\"ol-1-1 ml-0\"><li style=\"list-style-type: none;\"><ol class=\"ol-1-1 ml-0\"><li>fornecer servi\u00e7os oportunos, adequados e completos ao Cliente em<br \/>de acordo com esta Oferta.<\/li><\/ol><\/li><\/ol><p>aceitar do Cliente e armazenar adequadamente os documentos<br \/>transferidos em conex\u00e3o com o cumprimento de obriga\u00e7\u00f5es<br \/>nos termos desta Oferta, e devolv\u00ea-los imediatamente ap\u00f3s o t\u00e9rmino ou antecipa\u00e7\u00e3o da<br \/>encerramento da Oferta.<\/p><ol class=\"ol-1-1 ml-0\"><li>n\u00e3o divulgar informa\u00e7\u00f5es confidenciais e\/ou segredos comerciais da<br \/>as Partes que se tornaram conhecidas por elas, tanto durante o per\u00edodo de<br \/>da Oferta e dentro de 5 (cinco) anos a partir da data de<br \/>encerramento da Oferta.<\/li><\/ol><\/li><li>A Contratada tem o direito de:<ol class=\"ol-1-1 ml-0\"><li>Para obter acesso a informa\u00e7\u00f5es, inclusive confidenciais, e<br \/>documentos do Cliente, na medida do necess\u00e1rio para realizar a<br \/>As obriga\u00e7\u00f5es da Contratada nos termos desta Oferta.<\/li><li>confiar a execu\u00e7\u00e3o do contrato de servi\u00e7o a outro<br \/>pessoa, para fins de desempenho oportuno e de qualidade de<br \/>obriga\u00e7\u00f5es nos termos desta Oferta.<\/li><li>no caso de altera\u00e7\u00f5es na lista de servi\u00e7os acordada no<br \/>de aument\u00e1-la ou complic\u00e1-la, para exigir uma<br \/>aumento proporcional no custo dos servi\u00e7os, e o Cliente<br \/>deve pagar por eles.<\/li><\/ol><\/li><li>O Cliente se compromete:<ol class=\"ol-1-1 ml-0\"><li>Fornecer informa\u00e7\u00f5es verdadeiras, completas e precisas sobre si mesmo em<br \/>a presta\u00e7\u00e3o de servi\u00e7os de informa\u00e7\u00e3o e consultoria pela<br \/>Contratante. Se as informa\u00e7\u00f5es do question\u00e1rio on-line forem<br \/>se revelarem incorretas, a Contratada n\u00e3o ser\u00e1 respons\u00e1vel pela<br \/>incapacidade de estabelecer contato com o Cliente e de fornecer<br \/>servi\u00e7os no \u00e2mbito desta Oferta.<\/li><li>Durante a vig\u00eancia desta Oferta, a pedido da Contratada,<br \/>fornecer ao Contratante informa\u00e7\u00f5es completas e exaustivas em<br \/>em tempo h\u00e1bil, bem como fornecer \u00e0 Contratada acesso a<br \/>aos documentos do Cliente, no valor necess\u00e1rio para cumprir<br \/>as obriga\u00e7\u00f5es da Contratada nos termos desta Oferta.<\/li><li>pagar os servi\u00e7os da Contratada integralmente e em tempo h\u00e1bil<br \/>de acordo com o procedimento e nos termos definidos em<br \/>esta oferta.<\/li><li>pagar pontual e integralmente os impostos, tributos, taxas e todos os outros<br \/>pagamentos que s\u00e3o necess\u00e1rios para o desempenho de qualidade deste<br \/>contrato.<\/li><li>n\u00e3o divulgar informa\u00e7\u00f5es confidenciais e\/ou segredos comerciais da<br \/>as Partes que se tornaram conhecidas por elas, tanto durante o per\u00edodo de<br \/>da Oferta e dentro de 5 (cinco) anos a partir da data de<br \/>encerramento da Oferta.<\/li><li>Pagar pelos servi\u00e7os da Contratada na forma prevista<br \/>na Se\u00e7\u00e3o 4 desta Oferta.<\/li><li>O Cliente concorda em n\u00e3o reproduzir, repetir, copiar ou vender, bem como<br \/>n\u00e3o usar para nenhum fim as informa\u00e7\u00f5es e os materiais<br \/>que se tornaram dispon\u00edveis para ele em rela\u00e7\u00e3o \u00e0<br \/>fornecimento dos Servi\u00e7os, exceto para uso pessoal diretamente por<br \/>O Cliente sem fornecer qualquer forma de acesso a qualquer<br \/>terceiros.<\/li><\/ol><\/li><li>A Contratada tem o direito de:<ol class=\"ol-1-1 ml-0\"><li>Receber servi\u00e7os de qualidade adequada de acordo com este<br \/>oferta.<\/li><li>A qualquer momento, para conhecer os servi\u00e7os e as promo\u00e7\u00f5es<br \/>no site da Contratada.<\/li><li>Usar os resultados dos servi\u00e7os em suas atividades comerciais<br \/>sem nenhuma restri\u00e7\u00e3o.<\/li><\/ol><\/li><\/ol><\/li><li><h2>Remunera\u00e7\u00e3o da Contratada e o procedimento para seu pagamento<\/h2><ol class=\"ol-1-1\"><li>O Cliente pagar\u00e1 ao Prestador de Servi\u00e7os uma remunera\u00e7\u00e3o pelo fornecimento<br \/>dos Servi\u00e7os desta Oferta.<\/li><li>O valor da remunera\u00e7\u00e3o da Contratada depende do conte\u00fado<br \/>e o escopo dos Servi\u00e7os prestados nos termos desta Oferta e acordados por<br \/>as Partes no Acordo de Ades\u00e3o.<\/li><li>O custo total dos Servi\u00e7os desta Oferta \u00e9 o custo total de<br \/>todos os Servi\u00e7os a serem prestados pela Contratada nos termos desta Oferta.<\/li><li>Salvo acordo em contr\u00e1rio entre as Partes no Acordo de Ades\u00e3o,<br \/>O Cliente paga pelos servi\u00e7os do Prestador de Servi\u00e7os em condi\u00e7\u00f5es<br \/>de pagamento integral antecipado no valor especificado na fatura. O<br \/>A remunera\u00e7\u00e3o da Contratada n\u00e3o inclui impostos e taxas que a<br \/>O Cliente deve pagar e\/ou pagar a si mesmo de acordo com as leis de<br \/>a localiza\u00e7\u00e3o do Cliente e n\u00e3o est\u00e1 sujeita a reten\u00e7\u00e3o por<br \/>o Cliente do valor do pagamento.<\/li><li>O pagamento dos Servi\u00e7os dever\u00e1 ser feito por transfer\u00eancia n\u00e3o monet\u00e1ria pelo<br \/>Cliente para a conta corrente da Contratada. O momento do pagamento<br \/>para os servi\u00e7os pelo Cliente \u00e9 a data de recebimento dos fundos para<br \/>por conta da Contratada.<\/li><li>Em caso de rescis\u00e3o antecipada do Contrato, a Contratada dever\u00e1<br \/>devolver os fundos no prazo de 14 dias, com base na solicita\u00e7\u00e3o<br \/>enviado para o endere\u00e7o de e-mail:<br \/><a href=\"mailto:support@alteg.io\">suporte@alteg.io<\/a>, menos o<br \/>custo dos servi\u00e7os prestados pela Contratada.<\/li><\/ol><\/li><li><h2>Escopo e aceita\u00e7\u00e3o dos servi\u00e7os<\/h2><ol class=\"ol-1-1\"><li>Se o volume de servi\u00e7os prestados exceder o prazo fornecido pelo<br \/>Partes e\/ou vai al\u00e9m do conte\u00fado dos servi\u00e7os acordados por<br \/>as Partes, o custo final (final) do volume efetivamente prestado<br \/>de servi\u00e7os dever\u00e3o ser acordados pelas Partes adicionalmente no<br \/>forma prevista na Oferta.<\/li><li>Ap\u00f3s a conclus\u00e3o do trabalho ou dos servi\u00e7os, o Cliente dever\u00e1<br \/>notificado adequadamente. Se houver algum defeito no trabalho conclu\u00eddo<br \/>e servi\u00e7os prestados, eles devem ser levados ao conhecimento da Contratada.<br \/>aten\u00e7\u00e3o em at\u00e9 24 (vinte e quatro) horas ap\u00f3s a conclus\u00e3o do trabalho<br \/>e presta\u00e7\u00e3o de servi\u00e7os. Se n\u00e3o houver coment\u00e1rios dentro do<br \/>prazos especificados nesta cl\u00e1usula, as obras e os servi\u00e7os s\u00e3o<br \/>considerados aceitos pelo Cliente. Caso haja observa\u00e7\u00f5es<br \/>para o trabalho realizado ou servi\u00e7os prestados, a Contratada dever\u00e1<br \/>eliminar as observa\u00e7\u00f5es dentro do escopo dos Servi\u00e7os inicialmente<br \/>acordado pelas Partes.<\/li><\/ol><\/li><li><h2>Privacidade<\/h2><ol class=\"ol-1-1\"><li>Para os fins desta Oferta, o termo \u201cInforma\u00e7\u00f5es Confidenciais\u201d<br \/>significa:<ol class=\"ol-1-1 ml-0\"><li>todas as informa\u00e7\u00f5es oficiais, n\u00e3o p\u00fablicas e n\u00e3o p\u00fablicas, incluindo<br \/>segredos comerciais, dados financeiros, comerciais, t\u00e9cnicos, operacionais<br \/>e outras informa\u00e7\u00f5es, dados pessoais, informa\u00e7\u00f5es tecnol\u00f3gicas,<br \/>dados, experi\u00eancia e conhecimento de qualquer tipo e em qualquer forma,<br \/>direta ou indiretamente relacionados \u00e0s Partes desta Oferta,<br \/>dados sobre fornecedores e termos de transa\u00e7\u00f5es com eles, dados financeiros<br \/>planos das Partes e relat\u00f3rios sobre atividades anteriores, que<br \/>se tornaram conhecidas pelas Partes por escrito, oralmente, eletronicamente ou<br \/>outra forma durante sua coopera\u00e7\u00e3o;<\/li><li>qualquer informa\u00e7\u00e3o que esteja em posse, uso ou disposi\u00e7\u00e3o de<br \/>e que se torne de conhecimento das Partes em conex\u00e3o com<br \/>com coopera\u00e7\u00e3o e rela\u00e7\u00f5es contratuais gerais;<\/li><li>qualquer informa\u00e7\u00e3o que n\u00e3o seja de conhecimento geral ou p\u00fablico<br \/>dispon\u00edvel e tem valor real ou potencial para a Parte por<br \/>raz\u00f5es comerciais, cuja divulga\u00e7\u00e3o pode causar danos materiais a terceiros.<br \/>danos, al\u00e9m de prejudicar a reputa\u00e7\u00e3o ou o prest\u00edgio da empresa<br \/>da Parte ou de sua equipe;<\/li><li>qualquer documento da Parte (inclusive em formato eletr\u00f4nico) marcado<br \/>\u201cConfidencial\u201d e\/ou \u201cPara uso oficial\u201d.<\/li><\/ol><\/li><li>As Partes se comprometem mutuamente a usar as informa\u00e7\u00f5es confidenciais<br \/>fornecidas ou aprendidas durante a validade desta Oferta e na<br \/>durante o curso da coopera\u00e7\u00e3o das Partes, somente de acordo com o<br \/>termos desta Oferta e somente no valor e para a finalidade para a qual foi<br \/>em que essas informa\u00e7\u00f5es foram fornecidas.<\/li><\/ol><\/li><li><h2>Prote\u00e7\u00e3o de dados pessoais<\/h2><ol class=\"ol-1-1\"><li>Dentro da estrutura desta Oferta, o Cliente poder\u00e1 transferir os<br \/>dados pessoais de funcion\u00e1rios\/representantes\/clientes para a<br \/>Empreiteiro.<\/li><li>Os dados pessoais desta Oferta ser\u00e3o transmitidos com a finalidade de<br \/>da execu\u00e7\u00e3o da Oferta pela Contratada.<\/li><li>A Contratada tem o direito de processar dados pessoais na medida em que<br \/>necess\u00e1rio para fornecer os Servi\u00e7os sob esta Oferta, exclusivamente para<br \/>finalidade de execu\u00e7\u00e3o da presente Oferta.<\/li><li>Ao aceitar os termos desta Oferta, o Cliente garante que:<ol class=\"ol-1-1 ml-0\"><li>Ao processar dados pessoais, o Cliente observa todos os direitos<br \/>dos titulares de dados pessoais, estipulados pelo Regulamento Geral de Dados<br \/>Regulamento de Prote\u00e7\u00e3o de Dados (GDPR).<\/li><li>consentimento volunt\u00e1rio dos titulares de dados pessoais para o processamento<br \/>seus dados pessoais forem recebidos pelo Cliente.<\/li><\/ol><\/li><li>Ao assinar esta Oferta, os representantes autorizados das Partes<br \/>consentir com o processamento de seus dados pessoais para confirmar<br \/>a autoridade do sujeito para alterar e encerrar a Oferta, para garantir<br \/>a implementa\u00e7\u00e3o de rela\u00e7\u00f5es administrativas e jur\u00eddicas, rela\u00e7\u00f5es<br \/>no curso de atividades comerciais e outras rela\u00e7\u00f5es fornecidas por<br \/>lei.<\/li><\/ol><\/li><li><h2>Responsabilidade das partes<\/h2><ol class=\"ol-1-1\"><li>Em caso de viola\u00e7\u00e3o de suas obriga\u00e7\u00f5es nos termos desta Oferta, as Partes<br \/>ser\u00e1 respons\u00e1vel de acordo com esta Oferta e com as normas aplic\u00e1veis<br \/>leis. A viola\u00e7\u00e3o de uma obriga\u00e7\u00e3o \u00e9 o seu n\u00e3o cumprimento ou o seu cumprimento inadequado.<br \/>desempenho.<\/li><li>As Partes n\u00e3o ser\u00e3o respons\u00e1veis por uma viola\u00e7\u00e3o de suas obriga\u00e7\u00f5es<br \/>nos termos desta Oferta, se isso n\u00e3o for devido \u00e0 sua culpa. Uma parte dever\u00e1 ser<br \/>considerada inocente se provar que tomou todas as medidas em seu<br \/>poder para o desempenho adequado de sua obriga\u00e7\u00e3o.<\/li><li>Em caso de n\u00e3o cumprimento das obriga\u00e7\u00f5es monet\u00e1rias previstas no<br \/>Contrato, o Cliente ser\u00e1 obrigado a reembolsar o Contratante<br \/>o valor da d\u00edvida, bem como uma penalidade \u00e0 taxa de 0,1% do<br \/>custo total dos Servi\u00e7os, determinado pela fatura relevante, para<br \/>por dia de atraso.<\/li><li>Se o Cliente n\u00e3o pagar os pagamentos previstos nesta Oferta, a<br \/>A Contratada se reserva o direito de suspender o fornecimento do servi\u00e7o.<br \/>Servi\u00e7os no \u00e2mbito desta Oferta.<\/li><li>A Contratada n\u00e3o ser\u00e1 respons\u00e1vel pelo n\u00e3o cumprimento ou pela execu\u00e7\u00e3o inadequada de<br \/>cumprimento das obriga\u00e7\u00f5es previstas nesta Oferta, caso tenha ocorrido como<br \/>resultado da n\u00e3o execu\u00e7\u00e3o ou execu\u00e7\u00e3o inadequada dos servi\u00e7os do Cliente<br \/>obriga\u00e7\u00f5es pr\u00f3prias nos termos desta Oferta.<\/li><li>Em caso de divulga\u00e7\u00e3o de Informa\u00e7\u00f5es Confidenciais e viola\u00e7\u00e3o de<br \/>nos termos desta Oferta, a Parte que permitiu tal divulga\u00e7\u00e3o<br \/>ser\u00e1 obrigada a indenizar a outra Parte por perdas documentadas<br \/>resultantes da divulga\u00e7\u00e3o de Informa\u00e7\u00f5es Confidenciais e<br \/>relacionadas ao n\u00e3o cumprimento ou ao cumprimento inadequado dos termos do<br \/>esta Oferta, inclusive danos \u00e0 reputa\u00e7\u00e3o comercial.<\/li><\/ol><\/li><li><h2>For\u00e7a maior<\/h2><ol class=\"ol-1-1\"><li>As Partes ficar\u00e3o isentas de responsabilidade pelo pagamento total ou parcial de<br \/>n\u00e3o cumprirem suas obriga\u00e7\u00f5es nos termos desta Oferta, se for<br \/>causada por circunst\u00e2ncias de for\u00e7a maior (for\u00e7a maior), tais como:<br \/>desastres naturais, inc\u00eandios, enchentes, terremotos, guerras, bloqueios,<br \/>ocupa\u00e7\u00e3o, imposi\u00e7\u00e3o de regulamentos de quarentena, apreens\u00e3o de<br \/>documentos por autoridades p\u00fablicas (busca, acesso tempor\u00e1rio a coisas<br \/>e documentos, solicita\u00e7\u00f5es de autoridades p\u00fablicas nos termos do atual<br \/>legisla\u00e7\u00e3o), regulamentos ou leis emitidos por \u00f3rg\u00e3os governamentais autorizados.<\/li><li>Em caso de circunst\u00e2ncias de for\u00e7a maior, o prazo de execu\u00e7\u00e3o<br \/>de obriga\u00e7\u00f5es ser\u00e1 adiado pelo tempo durante o qual tais<br \/>circunst\u00e2ncias estar\u00e3o em vigor. Se essas circunst\u00e2ncias e suas<br \/>durar\u00e3o mais de 3 (tr\u00eas) meses, cada uma das<br \/>As partes ter\u00e3o o direito de recusar a execu\u00e7\u00e3o adicional de<br \/>obriga\u00e7\u00f5es no \u00e2mbito da Oferta.<\/li><li>A Parte, para a qual \u00e9 imposs\u00edvel cumprir as obriga\u00e7\u00f5es<br \/>nos termos desta Oferta devido a circunst\u00e2ncias de for\u00e7a maior, dever\u00e1<br \/>notificar imediatamente a outra Parte.<\/li><li>A Parte, para a qual \u00e9 imposs\u00edvel cumprir as obriga\u00e7\u00f5es previstas em<br \/>esta Oferta devido \u00e0 ocorr\u00eancia de for\u00e7a maior, dever\u00e1 confirmar a<br \/>exist\u00eancia e dura\u00e7\u00e3o da for\u00e7a maior com um certificado de<br \/>o \u00f3rg\u00e3o autorizado, ou informa\u00e7\u00f5es usando a m\u00eddia.<\/li><\/ol><\/li><li><h2>Comunica\u00e7\u00f5es das partes<\/h2><ol class=\"ol-1-1\"><li>As Partes concordaram que comunica\u00e7\u00f5es, solicita\u00e7\u00f5es, demandas ou<br \/>qualquer outra correspond\u00eancia (doravante denominada \u201cComunica\u00e7\u00e3o\u201d) sob<br \/>esta Oferta dever\u00e1 ser feita por escrito ou enviada por e-mail para o<br \/>Parte relevante para o endere\u00e7o de e-mail.<\/li><li>A notifica\u00e7\u00e3o ser\u00e1 considerada devidamente executada e de acordo com as<br \/>termos desta Oferta a partir do momento do envio de tal notifica\u00e7\u00e3o ao<br \/>endere\u00e7o de e-mail especificado nos detalhes.<\/li><\/ol><\/li><li><h2>Per\u00edodo de validade da proposta<\/h2><ol class=\"ol-1-1\"><li>Esta Oferta entra em vigor a partir do momento de sua publica\u00e7\u00e3o no<br \/>site da Contratada e \u00e9 v\u00e1lido at\u00e9 sua retirada pela<br \/>Empreiteiro.<\/li><li>A Contratada tem o direito de, a qualquer momento e a seu pr\u00f3prio crit\u00e9rio<br \/>alterar as condi\u00e7\u00f5es da Oferta e\/ou retirar a Oferta. Em<br \/>Caso a Contratada fa\u00e7a altera\u00e7\u00f5es na Oferta, tais altera\u00e7\u00f5es ser\u00e3o<br \/>em vigor a partir da data de coloca\u00e7\u00e3o do texto alterado do<br \/>Oferta no site do Contratante, se outra data de entrada em<br \/>for\u00e7a n\u00e3o \u00e9 definida diretamente no texto da Oferta alterada.<\/li><\/ol><\/li><li><h2>Provis\u00f5es de fechamento<\/h2><ol class=\"ol-1-1\"><li>As partes estabeleceram que quaisquer disputas e reivindica\u00e7\u00f5es ser\u00e3o<br \/>resolvidos por meio de negocia\u00e7\u00f5es.<\/li><li>As partes concordaram em considerar o local da transa\u00e7\u00e3o e<br \/>o local de servi\u00e7o como o local do Contratante especificado em<br \/>Se\u00e7\u00e3o 13 desta Oferta.<\/li><li>Ao aceitar esta Oferta, o Cliente concorda que todas as disputas em<br \/>relacionados a esta Oferta ser\u00e3o regidos por lei, independentemente de<br \/>\u00e0s regras de conflito de leis. Caso as Partes n\u00e3o cheguem a um acordo<br \/>durante a negocia\u00e7\u00e3o e o procedimento de reclama\u00e7\u00e3o, qualquer disputa,<br \/>controv\u00e9rsia ou reivindica\u00e7\u00e3o que possa surgir de ou em conex\u00e3o com<br \/>esta Oferta, ou a execu\u00e7\u00e3o, viola\u00e7\u00e3o, rescis\u00e3o ou invalidade<br \/>A quest\u00e3o dever\u00e1 ser resolvida pelo Instituto de Arbitragem da<br \/>C\u00e2mara de Com\u00e9rcio de Estocolmo (SCC).<\/li><li>Os t\u00edtulos usados nos artigos e cl\u00e1usulas desta Oferta s\u00e3o usados<br \/>apenas para fins de comunica\u00e7\u00e3o e conveni\u00eancia no texto. Esses t\u00edtulos<br \/>n\u00e3o pode ser interpretado como definindo, limitando ou modificando, ou<br \/>que afetam o significado e o conte\u00fado dos termos e condi\u00e7\u00f5es de<br \/>esta Oferta ou qualquer parte dela.<\/li><li>As partes desta Oferta concordaram que, se uma parte desta Oferta<br \/>for considerada inv\u00e1lida (ilegal), ent\u00e3o a pr\u00f3pria Oferta, mesmo sem a<br \/>inclus\u00e3o da parte inv\u00e1lida (ilegal), \u00e9 considerada conclu\u00edda. Em<br \/>Neste caso, uma Parte desta Oferta n\u00e3o poder\u00e1 argumentar que, sem a<br \/>inclus\u00e3o da parte inv\u00e1lida (ilegal), ela n\u00e3o teria entrado no<br \/>na Oferta.<\/li><li>Todo o exposto acima constitui o texto \u00fanico da Oferta e<br \/>substitui todas as negocia\u00e7\u00f5es, correspond\u00eancias e acordos anteriores,<br \/>propostas e declara\u00e7\u00f5es feitas oralmente ou por escrito pelas Partes<br \/>com rela\u00e7\u00e3o ao objeto da Oferta.<\/li><li>Em todos os casos n\u00e3o cobertos por esta oferta, as Partes dever\u00e3o<br \/>regido pelas leis aplic\u00e1veis da Inglaterra e do Pa\u00eds de Gales.<\/li><\/ol><\/li><li><h2>Informa\u00e7\u00f5es sobre o contratante<\/h2><ol class=\"ol-none ml0\"><li>Altegio Brasil Ltda<\/li><li>CNPJ: 47.759.510\/0001-00<\/li><li>Endere\u00e7o de registro: Ioanni Stylianou, 6, 2nd floor, Flat|Office 202, 2003, Nicosia, Chipre.<\/li><li>E-mail <a href=\"mailto:support@alteg.io\">suporte@alteg.io<\/a><\/li><li>tel:+35722030868.<\/li><\/ol><\/li><\/ol>\t\t\t\t\t\t\t\t<\/div>\n\t\t\t\t<div class=\"elementor-element elementor-element-7e3fe72 text-a text-main animated-slow elementor-invisible elementor-widget elementor-widget-text-editor\" data-id=\"7e3fe72\" data-element_type=\"widget\" data-e-type=\"widget\" data-settings=\"{&quot;_animation&quot;:&quot;fadeIn&quot;,&quot;_animation_delay&quot;:400}\" data-widget_type=\"text-editor.default\">\n\t\t\t\t\t\t\t\t\tVers\u00e3o atual da oferta a partir de 28 de abril de 2022\t\t\t\t\t\t\t\t<\/div>\n\t\t\t\t\t<\/div>\n\t\t<\/div>\n\t\t\t\t\t<\/div>\n\t\t<\/section>\n\t\t\t\t<\/div>","protected":false},"excerpt":{"rendered":"","protected":false},"author":3,"featured_media":0,"parent":1114,"menu_order":0,"comment_status":"closed","ping_status":"closed","template":"","meta":{"_monsterinsights_skip_tracking":false,"_monsterinsights_sitenote_active":false,"_monsterinsights_sitenote_note":"","_monsterinsights_sitenote_category":0,"footnotes":""},"class_list":["post-1637","page","type-page","status-publish","hentry"],"aioseo_notices":[],"_links":{"self":[{"href":"https:\/\/alteg.io\/pt\/wp-json\/wp\/v2\/pages\/1637","targetHints":{"allow":["GET"]}}],"collection":[{"href":"https:\/\/alteg.io\/pt\/wp-json\/wp\/v2\/pages"}],"about":[{"href":"https:\/\/alteg.io\/pt\/wp-json\/wp\/v2\/types\/page"}],"author":[{"embeddable":true,"href":"https:\/\/alteg.io\/pt\/wp-json\/wp\/v2\/users\/3"}],"replies":[{"embeddable":true,"href":"https:\/\/alteg.io\/pt\/wp-json\/wp\/v2\/comments?post=1637"}],"version-history":[{"count":7,"href":"https:\/\/alteg.io\/pt\/wp-json\/wp\/v2\/pages\/1637\/revisions"}],"predecessor-version":[{"id":19315,"href":"https:\/\/alteg.io\/pt\/wp-json\/wp\/v2\/pages\/1637\/revisions\/19315"}],"up":[{"embeddable":true,"href":"https:\/\/alteg.io\/pt\/wp-json\/wp\/v2\/pages\/1114"}],"wp:attachment":[{"href":"https:\/\/alteg.io\/pt\/wp-json\/wp\/v2\/media?parent=1637"}],"curies":[{"name":"wp","href":"https:\/\/api.w.org\/{rel}","templated":true}]}}