{"id":1283,"date":"2024-04-04T00:43:25","date_gmt":"2024-04-04T00:43:25","guid":{"rendered":"https:\/\/new.alteg.io\/?page_id=1283"},"modified":"2026-02-15T18:53:24","modified_gmt":"2026-02-15T18:53:24","slug":"user-data-transfer-agreement","status":"publish","type":"page","link":"https:\/\/alteg.io\/pt\/info\/user-data-transfer-agreement\/","title":{"rendered":"Contrato de transfer\u00eancia de dados do usu\u00e1rio"},"content":{"rendered":"<div data-elementor-type=\"wp-page\" data-elementor-id=\"1283\" class=\"elementor elementor-1283\" data-elementor-post-type=\"page\">\n\t\t\t\t\t\t<section class=\"elementor-section elementor-top-section elementor-element elementor-element-faded31 elementor-section-boxed elementor-section-height-default elementor-section-height-default\" data-id=\"faded31\" data-element_type=\"section\" data-e-type=\"section\" data-settings=\"{&quot;background_background&quot;:&quot;classic&quot;}\">\n\t\t\t\t\t\t<div class=\"elementor-container elementor-column-gap-default\">\n\t\t\t\t\t<div class=\"elementor-column elementor-col-100 elementor-top-column elementor-element elementor-element-06ab8a0\" data-id=\"06ab8a0\" data-element_type=\"column\" data-e-type=\"column\">\n\t\t\t<div class=\"elementor-widget-wrap elementor-element-populated\">\n\t\t\t\t\t\t<div class=\"elementor-element elementor-element-966d695 elementor-widget elementor-widget-shortcode\" data-id=\"966d695\" data-element_type=\"widget\" data-e-type=\"widget\" data-widget_type=\"shortcode.default\">\n\t\t\t\t\t\t\t<div class=\"elementor-shortcode\"><div class=\"aioseo-breadcrumbs\"><span class=\"aioseo-breadcrumb\">\n\tIn\u00edcio\n<\/span><\/div><\/div>\n\t\t\t\t\t\t<\/div>\n\t\t\t\t<div class=\"elementor-element elementor-element-d679525 elementor-invisible elementor-widget elementor-widget-heading\" data-id=\"d679525\" data-element_type=\"widget\" data-e-type=\"widget\" data-settings=\"{&quot;_animation&quot;:&quot;fadeInUp&quot;,&quot;_animation_mobile&quot;:&quot;fadeInDown&quot;,&quot;_animation_delay&quot;:300}\" data-widget_type=\"heading.default\">\n\t\t\t\t\t<h1 class=\"elementor-heading-title elementor-size-default\">Contrato de transfer\u00eancia e processamento de dados do usu\u00e1rio<\/h1>\t\t\t\t<\/div>\n\t\t\t\t<div class=\"elementor-element elementor-element-1b60abf text-a animated-slow elementor-invisible elementor-widget elementor-widget-text-editor\" data-id=\"1b60abf\" data-element_type=\"widget\" data-e-type=\"widget\" data-settings=\"{&quot;_animation&quot;:&quot;fadeIn&quot;,&quot;_animation_delay&quot;:400}\" data-widget_type=\"text-editor.default\">\n\t\t\t\t\t\t\t\t\tDe acordo com os requisitos de processamento de dados e o Regulamento (CE) 2016\/679 do Parlamento Europeu e do Conselho, de 27 de abril de 2016, relativo \u00e0 prote\u00e7\u00e3o das pessoas f\u00edsicas no que diz respeito ao processamento de dados pessoais e \u00e0 livre circula\u00e7\u00e3o desses dados, Dou meu consentimento volunt\u00e1rio para a transfer\u00eancia para processamento de meus dados pessoais pelo novo Controlador \u201cAltegio Limited\u201d, uma empresa constitu\u00edda sob a lei do Chipre com sede registrada em Ioanni Stylianou, 6, 2nd floor, Flat|Office 202, 2003, Nic\u00f3sia, Chipre, (doravante o \u201cControlador\u201d) com a finalidade de realizar o acesso e uso da Plataforma Altegio.\n\nO consentimento \u00e9 dado ao Controlador para o processamento dos meus dados pessoais de acordo com a Pol\u00edtica de Privacidade que est\u00e1 publicada e\/ou dispon\u00edvel na Internet em <a href=\"https:\/\/alteg.io\/en\/info\/privacy\">alteg.io\/en\/info\/privacy<\/a> e estabelece as regras de processamento das informa\u00e7\u00f5es pessoais do Usu\u00e1rio, incluindo os dados pessoais do Usu\u00e1rio, e com os Termos de Servi\u00e7o publicados e\/ou dispon\u00edveis na Internet em: <a href=\"https:\/\/alteg.io\/en\/info\/terms\">alteg.io\/en\/info\/terms<\/a> a fim de permitir que as Partes continuem seu relacionamento de forma compat\u00edvel com a lei.\n\nO Controlador tem o direito de realizar a\u00e7\u00f5es (opera\u00e7\u00f5es) com meus dados pessoais, incluindo coleta, sistematiza\u00e7\u00e3o, acumula\u00e7\u00e3o, armazenamento, esclarecimento (atualiza\u00e7\u00e3o, altera\u00e7\u00e3o) de uso, despersonaliza\u00e7\u00e3o, bloqueio, exclus\u00e3o de meus dados pessoais, cujas categorias est\u00e3o especificadas na Pol\u00edtica de Privacidade.\n\nN\u00e3o tenho nenhuma obje\u00e7\u00e3o \u00e0 troca (recebimento, transfer\u00eancia) de meus dados pessoais entre o Controlador e terceiros, de acordo com os contratos e acordos celebrados, a fim de observar meus direitos e interesses legais.\n\nEste Contrato entra em vigor a partir do momento de sua assinatura pelas Partes e permanecer\u00e1 em vigor at\u00e9 o t\u00e9rmino deste Contrato.\n\nEste Contrato pode ser revogado por mim, por escrito, a qualquer momento, a meu crit\u00e9rio exclusivo.\n\n<hr \/>\n\nTodas as sugest\u00f5es, perguntas, solicita\u00e7\u00f5es e outras consultas relacionadas a este Contrato e ao uso de seus dados pessoais podem ser enviadas pelo Usu\u00e1rio para <a href=\"mailto:support@alteg.io\">suporte@alteg.io<\/a>.  Voc\u00ea tamb\u00e9m pode entrar em contato com o nosso Diretor de Prote\u00e7\u00e3o de Dados (DPO), seja por meio de uma carta escrita endere\u00e7ada ao \u201cDiretor de Prote\u00e7\u00e3o de Dados\u201d, enviada para o endere\u00e7o indicado acima, ou por e-mail para <a href=\"mailto:legal@alteg.io\">eletr\u00f4nico para o endere\u00e7o do DPO<\/a>.\t\t\t\t\t\t\t\t<\/div>\n\t\t\t\t\t<\/div>\n\t\t<\/div>\n\t\t\t\t\t<\/div>\n\t\t<\/section>\n\t\t\t\t<\/div>","protected":false},"excerpt":{"rendered":"","protected":false},"author":3,"featured_media":0,"parent":1114,"menu_order":0,"comment_status":"closed","ping_status":"closed","template":"","meta":{"_monsterinsights_skip_tracking":false,"_monsterinsights_sitenote_active":false,"_monsterinsights_sitenote_note":"","_monsterinsights_sitenote_category":0,"footnotes":""},"class_list":["post-1283","page","type-page","status-publish","hentry"],"aioseo_notices":[],"_links":{"self":[{"href":"https:\/\/alteg.io\/pt\/wp-json\/wp\/v2\/pages\/1283","targetHints":{"allow":["GET"]}}],"collection":[{"href":"https:\/\/alteg.io\/pt\/wp-json\/wp\/v2\/pages"}],"about":[{"href":"https:\/\/alteg.io\/pt\/wp-json\/wp\/v2\/types\/page"}],"author":[{"embeddable":true,"href":"https:\/\/alteg.io\/pt\/wp-json\/wp\/v2\/users\/3"}],"replies":[{"embeddable":true,"href":"https:\/\/alteg.io\/pt\/wp-json\/wp\/v2\/comments?post=1283"}],"version-history":[{"count":7,"href":"https:\/\/alteg.io\/pt\/wp-json\/wp\/v2\/pages\/1283\/revisions"}],"predecessor-version":[{"id":19294,"href":"https:\/\/alteg.io\/pt\/wp-json\/wp\/v2\/pages\/1283\/revisions\/19294"}],"up":[{"embeddable":true,"href":"https:\/\/alteg.io\/pt\/wp-json\/wp\/v2\/pages\/1114"}],"wp:attachment":[{"href":"https:\/\/alteg.io\/pt\/wp-json\/wp\/v2\/media?parent=1283"}],"curies":[{"name":"wp","href":"https:\/\/api.w.org\/{rel}","templated":true}]}}