{"id":8844,"date":"2024-11-21T15:05:22","date_gmt":"2024-11-21T15:05:22","guid":{"rendered":"https:\/\/alteg.io\/?page_id=8844"},"modified":"2026-02-15T19:01:00","modified_gmt":"2026-02-15T19:01:00","slug":"eula","status":"publish","type":"page","link":"https:\/\/alteg.io\/pl\/eula\/","title":{"rendered":"Aplikacja mobilna AunioUmowa licencyjna"},"content":{"rendered":"<div data-elementor-type=\"wp-page\" data-elementor-id=\"8844\" class=\"elementor elementor-8844\" data-elementor-post-type=\"page\">\n\t\t\t\t<div class=\"elementor-element elementor-element-af88cb1 e-flex e-con-boxed e-con e-parent\" data-id=\"af88cb1\" data-element_type=\"container\" data-e-type=\"container\">\n\t\t\t\t\t<div class=\"e-con-inner\">\n\t\t\t\t<div class=\"elementor-element elementor-element-d7fae47 elementor-widget elementor-widget-shortcode\" data-id=\"d7fae47\" data-element_type=\"widget\" data-e-type=\"widget\" data-widget_type=\"shortcode.default\">\n\t\t\t\t\t\t\t<div class=\"elementor-shortcode\"><div class=\"aioseo-breadcrumbs\"><span class=\"aioseo-breadcrumb\">\n\t<a href=\"https:\/\/alteg.io\/pl\/\" title=\"Strona g\u0142\u00f3wna\">Strona g\u0142\u00f3wna<\/a>\n<\/span><span class=\"aioseo-breadcrumb-separator\">&gt;<\/span><span class=\"aioseo-breadcrumb\">\n\tAplikacja mobilna AunioUmowa licencyjna\n<\/span><\/div><\/div>\n\t\t\t\t\t\t<\/div>\n\t\t\t\t<div class=\"elementor-element elementor-element-4d2422d elementor-invisible elementor-widget elementor-widget-heading\" data-id=\"4d2422d\" data-element_type=\"widget\" data-e-type=\"widget\" data-settings=\"{&quot;_animation&quot;:&quot;fadeInUp&quot;,&quot;_animation_mobile&quot;:&quot;fadeInDown&quot;,&quot;_animation_delay&quot;:300}\" data-widget_type=\"heading.default\">\n\t\t\t\t\t<h1 class=\"elementor-heading-title elementor-size-default\">Umowa licencyjna aplikacji mobilnej Aunio<\/h1>\t\t\t\t<\/div>\n\t\t\t\t<div class=\"elementor-element elementor-element-c2d7f3f text-a text-main animated-slow elementor-invisible elementor-widget elementor-widget-text-editor\" data-id=\"c2d7f3f\" data-element_type=\"widget\" data-e-type=\"widget\" data-settings=\"{&quot;_animation&quot;:&quot;fadeIn&quot;,&quot;_animation_delay&quot;:500}\" data-widget_type=\"text-editor.default\">\n\t\t\t\t\t\t\t\t\t<ol class=\"ol-1-1 ol-1-1-head\" start=\"1\">\n \t<li><section>\n<div>\n\nNiniejsza Umowa Licencyjna stanowi ofert\u0119 Altegio Limited, sp\u00f3\u0142ki zarejestrowanej zgodnie z prawem Cypru (zwanej dalej \u201cPosiadaczem Praw\u201d), zawarcia umowy na warunkach okre\u015blonych poni\u017cej.\n\n<b> Prosimy o zapoznanie si\u0119 z warunkami niniejszej Umowy Licencyjnej przed rozpocz\u0119ciem korzystania z aplikacji mobilnej Aunio (zwanej dalej \u201cAunio\u201d). Korzystanie z Aunio na innych warunkach jest niedozwolone. <\/b>\n\nNiniejsza Umowa zawierana jest wy\u0142\u0105cznie pomi\u0119dzy U\u017cytkownikiem a Posiadaczem praw, a nie z kt\u00f3rymkolwiek ze Sklep\u00f3w z aplikacjami. W zwi\u0105zku z tym Posiadacz praw ponosi wy\u0142\u0105czn\u0105 odpowiedzialno\u015b\u0107 za <b>Aunio<\/b> i jego zawarto\u015b\u0107.\n\n<\/div>\n<\/section><section>\n<div>\n<ol>\n \t<li>\n<h2>Terminy i definicje<\/h2>\n<ol>\n \t<li>S\u0142owa i wyra\u017cenia u\u017cyte w niniejszej Umowie Licencyjnej maj\u0105 nast\u0119puj\u0105ce znaczenie, chyba \u017ce w dalszej cz\u0119\u015bci wyra\u017anie okre\u015blono inaczej:\n<ul>\n \t<li><b>Licencja (Umowa)<\/b> oznacza tekst niniejszego dokumentu wraz ze wszystkimi za\u0142\u0105cznikami, poprawkami i uzupe\u0142nieniami wy\u015bwietlanymi podczas procesu instalacji <b>Aunio<\/b> lub podczas rozpocz\u0119cia jego u\u017cywania.<\/li>\n \t<li><b>U\u017cytkownik<\/b> oznacza osob\u0119, kt\u00f3ra zawar\u0142a niniejsz\u0105 Umow\u0119 z Posiadaczem praw dla w\u0142asnej korzy\u015bci lub dla korzy\u015bci innych os\u00f3b ze wzgl\u0119du na wymogi obowi\u0105zuj\u0105cego prawa i niniejszej Umowy.<\/li>\n \t<li><b>Aunio<\/b> oznacza aplikacj\u0119 mobiln\u0105, oprogramowanie, kt\u00f3remu towarzyszy niniejsza Licencja i kt\u00f3re jest przeznaczone do instalacji i u\u017cywania na Urz\u0105dzeniu w celu zamawiania (rezerwacji) Us\u0142ug Sprzedawcy online przez U\u017cytkownika.<\/li>\n \t<li><b>Urz\u0105dzenie<\/b> oznacza dowolny telefon kom\u00f3rkowy, komunikator, smartfon, tablet lub inne urz\u0105dzenie umo\u017cliwiaj\u0105ce korzystanie z aplikacji mobilnych zgodnie z jego przeznaczeniem funkcjonalnym.<\/li>\n \t<li><b>Sprzedawca<\/b> oznacza wskazany w <b>Aunio<\/b> podmiot lub osoba fizyczna, kt\u00f3ra \u015bwiadczy U\u017cytkownikowi Us\u0142ugi, kt\u00f3rych zamawianie (rezerwacja) <b>Aunio<\/b> jest przeznaczony dla.<\/li>\n \t<li><b>Us\u0142ugi<\/b> oznacza us\u0142ugi i towary Sprzedawcy, kt\u00f3re mog\u0105 by\u0107 zamawiane (rezerwowane) przez U\u017cytkownika online przy u\u017cyciu <b>Aunio<\/b>.<\/li>\n \t<li><b>Tre\u015b\u0107<\/b> oznacza wszelkie informacje i materia\u0142y, w tym tekst, grafik\u0119, audio, wideo i inne materia\u0142y, kt\u00f3re mog\u0105 by\u0107 przesy\u0142ane i\/lub umieszczane w Serwisie. <b>Aunio<\/b>.<\/li>\n \t<li><b>App Store<\/b> oznacza Google Play, Apple AppStore, Amazon Appstore i inne podobne us\u0142ugi i platformy dystrybucji oprogramowania na urz\u0105dzenia mobilne.<\/li>\n<\/ul>\n<\/li>\n \t<li>Niniejsza Umowa mo\u017ce u\u017cywa\u0107 innych termin\u00f3w i definicji, kt\u00f3re nie zosta\u0142y okre\u015blone w punkcie 1.1. niniejszej Umowy. W takim przypadku taki termin nale\u017cy interpretowa\u0107 zgodnie z tekstem niniejszej Umowy. Je\u017celi nie jest mo\u017cliwe zinterpretowanie takiego terminu lub definicji w spos\u00f3b jednoznaczny, taki termin lub definicj\u0119 nale\u017cy interpretowa\u0107 w pierwszej kolejno\u015bci zgodnie z bezwzgl\u0119dnie obowi\u0105zuj\u0105cymi dokumentami okre\u015blonymi w niniejszej Umowie, w drugiej kolejno\u015bci - zgodnie z obowi\u0105zuj\u0105cymi przepisami prawa, a nast\u0119pnie - zgodnie ze zwyczajem gospodarczym i doktryn\u0105 naukow\u0105.<\/li>\n<\/ol>\n<\/li>\n \t<li>\n<h2>Licencja<\/h2>\n<ol>\n \t<li>Po zawarciu niniejszej Umowy Posiadacz Praw upowa\u017cnia U\u017cytkownika do korzystania z <b>Aunio<\/b> na warunkach niewy\u0142\u0105cznej, nieprzenoszalnej licencji obowi\u0105zuj\u0105cej na ca\u0142ym \u015bwiecie w ustalonym okresie.<\/li>\n \t<li>U\u017cytkownik mo\u017ce korzysta\u0107 wy\u0142\u0105cznie z <b>Aunio<\/b> na Urz\u0105dzeniu, kt\u00f3rego jest w\u0142a\u015bcicielem lub kt\u00f3re kontroluje, zgodnie z warunkami korzystania z App Store.<\/li>\n \t<li>Do zawarcia niniejszej Umowy wystarczaj\u0105ce jest dokonanie przez U\u017cytkownika odtworzenia (nagrania) lub uruchomienia <b>Aunio<\/b> Wykonanie powy\u017cszych czynno\u015bci potwierdza, \u017ce U\u017cytkownik zapozna\u0142 si\u0119 oraz w pe\u0142ni i bezwzgl\u0119dnie akceptuje w pe\u0142nym zakresie warunki okre\u015blone w niniejszym dokumencie i tworzy umow\u0119 na danych warunkach pomi\u0119dzy U\u017cytkownikiem a Posiadaczem praw.<\/li>\n \t<li>U\u017cytkownik ma prawo do korzystania z <b>Aunio<\/b> zgodnie z warunkami niniejszej umowy za pomoc\u0105 nast\u0119puj\u0105cych metod u\u017cytkowania:\n<ol>\n \t<li>Reprodukcja (zapis) <b>Aunio<\/b> na jednym urz\u0105dzeniu;<\/li>\n \t<li>Uruchomienie i korzystanie z <b>Aunio<\/b> ze wzgl\u0119du na jego funkcjonalne przeznaczenie na pojedynczym urz\u0105dzeniu;<\/li>\n \t<li>Dostarczanie danych na temat historii zapis\u00f3w online U\u017cytkownika przy u\u017cyciu osobistego numeru telefonu U\u017cytkownika.<\/li>\n<\/ol>\n<\/li>\n \t<li>Wszelkie prawa i sposoby korzystania z <b>Aunio<\/b> nie s\u0105 wyra\u017anie przyznane U\u017cytkownikowi na mocy Umowy, b\u0119d\u0105 uwa\u017cane za nieudzielone\/zakazane przez Posiadacza Praw.<\/li>\n \t<li>Okres obowi\u0105zywania niniejszej licencji nie jest ograniczony. Rzeczywista dost\u0119pno\u015b\u0107 zam\u00f3wienia (rezerwacji) Us\u0142ug przez U\u017cytkownika zale\u017cy od Sprzedawcy.<\/li>\n<\/ol>\n<\/li>\n \t<li>\n<h2>Us\u0142ugi i materia\u0142y sprzedawcy<\/h2>\n<ol>\n \t<li><b>Aunio<\/b> ma na celu umo\u017cliwienie interakcji mi\u0119dzy U\u017cytkownikiem a Sprzedawc\u0105 w celu zam\u00f3wienia (rezerwacji) Us\u0142ug Sprzedawcy przez U\u017cytkownika. W tym celu U\u017cytkownik uzyskuje dost\u0119p do informacji i materia\u0142\u00f3w zamieszczonych w Serwisie. <b>Aunio<\/b> przez Sprzedawc\u0119 lub w jego imieniu, w tym linki do stron internetowych lub us\u0142ug (dalej - Materia\u0142y Sprzedawcy).<\/li>\n \t<li>U\u017cytkownik przyjmuje do wiadomo\u015bci i zgadza si\u0119, \u017ce Posiadacz praw nie ponosi odpowiedzialno\u015bci za jakiekolwiek Us\u0142ugi lub Materia\u0142y Sprzedawcy, w tym za ich dok\u0142adno\u015b\u0107, kompletno\u015b\u0107, aktualno\u015b\u0107, wa\u017cno\u015b\u0107, zgodno\u015b\u0107 z prawem autorskim, legalno\u015b\u0107, przyzwoito\u015b\u0107, jako\u015b\u0107, bezpiecze\u0144stwo lub jakikolwiek inny ich aspekt. Posiadacz praw nie przyjmuje i nie ponosi \u017cadnej odpowiedzialno\u015bci wobec U\u017cytkownika lub jakiejkolwiek innej osoby lub podmiotu za jakiekolwiek Us\u0142ugi lub Materia\u0142y Sprzedawcy, a U\u017cytkownik korzysta z nich wy\u0142\u0105cznie na w\u0142asne ryzyko.<\/li>\n \t<li>U\u017cytkownik musi przestrzega\u0107 obowi\u0105zuj\u0105cych warunk\u00f3w korzystania z Us\u0142ug lub Materia\u0142\u00f3w Sprzedawcy podczas korzystania z Us\u0142ugi. <b>Aunio<\/b>.<\/li>\n<\/ol>\n<\/li>\n \t<li>\n<h2>Ograniczenia licencyjne<\/h2>\n<ol>\n \t<li>U\u017cytkownik nie mo\u017ce samodzielnie ani przy pomocy os\u00f3b trzecich wykonywa\u0107 nast\u0119puj\u0105cych czynno\u015bci:\n<ol>\n \t<li>W jakikolwiek spos\u00f3b kopiowa\u0107 (powiela\u0107) oprogramowanie u\u017cytkowe i bazy danych b\u0119d\u0105ce cz\u0119\u015bci\u0105 <b>Aunio<\/b>, w tym wszelkich ich element\u00f3w i materia\u0142\u00f3w informacyjnych bez uprzedniej pisemnej zgody ich w\u0142a\u015bciciela.<\/li>\n \t<li>Ujawnianie technik, emulowanie, dekompilowanie, dezasemblowanie, dekodowanie i podejmowanie wszelkich innych podobnych dzia\u0142a\u0144 w odniesieniu do <b>Aunio<\/b>.<\/li>\n \t<li>Tworzenie oprogramowania i\/lub us\u0142ug przy u\u017cyciu <b>Aunio<\/b> bez uprzedniej zgody Posiadacza praw.<\/li>\n \t<li>Usuwa\u0107 lub w jakikolwiek spos\u00f3b zmienia\u0107 znak\u00f3w towarowych i informacji o prawach autorskich lub innych informacji o prawach w\u0142asno\u015bci zawartych w <b>Aunio<\/b>.<\/li>\n<\/ol>\n<\/li>\n \t<li>U\u017cytkownikowi surowo zabrania si\u0119 korzystania z <b>Aunio<\/b> do tworzenia i\/lub rozpowszechniania Tre\u015bci, kt\u00f3re\n<ul>\n \t<li>jest niezgodna z prawem (informacje zabronione), szkodliwa, obra\u017ca dobre obyczaje, demonstruje (lub propaguje) przemoc i okrucie\u0144stwo, promuje nienawi\u015b\u0107 i\/lub dyskryminacj\u0119 ludzi na tle rasowym, etnicznym, seksualnym, religijnym, spo\u0142ecznym, zawiera elementy (lub jest propagand\u0105) pornografii, erotyki dzieci\u0119cej, stanowi reklam\u0119 (lub promocj\u0119) us\u0142ug seksualnych (w tym pod pozorem innych us\u0142ug), wyja\u015bnia procedur\u0119 wytwarzania, stosowania lub innego u\u017cycia narkotyk\u00f3w lub ich analog\u00f3w, materia\u0142\u00f3w wybuchowych lub innej broni;<\/li>\n \t<li>narusza osobiste prawa niemaj\u0105tkowe lub prawa w\u0142asno\u015bci intelektualnej;<\/li>\n \t<li>w inny spos\u00f3b narusza przepisy obowi\u0105zuj\u0105cego prawa, a tak\u017ce powszechne normy moralne i etyczne.<\/li>\n<\/ul>\n<\/li>\n \t<li>Posiadacz praw ma prawo do ustanowienia technicznych ogranicze\u0144 korzystania z <b>Aunio<\/b>. Posiadacz Praw b\u0119dzie okresowo informowa\u0142 U\u017cytkownika o powy\u017cszych ograniczeniach w spos\u00f3b wed\u0142ug uznania Posiadacza Praw.<\/li>\n \t<li>Funkcjonalno\u015b\u0107 <b>Aunio<\/b> podlega wy\u0142\u0105cznemu uznaniu Posiadacza praw i mo\u017ce by\u0107 okresowo zmieniana.<\/li>\n \t<li>U\u017cytkownik o\u015bwiadcza i gwarantuje, \u017ce (i) nie znajduje si\u0119 w kraju obj\u0119tym embargiem Rz\u0105du Stan\u00f3w Zjednoczonych lub znajduj\u0105cym si\u0119 w Tytule 15, Cz\u0119\u015b\u0107 740 Suplement 1 Grupa Krajowa E Kodeksu Przepis\u00f3w Federalnych Stan\u00f3w Zjednoczonych; oraz (ii) nie znajduje si\u0119 na \u017cadnej li\u015bcie stron zakazanych lub obj\u0119tych ograniczeniami Rz\u0105du Stan\u00f3w Zjednoczonych.<\/li>\n<\/ol>\n<\/li>\n \t<li>\n<h2>Odpowiedzialno\u015b\u0107 w ramach Licencji<\/h2>\n<ol>\n \t<li>THE <b>Aunio<\/b> JEST DOSTARCZANA W STANIE, W JAKIM SI\u0118 ZNAJDUJE. W NAJSZERSZYM MO\u017bLIWYM ZAKRESIE ZGODNIE Z OBOWI\u0104ZUJ\u0104CYM PRAWEM, POSIADACZ PRAW NINIEJSZYM WYRA\u0179NIE ZRZEKA SI\u0118 WSZELKICH GWARANCJI W ODNIESIENIU DO <b>Aunio<\/b> WYRA\u0179NYCH, DOROZUMIANYCH LUB USTAWOWYCH, W TYM BEZ OGRANICZE\u0143, GWARANCJI LUB WARUNK\u00d3W PRZYDATNO\u015aCI HANDLOWEJ, PRZYDATNO\u015aCI DO OKRE\u015aLONEGO CELU I ICH ODPOWIEDNIK\u00d3W ZGODNIE Z PRAWEM DOWOLNEJ JURYSDYKCJI. POSIADACZ PRAW NIE UDZIELA \u017bADNYCH GWARANCJI, \u017bE <b>Aunio<\/b> B\u0118DZIE ODPOWIADA\u0106 WYMAGANIOM U\u017bYTKOWNIKA, \u017bE B\u0118DZIE FUNKCJONOWA\u0106 W PO\u0141\u0104CZENIU WYBRANYM DO U\u017bYTKU LUB RAZEM Z R\u00d3\u017bNYMI PRODUKTAMI STRONY TRZECIEJ, \u017bE FUNKCJONOWANIE PRODUKTU B\u0118DZIE ZGODNE Z JEGO PRZEZNACZENIEM. <b>Aunio<\/b> B\u0118D\u0104 BEZAWARYJNE LUB WOLNE OD USTEREK ORAZ \u017bE WSZYSTKIE USTERKI <b>Aunio<\/b> ZOSTAN\u0104 POPRAWIONE.<\/li>\n \t<li>Poniewa\u017c funkcjonalno\u015b\u0107 <b>Aunio<\/b> jest stale uzupe\u0142niana i aktualizowana, forma i charakter Aplikacji Mobilnej mog\u0105 by\u0107 okresowo zmieniane bez uprzedniego powiadomienia U\u017cytkownika. Posiadacz praw ma prawo wed\u0142ug w\u0142asnego uznania zaprzesta\u0107 (tymczasowo lub ostatecznie) dostarczania lub wspierania aplikacji mobilnej. <b>Aunio<\/b> U\u017cytkownikom, a tak\u017ce do zmiany lub wycofania Licencji bez uprzedniego powiadomienia.<\/li>\n \t<li>Posiadacz praw nie jest zobowi\u0105zany na mocy niniejszej Umowy do zapewnienia jakiejkolwiek konserwacji lub wsparcia w odniesieniu do <b>Aunio<\/b>. W zakresie, w jakim jakakolwiek konserwacja lub wsparcie s\u0105 wymagane przez obowi\u0105zuj\u0105ce prawo, Posiadacz praw, a nie App Store, b\u0119dzie zobowi\u0105zany do zapewnienia takiej konserwacji lub wsparcia.<\/li>\n \t<li>Posiadacz praw nie ma \u017cadnego zwi\u0105zku z Tre\u015bciami, kt\u00f3re U\u017cytkownicy lub Sprzedawcy przesy\u0142aj\u0105 i\/lub umieszczaj\u0105 w Serwisie. <b>Aunio<\/b>. Posiadacz praw nie sprawdza Tre\u015bci ani jej element\u00f3w, jak r\u00f3wnie\u017c jej zgodno\u015bci z jakimikolwiek wymogami oraz tego, czy U\u017cytkownicy posiadaj\u0105 wszelkie niezb\u0119dne prawa. Wszelka odpowiedzialno\u015b\u0107 za Tre\u015b\u0107 i jej zgodno\u015b\u0107 z obowi\u0105zuj\u0105cymi wymogami spoczywa na U\u017cytkowniku lub Sprzedawcy.<\/li>\n \t<li>Posiadacz Praw nie ponosi odpowiedzialno\u015bci za jakiekolwiek naruszenia pope\u0142nione przez U\u017cytkownika, jak r\u00f3wnie\u017c za jakiekolwiek szkody lub straty spowodowane takimi naruszeniami.<\/li>\n \t<li>U\u017cytkownik ponosi odpowiedzialno\u015b\u0107 za wszelkie naruszenia obowi\u0105zk\u00f3w okre\u015blonych w Umowie oraz (lub) obowi\u0105zuj\u0105cych przepisach prawa, a tak\u017ce za wszelkie konsekwencje takich narusze\u0144 (w tym wszelkie szkody, jakie mo\u017ce ponie\u015b\u0107 Posiadacz praw i inne osoby trzecie). W przypadku takiego naruszenia Posiadacz praw ma prawo ograniczy\u0107 korzystanie z <b>Aunio<\/b> przez U\u017cytkownika bez \u017cadnej rekompensaty.<\/li>\n \t<li>W przypadku, gdy Podmiot praw autorskich zostanie poci\u0105gni\u0119ty do odpowiedzialno\u015bci lub zostanie ukarany z powodu naruszenia przez U\u017cytkownika praw i\/lub interes\u00f3w os\u00f3b trzecich, jak r\u00f3wnie\u017c naruszenia restrykcji lub ogranicze\u0144 ustanowionych przez prawo, taki U\u017cytkownik musi zwr\u00f3ci\u0107 wszystkie szkody poniesione przez Podmiot praw autorskich.<\/li>\n \t<li>W \u017bADNYM WYPADKU LICENCJODAWCA NIE PONOSI ODPOWIEDZIALNO\u015aCI ZA JAKIEKOLWIEK SZCZEG\u00d3LNE, PRZYPADKOWE, PO\u015aREDNIE, USTAWOWE, PRZYK\u0141ADOWE, KARNE LUB WT\u00d3RNE SZKODY, JAKIEGOKOLWIEK RODZAJU, LUB ZA JAKIEKOLWIEK UTRACONE ZYSKI, DZIA\u0141ALNO\u015a\u0106 LUB PRZYCHODY, UTRAT\u0118 MO\u017bLIWO\u015aCI KORZYSTANIA LUB WARTO\u015aCI FIRMY, LUB INNE UTRACONE KORZY\u015aCI EKONOMICZNE, WYNIKAJ\u0104CE Z LUB ZWI\u0104ZANE Z UMOW\u0104 LUB JEJ NARUSZENIEM, NIEZALE\u017bNIE OD TEGO, CZY TAKIE ROSZCZENIA S\u0104 OPARTE NA NARUSZENIU UMOWY, \u015aCIS\u0141EJ ODPOWIEDZIALNO\u015aCI, CZYNIE NIEDOZWOLONYM, JAKIMKOLWIEK FEDERALNYM LUB STANOWYM ROSZCZENIU USTAWOWYM LUB JAKIEJKOLWIEK INNEJ TEORII PRAWNEJ I NAWET JE\u015aLI LICENCJODAWCA WIEDZIA\u0141, POWINIEN BY\u0141 WIEDZIE\u0106 LUB ZOSTA\u0141 POINFORMOWANY O MO\u017bLIWO\u015aCI WYST\u0104PIENIA TAKICH SZK\u00d3D.<\/li>\n \t<li>\u0141\u0105czna odpowiedzialno\u015b\u0107 Podmiotu praw na mocy Umowy jest w ka\u017cdym przypadku ograniczona udokumentowan\u0105 szkod\u0105 poniesion\u0105 przez U\u017cytkownika w kwocie, kt\u00f3ra nie mo\u017ce przekroczy\u0107 20 EUR, a Podmiot praw ponosi odpowiedzialno\u015b\u0107 z zastrze\u017ceniem jego winy w spowodowaniu takiej szkody.<\/li>\n \t<li>W przypadku jakiegokolwiek roszczenia strony trzeciej, \u017ce <b>Aunio<\/b> lub posiadanie i korzystanie przez U\u017cytkownika z <b>Aunio<\/b> narusza prawa w\u0142asno\u015bci intelektualnej tej osoby trzeciej, Posiadacz praw, a nie App Store, b\u0119dzie ponosi\u0142 wy\u0142\u0105czn\u0105 odpowiedzialno\u015b\u0107 za dochodzenie, obron\u0119, rozstrzygni\u0119cie i zaspokojenie wszelkich takich roszcze\u0144 z tytu\u0142u naruszenia praw w\u0142asno\u015bci intelektualnej. <b>Aunio<\/b> lub posiadanie i\/lub korzystanie z niego przez U\u017cytkownika <b>Aunio<\/b>, w tym mi\u0119dzy innymi: (i) roszcze\u0144 z tytu\u0142u odpowiedzialno\u015bci za produkt; (ii) wszelkich roszcze\u0144, \u017ce <b>Aunio<\/b> (iii) roszcze\u0144 wynikaj\u0105cych z przepis\u00f3w dotycz\u0105cych ochrony konsument\u00f3w, prywatno\u015bci lub podobnych przepis\u00f3w. Postanowienia niniejszego ust\u0119pu w \u017cadnym wypadku nie mog\u0105 by\u0107 uznawane za uszczerbek dla postanowie\u0144 innych ust\u0119p\u00f3w niniejszej Umowy i w \u017cadnym wypadku nie b\u0119d\u0105 rozumiane jako przewiduj\u0105ce odpowiedzialno\u015b\u0107 Posiadacza praw za jakiekolwiek dzia\u0142ania U\u017cytkownika stanowi\u0105ce naruszenie praw os\u00f3b trzecich, w tym dzia\u0142ania U\u017cytkownika wykonywane z wykorzystaniem niniejszej Umowy. <b>Aunio<\/b>; Postanowienia niniejszego ust\u0119pu nie eliminuj\u0105 ani nie zmniejszaj\u0105 odpowiedzialno\u015bci U\u017cytkownika za jakiekolwiek naruszenia pope\u0142nione przez U\u017cytkownika.<\/li>\n \t<li>Niekt\u00f3re jurysdykcje nie zezwalaj\u0105 na wy\u0142\u0105czenie niekt\u00f3rych rodzaj\u00f3w gwarancji\/zobowi\u0105za\u0144 lub ograniczenia obowi\u0105zuj\u0105cych ustawowych praw konsumenta, w zwi\u0105zku z czym niekt\u00f3re lub wszystkie z powy\u017cszych wy\u0142\u0105cze\u0144 i ogranicze\u0144 mog\u0105 nie mie\u0107 zastosowania do U\u017cytkownika. Niniejsza Umowa nie mo\u017ce ogranicza\u0107 odpowiedzialno\u015bci Posiadacza praw wobec U\u017cytkownika poza zakres dozwolony przez obowi\u0105zuj\u0105ce prawo. Jednak w takim przypadku wy\u0142\u0105czenia i ograniczenia okre\u015blone w niniejszej Sekcji b\u0119d\u0105 stosowane w najszerszym zakresie mo\u017cliwym do wyegzekwowania na mocy obowi\u0105zuj\u0105cego prawa. W zakresie, w jakim zgodnie z prawem istnieje jakakolwiek gwarancja i\/lub odpowiedzialno\u015b\u0107, kt\u00f3rej nie mo\u017cna si\u0119 zrzec, wy\u0142\u0105czn\u0105 odpowiedzialno\u015b\u0107 za tak\u0105 gwarancj\u0119 i\/lub odpowiedzialno\u015b\u0107 ponosi Posiadacz praw, a nie App Store.<\/li>\n<\/ol>\n<\/li>\n \t<li>\n<h2>Aktualizacje\/nowe wersje<\/h2>\n<ol>\n \t<li>The <b>Aunio<\/b> mo\u017ce od czasu do czasu automatycznie pobiera\u0107 i instalowa\u0107 aktualizacje, kt\u00f3re maj\u0105 na celu ulepszenie aplikacji mobilnej i mog\u0105 mie\u0107 posta\u0107 poprawek, dodatkowych modu\u0142\u00f3w lub zupe\u0142nie nowych wersji aplikacji mobilnej. U\u017cytkownik niniejszym przyjmuje do wiadomo\u015bci i wyra\u017ca zgod\u0119 na takie automatyczne aktualizacje aplikacji mobilnej. <b>Aunio<\/b> w tym \u017c\u0105danie, pobieranie i instalowanie aktualizacji na Urz\u0105dzeniu U\u017cytkownika bez \u017cadnych dalszych powiadomie\u0144.<\/li>\n \t<li>Niniejsza Licencja reguluje wszystkie dalsze aktualizacje\/nowe wersje <b>Aunio<\/b>. Instalacja aktualizacji\/nowej wersji oprogramowania <b>Aunio<\/b> uznaje si\u0119 za akceptacj\u0119 przez U\u017cytkownika niniejszej Licencji w odniesieniu do odpowiednich aktualizacji\/nowych wersji <b>Aunio<\/b> chyba \u017ce takiej instalacji towarzyszy inna umowa licencyjna.<\/li>\n<\/ol>\n<\/li>\n \t<li>\n<h2>Postanowienia ko\u0144cowe<\/h2>\n<ol>\n \t<li>Przetwarzanie informacji dostarczonych przez U\u017cytkownika o sobie lub o osobach trzecich w ramach korzystania z Serwisu <b>Aunio<\/b> jak r\u00f3wnie\u017c informacje, kt\u00f3re s\u0105 otrzymywane w ramach takiego u\u017cytkowania w spos\u00f3b zautomatyzowany, s\u0105 dokonywane przez Posiadacza praw zgodnie z instrukcjami Sprzedawcy zgodnie z Polityk\u0105 prywatno\u015bci opublikowan\u0105 lub dost\u0119pn\u0105 pod adresem: <a href=\"https:\/\/www.alteg.io\/en\/info\/privacy\" target=\"_blank\" rel=\"nofollow noreferrer noopener\">www.alteg.io\/en\/info\/privacy<\/a>.<\/li>\n \t<li>W przypadku, gdy obowi\u0105zuj\u0105ce prawo i\/lub umowy Posiadacza praw ze Sklepami z aplikacjami okre\u015blaj\u0105 inne obowi\u0105zkowe zasady, kt\u00f3re nie mog\u0105 zosta\u0107 zmienione przez niniejsz\u0105 Umow\u0119 lub z kt\u00f3rymi niniejsza Umowa musi by\u0107 zgodna, stosunki Stron b\u0119d\u0105 regulowane przez takie obowi\u0105zkowe zasady, a niniejsza Umowa b\u0119dzie mia\u0142a zastosowanie w zakresie, w jakim jest zgodna z takimi zasadami.<\/li>\n \t<li>The <b>Aunio<\/b> mo\u017ce zawiera\u0107 oprogramowanie os\u00f3b trzecich, kt\u00f3re b\u0119dzie licencjonowane u\u017cytkownikowi albo na warunkach niniejszej Umowy, albo, je\u015bli zosta\u0142o to okre\u015blone w dokumentacji, plikach readme lub w inny spos\u00f3b na pi\u015bmie, na odr\u0119bnych warunkach licencyjnych (\u201cOdr\u0119bne Warunki\u201d), a nie na warunkach niniejszej umowy (\u201cOdr\u0119bnie Licencjonowane Oprogramowanie Os\u00f3b Trzecich\u201d). Prawa U\u017cytkownika do korzystania z takiego Oddzielnie Licencjonowanego Oprogramowania Os\u00f3b Trzecich na podstawie Oddzielnych Warunk\u00f3w nie s\u0105 w \u017caden spos\u00f3b ograniczane ani modyfikowane przez niniejsz\u0105 Umow\u0119.<\/li>\n \t<li>Niniejsza Umowa, procedura jej zawierania i wykonywania, a tak\u017ce wszelkie kwestie w niej nieuregulowane podlegaj\u0105 prawu w\u0142a\u015bciwemu dla siedziby Posiadacza praw. Korzystanie przez U\u017cytkownika z <b>Aunio<\/b> mo\u017ce r\u00f3wnie\u017c podlega\u0107 innym przepisom prawa lokalnego, stanowego, krajowego lub mi\u0119dzynarodowego.<\/li>\n \t<li>Wszelkie spory wynikaj\u0105ce z Umowy lub z ni\u0105 zwi\u0105zane podlegaj\u0105 rozstrzygni\u0119ciu w s\u0105dzie w\u0142a\u015bciwym dla siedziby Posiadacza praw zgodnie z prawem procesowym stosowanym przez taki s\u0105d.<\/li>\n \t<li>Niniejsza Umowa mo\u017ce zosta\u0107 zmieniona lub rozwi\u0105zana przez Posiadacza Praw jednostronnie i bez uprzedniego powiadomienia U\u017cytkownika oraz bez konieczno\u015bci zap\u0142aty jakiegokolwiek odszkodowania z tego tytu\u0142u. Niniejsza Umowa zostanie rozwi\u0105zana w trybie natychmiastowym, bez wcze\u015bniejszego powiadomienia ze strony Posiadacza praw, w przypadku, gdy U\u017cytkownik nie zastosuje si\u0119 do kt\u00f3regokolwiek z postanowie\u0144 niniejszej Umowy. U\u017cytkownicy mog\u0105 r\u00f3wnie\u017c rozwi\u0105za\u0107 niniejsz\u0105 Umow\u0119 poprzez usuni\u0119cie <b>Aunio<\/b> i wszystkie ich kopie z Urz\u0105dzenia.<\/li>\n \t<li>Posiadacz praw i U\u017cytkownik przyjmuj\u0105 do wiadomo\u015bci i zgadzaj\u0105 si\u0119, \u017ce App Store i jego sp\u00f3\u0142ki zale\u017cne s\u0105 beneficjentami niniejszej Umowy b\u0119d\u0105cymi osobami trzecimi. Po zaakceptowaniu przez U\u017cytkownika warunk\u00f3w niniejszej Umowy, App Store b\u0119dzie mia\u0142 prawo (i uznaje si\u0119, \u017ce zaakceptowa\u0142 prawo) do egzekwowania niniejszej Umowy wobec U\u017cytkownika jako beneficjenta b\u0119d\u0105cego osob\u0105 trzeci\u0105.<\/li>\n<\/ol>\n<\/li>\n \t<li>\n<h2>Dane posiadacza praw:<\/h2>\n<ol>\n \t<li style=\"list-style-type: none;\">\n<ol>\n \t<li>oznacza Altegio Limited, sp\u00f3\u0142k\u0119 zarejestrowan\u0105\nzgodnie z prawem Republiki Cypryjskiej, numer rejestracyjny:\nHE 434056, adres: Ioanni Stylianou, 6, 2nd floor, Flat|Office 202, 2003, Nikozja, Cypr.\n<ol>\n \t<li>tel: <a href=\"tel:+35722030868\">+35722030868<\/a>.<\/li>\n \t<li>e-mail: <a href=\"mailto:support@alteg.io\">support@alteg.io<\/a>.<\/li>\n<\/ol>\n<\/li>\n<\/ol>\n<\/li>\n<\/ol>\n<\/li>\n<\/ol>\n<\/div>\n<div><\/div>\n&nbsp;\n\n<\/section>Wersja z 14 grudnia 2023 r.<\/li>\n<\/ol>\t\t\t\t\t\t\t\t<\/div>\n\t\t\t\t\t<\/div>\n\t\t\t\t<\/div>\n\t\t\t\t<\/div>","protected":false},"excerpt":{"rendered":"","protected":false},"author":3,"featured_media":0,"parent":0,"menu_order":0,"comment_status":"closed","ping_status":"closed","template":"","meta":{"_monsterinsights_skip_tracking":false,"_monsterinsights_sitenote_active":false,"_monsterinsights_sitenote_note":"","_monsterinsights_sitenote_category":0,"footnotes":""},"class_list":["post-8844","page","type-page","status-publish","hentry"],"aioseo_notices":[],"_links":{"self":[{"href":"https:\/\/alteg.io\/pl\/wp-json\/wp\/v2\/pages\/8844","targetHints":{"allow":["GET"]}}],"collection":[{"href":"https:\/\/alteg.io\/pl\/wp-json\/wp\/v2\/pages"}],"about":[{"href":"https:\/\/alteg.io\/pl\/wp-json\/wp\/v2\/types\/page"}],"author":[{"embeddable":true,"href":"https:\/\/alteg.io\/pl\/wp-json\/wp\/v2\/users\/3"}],"replies":[{"embeddable":true,"href":"https:\/\/alteg.io\/pl\/wp-json\/wp\/v2\/comments?post=8844"}],"version-history":[{"count":4,"href":"https:\/\/alteg.io\/pl\/wp-json\/wp\/v2\/pages\/8844\/revisions"}],"predecessor-version":[{"id":19369,"href":"https:\/\/alteg.io\/pl\/wp-json\/wp\/v2\/pages\/8844\/revisions\/19369"}],"wp:attachment":[{"href":"https:\/\/alteg.io\/pl\/wp-json\/wp\/v2\/media?parent=8844"}],"curies":[{"name":"wp","href":"https:\/\/api.w.org\/{rel}","templated":true}]}}