{"id":8538,"date":"2024-11-07T13:38:47","date_gmt":"2024-11-07T13:38:47","guid":{"rendered":"https:\/\/alteg.io\/?page_id=8538"},"modified":"2026-01-20T10:23:47","modified_gmt":"2026-01-20T10:23:47","slug":"services","status":"publish","type":"page","link":"https:\/\/alteg.io\/pl\/info\/services\/","title":{"rendered":"Altegio - Internetowe i zautomatyzowane us\u0142ugi. W ten spos\u00f3b mo\u017cna uzyska\u0107 dost\u0119p do wielu r\u00f3\u017cnych informacji."},"content":{"rendered":"<div data-elementor-type=\"wp-page\" data-elementor-id=\"8538\" class=\"elementor elementor-8538\" data-elementor-post-type=\"page\">\n\t\t\t\t<div class=\"elementor-element elementor-element-e72e176 e-flex e-con-boxed e-con e-parent\" data-id=\"e72e176\" data-element_type=\"container\" data-e-type=\"container\">\n\t\t\t\t\t<div class=\"e-con-inner\">\n\t\t\t\t<div class=\"elementor-element elementor-element-04265be elementor-widget elementor-widget-shortcode\" data-id=\"04265be\" data-element_type=\"widget\" data-e-type=\"widget\" data-widget_type=\"shortcode.default\">\n\t\t\t\t\t\t\t<div class=\"elementor-shortcode\"><div class=\"aioseo-breadcrumbs\"><span class=\"aioseo-breadcrumb\">\n\t<a href=\"https:\/\/alteg.io\/pl\/\" title=\"Strona g\u0142\u00f3wna\">Strona g\u0142\u00f3wna<\/a>\n<\/span><span class=\"aioseo-breadcrumb-separator\">&gt;<\/span><span class=\"aioseo-breadcrumb\">\n\t<a href=\"https:\/\/alteg.io\/pl\/?page_id=1114\" title=\"Info\">Info<\/a>\n<\/span><span class=\"aioseo-breadcrumb-separator\">&gt;<\/span><span class=\"aioseo-breadcrumb\">\n\tAltegio - Internetowe i zautomatyzowane us\u0142ugi. W ten spos\u00f3b mo\u017cna uzyska\u0107 dost\u0119p do wielu r\u00f3\u017cnych informacji.\n<\/span><\/div><\/div>\n\t\t\t\t\t\t<\/div>\n\t\t\t\t<div class=\"elementor-element elementor-element-ce59e98 elementor-widget elementor-widget-text-editor\" data-id=\"ce59e98\" data-element_type=\"widget\" data-e-type=\"widget\" data-widget_type=\"text-editor.default\">\n\t\t\t\t\t\t\t\t\t<section>\n<div>\n\n<b>Altegio Europe Kft<\/b>, sp\u00f3\u0142ka utworzona i zarejestrowana na W\u0119grzech, nr rejestracyjny: 01 09 302414; data rejestracji: 17\/08\/2017, adres: 1054 Budapest, Sz\u00e9chenyi Istv\u00e1n t\u00e9r 7 (zwana dalej \u201cWykonawc\u0105\u201d), z jednej strony, oferuje (oferta publiczna) nieograniczonej liczbie os\u00f3b fizycznych i\/lub prawnych (zwanych dalej \"Klientem\"), z drugiej strony, zwanych dalej \u0142\u0105cznie \"Stronami\", a ka\u017cda z osobna jako Strona, zawar\u0142y umow\u0119 publiczn\u0105 na \u015bwiadczenie us\u0142ug (zwan\u0105 dalej \"Ofert\u0105\").\n\nAz El\u0151fizet\u0151 kijelenti, hogy a Szolg\u00e1ltat\u00e1st a saj\u00e1t \u00f6n\u00e1ll\u00f3 \u00fczleti tev\u00e9kenys\u00e9ge \u00e9rdek\u00e9ben ig\u00e9nybe vev\u0151 v\u00e1llalkoz\u00e1s.\n\n<\/div>\n<\/section><section>\n<div>\n<ol>\n \t<li>\n<h2>Definicje termin\u00f3w i postanowienia og\u00f3lne<\/h2>\n<div>\n<div>\n\nUs\u0142ugi to us\u0142ugi \u015bwiadczone przez Wykonawc\u0119 w spos\u00f3b i na warunkach okre\u015blonych w niniejszej Ofercie.\n\n<\/div>\n<div>\n\nStrona internetowa Wykonawcy oznacza stron\u0119 internetow\u0105 w sieci Internet pod adresem: <a href=\"https:\/\/alteg.io\/en\/\" target=\"_blank\" rel=\"nofollow noreferrer noopener\">alteg.io<\/a>, kt\u00f3ry jest oficjalnym \u017ar\u00f3d\u0142em informacji dla Klient\u00f3w o Kontrahencie i \u015bwiadczonych przez niego us\u0142ugach.\n\n<\/div>\n<div>\n\nOferta - tre\u015b\u0107 niniejszego dokumentu okre\u015blona na Stronie Internetowej i dost\u0119pna pod adresem: <a href=\"https:\/\/alteg.io\/hu\/info\/services\" target=\"_blank\" rel=\"nofollow noreferrer noopener\">alteg.io\/hu\/info\/services<\/a>, wraz ze wszystkimi za\u0142\u0105cznikami, zmianami i uzupe\u0142nieniami do niej.\n\n<\/div>\n<div>\n\nAkceptacja oznacza pe\u0142ne, bezwarunkowe przyj\u0119cie przez Klienta warunk\u00f3w, w tym w formie, w jakiej zosta\u0142y one okre\u015blone w tek\u015bcie niniejszej Oferty.\n\n<\/div>\n<div>Klient oznacza osob\u0119 fizyczn\u0105 lub prawn\u0105, kt\u00f3ra zaakceptowa\u0142a niniejsz\u0105 Ofert\u0119.<\/div>\n<\/div><\/li>\n \t<li>\n<h2>Przedmiot umowy i warunki \u015bwiadczenia us\u0142ug<\/h2>\n<div>\n\nW spos\u00f3b i na warunkach okre\u015blonych w niniejszej Ofercie, Wykonawca zobowi\u0105zuje si\u0119 do \u015bwiadczenia Us\u0142ug na rzecz Klienta, a Klient zobowi\u0105zuje si\u0119 do przyj\u0119cia i zap\u0142aty za Us\u0142ugi w spos\u00f3b i na warunkach okre\u015blonych w niniejszej Ofercie oraz na Fakturze lub Umowie Przyst\u0105pienia, w kt\u00f3rej Strony dodatkowo uzgodni\u0105 zakres, tryb i warunki \u015bwiadczenia Us\u0142ug (je\u015bli dotyczy).\n\n<\/div>\n<div>\n\nKlient samodzielnie wybiera form\u0119 \u015bwiadczenia us\u0142ug. Akceptacja niniejszej Oferty polega na podpisaniu Umowy Przyst\u0105pienia przez obie strony lub na op\u0142aceniu przez Klienta Faktury za Us\u0142ugi Wykonawcy i oznacza pe\u0142n\u0105 i bezwarunkow\u0105 akceptacj\u0119 przez Klienta warunk\u00f3w niniejszej Oferty i jest r\u00f3wnoznaczna z w\u0142asnor\u0119cznym podpisem Klienta pod niniejsz\u0105 Ofert\u0105.\n\n<\/div>\n<div>\n\nWyra\u017caj\u0105c zgod\u0119 na warunki Oferty, Klient potwierdza swoj\u0105 zdolno\u015b\u0107 prawn\u0105 i zdolno\u015b\u0107 do czynno\u015bci prawnych, a tak\u017ce zdaje sobie spraw\u0119 z odpowiedzialno\u015bci za zobowi\u0105zania na\u0142o\u017cone na niego w wyniku niniejszej Oferty.\n\n<\/div>\n<div>\n\nUs\u0142ugi \u015bwiadczone s\u0105 w formie zdalnej przy u\u017cyciu oprogramowania Altegio, w ilo\u015bci i terminach uzgodnionych przez Strony.\n\n<\/div>\n<div>Us\u0142ug\u0119 uwa\u017ca si\u0119 za wykonan\u0105 od dnia wykonania przez Wykonawc\u0119 wszystkich czynno\u015bci przewidzianych w Umowie przyst\u0105pienia, o czym Wykonawca powiadamia Klienta wysy\u0142aj\u0105c powiadomienie o \u015bwiadczeniu us\u0142ug na adres e-mail Klienta.<\/div><\/li>\n \t<li>\n<h2>Prawa i obowi\u0105zki stron<\/h2>\n<div>\n\nWykonawca zobowi\u0105zuje si\u0119:\n\n<\/div>\n<ol>\n \t<li style=\"list-style-type: none;\">\n<ol>\n \t<li style=\"list-style-type: none;\">\n<ol>\n \t<li>\u015bwiadczenia terminowych, prawid\u0142owych i kompletnych us\u0142ug na rzecz Klienta zgodnie z niniejsz\u0105 Ofert\u0105.<\/li>\n \t<li>przyj\u0119cia od Klienta i nale\u017cytego przechowywania dokument\u00f3w przekazanych w zwi\u0105zku z wykonywaniem zobowi\u0105za\u0144 wynikaj\u0105cych z niniejszej Oferty oraz ich niezw\u0142ocznego zwrotu po wyga\u015bni\u0119ciu lub przedterminowym rozwi\u0105zaniu Oferty.nieujawniania informacji poufnych i\/lub tajemnic handlowych Stron, kt\u00f3re sta\u0142y si\u0119 im znane, zar\u00f3wno w okresie obowi\u0105zywania Oferty, jak i w okresie 5 (pi\u0119ciu) lat od dnia rozwi\u0105zania Oferty.<\/li>\n<\/ol>\n<\/li>\n<\/ol>\n<\/li>\n<\/ol>\n<div>\n\nWykonawca ma prawo:\n\n<\/div>\n<ol>\n \t<li style=\"list-style-type: none;\">\n<ol>\n \t<li style=\"list-style-type: none;\">\n<ol>\n \t<li>Uzyskania dost\u0119pu do informacji, w tym poufnych, i dokument\u00f3w Klienta w zakresie niezb\u0119dnym do wykonania zobowi\u0105za\u0144 Wykonawcy wynikaj\u0105cych z niniejszej Oferty.<\/li>\n \t<li>powierzy\u0107 wykonanie umowy o \u015bwiadczenie us\u0142ug innej osobie, w celu terminowego i jako\u015bciowego wykonania zobowi\u0105za\u0144 wynikaj\u0105cych z niniejszej Oferty.<\/li>\n \t<li>w przypadku zmian w uzgodnionej li\u015bcie us\u0142ug w kierunku jej zwi\u0119kszenia lub skomplikowania, za\u017c\u0105da\u0107 proporcjonalnego wzrostu koszt\u00f3w us\u0142ug, a Klient musi za nie zap\u0142aci\u0107.<\/li>\n<\/ol>\n<\/li>\n<\/ol>\n<\/li>\n<\/ol>\n<div>\n\nKlient zobowi\u0105zuje si\u0119:\n\n<\/div>\n<ol>\n \t<li style=\"list-style-type: none;\">\n<ol>\n \t<li style=\"list-style-type: none;\">\n<ol>\n \t<li>Podania prawdziwych, kompletnych i dok\u0142adnych informacji o sobie w celu \u015bwiadczenia us\u0142ug informacyjnych i doradczych przez Wykonawc\u0119. Je\u015bli informacje zawarte w kwestionariuszu online oka\u017c\u0105 si\u0119 nieprawid\u0142owe, Wykonawca nie ponosi odpowiedzialno\u015bci za niemo\u017cno\u015b\u0107 nawi\u0105zania kontaktu z Klientem i \u015bwiadczenia us\u0142ug w ramach niniejszej Oferty.<\/li>\n \t<li>W okresie obowi\u0105zywania niniejszej Oferty, na \u017c\u0105danie Zleceniobiorcy, terminowo przekazywa\u0107 Zleceniobiorcy pe\u0142ne i wyczerpuj\u0105ce informacje, a tak\u017ce zapewni\u0107 Zleceniobiorcy dost\u0119p do dokument\u00f3w Zleceniodawcy w zakresie niezb\u0119dnym do wype\u0142nienia zobowi\u0105za\u0144 Zleceniobiorcy wynikaj\u0105cych z niniejszej Oferty.<\/li>\n \t<li>do zap\u0142aty za us\u0142ugi Wykonawcy w ca\u0142o\u015bci i terminowo, zgodnie z procedur\u0105 i na warunkach okre\u015blonych w niniejszej Ofercie.<\/li>\n \t<li>terminowo i w ca\u0142o\u015bci uiszcza\u0107 podatki, c\u0142a, op\u0142aty i wszelkie inne p\u0142atno\u015bci, kt\u00f3re s\u0105 niezb\u0119dne do nale\u017cytego wykonania niniejszej umowy.<\/li>\n \t<li>nieujawniania informacji poufnych i\/lub tajemnic handlowych Stron, kt\u00f3re sta\u0142y si\u0119 im znane, zar\u00f3wno w okresie obowi\u0105zywania Oferty, jak i w ci\u0105gu 5 (pi\u0119ciu) lat od daty zako\u0144czenia Oferty.<\/li>\n \t<li>Zap\u0142aci\u0107 za us\u0142ugi Wykonawcy w spos\u00f3b przewidziany w Sekcji 4 niniejszej Oferty.<\/li>\n \t<li>Klient zobowi\u0105zuje si\u0119 nie powiela\u0107, nie powtarza\u0107, nie kopiowa\u0107 ani nie sprzedawa\u0107, jak r\u00f3wnie\u017c nie wykorzystywa\u0107 do \u017cadnych cel\u00f3w informacji i materia\u0142\u00f3w, kt\u00f3re zosta\u0142y mu udost\u0119pnione w zwi\u0105zku ze \u015bwiadczeniem Us\u0142ug, z wyj\u0105tkiem u\u017cytku osobistego bezpo\u015brednio przez Klienta bez udost\u0119pniania ich w jakiejkolwiek formie osobom trzecim.<\/li>\n<\/ol>\n<\/li>\n<\/ol>\n<\/li>\n<\/ol>\n<div>\n\nWykonawca ma prawo:\n\n<\/div>\n<ol>\n \t<li style=\"list-style-type: none;\">\n<ol>\n \t<li>Aby otrzymywa\u0107 us\u0142ugi o odpowiedniej jako\u015bci zgodnie z niniejsz\u0105 ofert\u0105.<\/li>\n \t<li>W ka\u017cdej chwili zapozna\u0107 si\u0119 z us\u0142ugami i promocjami na stronie internetowej Wykonawcy.<\/li>\n \t<li>Wykorzystywa\u0107 wyniki us\u0142ug w swojej dzia\u0142alno\u015bci gospodarczej bez \u017cadnych ogranicze\u0144.<\/li>\n<\/ol>\n<\/li>\n<\/ol>\n<\/li>\n \t<li>\n<h2>Wynagrodzenie Wykonawcy i procedura jego wyp\u0142aty<\/h2>\n<div>\n\nKlient zap\u0142aci Wykonawcy wynagrodzenie za \u015bwiadczenie Us\u0142ug na podstawie niniejszej Oferty.\n\n<\/div>\n<div>\n\nWysoko\u015b\u0107 wynagrodzenia Wykonawcy uzale\u017cniona jest od tre\u015bci i zakresu Us\u0142ug \u015bwiadczonych na podstawie niniejszej Oferty i uzgodnionych przez Strony w Umowie Przyst\u0105pienia.\n\n<\/div>\n<div>\n\nCa\u0142kowity koszt Us\u0142ug w ramach niniejszej Oferty to ca\u0142kowity koszt wszystkich Us\u0142ug, kt\u00f3re maj\u0105 by\u0107 \u015bwiadczone przez Wykonawc\u0119 w ramach niniejszej Oferty.\n\n<\/div>\n<div>O ile Strony nie uzgodni\u0142y inaczej w Umowie przyst\u0105pienia, Klient p\u0142aci za us\u0142ugi Wykonawcy na warunkach pe\u0142nej p\u0142atno\u015bci z g\u00f3ry w kwocie okre\u015blonej na Fakturze. Wynagrodzenie Wykonawcy nie obejmuje podatk\u00f3w i op\u0142at, kt\u00f3re Klient musi zap\u0142aci\u0107 i\/lub ui\u015bci\u0107 samodzielnie zgodnie z prawem obowi\u0105zuj\u0105cym w miejscu siedziby Klienta i nie podlega potr\u0105ceniu przez Klienta z kwoty p\u0142atno\u015bci.<\/div>\n<div>\n\nP\u0142atno\u015b\u0107 za Us\u0142ugi b\u0119dzie dokonywana przelewem bezgot\u00f3wkowym przez Klienta na rachunek bie\u017c\u0105cy Wykonawcy. Momentem zap\u0142aty za us\u0142ugi przez Klienta jest data wp\u0142ywu \u015brodk\u00f3w na rachunek Wykonawcy.\n\n<\/div>\n<div>W przypadku wcze\u015bniejszego rozwi\u0105zania Umowy, Wykonawca zwr\u00f3ci \u015brodki w terminie 14 dni, na podstawie wniosku z\u0142o\u017conego na adres e-mail: <a href=\"mailto:finance@alteg.io\">finance@alteg.io<\/a>, pomniejszona o koszt us\u0142ug \u015bwiadczonych przez Wykonawc\u0119.<\/div><\/li>\n \t<li>\n<h2>Zakres i akceptacja us\u0142ug<\/h2>\n<div>\n\nW przypadku, gdy ilo\u015b\u0107 wykonanych us\u0142ug przekroczy termin przewidziany przez Strony i\/lub wykroczy poza zakres us\u0142ug uzgodniony przez Strony, ostateczny (ko\u0144cowy) koszt faktycznie wykonanej ilo\u015bci us\u0142ug zostanie uzgodniony przez Strony dodatkowo w spos\u00f3b przewidziany w Ofercie.\n\n<\/div>\n<div>Po zako\u0144czeniu prac lub us\u0142ug Klient zostanie odpowiednio powiadomiony. W przypadku wyst\u0105pienia jakichkolwiek wad w wykonanej pracy i \u015bwiadczonych us\u0142ugach, nale\u017cy je zg\u0142osi\u0107 Wykonawcy w ci\u0105gu 24 (dwudziestu czterech) godzin od zako\u0144czenia pracy i \u015bwiadczenia us\u0142ug. W przypadku braku uwag w terminach okre\u015blonych w niniejszej klauzuli, prace i us\u0142ugi uznaje si\u0119 za zaakceptowane przez Klienta. W przypadku uwag do wykonanej pracy lub \u015bwiadczonych us\u0142ug Wykonawca usunie uwagi w zakresie Us\u0142ug pierwotnie uzgodnionych przez Strony.<\/div><\/li>\n \t<li>\n<h2>Prywatno\u015b\u0107<\/h2>\n<div>\n\nDla cel\u00f3w niniejszej Oferty termin \u201cInformacje Poufne\u201d oznacza:\n\n<\/div>\n<ol>\n \t<li style=\"list-style-type: none;\">\n<ol>\n \t<li style=\"list-style-type: none;\">\n<ol>\n \t<li>wszelkie oficjalne, niepubliczne i jawne informacje, w tym tajemnice handlowe, dane finansowe, informacje biznesowe, techniczne, operacyjne i inne, dane osobowe, informacje technologiczne, dane, do\u015bwiadczenie i wiedza jakiegokolwiek rodzaju i w jakiejkolwiek formie, bezpo\u015brednio lub po\u015brednio zwi\u0105zane ze Stronami niniejszej Oferty, dane o dostawcach i warunkach transakcji z nimi, plany finansowe Stron oraz sprawozdania z dotychczasowej dzia\u0142alno\u015bci, o kt\u00f3rych Strony dowiedzia\u0142y si\u0119 w formie pisemnej, ustnej, elektronicznej lub innej w trakcie wsp\u00f3\u0142pracy;<\/li>\n \t<li>wszelkie informacje, kt\u00f3re s\u0105 w posiadaniu, u\u017cytkowaniu lub dyspozycji Stron i kt\u00f3re staj\u0105 si\u0119 znane Stronom w zwi\u0105zku ze wsp\u00f3\u0142prac\u0105 i og\u00f3lnymi stosunkami umownymi;<\/li>\n \t<li>wszelkie informacje, kt\u00f3re nie s\u0105 powszechnie znane lub publicznie dost\u0119pne i maj\u0105 rzeczywist\u0105 lub potencjaln\u0105 warto\u015b\u0107 dla Strony ze wzgl\u0119d\u00f3w komercyjnych, kt\u00f3rych ujawnienie mo\u017ce spowodowa\u0107 istotne szkody, a tak\u017ce podwa\u017cy\u0107 reputacj\u0119 biznesow\u0105 lub presti\u017c Strony lub jej pracownik\u00f3w;<\/li>\n \t<li>wszelkie dokumenty Strony (w tym w formie elektronicznej) oznaczone jako \u201cPoufne\u201d i\/lub \u201cDo u\u017cytku s\u0142u\u017cbowego\u201d.<\/li>\n<\/ol>\n<\/li>\n<\/ol>\n<\/li>\n<\/ol>\n<div>Strony wzajemnie zobowi\u0105zuj\u0105 si\u0119 do wykorzystania informacji poufnych przekazanych lub uzyskanych w trakcie obowi\u0105zywania niniejszej Oferty oraz w toku wsp\u00f3\u0142pracy Stron, wy\u0142\u0105cznie zgodnie z warunkami niniejszej Oferty oraz wy\u0142\u0105cznie w ilo\u015bci i w celu, w jakim informacje te zosta\u0142y przekazane.<\/div><\/li>\n \t<li>\n<h2>Ochrona danych osobowych<\/h2>\n<div>W ramach niniejszej Oferty Klient mo\u017ce przekazywa\u0107 Wykonawcy dane osobowe pracownik\u00f3w\/przedstawicieli\/klient\u00f3w.<\/div>\n<div>\n\nDane osobowe w ramach niniejszej Oferty b\u0119d\u0105 przekazywane w celu realizacji Oferty przez Wykonawc\u0119.\n\n<\/div>\n<div>Wykonawca ma prawo do przetwarzania danych osobowych w zakresie niezb\u0119dnym do \u015bwiadczenia Us\u0142ug w ramach niniejszej Oferty, wy\u0142\u0105cznie w celu realizacji niniejszej Oferty.<\/div>\n<div>\n\nAkceptuj\u0105c warunki niniejszej Oferty, Klient gwarantuje, \u017ce:\n\n<\/div>\n<ol>\n \t<li style=\"list-style-type: none;\">\n<ol>\n \t<li style=\"list-style-type: none;\">\n<ol>\n \t<li>Przetwarzaj\u0105c dane osobowe, Klient przestrzega wszystkich praw os\u00f3b, kt\u00f3rych dane dotycz\u0105, okre\u015blonych w og\u00f3lnym rozporz\u0105dzeniu o ochronie danych (RODO).<\/li>\n \t<li>dobrowolna zgoda osoby, kt\u00f3rej dane dotycz\u0105, na przetwarzanie jej danych osobowych przez Klienta.<\/li>\n<\/ol>\n<\/li>\n<\/ol>\n<\/li>\n<\/ol>\n<div>Podpisuj\u0105c niniejsz\u0105 Ofert\u0119, upowa\u017cnieni przedstawiciele Stron wyra\u017caj\u0105 zgod\u0119 na przetwarzanie ich danych osobowych w celu potwierdzenia uprawnienia podmiotu do zmiany i rozwi\u0105zania Oferty, zapewnienia realizacji stosunk\u00f3w administracyjno-prawnych, stosunk\u00f3w w ramach prowadzonej dzia\u0142alno\u015bci gospodarczej oraz innych stosunk\u00f3w przewidzianych prawem.<\/div><\/li>\n \t<li>\n<h2>Odpowiedzialno\u015b\u0107 stron<\/h2>\n<div>\n\nW przypadku naruszenia zobowi\u0105za\u0144 wynikaj\u0105cych z niniejszej Oferty, Strony ponosz\u0105 odpowiedzialno\u015b\u0107 zgodnie z niniejsz\u0105 Ofert\u0105 oraz obowi\u0105zuj\u0105cymi przepisami prawa. Naruszeniem zobowi\u0105zania jest jego niewykonanie lub nienale\u017cyte wykonanie.\n\n<\/div>\n<div>\n\nStrony nie ponosz\u0105 odpowiedzialno\u015bci za naruszenie swoich zobowi\u0105za\u0144 wynikaj\u0105cych z niniejszej Oferty, je\u017celi nie wynika ono z ich winy. Strona zostanie uznana za niewinn\u0105, je\u015bli udowodni, \u017ce podj\u0119\u0142a wszelkie dost\u0119pne jej \u015brodki w celu nale\u017cytego wykonania swojego zobowi\u0105zania.\n\n<\/div>\n<div>W przypadku niewykonania zobowi\u0105za\u0144 pieni\u0119\u017cnych wynikaj\u0105cych z Umowy, Klient b\u0119dzie zobowi\u0105zany do zwrotu Wykonawcy kwoty zad\u0142u\u017cenia, a tak\u017ce kary umownej w wysoko\u015bci 0,1% ca\u0142kowitego kosztu Us\u0142ug, okre\u015blonego na podstawie odpowiedniej faktury, za ka\u017cdy dzie\u0144 op\u00f3\u017anienia.<\/div>\n<div>\n\nW przypadku nieuregulowania przez Klienta p\u0142atno\u015bci w ramach niniejszej Oferty, Wykonawca zastrzega sobie prawo do zawieszenia \u015bwiadczenia Us\u0142ug w ramach niniejszej Oferty.\n\n<\/div>\n<div>\n\nWykonawca nie ponosi odpowiedzialno\u015bci za niewykonanie lub nienale\u017cyte wykonanie zobowi\u0105za\u0144 wynikaj\u0105cych z niniejszej Oferty, je\u017celi nast\u0105pi\u0142o ono w wyniku niewykonania lub nienale\u017cytego wykonania w\u0142asnych zobowi\u0105za\u0144 Klienta wynikaj\u0105cych z niniejszej Oferty.\n\n<\/div>\n<div>W przypadku ujawnienia Informacji Poufnych i naruszenia warunk\u00f3w niniejszej Oferty, Strona, kt\u00f3ra dopu\u015bci\u0142a do takiego ujawnienia b\u0119dzie zobowi\u0105zana do zrekompensowania drugiej Stronie udokumentowanych strat wynikaj\u0105cych z ujawnienia Informacji Poufnych i zwi\u0105zanych z niewykonaniem lub nienale\u017cytym wykonaniem warunk\u00f3w niniejszej Oferty, w tym szk\u00f3d w reputacji biznesowej.<\/div><\/li>\n \t<li>\n<h2>Si\u0142a wy\u017csza<\/h2>\n<div>\n\nStrony b\u0119d\u0105 zwolnione z odpowiedzialno\u015bci za ca\u0142kowite lub cz\u0119\u015bciowe niewykonanie swoich zobowi\u0105za\u0144 wynikaj\u0105cych z niniejszej Oferty, je\u017celi jest to spowodowane okoliczno\u015bciami si\u0142y wy\u017cszej (si\u0142a wy\u017csza), takimi jak: kl\u0119ski \u017cywio\u0142owe, po\u017cary, powodzie, trz\u0119sienia ziemi, wojna, blokada, okupacja, na\u0142o\u017cenie przepis\u00f3w dotycz\u0105cych kwarantanny, zaj\u0119cie dokument\u00f3w przez organy publiczne (przeszukanie, tymczasowy dost\u0119p do rzeczy i dokument\u00f3w, wnioski organ\u00f3w publicznych na podstawie obowi\u0105zuj\u0105cych przepis\u00f3w), rozporz\u0105dzenia lub przepisy wydane przez upowa\u017cnione organy rz\u0105dowe.\n\n<\/div>\n<div>W przypadku wyst\u0105pienia okoliczno\u015bci si\u0142y wy\u017cszej, termin wykonania zobowi\u0105za\u0144 zostanie przesuni\u0119ty o czas, w kt\u00f3rym takie okoliczno\u015bci b\u0119d\u0105 wyst\u0119powa\u0107. Je\u017celi okoliczno\u015bci te i ich skutki b\u0119d\u0105 trwa\u0142y d\u0142u\u017cej ni\u017c 3 (trzy) miesi\u0105ce, ka\u017cda ze Stron b\u0119dzie mia\u0142a prawo odm\u00f3wi\u0107 dalszego wykonywania zobowi\u0105za\u0144 wynikaj\u0105cych z Oferty.<\/div>\n<div>\n\nStrona, dla kt\u00f3rej wype\u0142nienie zobowi\u0105za\u0144 wynikaj\u0105cych z niniejszej Oferty jest niemo\u017cliwe z powodu okoliczno\u015bci si\u0142y wy\u017cszej, niezw\u0142ocznie powiadomi o tym drug\u0105 Stron\u0119.\n\n<\/div>\n<div>Strona, dla kt\u00f3rej niemo\u017cliwe jest wype\u0142nienie zobowi\u0105za\u0144 wynikaj\u0105cych z niniejszej Oferty z powodu wyst\u0105pienia si\u0142y wy\u017cszej, musi potwierdzi\u0107 istnienie i czas trwania si\u0142y wy\u017cszej za\u015bwiadczeniem uprawnionego organu lub informacj\u0105 za po\u015brednictwem medi\u00f3w.<\/div><\/li>\n \t<li>\n<h2>Komunikaty od stron<\/h2>\n<div>\n\nStrony uzgodni\u0142y, \u017ce komunikaty, wnioski, \u017c\u0105dania lub wszelka inna korespondencja (zwana dalej \u201cKomunikacj\u0105\u201d) w ramach niniejszej Oferty b\u0119dzie sporz\u0105dzana na pi\u015bmie lub przesy\u0142ana poczt\u0105 elektroniczn\u0105 do odpowiedniej Strony na adres e-mail.\n\n<\/div>\n<div>Zawiadomienie uznaje si\u0119 za nale\u017cycie wykonane i zgodne z warunkami niniejszej Oferty od momentu wys\u0142ania takiego zawiadomienia na adres e-mail podany w szczeg\u00f3\u0142ach.<\/div><\/li>\n \t<li>\n<h2>Okres wa\u017cno\u015bci wniosku<\/h2>\n<div>\n\nNiniejsza Oferta wchodzi w \u017cycie z chwil\u0105 jej zamieszczenia na stronie internetowej Wykonawcy i obowi\u0105zuje do czasu jej wycofania przez Wykonawc\u0119.\n\n<\/div>\n<div>Wykonawca ma prawo w ka\u017cdym czasie i wed\u0142ug w\u0142asnego uznania zmieni\u0107 warunki Oferty i\/lub wycofa\u0107 Ofert\u0119. W przypadku dokonania przez Wykonawc\u0119 zmian w Ofercie, zmiany te wchodz\u0105 w \u017cycie z dniem zamieszczenia zmienionego tekstu Oferty na stronie internetowej Wykonawcy, o ile inny termin wej\u015bcia w \u017cycie nie zosta\u0142 okre\u015blony bezpo\u015brednio w tek\u015bcie zmienionej Oferty.<\/div><\/li>\n \t<li>\n<h2>Postanowienia ko\u0144cowe<\/h2>\n<div>Strony ustali\u0142y, \u017ce wszelkie spory i roszczenia b\u0119d\u0105 rozstrzygane w drodze negocjacji.<\/div>\n<div>\n\nStrony uzgodni\u0142y, \u017ce za miejsce transakcji i miejsce \u015bwiadczenia us\u0142ug uznaje si\u0119 lokalizacj\u0119 Kontrahenta okre\u015blon\u0105 w punkcie 13 niniejszej Oferty.\n\n<\/div>\n<div>\n\nAkceptuj\u0105c niniejsz\u0105 Ofert\u0119, Klient wyra\u017ca zgod\u0119, aby wszelkie spory zwi\u0105zane z niniejsz\u0105 Ofert\u0105 podlega\u0142y prawu bez wzgl\u0119du na normy kolizyjne. Je\u015bli Strony nie dojd\u0105 do porozumienia w trakcie negocjacji i procedury reklamacyjnej, wszelkie spory, kontrowersje lub roszczenia, kt\u00f3re mog\u0105 wynikn\u0105\u0107 z lub w zwi\u0105zku z niniejsz\u0105 Ofert\u0105 lub jej wykonaniem, naruszeniem, rozwi\u0105zaniem lub niewa\u017cno\u015bci\u0105, b\u0119d\u0105 rozstrzygane przez Instytut Arbitra\u017cowy Sztokholmskiej Izby Handlowej (SCC).\n\n<\/div>\n<div>\n\nNag\u0142\u00f3wki u\u017cyte w artyku\u0142ach i klauzulach niniejszej Oferty zosta\u0142y u\u017cyte wy\u0142\u0105cznie w celu u\u0142atwienia komunikacji w tek\u015bcie. Nag\u0142\u00f3wki te nie mog\u0105 by\u0107 interpretowane jako definiuj\u0105ce, ograniczaj\u0105ce lub modyfikuj\u0105ce lub wp\u0142ywaj\u0105ce na znaczenie i tre\u015b\u0107 warunk\u00f3w niniejszej Oferty lub jakiejkolwiek jej cz\u0119\u015bci.\n\n<\/div>\n<div>Strony niniejszej Oferty uzgodni\u0142y, \u017ce je\u017celi cz\u0119\u015b\u0107 niniejszej Oferty zostanie uznana za niewa\u017cn\u0105 (niezgodn\u0105 z prawem), w\u00f3wczas sama Oferta, nawet bez uwzgl\u0119dnienia niewa\u017cnej (niezgodnej z prawem) cz\u0119\u015bci, zostanie uznana za zawart\u0105. W takim przypadku Strona niniejszej Oferty nie mo\u017ce twierdzi\u0107, \u017ce bez uwzgl\u0119dnienia niewa\u017cnej (niezgodnej z prawem) cz\u0119\u015bci nie przyst\u0105pi\u0142aby do Oferty.<\/div>\n<div>\n\nCa\u0142o\u015b\u0107 powy\u017cszego stanowi jednolity tekst Oferty i zast\u0119puje wszelkie wcze\u015bniejsze negocjacje, korespondencj\u0119, porozumienia, propozycje i o\u015bwiadczenia z\u0142o\u017cone ustnie lub pisemnie przez Strony dotycz\u0105ce przedmiotu Oferty.\n\n<\/div>\n<div>We wszystkich przypadkach nieobj\u0119tych niniejsz\u0105 ofert\u0105, Strony podlegaj\u0105 obowi\u0105zuj\u0105cemu prawu Anglii i Walii.<\/div><\/li>\n \t<li>\n<h2>Informacje o Wykonawcy<\/h2>\n<div><b>Altegio Europe KFT<\/b><\/div>\n<div>Nr rejestracyjny: 01 09 302414<\/div>\n<div>Data rejestracji: 17\/08\/2017<\/div>\n<div>Adres: W\u0119gry, 1054, Budapeszt, Sz\u00e9chenyi Istv\u00e1n t\u00e9r 7.<\/div>\n<div>Aktualna wersja Oferty od <a class=\"gfm\" href=\"\/en\/altegio\/promo.landing\/-\/blob\/master\/hu\/info\/service-agreement-28042022\/\">28 kwietnia 2022 r.<\/a><\/div><\/li>\n<\/ol>\n<\/div>\n<\/section>\t\t\t\t\t\t\t\t<\/div>\n\t\t\t\t\t<\/div>\n\t\t\t\t<\/div>\n\t\t\t\t<\/div>","protected":false},"excerpt":{"rendered":"<p>Altegio Europe KFT., a company incorporated and registered in the Hungary, Registration No.: 01 09 302414; Date of Registration: 17\/08\/2017, address: 1054 Budapest, Sz\u00e9chenyi Istv\u00e1n t\u00e9r 7 (hereinafter referred to as the Contractor), on the one hand, offers (public offer) to an unlimited number of individuals and\/or legal entities (hereinafter referred to as the Customer), [&hellip;]<\/p>\n","protected":false},"author":3,"featured_media":0,"parent":1114,"menu_order":0,"comment_status":"closed","ping_status":"closed","template":"","meta":{"_monsterinsights_skip_tracking":false,"_monsterinsights_sitenote_active":false,"_monsterinsights_sitenote_note":"","_monsterinsights_sitenote_category":0,"footnotes":""},"class_list":["post-8538","page","type-page","status-publish","hentry"],"aioseo_notices":[],"_links":{"self":[{"href":"https:\/\/alteg.io\/pl\/wp-json\/wp\/v2\/pages\/8538","targetHints":{"allow":["GET"]}}],"collection":[{"href":"https:\/\/alteg.io\/pl\/wp-json\/wp\/v2\/pages"}],"about":[{"href":"https:\/\/alteg.io\/pl\/wp-json\/wp\/v2\/types\/page"}],"author":[{"embeddable":true,"href":"https:\/\/alteg.io\/pl\/wp-json\/wp\/v2\/users\/3"}],"replies":[{"embeddable":true,"href":"https:\/\/alteg.io\/pl\/wp-json\/wp\/v2\/comments?post=8538"}],"version-history":[{"count":3,"href":"https:\/\/alteg.io\/pl\/wp-json\/wp\/v2\/pages\/8538\/revisions"}],"predecessor-version":[{"id":15417,"href":"https:\/\/alteg.io\/pl\/wp-json\/wp\/v2\/pages\/8538\/revisions\/15417"}],"up":[{"embeddable":true,"href":"https:\/\/alteg.io\/pl\/wp-json\/wp\/v2\/pages\/1114"}],"wp:attachment":[{"href":"https:\/\/alteg.io\/pl\/wp-json\/wp\/v2\/media?parent=8538"}],"curies":[{"name":"wp","href":"https:\/\/api.w.org\/{rel}","templated":true}]}}