{"id":8238,"date":"2024-10-02T11:44:25","date_gmt":"2024-10-02T11:44:25","guid":{"rendered":"https:\/\/alteg.io\/?page_id=8238"},"modified":"2026-02-15T19:00:45","modified_gmt":"2026-02-15T19:00:45","slug":"stand-with-ukraine","status":"publish","type":"page","link":"https:\/\/alteg.io\/pl\/stand-with-ukraine\/","title":{"rendered":"Sta\u0144 po stronie Ukrainy"},"content":{"rendered":"<div data-elementor-type=\"wp-page\" data-elementor-id=\"8238\" class=\"elementor elementor-8238\" data-elementor-post-type=\"page\">\n\t\t\t\t<div class=\"elementor-element elementor-element-3c9789d e-flex e-con-boxed e-con e-parent\" data-id=\"3c9789d\" data-element_type=\"container\" data-e-type=\"container\" data-settings=\"{&quot;background_background&quot;:&quot;classic&quot;}\">\n\t\t\t\t\t<div class=\"e-con-inner\">\n\t\t<div class=\"elementor-element elementor-element-d2b59a9 e-con-full e-flex e-con e-child\" data-id=\"d2b59a9\" data-element_type=\"container\" data-e-type=\"container\">\n\t\t\t\t<div class=\"elementor-element elementor-element-92273cd elementor-widget__width-initial elementor-widget elementor-widget-image\" data-id=\"92273cd\" data-element_type=\"widget\" data-e-type=\"widget\" data-widget_type=\"image.default\">\n\t\t\t\t\t\t\t\t\t\t\t\t\t\t\t<img decoding=\"async\" src=\"https:\/\/upload.wikimedia.org\/wikipedia\/commons\/thumb\/4\/49\/Flag_of_Ukraine.svg\/255px-Flag_of_Ukraine.svg.png\" title=\"\" alt=\"\" loading=\"lazy\" \/>\t\t\t\t\t\t\t\t\t\t\t\t\t\t\t<\/div>\n\t\t\t\t<div class=\"elementor-element elementor-element-3f34d47 elementor-widget elementor-widget-text-editor\" data-id=\"3f34d47\" data-element_type=\"widget\" data-e-type=\"widget\" data-widget_type=\"text-editor.default\">\n\t\t\t\t\t\t\t\t\t<p>#StandWithUkraine<\/p>\t\t\t\t\t\t\t\t<\/div>\n\t\t\t\t<\/div>\n\t\t\t\t<div class=\"elementor-element elementor-element-ac06562 elementor-widget elementor-widget-text-editor\" data-id=\"ac06562\" data-element_type=\"widget\" data-e-type=\"widget\" data-widget_type=\"text-editor.default\">\n\t\t\t\t\t\t\t\t\t<p>O\u015bwiadczenie poparcia dla Ukrainy.<\/p><p>\u00a0<\/p><p>W Altegio wierzymy w moc technologii, kt\u00f3ra mo\u017ce jednoczy\u0107 ludzi, poszerza\u0107\nmo\u017cliwo\u015bci i promowa\u0107 wolno\u015b\u0107 na ca\u0142ym \u015bwiecie.<\/p><p>\u00a0<\/p><p>Pot\u0119piamy agresj\u0119 i nasze my\u015bli s\u0105 z narodem ukrai\u0144skim, przedsi\u0119biorcami i\nwszystkimi osobami dotkni\u0119tymi t\u0105 wojn\u0105, w tym z naszymi kolegami i ich rodzinami,\nkt\u00f3rzy pracuj\u0105 w grupie sp\u00f3\u0142ek Altegio w Ukrainie.<\/p><p>\u00a0<\/p><p>Jako firma zajmuj\u0105ca si\u0119 tworzeniem oprogramowania, nastawiona na innowacyjno\u015b\u0107 i\npost\u0119p, podejmujemy konkretne kroki, aby wesprze\u0107 Ukrain\u0119:\u00a0<\/p>\t\t\t\t\t\t\t\t<\/div>\n\t\t\t\t<div class=\"elementor-element elementor-element-d11b875 elementor-widget elementor-widget-text-editor\" data-id=\"d11b875\" data-element_type=\"widget\" data-e-type=\"widget\" data-widget_type=\"text-editor.default\">\n\t\t\t\t\t\t\t\t\t<p>1. Zgodnie z globalnymi sankcjami na\u0142o\u017conymi przez USA i Uni\u0119 Europejsk\u0105 na kraje\nwspieraj\u0105ce lub pomagaj\u0105ce w agresji na Ukrain\u0119.<br \/><br \/><\/p><p>2. Altegio nie \u015bwiadczy swoich us\u0142ug klientom zlokalizowanym w Rosji i na Bia\u0142orusi.<br \/><br \/><\/p><p>3. Altegio uruchomi\u0142o inicjatywy maj\u0105ce na celu zapewnienie bezp\u0142atnego dost\u0119pu do\nnaszego oprogramowania wszystkim ukrai\u0144skim przedsi\u0119biorcom w szczytowym\nokresie niepewno\u015bci w 2022 r.<br \/><br \/><\/p><p>4. Rozumiej\u0105c kluczow\u0105 rol\u0119 technologii, przywi\u0105zujemy szczeg\u00f3ln\u0105 wag\u0119 do\nbezpiecze\u0144stwa danych naszych ukrai\u0144skich klient\u00f3w, ograniczaj\u0105c dost\u0119p do nich\npracownikom Altegio, kt\u00f3rzy nie wsp\u00f3\u0142pracuj\u0105 z klientami w Ukrainie.<br \/><br \/><\/p><p>5. Altegio nie wsp\u00f3\u0142pracuje z dostawcami, partnerami i podmiotami prowadz\u0105cymi\ndzia\u0142alno\u015b\u0107 gospodarcz\u0105 na terenie Rosji i Bia\u0142orusi.<br \/><br \/><\/p><p>6. Altegio nie zatrudnia pracownik\u00f3w, kt\u00f3rzy nadal mieszkaj\u0105 i pracuj\u0105 w Rosji i na\nBia\u0142orusi.<\/p>\t\t\t\t\t\t\t\t<\/div>\n\t\t\t\t<div class=\"elementor-element elementor-element-f76d669 elementor-widget elementor-widget-text-editor\" data-id=\"f76d669\" data-element_type=\"widget\" data-e-type=\"widget\" data-widget_type=\"text-editor.default\">\n\t\t\t\t\t\t\t\t\t<p>Nasze zaanga\u017cowanie na rzecz Ukrainy pozostaje niezmienne. Stoimy na stra\u017cy\nwolno\u015bci, godno\u015bci cz\u0142owieka i pokoju. B\u0119dziemy nadal wykorzystywa\u0107 nasze zasoby i\nplatform\u0119, aby wspiera\u0107 Ukrain\u0119 w tym trudnym czasie.<\/p>\t\t\t\t\t\t\t\t<\/div>\n\t\t\t\t\t<\/div>\n\t\t\t\t<\/div>\n\t\t\t\t<\/div>","protected":false},"excerpt":{"rendered":"","protected":false},"author":3,"featured_media":0,"parent":0,"menu_order":0,"comment_status":"closed","ping_status":"closed","template":"","meta":{"_monsterinsights_skip_tracking":false,"_monsterinsights_sitenote_active":false,"_monsterinsights_sitenote_note":"","_monsterinsights_sitenote_category":0,"footnotes":""},"class_list":["post-8238","page","type-page","status-publish","hentry"],"aioseo_notices":[],"_links":{"self":[{"href":"https:\/\/alteg.io\/pl\/wp-json\/wp\/v2\/pages\/8238","targetHints":{"allow":["GET"]}}],"collection":[{"href":"https:\/\/alteg.io\/pl\/wp-json\/wp\/v2\/pages"}],"about":[{"href":"https:\/\/alteg.io\/pl\/wp-json\/wp\/v2\/types\/page"}],"author":[{"embeddable":true,"href":"https:\/\/alteg.io\/pl\/wp-json\/wp\/v2\/users\/3"}],"replies":[{"embeddable":true,"href":"https:\/\/alteg.io\/pl\/wp-json\/wp\/v2\/comments?post=8238"}],"version-history":[{"count":2,"href":"https:\/\/alteg.io\/pl\/wp-json\/wp\/v2\/pages\/8238\/revisions"}],"predecessor-version":[{"id":19366,"href":"https:\/\/alteg.io\/pl\/wp-json\/wp\/v2\/pages\/8238\/revisions\/19366"}],"wp:attachment":[{"href":"https:\/\/alteg.io\/pl\/wp-json\/wp\/v2\/media?parent=8238"}],"curies":[{"name":"wp","href":"https:\/\/api.w.org\/{rel}","templated":true}]}}