{"id":1283,"date":"2024-04-04T00:43:25","date_gmt":"2024-04-04T00:43:25","guid":{"rendered":"https:\/\/new.alteg.io\/?page_id=1283"},"modified":"2026-02-15T18:53:24","modified_gmt":"2026-02-15T18:53:24","slug":"user-data-transfer-agreement","status":"publish","type":"page","link":"https:\/\/alteg.io\/pl\/info\/user-data-transfer-agreement\/","title":{"rendered":"Umowa transferu danych u\u017cytkownika"},"content":{"rendered":"<div data-elementor-type=\"wp-page\" data-elementor-id=\"1283\" class=\"elementor elementor-1283\" data-elementor-post-type=\"page\">\n\t\t\t\t\t\t<section class=\"elementor-section elementor-top-section elementor-element elementor-element-faded31 elementor-section-boxed elementor-section-height-default elementor-section-height-default\" data-id=\"faded31\" data-element_type=\"section\" data-e-type=\"section\" data-settings=\"{&quot;background_background&quot;:&quot;classic&quot;}\">\n\t\t\t\t\t\t<div class=\"elementor-container elementor-column-gap-default\">\n\t\t\t\t\t<div class=\"elementor-column elementor-col-100 elementor-top-column elementor-element elementor-element-06ab8a0\" data-id=\"06ab8a0\" data-element_type=\"column\" data-e-type=\"column\">\n\t\t\t<div class=\"elementor-widget-wrap elementor-element-populated\">\n\t\t\t\t\t\t<div class=\"elementor-element elementor-element-966d695 elementor-widget elementor-widget-shortcode\" data-id=\"966d695\" data-element_type=\"widget\" data-e-type=\"widget\" data-widget_type=\"shortcode.default\">\n\t\t\t\t\t\t\t<div class=\"elementor-shortcode\"><div class=\"aioseo-breadcrumbs\"><span class=\"aioseo-breadcrumb\">\n\tStrona g\u0142\u00f3wna\n<\/span><\/div><\/div>\n\t\t\t\t\t\t<\/div>\n\t\t\t\t<div class=\"elementor-element elementor-element-d679525 elementor-invisible elementor-widget elementor-widget-heading\" data-id=\"d679525\" data-element_type=\"widget\" data-e-type=\"widget\" data-settings=\"{&quot;_animation&quot;:&quot;fadeInUp&quot;,&quot;_animation_mobile&quot;:&quot;fadeInDown&quot;,&quot;_animation_delay&quot;:300}\" data-widget_type=\"heading.default\">\n\t\t\t\t\t<h1 class=\"elementor-heading-title elementor-size-default\">Umowa o przekazywaniu i przetwarzaniu danych u\u017cytkownika<\/h1>\t\t\t\t<\/div>\n\t\t\t\t<div class=\"elementor-element elementor-element-1b60abf text-a animated-slow elementor-invisible elementor-widget elementor-widget-text-editor\" data-id=\"1b60abf\" data-element_type=\"widget\" data-e-type=\"widget\" data-settings=\"{&quot;_animation&quot;:&quot;fadeIn&quot;,&quot;_animation_delay&quot;:400}\" data-widget_type=\"text-editor.default\">\n\t\t\t\t\t\t\t\t\tZgodnie z wymogami dotycz\u0105cymi przetwarzania danych oraz Rozporz\u0105dzeniem Parlamentu Europejskiego i Rady (UE) 2016\/679 z dnia 27 kwietnia 2016 r. w sprawie ochrony os\u00f3b fizycznych w zwi\u0105zku z przetwarzaniem danych osobowych i w sprawie swobodnego przep\u0142ywu takich danych, Wyra\u017cam dobrowoln\u0105 zgod\u0119 na przekazanie moich danych osobowych do przetwarzania przez nowego Administratora \u201cAltegio Limited\u201d, sp\u00f3\u0142k\u0119 utworzon\u0105 zgodnie z prawem cypryjskim z siedzib\u0105 pod adresem Ioanni Stylianou, 6, 2 pi\u0119tro, Flat|Office 202, 2003, Nikozja, Cypr, (zwan\u0105 dalej \u201cAdministratorem\u201d) w celu realizacji dost\u0119pu i korzystania z Platformy Altegio.\n\nWyra\u017cam zgod\u0119 na przetwarzanie moich danych osobowych przez Administratora zgodnie z Polityk\u0105 prywatno\u015bci opublikowan\u0105 i\/lub dost\u0119pn\u0105 w Internecie pod adresem <a href=\"https:\/\/alteg.io\/en\/info\/privacy\">alteg.io\/en\/info\/privacy<\/a> i okre\u015bla zasady przetwarzania danych osobowych U\u017cytkownika, w tym danych osobowych U\u017cytkownika, oraz z Regulaminem Serwisu zamieszczonym i\/lub dost\u0119pnym w Internecie pod adresem: <a href=\"https:\/\/alteg.io\/en\/info\/terms\">alteg.io\/en\/info\/terms<\/a> w celu umo\u017cliwienia Stronom kontynuowania ich relacji w spos\u00f3b zgodny z prawem.\n\nAdministrator jest uprawniony do wykonywania czynno\u015bci (operacji) z moimi danymi osobowymi, w tym gromadzenia, systematyzowania, gromadzenia, przechowywania, wyja\u015bniania (aktualizacji, zmiany) wykorzystania, depersonalizacji, blokowania, usuwania moich danych osobowych, kt\u00f3rych kategorie zosta\u0142y okre\u015blone w Polityce prywatno\u015bci.\n\nNie mam nic przeciwko wymianie (otrzymywaniu, przekazywaniu) moich danych osobowych mi\u0119dzy Administratorem a osobami trzecimi zgodnie z zawartymi umowami i porozumieniami, w celu przestrzegania moich praw i interes\u00f3w prawnych.\n\nNiniejsza Umowa wchodzi w \u017cycie z chwil\u0105 jej podpisania przez Strony i obowi\u0105zuje do czasu jej rozwi\u0105zania.\n\nNiniejsza Umowa mo\u017ce zosta\u0107 odwo\u0142ana przeze mnie na pi\u015bmie w dowolnym momencie wed\u0142ug mojego wy\u0142\u0105cznego uznania.\n\n<hr \/>\n\nWszelkie sugestie, pytania, wnioski i inne zapytania dotycz\u0105ce niniejszej Umowy i wykorzystania danych osobowych U\u017cytkownik mo\u017ce przesy\u0142a\u0107 na adres <a href=\"mailto:support@alteg.io\">support@alteg.io<\/a>.  U\u017cytkownik mo\u017ce r\u00f3wnie\u017c skontaktowa\u0107 si\u0119 z naszym Inspektorem Ochrony Danych (IOD), wysy\u0142aj\u0105c pisemne pismo zaadresowane do \u201cInspektora Ochrony Danych\u201d na adres wskazany powy\u017cej lub poczt\u0105 elektroniczn\u0105 na adres <a href=\"mailto:legal@alteg.io\">Adres inspektora ochrony danych<\/a>.\t\t\t\t\t\t\t\t<\/div>\n\t\t\t\t\t<\/div>\n\t\t<\/div>\n\t\t\t\t\t<\/div>\n\t\t<\/section>\n\t\t\t\t<\/div>","protected":false},"excerpt":{"rendered":"","protected":false},"author":3,"featured_media":0,"parent":1114,"menu_order":0,"comment_status":"closed","ping_status":"closed","template":"","meta":{"_monsterinsights_skip_tracking":false,"_monsterinsights_sitenote_active":false,"_monsterinsights_sitenote_note":"","_monsterinsights_sitenote_category":0,"footnotes":""},"class_list":["post-1283","page","type-page","status-publish","hentry"],"aioseo_notices":[],"_links":{"self":[{"href":"https:\/\/alteg.io\/pl\/wp-json\/wp\/v2\/pages\/1283","targetHints":{"allow":["GET"]}}],"collection":[{"href":"https:\/\/alteg.io\/pl\/wp-json\/wp\/v2\/pages"}],"about":[{"href":"https:\/\/alteg.io\/pl\/wp-json\/wp\/v2\/types\/page"}],"author":[{"embeddable":true,"href":"https:\/\/alteg.io\/pl\/wp-json\/wp\/v2\/users\/3"}],"replies":[{"embeddable":true,"href":"https:\/\/alteg.io\/pl\/wp-json\/wp\/v2\/comments?post=1283"}],"version-history":[{"count":7,"href":"https:\/\/alteg.io\/pl\/wp-json\/wp\/v2\/pages\/1283\/revisions"}],"predecessor-version":[{"id":19294,"href":"https:\/\/alteg.io\/pl\/wp-json\/wp\/v2\/pages\/1283\/revisions\/19294"}],"up":[{"embeddable":true,"href":"https:\/\/alteg.io\/pl\/wp-json\/wp\/v2\/pages\/1114"}],"wp:attachment":[{"href":"https:\/\/alteg.io\/pl\/wp-json\/wp\/v2\/media?parent=1283"}],"curies":[{"name":"wp","href":"https:\/\/api.w.org\/{rel}","templated":true}]}}