{"id":8844,"date":"2024-11-21T15:05:22","date_gmt":"2024-11-21T15:05:22","guid":{"rendered":"https:\/\/alteg.io\/?page_id=8844"},"modified":"2026-02-15T19:01:00","modified_gmt":"2026-02-15T19:01:00","slug":"eula","status":"publish","type":"page","link":"https:\/\/alteg.io\/it\/eula\/","title":{"rendered":"App mobile AunioAccordo di licenza"},"content":{"rendered":"<div data-elementor-type=\"wp-page\" data-elementor-id=\"8844\" class=\"elementor elementor-8844\" data-elementor-post-type=\"page\">\n\t\t\t\t<div class=\"elementor-element elementor-element-af88cb1 e-flex e-con-boxed e-con e-parent\" data-id=\"af88cb1\" data-element_type=\"container\" data-e-type=\"container\">\n\t\t\t\t\t<div class=\"e-con-inner\">\n\t\t\t\t<div class=\"elementor-element elementor-element-d7fae47 elementor-widget elementor-widget-shortcode\" data-id=\"d7fae47\" data-element_type=\"widget\" data-e-type=\"widget\" data-widget_type=\"shortcode.default\">\n\t\t\t\t\t\t\t<div class=\"elementor-shortcode\"><div class=\"aioseo-breadcrumbs\"><span class=\"aioseo-breadcrumb\">\n\t<a href=\"https:\/\/alteg.io\/it\/\" title=\"Casa\">Casa<\/a>\n<\/span><span class=\"aioseo-breadcrumb-separator\">&gt;<\/span><span class=\"aioseo-breadcrumb\">\n\tApp mobile AunioAccordo di licenza\n<\/span><\/div><\/div>\n\t\t\t\t\t\t<\/div>\n\t\t\t\t<div class=\"elementor-element elementor-element-4d2422d elementor-invisible elementor-widget elementor-widget-heading\" data-id=\"4d2422d\" data-element_type=\"widget\" data-e-type=\"widget\" data-settings=\"{&quot;_animation&quot;:&quot;fadeInUp&quot;,&quot;_animation_mobile&quot;:&quot;fadeInDown&quot;,&quot;_animation_delay&quot;:300}\" data-widget_type=\"heading.default\">\n\t\t\t\t\t<h1 class=\"elementor-heading-title elementor-size-default\">Contratto di licenza per l'applicazione mobile Aunio<\/h1>\t\t\t\t<\/div>\n\t\t\t\t<div class=\"elementor-element elementor-element-c2d7f3f text-a text-main animated-slow elementor-invisible elementor-widget elementor-widget-text-editor\" data-id=\"c2d7f3f\" data-element_type=\"widget\" data-e-type=\"widget\" data-settings=\"{&quot;_animation&quot;:&quot;fadeIn&quot;,&quot;_animation_delay&quot;:500}\" data-widget_type=\"text-editor.default\">\n\t\t\t\t\t\t\t\t\t<ol class=\"ol-1-1 ol-1-1-head\" start=\"1\">\n \t<li><section>\n<div>\n\nIl presente Contratto di licenza \u00e8 un'offerta di Altegio Limited, una societ\u00e0 registrata secondo le leggi di Cipro (di seguito denominata \u201cTitolare del diritto\u201d) di stipulare il contratto in base ai termini e alle condizioni indicati di seguito.\n\n<b> Prima di utilizzare l'applicazione mobile Aunio (di seguito \u201cAunio\u201d), leggere i termini e le condizioni del presente Contratto di licenza. L'utilizzo di Aunio in altre condizioni non \u00e8 consentito. <\/b>\n\nIl presente Accordo \u00e8 stipulato esclusivamente tra l'Utente e il Titolare del diritto e non con gli App Store. Pertanto, il Titolare del diritto \u00e8 l'unico responsabile della <b>Aunio<\/b> e il suo contenuto.\n\n<\/div>\n<\/section><section>\n<div>\n<ol>\n \t<li>\n<h2>Termini e definizioni<\/h2>\n<ol>\n \t<li>Le parole e le frasi utilizzate nel presente Contratto di licenza hanno il seguente significato, a meno che non sia espressamente specificato il contrario:\n<ul>\n \t<li><b>Licenza (Contratto)<\/b> Il testo di questo documento, con tutti i suoi allegati, modifiche e addendum, viene visualizzato durante il processo di installazione del sistema. <b>Aunio<\/b> o durante l'inizio del suo utilizzo.<\/li>\n \t<li><b>Utente<\/b> indica una persona che ha stipulato il presente Contratto con il Titolare dei diritti a proprio vantaggio o a vantaggio di altri in virt\u00f9 dei requisiti della legislazione vigente e del presente Contratto.<\/li>\n \t<li><b>Aunio<\/b> indica l'applicazione mobile, il programma software accompagnato dalla presente Licenza e destinato all'installazione e all'utilizzo sul Dispositivo ai fini dell'ordinazione (prenotazione) online dei Servizi del Venditore da parte dell'Utente.<\/li>\n \t<li><b>Dispositivo<\/b> si intende qualsiasi telefono cellulare, comunicatore, smartphone, tablet o altro dispositivo che consenta di utilizzare le applicazioni mobili in base al proprio scopo funzionale.<\/li>\n \t<li><b>Venditore<\/b> si intende un'indicazione nella <b>Aunio<\/b> entit\u00e0 o persona fisica che fornisce all'Utente i Servizi, ordinando (prenotando) i quali la <b>Aunio<\/b> \u00e8 destinato a.<\/li>\n \t<li><b>Servizi<\/b> indica i servizi e i beni del Venditore che possono essere ordinati (prenotati) dall'Utente online utilizzando il sito web del Venditore. <b>Aunio<\/b>.<\/li>\n \t<li><b>Contenuto<\/b> si intendono tutte le informazioni e i materiali, compresi testi, grafici, audio, video e altri materiali, che possono essere trasmessi e\/o inseriti nel <b>Aunio<\/b>.<\/li>\n \t<li><b>App Store<\/b> indica Google Play, Apple AppStore, Amazon Appstore e altri servizi e piattaforme simili per la distribuzione di software per dispositivi mobili.<\/li>\n<\/ul>\n<\/li>\n \t<li>Il presente Contratto potrebbe utilizzare altri termini e definizioni non previsti nella clausola 1.1. del presente documento. In tal caso, tali termini dovranno essere interpretati in base al testo del presente Accordo. Se non \u00e8 possibile interpretare tale termine o definizione in modo univoco, tale termine o definizione dovr\u00e0 essere interpretato in primo luogo in base ai documenti obbligatori ivi stipulati, in secondo luogo - in base alle leggi applicabili e successivamente - in base agli usi commerciali e alla dottrina scientifica.<\/li>\n<\/ol>\n<\/li>\n \t<li>\n<h2>Licenza<\/h2>\n<ol>\n \t<li>Una volta stipulato il presente accordo, il titolare dei diritti autorizza l'utente a utilizzare il sito web <b>Aunio<\/b> in base ai termini di una licenza mondiale non esclusiva e non trasferibile per il periodo stabilito.<\/li>\n \t<li>L'Utente pu\u00f2 utilizzare solo il <b>Aunio<\/b> su un Dispositivo di cui \u00e8 proprietario o che controlla e come consentito dai termini e dalle condizioni dell'App Store.<\/li>\n \t<li>Per concludere il presente Accordo \u00e8 sufficiente che l'Utente esegua la riproduzione (registrazione) o il lancio del <b>Aunio<\/b> L'esecuzione delle azioni sopra descritte conferma che l'Utente ha preso visione e accetta pienamente e in modo assoluto i termini qui esposti, e crea l'accordo alle condizioni indicate tra l'Utente e il Titolare del diritto.<\/li>\n \t<li>L'Utente ha il diritto di utilizzare il <b>Aunio<\/b> a causa dei termini e delle condizioni del presente documento con le seguenti modalit\u00e0 di utilizzo:\n<ol>\n \t<li>Riproduzione (registrazione) del <b>Aunio<\/b> su un singolo dispositivo;<\/li>\n \t<li>L'avvio e l'utilizzo del <b>Aunio<\/b> a causa del suo scopo funzionale su un singolo dispositivo;<\/li>\n \t<li>Fornire dati sulla cronologia delle registrazioni online dell'Utente utilizzando il numero di telefono personale dell'Utente.<\/li>\n<\/ol>\n<\/li>\n \t<li>Eventuali diritti e modalit\u00e0 di utilizzo del <b>Aunio<\/b> non espressamente concessi all'Utente dall'Accordo saranno considerati non concessi\/proibiti dal titolare del diritto.<\/li>\n \t<li>La durata della presente licenza non \u00e8 limitata. L'effettiva disponibilit\u00e0 dell'ordine (prenotazione) dei Servizi da parte dell'Utente dipende dal Fornitore.<\/li>\n<\/ol>\n<\/li>\n \t<li>\n<h2>Servizi e materiali del fornitore<\/h2>\n<ol>\n \t<li><b>Aunio<\/b> ha lo scopo di rendere possibile l'interazione tra l'Utente e il Venditore ai fini dell'ordine (prenotazione) dei Servizi del Venditore da parte dell'Utente. A tal fine, l'Utente ha accesso alle informazioni e ai materiali inseriti nel sito del Venditore. <b>Aunio<\/b> dal Venditore o per conto del Venditore, compresi i link a siti web o servizi (di seguito - i Materiali del Venditore).<\/li>\n \t<li>L'Utente riconosce e accetta che il Titolare del diritto non \u00e8 responsabile dei Servizi o dei Materiali del Fornitore, inclusa la loro accuratezza, completezza, tempestivit\u00e0, validit\u00e0, conformit\u00e0 al copyright, legalit\u00e0, decenza, qualit\u00e0, sicurezza o qualsiasi altro aspetto. Il Titolare dei diritti non si assume e non avr\u00e0 alcuna responsabilit\u00e0 nei confronti dell'Utente o di qualsiasi altra persona o entit\u00e0 per i Servizi o i Materiali del Fornitore e l'Utente li utilizza interamente a proprio rischio.<\/li>\n \t<li>L'Utente \u00e8 tenuto a rispettare i termini di utilizzo dei Servizi o dei Materiali del Fornitore quando utilizza la piattaforma. <b>Aunio<\/b>.<\/li>\n<\/ol>\n<\/li>\n \t<li>\n<h2>Restrizioni della licenza<\/h2>\n<ol>\n \t<li>L'Utente non \u00e8 autorizzato a fare quanto segue in modo indipendente o impiegando terzi:\n<ol>\n \t<li>Copiare (riprodurre) in qualsiasi modo il software applicativo e le banche dati che fanno parte del <b>Aunio<\/b>, compresi tutti i loro elementi e materiali informativi senza il previo consenso scritto del proprietario.<\/li>\n \t<li>Rivelare le tecniche, emulare, decompilare, disassemblare, decodificare e compiere qualsiasi altra azione analoga in relazione alla <b>Aunio<\/b>.<\/li>\n \t<li>Creare software e\/o servizi utilizzando il <b>Aunio<\/b> senza la preventiva autorizzazione del titolare dei diritti.<\/li>\n \t<li>Rimuovere o alterare in qualsiasi modo i marchi e gli avvisi di copyright o altri avvisi di propriet\u00e0 inclusi nel sito. <b>Aunio<\/b>.<\/li>\n<\/ol>\n<\/li>\n \t<li>All'utente \u00e8 severamente vietato l'uso del <b>Aunio<\/b> per la creazione e\/o distribuzione di Contenuti che:\n<ul>\n \t<li>\u00e8 illegale (informazioni proibite), dannoso, offende la morale, dimostra (o propaganda) la violenza e la crudelt\u00e0, promuove l'odio e\/o la discriminazione delle persone per motivi razziali, etnici, sessuali, religiosi, sociali, contiene elementi (o \u00e8 propaganda) di pornografia, erotismo infantile, costituisce una pubblicit\u00e0 (o una promozione) di servizi sessuali (anche sotto l'apparenza di altri servizi), spiega la procedura di fabbricazione, applicazione o altro uso di droghe o loro analoghi, esplosivi o altre armi;<\/li>\n \t<li>violi i diritti personali non di propriet\u00e0 o i diritti di propriet\u00e0 intellettuale;<\/li>\n \t<li>viola in altro modo le disposizioni di legge applicabili, nonch\u00e9 le comuni norme morali ed etiche.<\/li>\n<\/ul>\n<\/li>\n \t<li>Il titolare dei diritti ha il diritto di stabilire limitazioni tecniche all'uso del <b>Aunio<\/b>. Il Titolare del diritto informer\u00e0 l'Utente delle limitazioni di cui sopra di volta in volta, secondo le modalit\u00e0 a discrezione del Titolare del diritto.<\/li>\n \t<li>La funzionalit\u00e0 di <b>Aunio<\/b> \u00e8 soggetta all'esclusiva discrezione del titolare del diritto e pu\u00f2 essere modificata di volta in volta.<\/li>\n \t<li>L'Utente dichiara e garantisce (i) di non trovarsi in un paese soggetto a embargo da parte del governo degli Stati Uniti o che rientra nel Titolo 15, Parte 740 Supplemento 1 Gruppo di paesi E del Codice dei regolamenti federali degli Stati Uniti; e (ii) di non figurare in alcun elenco del governo degli Stati Uniti di parti vietate o soggette a restrizioni.<\/li>\n<\/ol>\n<\/li>\n \t<li>\n<h2>Responsabilit\u00e0 ai sensi della Licenza<\/h2>\n<ol>\n \t<li>IL <b>Aunio<\/b> \u00c8 FORNITO \u201cCOS\u00cc COM'\u00c8\u2019. NELLA MISURA MASSIMA POSSIBILE AI SENSI DELLA LEGGE APPLICABILE, IL TITOLARE DEL DIRITTO DECLINA ESPRESSAMENTE QUALSIASI GARANZIA IN MERITO A <b>Aunio<\/b> SIA ESPRESSA, IMPLICITA O DI LEGGE, INCLUSE, SENZA LIMITAZIONI, LE GARANZIE O LE CONDIZIONI DI COMMERCIABILIT\u00c0, IDONEIT\u00c0 PER UNO SCOPO PARTICOLARE E LE LORO EQUIVALENTI AI SENSI DELLE LEGGI DI QUALSIASI GIURISDIZIONE. IL TITOLARE DEL DIRITTO NON FORNISCE ALCUNA GARANZIA CHE <b>Aunio<\/b> CORRISPONDER\u00c0 ALLE RICHIESTE DELL'UTENTE, CHE FUNZIONER\u00c0 NELLA COMBINAZIONE SCELTA PER L'USO O INSIEME A DIVERSI PRODOTTI DI TERZI, CHE IL FUNZIONAMENTO DI <b>Aunio<\/b> SARANNO PRIVI DI GUASTI O DI ERRORI E CHE TUTTI GLI ERRORI DI <b>Aunio<\/b> SARANNO CORRETTI.<\/li>\n \t<li>Poich\u00e9 la funzionalit\u00e0 del <b>Aunio<\/b> \u00e8 costantemente integrato e aggiornato, la forma e la natura dell'applicazione mobile potrebbero essere modificate di volta in volta senza preavviso all'Utente. Il titolare del diritto ha il diritto di interrompere a propria discrezione (temporaneamente o definitivamente) la fornitura o il supporto dell'applicazione mobile. <b>Aunio<\/b> agli Utenti, nonch\u00e9 di modificare o revocare la Licenza senza preavviso.<\/li>\n \t<li>Il titolare dei diritti non ha l'obbligo, ai sensi del presente accordo, di fornire alcuna manutenzione o assistenza in merito al <b>Aunio<\/b>. Nella misura in cui la manutenzione o il supporto siano richiesti dalla legge applicabile, il Righholder, e non l'App Store, sar\u00e0 obbligato a fornire tale manutenzione o supporto.<\/li>\n \t<li>Il titolare dei diritti non ha alcun legame con i contenuti che gli utenti o i venditori trasmettono e\/o inseriscono nel sito. <b>Aunio<\/b>. Il titolare dei diritti non controlla il Contenuto o i suoi componenti e la sua conformit\u00e0 a qualsiasi tipo di requisito e che gli Utenti abbiano tutti i diritti necessari. Ogni responsabilit\u00e0 per il Contenuto e la sua conformit\u00e0 ai requisiti applicabili ricade sull'Utente o sul Fornitore.<\/li>\n \t<li>Il titolare del diritto non \u00e8 responsabile di eventuali violazioni commesse dall'utente e di eventuali danni o perdite causati da tali violazioni.<\/li>\n \t<li>L'Utente \u00e8 responsabile di qualsiasi violazione degli obblighi previsti dal Contratto e (o) da una normativa applicabile, nonch\u00e9 di tutte le conseguenze di tali violazioni (compresi i danni che il Titolare del diritto e altri terzi possono subire). In caso di tale violazione, il Datore di diritti ha il diritto di limitare l'uso di <b>Aunio<\/b> dall'Utente senza alcun compenso.<\/li>\n \t<li>Nel caso in cui il titolare dei diritti venga portato in giudizio o venga sanzionato a causa della violazione da parte dell'Utente dei diritti e\/o degli interessi di terzi, nonch\u00e9 della violazione delle restrizioni o dei limiti stabiliti dalla legge, l'Utente \u00e8 tenuto a risarcire tutti i danni del titolare dei diritti.<\/li>\n \t<li>IN NESSUN CASO RIGHTHOLDER SAR\u00c0 RESPONSABILE PER DANNI SPECIALI, INCIDENTALI, INDIRETTI, LEGALI, ESEMPLARI, PUNITIVI O CONSEQUENZIALI, DI QUALSIASI TIPO, O PER PERDITE DI PROFITTI, AFFARI O ENTRATE, PERDITA DI UTILIZZO O DI AVVIAMENTO O ALTRI VANTAGGI ECONOMICI PERSI, DERIVANTI DA O CORRELATI AL PRESENTE CONTRATTO O ALLA SUA VIOLAZIONE, INDIPENDENTEMENTE DAL FATTO CHE TALI RIVENDICAZIONI SIANO BASATE SU VIOLAZIONE DEL CONTRATTO, RESPONSABILIT\u00c0 OGGETTIVA, ILLECITO CIVILE, RIVENDICAZIONI LEGALI FEDERALI O STATALI O QUALSIASI ALTRA TEORIA LEGALE E ANCHE SE RIGHOLDER ERA A CONOSCENZA, AVREBBE DOVUTO ESSERE A CONOSCENZA O \u00c8 STATO AVVISATO DELLA POSSIBILIT\u00c0 DI TALI DANNI.<\/li>\n \t<li>La responsabilit\u00e0 cumulativa del Titolare del diritto ai sensi dell'Accordo \u00e8 in ogni caso limitata al danno documentato subito dall'Utente, per un importo che non pu\u00f2 superare i 20 euro, e il Titolare del diritto \u00e8 responsabile in base alla sua colpa nel causare tale danno.<\/li>\n \t<li>In caso di reclamo da parte di terzi che la <b>Aunio<\/b> o il possesso e l'uso da parte dell'Utente della <b>Aunio<\/b> viola i diritti di propriet\u00e0 intellettuale di tale terza parte, il titolare dei diritti, e non App Store, sar\u00e0 l'unico responsabile per l'indagine, la difesa, il regolamento e l'assoluzione di qualsiasi richiesta di risarcimento per violazione della propriet\u00e0 intellettuale.Il titolare dei diritti, e non App Store, \u00e8 responsabile per affrontare qualsiasi reclamo dell'Utente o di qualsiasi terza parte in relazione alla propriet\u00e0 intellettuale. <b>Aunio<\/b> o il possesso e\/o l'uso da parte dell'Utente di tale <b>Aunio<\/b>, tra cui, a titolo esemplificativo e non esaustivo: (i) richieste di risarcimento per responsabilit\u00e0 da prodotto; (ii) qualsiasi richiesta di risarcimento per il fatto che la <b>Aunio<\/b> Le disposizioni del presente paragrafo non possono in alcun caso essere considerate un pregiudizio per le disposizioni di altri paragrafi del presente Accordo e in ogni caso non devono essere intese come una stipula di responsabilit\u00e0 del Titolare dei diritti per le azioni dell'Utente che costituiscono una violazione dei diritti di terzi, comprese le azioni dell'Utente eseguite con l'uso del Sito. <b>Aunio<\/b>; La disposizione del presente paragrafo non elimina o riduce la responsabilit\u00e0 dell'Utente per qualsiasi violazione commessa dall'Utente.<\/li>\n \t<li>Alcune giurisdizioni non consentono l'esclusione di alcuni tipi di garanzie\/responsabilit\u00e0 o limitazioni dei diritti legali applicabili di un consumatore, pertanto alcune o tutte le esclusioni e limitazioni di cui sopra potrebbero non essere applicabili all'Utente. Il presente Accordo non pu\u00f2 limitare la responsabilit\u00e0 del Titolare del diritto nei confronti dell'Utente al di l\u00e0 di quanto consentito dalla legge applicabile. In tal caso, tuttavia, le esclusioni e le limitazioni di cui alla presente sezione si applicheranno nella misura massima consentita dalla legge applicabile. Nella misura in cui esiste una garanzia e\/o una responsabilit\u00e0 ai sensi della legge che non pu\u00f2 essere esclusa, il titolare del diritto, e non l'App Store, sar\u00e0 l'unico responsabile di tale garanzia e\/o responsabilit\u00e0.<\/li>\n<\/ol>\n<\/li>\n \t<li>\n<h2>Aggiornamenti\/nuove versioni<\/h2>\n<ol>\n \t<li>Il <b>Aunio<\/b> pu\u00f2 di volta in volta scaricare e installare automaticamente aggiornamenti che hanno lo scopo di migliorare l'applicazione mobile e che possono assumere la forma di patch, moduli aggiuntivi o versioni completamente nuove dell'applicazione mobile. L'Utente riconosce e accetta tale aggiornamento automatico dell'applicazione mobile. <b>Aunio<\/b> compresa la richiesta, il download e l'installazione degli aggiornamenti sul Dispositivo dell'Utente senza ulteriori notifiche.<\/li>\n \t<li>La presente Licenza regola tutti gli ulteriori aggiornamenti\/nuove versioni di <b>Aunio<\/b>. Installazione dell'aggiornamento\/nuova versione del programma <b>Aunio<\/b> sar\u00e0 considerata come l'accettazione da parte dell'Utente della presente Licenza per quanto riguarda i relativi aggiornamenti\/nuove versioni della <b>Aunio<\/b> a meno che tale installazione non sia accompagnata da un diverso contratto di licenza.<\/li>\n<\/ol>\n<\/li>\n \t<li>\n<h2>Disposizioni finali<\/h2>\n<ol>\n \t<li>Il trattamento delle informazioni fornite dall'Utente su se stesso o su terzi nell'ambito dell'utilizzo del sito web <b>Aunio<\/b> nonch\u00e9 le informazioni ricevute nell'ambito di tale utilizzo in modo automatizzato sono effettuate dal Titolare del diritto secondo le istruzioni del Fornitore in base all'Informativa sulla privacy pubblicata o disponibile all'indirizzo: <a href=\"https:\/\/www.alteg.io\/en\/info\/privacy\" target=\"_blank\" rel=\"nofollow noreferrer noopener\">www.alteg.io\/en\/info\/privacy<\/a>.<\/li>\n \t<li>Nel caso in cui la legge applicabile e\/o gli accordi del titolare dei diritti con gli App Store prevedano norme obbligatorie diverse che non possono essere modificate dal presente Contratto o che il presente Contratto deve rispettare, i rapporti tra le Parti saranno disciplinati da tali norme obbligatorie e il presente Contratto si applicher\u00e0 nella misura in cui \u00e8 conforme a tali norme.<\/li>\n \t<li>Il <b>Aunio<\/b> pu\u00f2 includere software di terzi che saranno concessi in licenza all'utente secondo i termini del presente Contratto o, se specificato nella documentazione, nei file readme o altrimenti per iscritto, secondo termini di licenza separati (\u201cTermini separati\u201d) e non secondo i termini del presente Contratto (\u201cSoftware di terzi con licenza separata\u201d). I diritti dell'Utente di utilizzare tale Software di terzi con licenza separata ai sensi dei Termini separati non sono limitati o modificati in alcun modo dal presente Contratto.<\/li>\n \t<li>Il presente Accordo, la procedura per la sua conclusione ed esecuzione e anche qualsiasi questione non prevista nel presente documento saranno disciplinati dalla legge applicabile del luogo in cui si trova il Titolare del diritto. L'utilizzo del sito <b>Aunio<\/b> possono essere soggetti anche ad altre leggi locali, statali, nazionali o internazionali.<\/li>\n \t<li>Qualsiasi controversia derivante dall'Accordo o in relazione ad esso sar\u00e0 soggetta a risoluzione in tribunale nel luogo in cui si trova il titolare dei diritti, in conformit\u00e0 con la legge procedurale applicata da tale tribunale.<\/li>\n \t<li>Il presente Accordo pu\u00f2 essere modificato o risolto dal Titolare del diritto unilateralmente e senza previa notifica all'Utente e senza il pagamento di alcun compenso al riguardo. Il presente Accordo si risolver\u00e0 immediatamente, senza preavviso da parte del Titolare del diritto, nel caso in cui l'Utente non rispetti una qualsiasi disposizione del presente Accordo. L'Utente pu\u00f2 inoltre risolvere il presente Contratto cancellando il sito <b>Aunio<\/b> e tutte le relative copie dal Dispositivo.<\/li>\n \t<li>Il Titolare del diritto e l'Utente riconoscono e concordano che App Store, e le sue filiali, sono terzi beneficiari del presente Contratto. In seguito all'accettazione da parte dell'Utente dei termini e delle condizioni del presente Contratto, App Store avr\u00e0 il diritto (e si riterr\u00e0 che abbia accettato il diritto) di far valere il presente Contratto nei confronti dell'Utente in quanto terzo beneficiario dello stesso.<\/li>\n<\/ol>\n<\/li>\n \t<li>\n<h2>I dati del titolare del diritto:<\/h2>\n<ol>\n \t<li style=\"list-style-type: none;\">\n<ol>\n \t<li>Altegio Limited, societ\u00e0 registrata secondo le leggi della Repubblica di Cipro, indirizzo: Ioanni Stylianou, 6, 2\u00b0 piano, Appartamento|Ufficio 202, 2003, Nicosia, Cipro, Numero di registrazione: HE 434056\n<ol>\n \t<li>tel: <a href=\"tel:+35722030868\">+35722030868<\/a>.<\/li>\n \t<li>e-mail: <a href=\"mailto:support@alteg.io\">support@alteg.io<\/a>.<\/li>\n<\/ol>\n<\/li>\n<\/ol>\n<\/li>\n<\/ol>\n<\/li>\n<\/ol>\n<\/div>\n<div><\/div>\n&nbsp;\n\n<\/section>Versione del 14 dicembre 2023<\/li>\n<\/ol>\t\t\t\t\t\t\t\t<\/div>\n\t\t\t\t\t<\/div>\n\t\t\t\t<\/div>\n\t\t\t\t<\/div>","protected":false},"excerpt":{"rendered":"","protected":false},"author":3,"featured_media":0,"parent":0,"menu_order":0,"comment_status":"closed","ping_status":"closed","template":"","meta":{"_monsterinsights_skip_tracking":false,"_monsterinsights_sitenote_active":false,"_monsterinsights_sitenote_note":"","_monsterinsights_sitenote_category":0,"footnotes":""},"class_list":["post-8844","page","type-page","status-publish","hentry"],"aioseo_notices":[],"_links":{"self":[{"href":"https:\/\/alteg.io\/it\/wp-json\/wp\/v2\/pages\/8844","targetHints":{"allow":["GET"]}}],"collection":[{"href":"https:\/\/alteg.io\/it\/wp-json\/wp\/v2\/pages"}],"about":[{"href":"https:\/\/alteg.io\/it\/wp-json\/wp\/v2\/types\/page"}],"author":[{"embeddable":true,"href":"https:\/\/alteg.io\/it\/wp-json\/wp\/v2\/users\/3"}],"replies":[{"embeddable":true,"href":"https:\/\/alteg.io\/it\/wp-json\/wp\/v2\/comments?post=8844"}],"version-history":[{"count":4,"href":"https:\/\/alteg.io\/it\/wp-json\/wp\/v2\/pages\/8844\/revisions"}],"predecessor-version":[{"id":19369,"href":"https:\/\/alteg.io\/it\/wp-json\/wp\/v2\/pages\/8844\/revisions\/19369"}],"wp:attachment":[{"href":"https:\/\/alteg.io\/it\/wp-json\/wp\/v2\/media?parent=8844"}],"curies":[{"name":"wp","href":"https:\/\/api.w.org\/{rel}","templated":true}]}}