{"id":8538,"date":"2024-11-07T13:38:47","date_gmt":"2024-11-07T13:38:47","guid":{"rendered":"https:\/\/alteg.io\/?page_id=8538"},"modified":"2026-01-20T10:23:47","modified_gmt":"2026-01-20T10:23:47","slug":"services","status":"publish","type":"page","link":"https:\/\/alteg.io\/it\/info\/services\/","title":{"rendered":"Altegio - Online bejelentkez\u00e9s \u00e9s automatiz\u00e1l\u00e1s. Felh\u0151 alap\u00fa id\u0151pont kezel\u0151 \u00e9s v\u00e1llalkoz\u00e1s ir\u00e1ny\u00edt\u00f3 rendszer."},"content":{"rendered":"<div data-elementor-type=\"wp-page\" data-elementor-id=\"8538\" class=\"elementor elementor-8538\" data-elementor-post-type=\"page\">\n\t\t\t\t<div class=\"elementor-element elementor-element-e72e176 e-flex e-con-boxed e-con e-parent\" data-id=\"e72e176\" data-element_type=\"container\" data-e-type=\"container\">\n\t\t\t\t\t<div class=\"e-con-inner\">\n\t\t\t\t<div class=\"elementor-element elementor-element-04265be elementor-widget elementor-widget-shortcode\" data-id=\"04265be\" data-element_type=\"widget\" data-e-type=\"widget\" data-widget_type=\"shortcode.default\">\n\t\t\t\t\t\t\t<div class=\"elementor-shortcode\"><div class=\"aioseo-breadcrumbs\"><span class=\"aioseo-breadcrumb\">\n\tCasa\n<\/span><\/div><\/div>\n\t\t\t\t\t\t<\/div>\n\t\t\t\t<div class=\"elementor-element elementor-element-ce59e98 elementor-widget elementor-widget-text-editor\" data-id=\"ce59e98\" data-element_type=\"widget\" data-e-type=\"widget\" data-widget_type=\"text-editor.default\">\n\t\t\t\t\t\t\t\t\t<section>\n<div>\n\n<b>Altegio Europe Kft<\/b>, societ\u00e0 costituita e registrata in Ungheria, numero di registrazione: 01 09 302414; data di registrazione: 17\/08\/2017, indirizzo: 1054 Budapest, Sz\u00e9chenyi Istv\u00e1n t\u00e9r 7 (di seguito denominato Appaltatore), da un lato, offre (offerta pubblica) a un numero illimitato di persone fisiche e\/o giuridiche (di seguito denominato Cliente), dall'altro, di seguito denominate collettivamente \u201cParti\u201d e ciascuna separatamente come Parte, hanno concluso un contratto pubblico per la fornitura di servizi (di seguito denominato Offerta).\n\nAz El\u0151fizet\u0151 kijelenti, hogy a Szolg\u00e1ltat\u00e1st a saj\u00e1t \u00f6n\u00e1ll\u00f3 \u00fczleti tev\u00e9kenys\u00e9ge \u00e9rdek\u00e9ben ig\u00e9nybe vev\u0151 v\u00e1llalkoz\u00e1s.\n\n<\/div>\n<\/section><section>\n<div>\n<ol>\n \t<li>\n<h2>Definizione dei termini e disposizioni generali<\/h2>\n<div>\n<div>\n\nI servizi sono prestazioni dell'Appaltatore secondo le modalit\u00e0 e i termini definiti nella presente offerta.\n\n<\/div>\n<div>\n\nPer sito web del Contraente si intende la pagina web in Internet all'indirizzo: <a href=\"https:\/\/alteg.io\/en\/\" target=\"_blank\" rel=\"nofollow noreferrer noopener\">alteg.io<\/a>, che \u00e8 la fonte ufficiale di informazioni per i Clienti sul Contraente e sui servizi da esso forniti.\n\n<\/div>\n<div>\n\nOfferta - il corpo del presente documento, cos\u00ec come \u00e8 stato redatto sul sito web e disponibile all'indirizzo: <a href=\"https:\/\/alteg.io\/hu\/info\/services\" target=\"_blank\" rel=\"nofollow noreferrer noopener\">alteg.io\/hu\/info\/servizi<\/a>con tutti gli allegati, le modifiche e le integrazioni.\n\n<\/div>\n<div>\n\nL'accettazione \u00e8 la piena e incondizionata accettazione da parte del Cliente dei termini e delle condizioni, anche nella forma in cui sono riportati nel testo della presente Offerta.\n\n<\/div>\n<div>Per cliente si intende una persona fisica o giuridica che ha accettato questo<\/div>\n<\/div><\/li>\n \t<li>\n<h2>Oggetto del contratto e condizioni di servizio<\/h2>\n<div>\n\nSecondo le modalit\u00e0 e i termini stabiliti dalla presente Offerta, l'Appaltatore si impegna a fornire i servizi al Committente e il Committente si impegna ad accettare e pagare i servizi secondo le modalit\u00e0 e i termini specificati nella presente Offerta e nella Fattura o nell'Accordo di adesione, laddove le Parti concordino anche l'ambito, la procedura e i termini per la fornitura dei servizi (se applicabile).\n\n<\/div>\n<div>\n\nIl Cliente sceglie autonomamente la forma dei servizi. L'accettazione della presente Offerta consiste nella sottoscrizione del contratto di adesione da parte di entrambe le parti o nel pagamento da parte del Committente della Fattura dei Servizi dell'Appaltatore e significa l'accettazione piena e incondizionata da parte del Committente dei termini della presente Offerta ed equivale alla firma autografa del Committente ai sensi della presente Offerta.\n\n<\/div>\n<div>\n\nAccettando i termini dell'Offerta, il Cliente conferma la sua capacit\u00e0 giuridica e la sua abilit\u00e0 legale, oltre a rendersi conto della responsabilit\u00e0 per gli obblighi impostigli a seguito della presente Offerta.\n\n<\/div>\n<div>\n\nI servizi sono forniti in formato remoto utilizzando il software Altegio, nella quantit\u00e0 e nei tempi concordati dalle parti.\n\n<\/div>\n<div>Il servizio si considera reso a partire dalla data di esecuzione da parte dell'Appaltatore di tutte le azioni previste dal contratto di adesione, di cui l'Appaltatore d\u00e0 comunicazione al Committente mediante l'invio di una notifica di prestazione di servizi all'indirizzo di posta elettronica del Committente.<\/div><\/li>\n \t<li>\n<h2>Diritti e obblighi delle parti<\/h2>\n<div>\n\nIl Contraente si impegna a:\n\n<\/div>\n<ol>\n \t<li style=\"list-style-type: none;\">\n<ol>\n \t<li style=\"list-style-type: none;\">\n<ol>\n \t<li>fornire al Cliente servizi tempestivi, corretti e completi in conformit\u00e0 alla presente Offerta.<\/li>\n \t<li>accettare dal Cliente e conservare adeguatamente i documenti trasferiti in relazione all'esecuzione degli obblighi di cui alla presente Offerta, e restituirli immediatamente alla scadenza o alla risoluzione anticipata dell'Offerta.non divulgare informazioni riservate e\/o segreti commerciali delle Parti di cui siano venute a conoscenza, sia durante il periodo di validit\u00e0 dell'Offerta che entro 5 (Cinque) anni dalla data di risoluzione dell'Offerta.<\/li>\n<\/ol>\n<\/li>\n<\/ol>\n<\/li>\n<\/ol>\n<div>\n\nIl Contraente ha il diritto di:\n\n<\/div>\n<ol>\n \t<li style=\"list-style-type: none;\">\n<ol>\n \t<li style=\"list-style-type: none;\">\n<ol>\n \t<li>Ottenere l'accesso alle informazioni, anche riservate, e ai documenti del Committente nella misura necessaria per eseguire gli obblighi dell'Appaltatore ai sensi della presente offerta.<\/li>\n \t<li>affidare l'esecuzione del contratto di servizio a un'altra persona, ai fini di un'esecuzione tempestiva e di qualit\u00e0 degli obblighi previsti dalla presente Offerta.<\/li>\n \t<li>in caso di modifiche all'elenco dei servizi concordati in direzione di un aumento o di una complicazione degli stessi, richiedere un aumento proporzionale del costo dei servizi, che dovr\u00e0 essere pagato dal Cliente.<\/li>\n<\/ol>\n<\/li>\n<\/ol>\n<\/li>\n<\/ol>\n<div>\n\nIl Cliente si impegna a:\n\n<\/div>\n<ol>\n \t<li style=\"list-style-type: none;\">\n<ol>\n \t<li style=\"list-style-type: none;\">\n<ol>\n \t<li>Fornire informazioni veritiere, complete e accurate su di s\u00e9 per la fornitura di informazioni e servizi di consulenza da parte dell'Appaltatore. Se le informazioni contenute nel questionario online risultano errate, l'Appaltatore non \u00e8 responsabile dell'impossibilit\u00e0 di stabilire un contatto con il Cliente e di fornire i servizi previsti dalla presente offerta.<\/li>\n \t<li>Durante la durata della presente Offerta, su richiesta dell'Appaltatore, fornire tempestivamente all'Appaltatore informazioni complete ed esaurienti, nonch\u00e9 fornire all'Appaltatore l'accesso ai documenti del Cliente nella misura necessaria per adempiere agli obblighi dell'Appaltatore ai sensi della presente Offerta.<\/li>\n \t<li>pagare le prestazioni dell'Appaltatore in modo completo e tempestivo, secondo la procedura e i termini definiti nella presente offerta.<\/li>\n \t<li>pagare tempestivamente e per intero le imposte, i dazi, le tasse e tutti gli altri pagamenti necessari per l'esecuzione di qualit\u00e0 del presente contratto.<\/li>\n \t<li>non divulgare informazioni riservate e\/o segreti commerciali delle Parti di cui siano venute a conoscenza, sia durante la durata dell'Offerta che entro 5 (Cinque) anni dalla data di cessazione dell'Offerta.<\/li>\n \t<li>Pagare i servizi dell'Appaltatore secondo le modalit\u00e0 previste dalla Sezione 4 della presente Offerta.<\/li>\n \t<li>Il Cliente si impegna a non riprodurre, ripetere, copiare o vendere, nonch\u00e9 a non utilizzare per alcuno scopo le informazioni e i materiali di cui \u00e8 venuto a conoscenza in relazione alla fornitura dei Servizi, se non per uso personale direttamente da parte del Cliente senza fornire in alcuna forma l'accesso a terzi.<\/li>\n<\/ol>\n<\/li>\n<\/ol>\n<\/li>\n<\/ol>\n<div>\n\nIl Contraente ha il diritto di:\n\n<\/div>\n<ol>\n \t<li style=\"list-style-type: none;\">\n<ol>\n \t<li>Ricevere servizi di qualit\u00e0 adeguata, in conformit\u00e0 con il presente documento.<\/li>\n \t<li>In qualsiasi momento per conoscere i servizi e le promozioni presenti sul sito web del Contraente.<\/li>\n \t<li>Utilizzare i risultati dei servizi nelle loro attivit\u00e0 commerciali senza alcuna restrizione.<\/li>\n<\/ol>\n<\/li>\n<\/ol>\n<\/li>\n \t<li>\n<h2>Retribuzione del Contraente e procedura per il suo pagamento<\/h2>\n<div>\n\nIl Cliente dovr\u00e0 corrispondere all'Appaltatore un compenso per la fornitura dei Servizi di cui alla presente Offerta.\n\n<\/div>\n<div>\n\nL'importo della remunerazione dell'Appaltatore dipende dal contenuto e dalla portata dei servizi forniti nell'ambito della presente offerta e concordati dalle Parti nell'accordo di adesione.\n\n<\/div>\n<div>\n\nIl costo totale dei Servizi di cui alla presente Offerta \u00e8 il costo totale di tutti i Servizi che l'Appaltatore deve fornire nell'ambito della presente Offerta.\n\n<\/div>\n<div>Se non diversamente concordato dalle Parti nell'accordo di adesione, il Committente paga i servizi dell'Appaltatore a condizioni di pagamento anticipato completo per l'importo specificato nella Fattura. Il compenso dell'Appaltatore non comprende le imposte e le tasse che il Committente \u00e8 tenuto a pagare e\/o a versare egli stesso in conformit\u00e0 alle leggi del luogo in cui si trova il Committente e non \u00e8 soggetto a trattenute da parte del Committente sull'importo del pagamento.<\/div>\n<div>\n\nIl pagamento dei servizi avverr\u00e0 tramite bonifico non in contanti da parte del Cliente sul conto corrente del Contraente. Il momento del pagamento dei servizi da parte del Cliente \u00e8 la data di ricezione dei fondi sul conto del Contraente.\n\n<\/div>\n<div>In caso di risoluzione anticipata del Contratto, il Contraente dovr\u00e0 restituire i fondi entro 14 giorni, sulla base della richiesta presentata all'indirizzo e-mail: <a href=\"mailto:finance@alteg.io\">finance@alteg.io<\/a>meno il costo dei servizi resi dal Contraente.<\/div><\/li>\n \t<li>\n<h2>Ambito e accettazione dei servizi<\/h2>\n<div>\n\nSe il volume dei servizi resi supera il termine previsto dalle Parti e\/o va oltre il contenuto dei servizi concordati dalle Parti, il costo finale (definitivo) del volume di servizi effettivamente resi sar\u00e0 concordato dalle Parti in aggiunta secondo le modalit\u00e0 previste dall'Offerta.\n\n<\/div>\n<div>Al termine dei lavori o dei servizi, il Committente ne sar\u00e0 informato. Se ci sono difetti nel lavoro completato e nei servizi forniti, devono essere portati all'attenzione dell'Appaltatore entro 24 (ventiquattro) ore dal completamento del lavoro e dalla fornitura dei servizi. Se non ci sono osservazioni entro i termini specificati in questa clausola, il lavoro e i servizi si considerano accettati dal Cliente. Nel caso in cui vi siano osservazioni sul lavoro eseguito o sui servizi resi, l'Appaltatore dovr\u00e0 eliminare le osservazioni nell'ambito dei Servizi inizialmente concordati dalle Parti.<\/div><\/li>\n \t<li>\n<h2>La privacy<\/h2>\n<div>\n\nAi fini della presente Offerta, per \u201cInformazioni Riservate\u201d si intendono:\n\n<\/div>\n<ol>\n \t<li style=\"list-style-type: none;\">\n<ol>\n \t<li style=\"list-style-type: none;\">\n<ol>\n \t<li>tutte le informazioni ufficiali, non pubbliche e non divulgabili, compresi i segreti commerciali, i dati finanziari, le informazioni commerciali, tecniche, operative e di altro tipo, i dati personali, le informazioni tecnologiche, i dati, le esperienze e le conoscenze di qualsiasi tipo e in qualsiasi forma, direttamente o indirettamente collegate alle Parti della presente Offerta, i dati sui fornitori e i termini delle transazioni con essi, i piani finanziari delle Parti e le relazioni sulle attivit\u00e0 passate, di cui le Parti sono venute a conoscenza in forma scritta, orale, elettronica o di altro tipo durante la loro collaborazione;<\/li>\n \t<li>qualsiasi informazione in possesso, uso o disposizione delle Parti e di cui le Parti vengono a conoscenza nell'ambito della cooperazione e dei rapporti contrattuali generali;<\/li>\n \t<li>qualsiasi informazione che non sia generalmente nota o disponibile al pubblico e che abbia un valore effettivo o potenziale per la Parte per ragioni commerciali, la cui divulgazione potrebbe causare danni materiali, nonch\u00e9 minare la reputazione commerciale o il prestigio della Parte o del suo personale;<\/li>\n \t<li>qualsiasi documento della Parte (anche in formato elettronico) con la dicitura \u201cRiservato\u201d e\/o \u201cPer uso ufficiale\u201d.<\/li>\n<\/ol>\n<\/li>\n<\/ol>\n<\/li>\n<\/ol>\n<div>Le Parti si impegnano reciprocamente a utilizzare le informazioni riservate fornite o apprese durante la validit\u00e0 della presente Offerta e nel corso della cooperazione delle Parti, solo in conformit\u00e0 ai termini della presente Offerta e solo nella quantit\u00e0 e per lo scopo per cui tali informazioni sono state fornite.<\/div><\/li>\n \t<li>\n<h2>Protezione dei dati personali<\/h2>\n<div>Nell'ambito della presente offerta, il Committente pu\u00f2 trasferire all'Appaltatore i dati personali di dipendenti\/rappresentanti\/clienti.<\/div>\n<div>\n\nI dati personali di cui alla presente Offerta saranno trasmessi ai fini dell'esecuzione dell'Offerta da parte dell'Appaltatore.\n\n<\/div>\n<div>L'Appaltatore ha il diritto di trattare i dati personali nella misura necessaria a fornire i servizi previsti dalla presente offerta, esclusivamente ai fini dell'esecuzione della stessa.<\/div>\n<div>\n\nAccettando i termini della presente Offerta, il Cliente garantisce che:\n\n<\/div>\n<ol>\n \t<li style=\"list-style-type: none;\">\n<ol>\n \t<li style=\"list-style-type: none;\">\n<ol>\n \t<li>Nel trattamento dei dati personali, il Cliente rispetta tutti i diritti dei soggetti interessati, previsti dal Regolamento generale sulla protezione dei dati (GDPR).<\/li>\n \t<li>il consenso volontario degli interessati al trattamento dei dati personali \u00e8 ricevuto dal Cliente.<\/li>\n<\/ol>\n<\/li>\n<\/ol>\n<\/li>\n<\/ol>\n<div>Con la sottoscrizione della presente Offerta, i rappresentanti autorizzati delle Parti acconsentono al trattamento dei propri dati personali al fine di confermare la facolt\u00e0 del soggetto di modificare e recedere dall'Offerta, di garantire l'esecuzione dei rapporti amministrativi e legali, dei rapporti nell'ambito delle attivit\u00e0 commerciali e degli altri rapporti previsti dalla legge.<\/div><\/li>\n \t<li>\n<h2>Responsabilit\u00e0 delle parti<\/h2>\n<div>\n\nIn caso di violazione degli obblighi previsti dalla presente Offerta, le Parti saranno responsabili ai sensi della presente Offerta e delle leggi applicabili. Per violazione di un obbligo si intende il suo mancato o inesatto adempimento.\n\n<\/div>\n<div>\n\nLe Parti non saranno responsabili di una violazione degli obblighi previsti dalla presente Offerta se non dovuta a loro colpa. Una parte sar\u00e0 considerata innocente se dimostrer\u00e0 di aver adottato tutte le misure in suo potere per il corretto adempimento del proprio obbligo.\n\n<\/div>\n<div>In caso di mancato adempimento degli obblighi monetari previsti dal Contratto, il Cliente sar\u00e0 tenuto a rimborsare all'Appaltatore l'importo del debito, oltre a una penale pari a 0,1% del costo totale dei Servizi, determinato dalla relativa fattura, per ogni giorno di ritardo.<\/div>\n<div>\n\nSe il Cliente non paga i pagamenti previsti dalla presente Offerta, l'Appaltatore si riserva il diritto di sospendere la fornitura dei Servizi previsti dalla presente Offerta.\n\n<\/div>\n<div>\n\nL'Appaltatore non sar\u00e0 responsabile per l'inadempimento o il cattivo adempimento degli obblighi previsti dalla presente offerta, se questo si \u00e8 verificato in conseguenza dell'inadempimento o del cattivo adempimento degli obblighi del Committente ai sensi della presente offerta.\n\n<\/div>\n<div>In caso di divulgazione di Informazioni Riservate e di violazione dei termini della presente Offerta, la Parte che ha permesso tale divulgazione sar\u00e0 tenuta a risarcire l'altra Parte per le perdite documentate derivanti dalla divulgazione di Informazioni Riservate e relative alla mancata o scorretta esecuzione dei termini della presente Offerta, compresi i danni alla reputazione commerciale.<\/div><\/li>\n \t<li>\n<h2>Forza maggiore<\/h2>\n<div>\n\nLe Parti saranno sollevate da ogni responsabilit\u00e0 per l'inadempimento totale o parziale degli obblighi previsti dalla presente Offerta qualora sia causato da circostanze di forza maggiore (forza maggiore), quali: calamit\u00e0 naturali, incendi, inondazioni, terremoti, guerre, blocchi, occupazioni, imposizione di norme di quarantena, sequestro di documenti da parte di autorit\u00e0 pubbliche (perquisizioni, accesso temporaneo a cose e documenti, richieste da parte di autorit\u00e0 pubbliche ai sensi della normativa vigente), regolamenti o leggi emanati da autorit\u00e0 governative autorizzate.\n\n<\/div>\n<div>In caso di circostanze di forza maggiore, il termine di adempimento degli obblighi sar\u00e0 posticipato del tempo in cui tali circostanze saranno in vigore. Se tali circostanze e le loro conseguenze dureranno pi\u00f9 di 3 (tre) mesi, ciascuna delle Parti avr\u00e0 il diritto di rifiutare l'ulteriore esecuzione degli obblighi previsti dall'Offerta.<\/div>\n<div>\n\nLa Parte per la quale \u00e8 impossibile adempiere agli obblighi previsti dalla presente Offerta a causa di circostanze di forza maggiore, dovr\u00e0 darne immediata comunicazione all'altra Parte.\n\n<\/div>\n<div>La Parte, per la quale \u00e8 impossibile adempiere agli obblighi previsti dalla presente Offerta a causa del verificarsi di una causa di forza maggiore, deve confermare l'esistenza e la durata della causa di forza maggiore con un certificato dell'ente autorizzato o con un'informazione tramite i media.<\/div><\/li>\n \t<li>\n<h2>Comunicazioni delle parti<\/h2>\n<div>\n\nLe Parti hanno concordato che le comunicazioni, le richieste, le domande o qualsiasi altra corrispondenza (di seguito la \u201cComunicazione\u201d) ai sensi della presente Offerta dovranno essere effettuate per iscritto o inviate via e-mail alla Parte interessata all'indirizzo di posta elettronica.\n\n<\/div>\n<div>La comunicazione si intender\u00e0 regolarmente eseguita e conforme ai termini della presente Offerta dal momento dell'invio di tale comunicazione all'indirizzo e-mail indicato nei dettagli.<\/div><\/li>\n \t<li>\n<h2>Periodo di validit\u00e0 della proposta<\/h2>\n<div>\n\nLa presente offerta entra in vigore dal momento della sua pubblicazione sul sito web del Contraente ed \u00e8 valida fino al suo ritiro da parte del Contraente.\n\n<\/div>\n<div>Il Contraente ha il diritto di modificare in qualsiasi momento e a propria discrezione le condizioni dell'Offerta e\/o di ritirare l'Offerta. Nel caso in cui l'Appaltatore apporti modifiche all'Offerta, tali modifiche entrano in vigore a partire dalla data di pubblicazione del testo modificato dell'Offerta sul sito web dell'Appaltatore, qualora non sia definita direttamente nel testo dell'Offerta modificata un'altra data di entrata in vigore.<\/div><\/li>\n \t<li>\n<h2>Disposizioni di chiusura<\/h2>\n<div>Le parti hanno stabilito che eventuali controversie e rivendicazioni saranno risolte tramite negoziati.<\/div>\n<div>\n\nLe parti hanno concordato di considerare come luogo della transazione e del servizio la sede dell'Appaltatore specificata nella Sezione 13 della presente Offerta.\n\n<\/div>\n<div>\n\nCon l'accettazione della presente Offerta, il Cliente accetta che tutte le controversie relative alla presente Offerta siano regolate dalla legge senza tener conto delle norme sul conflitto di leggi. Qualora le Parti non riescano a trovare un accordo durante la negoziazione e la procedura di reclamo, qualsiasi disputa, controversia o reclamo che possa sorgere da o in relazione alla presente Offerta, o all'esecuzione, alla violazione, alla risoluzione o all'invalidit\u00e0 della stessa, sar\u00e0 risolta dall'Istituto di Arbitrato della Camera di Commercio di Stoccolma (SCC).\n\n<\/div>\n<div>\n\nI titoli utilizzati negli articoli e nelle clausole della presente Offerta sono utilizzati solo per comunicare e per comodit\u00e0 nel testo. Tali titoli non possono essere interpretati come definizione, limitazione o modifica, n\u00e9 influiscono sul significato e sul contenuto dei termini e delle condizioni della presente Offerta o di una parte di essi.\n\n<\/div>\n<div>Le parti della presente Offerta hanno convenuto che se una parte della presente Offerta \u00e8 ritenuta non valida (illegale), l'Offerta stessa, anche senza l'inclusione della parte non valida (illegale), si considera conclusa. In tal caso, una Parte della presente Offerta non potr\u00e0 sostenere che, senza l'inclusione della parte non valida (illegale), non avrebbe aderito all'Offerta.<\/div>\n<div>\n\nQuanto sopra costituisce il testo unico dell'Offerta e sostituisce tutte le precedenti trattative, la corrispondenza, gli accordi, le proposte e le dichiarazioni fatte oralmente o per iscritto dalle Parti in merito all'oggetto dell'Offerta.\n\n<\/div>\n<div>In tutti i casi non coperti dalla presente offerta, le Parti saranno disciplinate dalle leggi vigenti in Inghilterra e Galles.<\/div><\/li>\n \t<li>\n<h2>Informazioni sul Contraente<\/h2>\n<div><b>Altegio Europe KFT<\/b><\/div>\n<div>Numero di registrazione: 01 09 302414<\/div>\n<div>Data di registrazione: 17\/08\/2017<\/div>\n<div>Indirizzo: Ungheria, 1054, Budapest, Sz\u00e9chenyi Istv\u00e1n t\u00e9r 7.<\/div>\n<div>Versione attuale dell'Offerta da <a class=\"gfm\" href=\"\/en\/altegio\/promo.landing\/-\/blob\/master\/hu\/info\/service-agreement-28042022\/\">28 aprile 2022<\/a><\/div><\/li>\n<\/ol>\n<\/div>\n<\/section>\t\t\t\t\t\t\t\t<\/div>\n\t\t\t\t\t<\/div>\n\t\t\t\t<\/div>\n\t\t\t\t<\/div>","protected":false},"excerpt":{"rendered":"<p>Altegio Europe KFT., a company incorporated and registered in the Hungary, Registration No.: 01 09 302414; Date of Registration: 17\/08\/2017, address: 1054 Budapest, Sz\u00e9chenyi Istv\u00e1n t\u00e9r 7 (hereinafter referred to as the Contractor), on the one hand, offers (public offer) to an unlimited number of individuals and\/or legal entities (hereinafter referred to as the Customer), [&hellip;]<\/p>\n","protected":false},"author":3,"featured_media":0,"parent":1114,"menu_order":0,"comment_status":"closed","ping_status":"closed","template":"","meta":{"_monsterinsights_skip_tracking":false,"_monsterinsights_sitenote_active":false,"_monsterinsights_sitenote_note":"","_monsterinsights_sitenote_category":0,"footnotes":""},"class_list":["post-8538","page","type-page","status-publish","hentry"],"aioseo_notices":[],"_links":{"self":[{"href":"https:\/\/alteg.io\/it\/wp-json\/wp\/v2\/pages\/8538","targetHints":{"allow":["GET"]}}],"collection":[{"href":"https:\/\/alteg.io\/it\/wp-json\/wp\/v2\/pages"}],"about":[{"href":"https:\/\/alteg.io\/it\/wp-json\/wp\/v2\/types\/page"}],"author":[{"embeddable":true,"href":"https:\/\/alteg.io\/it\/wp-json\/wp\/v2\/users\/3"}],"replies":[{"embeddable":true,"href":"https:\/\/alteg.io\/it\/wp-json\/wp\/v2\/comments?post=8538"}],"version-history":[{"count":3,"href":"https:\/\/alteg.io\/it\/wp-json\/wp\/v2\/pages\/8538\/revisions"}],"predecessor-version":[{"id":15417,"href":"https:\/\/alteg.io\/it\/wp-json\/wp\/v2\/pages\/8538\/revisions\/15417"}],"up":[{"embeddable":true,"href":"https:\/\/alteg.io\/it\/wp-json\/wp\/v2\/pages\/1114"}],"wp:attachment":[{"href":"https:\/\/alteg.io\/it\/wp-json\/wp\/v2\/media?parent=8538"}],"curies":[{"name":"wp","href":"https:\/\/api.w.org\/{rel}","templated":true}]}}