{"id":1116,"date":"2024-04-03T23:06:24","date_gmt":"2024-04-03T23:06:24","guid":{"rendered":"https:\/\/new.alteg.io\/?page_id=1116"},"modified":"2026-02-15T18:52:31","modified_gmt":"2026-02-15T18:52:31","slug":"data-transfer-agreement","status":"publish","type":"page","link":"https:\/\/alteg.io\/it\/info\/data-transfer-agreement\/","title":{"rendered":"Contratto di trasferimento dei dati"},"content":{"rendered":"<div data-elementor-type=\"wp-page\" data-elementor-id=\"1116\" class=\"elementor elementor-1116\" data-elementor-post-type=\"page\">\n\t\t\t\t\t\t<section class=\"elementor-section elementor-top-section elementor-element elementor-element-aef3809 elementor-section-boxed elementor-section-height-default elementor-section-height-default\" data-id=\"aef3809\" data-element_type=\"section\" data-e-type=\"section\" data-settings=\"{&quot;background_background&quot;:&quot;classic&quot;}\">\n\t\t\t\t\t\t<div class=\"elementor-container elementor-column-gap-default\">\n\t\t\t\t\t<div class=\"elementor-column elementor-col-100 elementor-top-column elementor-element elementor-element-4c88fbe\" data-id=\"4c88fbe\" data-element_type=\"column\" data-e-type=\"column\">\n\t\t\t<div class=\"elementor-widget-wrap elementor-element-populated\">\n\t\t\t\t\t\t<div class=\"elementor-element elementor-element-bd3132d elementor-widget elementor-widget-shortcode\" data-id=\"bd3132d\" data-element_type=\"widget\" data-e-type=\"widget\" data-widget_type=\"shortcode.default\">\n\t\t\t\t\t\t\t<div class=\"elementor-shortcode\"><div class=\"aioseo-breadcrumbs\"><span class=\"aioseo-breadcrumb\">\n\tCasa\n<\/span><\/div><\/div>\n\t\t\t\t\t\t<\/div>\n\t\t\t\t<div class=\"elementor-element elementor-element-e9de687 elementor-invisible elementor-widget elementor-widget-heading\" data-id=\"e9de687\" data-element_type=\"widget\" data-e-type=\"widget\" data-settings=\"{&quot;_animation&quot;:&quot;fadeInUp&quot;,&quot;_animation_mobile&quot;:&quot;fadeInDown&quot;,&quot;_animation_delay&quot;:300}\" data-widget_type=\"heading.default\">\n\t\t\t\t\t<h1 class=\"elementor-heading-title elementor-size-default\">Contratto di trasferimento dei dati<\/h1>\t\t\t\t<\/div>\n\t\t\t\t<div class=\"elementor-element elementor-element-1218f74 text-a animated-slow elementor-invisible elementor-widget elementor-widget-text-editor\" data-id=\"1218f74\" data-element_type=\"widget\" data-e-type=\"widget\" data-settings=\"{&quot;_animation&quot;:&quot;fadeIn&quot;,&quot;_animation_delay&quot;:400}\" data-widget_type=\"text-editor.default\">\n\t\t\t\t\t\t\t\t\tIl presente Accordo sul trasferimento dei dati \u00e8 stato stipulato tra Altegio Limited, una societ\u00e0 costituita secondo le leggi di Cipro con sede legale in Ioanni Stylianou, 6, 2\u00b0 piano, Appartamento|Ufficio 202, 2003, Nicosia, Cipro (di seguito denominata Licenziante) e il rappresentante autorizzato del Licenziatario.\n\nCONSIDERANDO che Altegio Limited, stipula il presente Accordo al fine di concedere al Licenziatario l'accesso alla Piattaforma Altegio.\nCONSIDERANDO che il presente Contratto ha lo scopo di regolare il trasferimento dei Dati al Licenziante per l'elaborazione dei Dati;\nCONSIDERANDO che l'Accordo ha lo scopo di garantire un adeguato livello di sicurezza in conformit\u00e0 alle norme sulla protezione dei dati quando i dati personali sono trattati e, in particolare, trasferiti in relazione alle attivit\u00e0 commerciali delle Parti;\nCONSIDERANDO che Lei, in qualit\u00e0 di rappresentante autorizzato del Licenziatario, conferma:\n<ul>\n \t<li>siete un rappresentante ufficiale che agisce per conto di una persona giuridica, un imprenditore individuale, un Licenziatario, che utilizza effettivamente la Piattaforma;<\/li>\n \t<li>l'utente ha l'autorit\u00e0 di accettare il presente contratto per conto di una persona giuridica, un imprenditore individuale.<\/li>\n \t<li>se non si accetta il presente accordo, non si pu\u00f2 accedere o utilizzare la Piattaforma e il Sito;<\/li>\n<\/ul>\nORA, PERTANTO, le Parti hanno convenuto quanto segue:\n\nOggetto del presente Accordo \u00e8 l'obbligo reciproco delle Parti di garantire la riservatezza della transazione di tutti i Dati alle condizioni specificate nel presente Accordo.\n\nAccettando i termini del presente Accordo, il Licenziatario acconsente liberamente, volontariamente e nel suo interesse alle seguenti azioni:\n<ul>\n \t<li>trasferimento di tutti i dati dell'account dell'Azienda alla Piattaforma Altegio, tra cui: database dei clienti dell'Azienda, compresi i Dati personali, database dei dipendenti dell'Azienda, compresi i Dati personali, dati sulle transazioni finanziarie, cronologia dei record online, cronologia delle visite, integrazioni con servizi di terze parti, tutte le altre informazioni dell'account;<\/li>\n \t<li>il trattamento dei dati personali dei dipendenti del Licenziatario, dei clienti e dei terzi i cui dati personali sono trasferiti dal Licenziatario ai sensi del presente contratto ai fini del trasferimento dei dati aziendali del Licenziatario al software Altegio (anche la raccolta, la registrazione, la sistematizzazione, l'accumulo, la conservazione, il chiarimento (aggiornamento, modifica), l'estrazione, l'uso, trasferimento (distribuzione, fornitura, accesso), spersonalizzazione, blocco, cancellazione, distruzione dei dati personali), ai sensi dei Requisiti per il Trattamento dei Dati e del Regolamento (CE) 2016\/679 del Parlamento Europeo e del Consiglio del 27 aprile 2016 relativo alla protezione delle persone fisiche con riguardo al trattamento dei dati personali, nonch\u00e9 alla libera circolazione di tali dati;<\/li>\n \t<li>l'elaborazione di altre informazioni sul conto di un'Azienda attraverso l'inserimento in banche dati elettroniche, l'inclusione in elenchi (registri) e moduli di segnalazione.<\/li>\n<\/ul>\nIl consenso al trattamento dei miei dati personali \u00e8 dato al Licenziante in conformit\u00e0 all'Informativa sulla privacy pubblicata e\/o disponibile su Internet all'indirizzo <a href=\"https:\/\/alteg.io\/en\/info\/privacy\">alteg.io\/it\/info\/privacy<\/a> e stabilisce le regole di trattamento delle informazioni personali dell'Utente, compresi i dati personali dell'Utente, con i Termini di servizio pubblicati e\/o disponibili su Internet all'indirizzo: <a href=\"https:\/\/alteg.io\/en\/info\/terms\">alteg.io\/it\/info\/termini<\/a>e con il Contratto di licenza \u00e8 pubblicato e\/o disponibile su Internet all'indirizzo: <a href=\"https:\/\/alteg.io\/en\/info\/license\">alteg.io\/it\/info\/licenza<\/a>al fine di consentire alle Parti di proseguire il loro rapporto in modo conforme alla legge. Il Licenziante tratta i dati personali in qualit\u00e0 di Titolare del trattamento dei dati personali.\nLe Parti adottano le misure organizzative e tecniche necessarie e sufficienti per proteggere i dati personali degli utenti dall'accesso non autorizzato o accidentale, dalla distruzione, dalla modifica, dal blocco, dalla copia, dalla distribuzione e da altre azioni illegali da parte di terzi.\n\nIl Concessore di licenza adotta tutte le misure di sicurezza tecniche e organizzative adeguate ai rischi, ad esempio contro la distruzione accidentale o illegale o la perdita accidentale, l'alterazione, la divulgazione non autorizzata o l'accesso durante il trasferimento dei dati.\n\nIl Concessore di licenza si impegna a far s\u00ec che qualsiasi persona che agisca sotto la direzione del Concessore di licenza non elabori i dati se non secondo le modalit\u00e0 e gli scopi specificati nel presente contratto e nell'informativa sulla privacy. Tenendo conto dello stato dell'arte, dei costi di implementazione e della natura, dell'ambito, del contesto e delle finalit\u00e0 del Trattamento, nonch\u00e9 del rischio di varia probabilit\u00e0 e gravit\u00e0 per i diritti e le libert\u00e0 delle persone fisiche, le Parti implementeranno misure tecniche e organizzative adeguate per garantire un livello di sicurezza appropriato a tale rischio, comprese, se del caso, le misure di cui all'Articolo 32(1) del GDPR.\n\nIl Licenziatario si impegna a rispettare i termini del presente accordo e garantisce che:\n<ul>\n \t<li>nel trasferire i dati della Societ\u00e0, il Licenziatario ha rispettato tutti i diritti degli interessati previsti dalla legge;<\/li>\n \t<li>il Licenziatario ha ottenuto il consenso degli interessati al trasferimento e al trattamento dei loro dati personali da parte del Licenziante e di terzi in conformit\u00e0 ai contratti e agli accordi stipulati, al fine di rispettare i diritti e gli interessi legali;<\/li>\n \t<li>Il Licenziatario adotta le misure organizzative e tecniche necessarie e sufficienti per proteggere i dati dell'Utente dall'accesso non autorizzato o accidentale, dalla distruzione, dalla modifica, dal blocco, dalla copia, dalla distribuzione, nonch\u00e9 da altre azioni illegali con essi da parte di terzi.<\/li>\n<\/ul>\nCiascuna Parte deve mantenere riservato il presente Accordo e le informazioni che riceve sull'altra Parte e sulla sua attivit\u00e0 in relazione al presente Accordo e non deve utilizzare o divulgare tali informazioni riservate senza il previo consenso dell'altra Parte, salvo nella misura in cui:\n<ul>\n \t<li>la divulgazione \u00e8 richiesta dalla legge;<\/li>\n \t<li>le informazioni pertinenti sono gi\u00e0 di dominio pubblico.<\/li>\n<\/ul>\nIl presente Contratto e qualsiasi controversia o reclamo derivante da, o in relazione a, il suo oggetto o la sua formazione (comprese le controversie o i reclami extracontrattuali) saranno disciplinati e interpretati in conformit\u00e0 alle leggi dell'Inghilterra e del Galles. Qualsiasi controversia derivante dal presente Contratto, che le Parti non saranno in grado di risolvere in via amichevole, sar\u00e0 sottoposta alla giurisdizione esclusiva dei tribunali di Inghilterra e Galles.\n\nIl presente Contratto entrer\u00e0 in vigore al momento dell'accettazione da parte delle Parti e rimarr\u00e0 in vigore fino a quando non sar\u00e0 risolto per iscritto. Il presente Contratto pu\u00f2 essere revocato per iscritto dal Licenziatario in qualsiasi momento a sua discrezione.\n\n<hr \/>\n\nTutti i suggerimenti, le domande, le richieste e le altre richieste relative al presente Contratto e al trasferimento dei dati possono essere inviate a <a href=\"mailto:support@alteg.io\">support@alteg.io<\/a>. Potete anche contattare il nostro Responsabile della Protezione dei Dati (DPO), sia con una lettera scritta indirizzata al \u201cResponsabile della Protezione dei Dati\u201d inviata all'indirizzo sopra indicato, sia via e-mail all'indirizzo <a href=\"mailto:legal@alteg.io\">Indirizzo del DPO<\/a>.\t\t\t\t\t\t\t\t<\/div>\n\t\t\t\t\t<\/div>\n\t\t<\/div>\n\t\t\t\t\t<\/div>\n\t\t<\/section>\n\t\t\t\t<\/div>","protected":false},"excerpt":{"rendered":"","protected":false},"author":3,"featured_media":0,"parent":1114,"menu_order":0,"comment_status":"closed","ping_status":"closed","template":"","meta":{"_monsterinsights_skip_tracking":false,"_monsterinsights_sitenote_active":false,"_monsterinsights_sitenote_note":"","_monsterinsights_sitenote_category":0,"footnotes":""},"class_list":["post-1116","page","type-page","status-publish","hentry"],"aioseo_notices":[],"_links":{"self":[{"href":"https:\/\/alteg.io\/it\/wp-json\/wp\/v2\/pages\/1116","targetHints":{"allow":["GET"]}}],"collection":[{"href":"https:\/\/alteg.io\/it\/wp-json\/wp\/v2\/pages"}],"about":[{"href":"https:\/\/alteg.io\/it\/wp-json\/wp\/v2\/types\/page"}],"author":[{"embeddable":true,"href":"https:\/\/alteg.io\/it\/wp-json\/wp\/v2\/users\/3"}],"replies":[{"embeddable":true,"href":"https:\/\/alteg.io\/it\/wp-json\/wp\/v2\/comments?post=1116"}],"version-history":[{"count":7,"href":"https:\/\/alteg.io\/it\/wp-json\/wp\/v2\/pages\/1116\/revisions"}],"predecessor-version":[{"id":19279,"href":"https:\/\/alteg.io\/it\/wp-json\/wp\/v2\/pages\/1116\/revisions\/19279"}],"up":[{"embeddable":true,"href":"https:\/\/alteg.io\/it\/wp-json\/wp\/v2\/pages\/1114"}],"wp:attachment":[{"href":"https:\/\/alteg.io\/it\/wp-json\/wp\/v2\/media?parent=1116"}],"curies":[{"name":"wp","href":"https:\/\/api.w.org\/{rel}","templated":true}]}}