{"id":8238,"date":"2024-10-02T11:44:25","date_gmt":"2024-10-02T11:44:25","guid":{"rendered":"https:\/\/alteg.io\/?page_id=8238"},"modified":"2026-02-15T19:00:45","modified_gmt":"2026-02-15T19:00:45","slug":"stand-with-ukraine","status":"publish","type":"page","link":"https:\/\/alteg.io\/hu\/stand-with-ukraine\/","title":{"rendered":"\u00c1lljon ki Ukrajna mellett"},"content":{"rendered":"<div data-elementor-type=\"wp-page\" data-elementor-id=\"8238\" class=\"elementor elementor-8238\" data-elementor-post-type=\"page\">\n\t\t\t\t<div class=\"elementor-element elementor-element-3c9789d e-flex e-con-boxed e-con e-parent\" data-id=\"3c9789d\" data-element_type=\"container\" data-e-type=\"container\" data-settings=\"{&quot;background_background&quot;:&quot;classic&quot;}\">\n\t\t\t\t\t<div class=\"e-con-inner\">\n\t\t<div class=\"elementor-element elementor-element-d2b59a9 e-con-full e-flex e-con e-child\" data-id=\"d2b59a9\" data-element_type=\"container\" data-e-type=\"container\">\n\t\t\t\t<div class=\"elementor-element elementor-element-92273cd elementor-widget__width-initial elementor-widget elementor-widget-image\" data-id=\"92273cd\" data-element_type=\"widget\" data-e-type=\"widget\" data-widget_type=\"image.default\">\n\t\t\t\t\t\t\t\t\t\t\t\t\t\t\t<img decoding=\"async\" src=\"https:\/\/upload.wikimedia.org\/wikipedia\/commons\/thumb\/4\/49\/Flag_of_Ukraine.svg\/255px-Flag_of_Ukraine.svg.png\" title=\"\" alt=\"\" loading=\"lazy\" \/>\t\t\t\t\t\t\t\t\t\t\t\t\t\t\t<\/div>\n\t\t\t\t<div class=\"elementor-element elementor-element-3f34d47 elementor-widget elementor-widget-text-editor\" data-id=\"3f34d47\" data-element_type=\"widget\" data-e-type=\"widget\" data-widget_type=\"text-editor.default\">\n\t\t\t\t\t\t\t\t\t<p>#St\u00e9sUkrajn\u00e1val<\/p>\t\t\t\t\t\t\t\t<\/div>\n\t\t\t\t<\/div>\n\t\t\t\t<div class=\"elementor-element elementor-element-ac06562 elementor-widget elementor-widget-text-editor\" data-id=\"ac06562\" data-element_type=\"widget\" data-e-type=\"widget\" data-widget_type=\"text-editor.default\">\n\t\t\t\t\t\t\t\t\t<p>Az Ukrajn\u00e1t t\u00e1mogat\u00f3 nyilatkozat.<\/p><p>\u00a0<\/p><p>Az Altegi\u00f3n\u00e1l hisz\u00fcnk a technol\u00f3gia erej\u00e9ben, amely egyes\u00edti az embereket, b\u0151v\u00edti a lehet\u0151s\u00e9geket \u00e9s el\u0151mozd\u00edtja a szabads\u00e1got vil\u00e1gszerte.<\/p><p>\u00a0<\/p><p>El\u00edt\u00e9lj\u00fck az agresszi\u00f3t, \u00e9s sz\u00edv\u00fcnk az ukr\u00e1n n\u00e9p, a v\u00e1llalkoz\u00f3k \u00e9s mindazok\u00e9, akiket ez a h\u00e1bor\u00fa \u00e9rint, bele\u00e9rtve az Altegio v\u00e1llalatcsoportban Ukrajn\u00e1ban dolgoz\u00f3 koll\u00e9g\u00e1inkat \u00e9s csal\u00e1djaikat.<\/p><p>\u00a0<\/p><p>Az innov\u00e1ci\u00f3 \u00e9s a halad\u00e1s ir\u00e1nt elk\u00f6telezett szoftverfejleszt\u0151 v\u00e1llalatk\u00e9nt konkr\u00e9t l\u00e9p\u00e9seket tesz\u00fcnk Ukrajna t\u00e1mogat\u00e1s\u00e1ra:\u00a0<\/p>\t\t\t\t\t\t\t\t<\/div>\n\t\t\t\t<div class=\"elementor-element elementor-element-d11b875 elementor-widget elementor-widget-text-editor\" data-id=\"d11b875\" data-element_type=\"widget\" data-e-type=\"widget\" data-widget_type=\"text-editor.default\">\n\t\t\t\t\t\t\t\t\t<p>1. Az USA \u00e9s az Eur\u00f3pai Uni\u00f3 \u00e1ltal az Ukrajna elleni agresszi\u00f3t t\u00e1mogat\u00f3 vagy abban seg\u00e9dkez\u0151 orsz\u00e1gok ellen bevezetett glob\u00e1lis szankci\u00f3kkal \u00f6sszhangban.<br \/><br \/><\/p><p>2. Az Altegio nem ny\u00fajt szolg\u00e1ltat\u00e1sokat Oroszorsz\u00e1gban \u00e9s Feh\u00e9roroszorsz\u00e1gban tal\u00e1lhat\u00f3 \u00fcgyfeleknek.<br \/><br \/><\/p><p>2. Az Altegio kezdem\u00e9nyez\u00e9seket ind\u00edtott, hogy a 2022-es bizonytalans\u00e1gi cs\u00facs idej\u00e9n minden ukr\u00e1n v\u00e1llalkoz\u00f3 sz\u00e1m\u00e1ra ingyenes hozz\u00e1f\u00e9r\u00e9st biztos\u00edtson szoftver\u00fcnkh\u00f6z.<br \/><br \/><\/p><p>3. A technol\u00f3gia d\u00f6nt\u0151 szerep\u00e9nek tudat\u00e1ban k\u00fcl\u00f6n\u00f6s hangs\u00falyt fektet\u00fcnk ukrajnai \u00fcgyfeleink adatainak biztons\u00e1g\u00e1ra, \u00e9s korl\u00e1tozzuk az Altegio azon munkat\u00e1rsainak hozz\u00e1f\u00e9r\u00e9s\u00e9t, akik nem ukrajnai \u00fcgyfelekkel dolgoznak.<br \/><br \/><\/p><p>4. Az Altegio nem l\u00e9p kapcsolatba olyan besz\u00e1ll\u00edt\u00f3kkal, partnerekkel vagy szolg\u00e1ltat\u00f3kkal, akik Oroszorsz\u00e1gban \u00e9s Feh\u00e9roroszorsz\u00e1gban folytatnak \u00fczleti tev\u00e9kenys\u00e9get.<br \/><br \/><\/p><p>5. Az Altegio nem alkalmaz olyan munkav\u00e1llal\u00f3kat, akik tov\u00e1bbra is Oroszorsz\u00e1gban \u00e9s Feh\u00e9roroszorsz\u00e1gban \u00e9lnek \u00e9s dolgoznak.<\/p>\t\t\t\t\t\t\t\t<\/div>\n\t\t\t\t<div class=\"elementor-element elementor-element-f76d669 elementor-widget elementor-widget-text-editor\" data-id=\"f76d669\" data-element_type=\"widget\" data-e-type=\"widget\" data-widget_type=\"text-editor.default\">\n\t\t\t\t\t\t\t\t\t<p>Ukrajna ir\u00e1nti elk\u00f6telezetts\u00e9g\u00fcnk tov\u00e1bbra is szil\u00e1rd. Ki\u00e1llunk a szabads\u00e1g, az emberi m\u00e9lt\u00f3s\u00e1g \u00e9s a b\u00e9ke mellett. Forr\u00e1sainkat \u00e9s platformunkat tov\u00e1bbra is arra fogjuk haszn\u00e1lni, hogy t\u00e1mogassuk Ukrajn\u00e1t ebben a kih\u00edv\u00e1sokkal teli id\u0151szakban.<\/p>\t\t\t\t\t\t\t\t<\/div>\n\t\t\t\t\t<\/div>\n\t\t\t\t<\/div>\n\t\t\t\t<\/div>","protected":false},"excerpt":{"rendered":"","protected":false},"author":3,"featured_media":0,"parent":0,"menu_order":0,"comment_status":"closed","ping_status":"closed","template":"","meta":{"_monsterinsights_skip_tracking":false,"_monsterinsights_sitenote_active":false,"_monsterinsights_sitenote_note":"","_monsterinsights_sitenote_category":0,"footnotes":""},"class_list":["post-8238","page","type-page","status-publish","hentry"],"aioseo_notices":[],"_links":{"self":[{"href":"https:\/\/alteg.io\/hu\/wp-json\/wp\/v2\/pages\/8238","targetHints":{"allow":["GET"]}}],"collection":[{"href":"https:\/\/alteg.io\/hu\/wp-json\/wp\/v2\/pages"}],"about":[{"href":"https:\/\/alteg.io\/hu\/wp-json\/wp\/v2\/types\/page"}],"author":[{"embeddable":true,"href":"https:\/\/alteg.io\/hu\/wp-json\/wp\/v2\/users\/3"}],"replies":[{"embeddable":true,"href":"https:\/\/alteg.io\/hu\/wp-json\/wp\/v2\/comments?post=8238"}],"version-history":[{"count":2,"href":"https:\/\/alteg.io\/hu\/wp-json\/wp\/v2\/pages\/8238\/revisions"}],"predecessor-version":[{"id":19366,"href":"https:\/\/alteg.io\/hu\/wp-json\/wp\/v2\/pages\/8238\/revisions\/19366"}],"wp:attachment":[{"href":"https:\/\/alteg.io\/hu\/wp-json\/wp\/v2\/media?parent=8238"}],"curies":[{"name":"wp","href":"https:\/\/api.w.org\/{rel}","templated":true}]}}