{"id":1283,"date":"2024-04-04T00:43:25","date_gmt":"2024-04-04T00:43:25","guid":{"rendered":"https:\/\/new.alteg.io\/?page_id=1283"},"modified":"2026-02-15T18:53:24","modified_gmt":"2026-02-15T18:53:24","slug":"user-data-transfer-agreement","status":"publish","type":"page","link":"https:\/\/alteg.io\/hu\/info\/user-data-transfer-agreement\/","title":{"rendered":"Felhaszn\u00e1l\u00f3i adat\u00e1tviteli meg\u00e1llapod\u00e1s"},"content":{"rendered":"<div data-elementor-type=\"wp-page\" data-elementor-id=\"1283\" class=\"elementor elementor-1283\" data-elementor-post-type=\"page\">\n\t\t\t\t\t\t<section class=\"elementor-section elementor-top-section elementor-element elementor-element-faded31 elementor-section-boxed elementor-section-height-default elementor-section-height-default\" data-id=\"faded31\" data-element_type=\"section\" data-e-type=\"section\" data-settings=\"{&quot;background_background&quot;:&quot;classic&quot;}\">\n\t\t\t\t\t\t<div class=\"elementor-container elementor-column-gap-default\">\n\t\t\t\t\t<div class=\"elementor-column elementor-col-100 elementor-top-column elementor-element elementor-element-06ab8a0\" data-id=\"06ab8a0\" data-element_type=\"column\" data-e-type=\"column\">\n\t\t\t<div class=\"elementor-widget-wrap elementor-element-populated\">\n\t\t\t\t\t\t<div class=\"elementor-element elementor-element-966d695 elementor-widget elementor-widget-shortcode\" data-id=\"966d695\" data-element_type=\"widget\" data-e-type=\"widget\" data-widget_type=\"shortcode.default\">\n\t\t\t\t\t\t\t<div class=\"elementor-shortcode\"><div class=\"aioseo-breadcrumbs\"><span class=\"aioseo-breadcrumb\">\n\tKezd\u0151lap\n<\/span><\/div><\/div>\n\t\t\t\t\t\t<\/div>\n\t\t\t\t<div class=\"elementor-element elementor-element-d679525 elementor-invisible elementor-widget elementor-widget-heading\" data-id=\"d679525\" data-element_type=\"widget\" data-e-type=\"widget\" data-settings=\"{&quot;_animation&quot;:&quot;fadeInUp&quot;,&quot;_animation_mobile&quot;:&quot;fadeInDown&quot;,&quot;_animation_delay&quot;:300}\" data-widget_type=\"heading.default\">\n\t\t\t\t\t<h1 class=\"elementor-heading-title elementor-size-default\">Felhaszn\u00e1l\u00f3i adattov\u00e1bb\u00edt\u00e1si \u00e9s -feldolgoz\u00e1si meg\u00e1llapod\u00e1s<\/h1>\t\t\t\t<\/div>\n\t\t\t\t<div class=\"elementor-element elementor-element-1b60abf text-a animated-slow elementor-invisible elementor-widget elementor-widget-text-editor\" data-id=\"1b60abf\" data-element_type=\"widget\" data-e-type=\"widget\" data-settings=\"{&quot;_animation&quot;:&quot;fadeIn&quot;,&quot;_animation_delay&quot;:400}\" data-widget_type=\"text-editor.default\">\n\t\t\t\t\t\t\t\t\tAz adatkezel\u00e9si k\u00f6vetelm\u00e9nyek \u00e9s az Eur\u00f3pai Parlament \u00e9s a Tan\u00e1cs (EU) 2016\/679 rendelete (2016. \u00e1prilis 27.) a szem\u00e9lyes adatok kezel\u00e9se tekintet\u00e9ben az egy\u00e9nek v\u00e9delm\u00e9r\u0151l \u00e9s az ilyen adatok szabad \u00e1raml\u00e1s\u00e1r\u00f3l, \u00d6nk\u00e9ntes hozz\u00e1j\u00e1rul\u00e1somat adom szem\u00e9lyes adataimnak az \u00faj Adatkezel\u0151, az \u201cAltegio Limited\u201d, a ciprusi jog szerint bejegyzett t\u00e1rsas\u00e1g (sz\u00e9khelye: Ioanni Stylianou, 6, 2nd floor, Flat|Office 202, 2003, Nicosia, Cyprus, (a tov\u00e1bbiakban: \u201cAdatkezel\u0151\u201d) \u00e1ltal t\u00f6rt\u00e9n\u0151, az Altegio Platformhoz val\u00f3 hozz\u00e1f\u00e9r\u00e9s \u00e9s annak haszn\u00e1lata c\u00e9lj\u00e1b\u00f3l t\u00f6rt\u00e9n\u0151 feldolgoz\u00e1s c\u00e9lj\u00e1b\u00f3l t\u00f6rt\u00e9n\u0151 tov\u00e1bb\u00edt\u00e1s\u00e1hoz.\n\nHozz\u00e1j\u00e1rul\u00e1st adok az Adatkezel\u0151nek szem\u00e9lyes adataim feldolgoz\u00e1s\u00e1hoz az Adatv\u00e9delmi Szab\u00e1lyzatnak megfelel\u0151en, amely az al\u00e1bbi internetc\u00edmen van k\u00f6zz\u00e9t\u00e9ve \u00e9s\/vagy el\u00e9rhet\u0151 az interneten <a href=\"https:\/\/alteg.io\/en\/info\/privacy\">alteg.io\/en\/info\/privacy<\/a> \u00e9s meghat\u00e1rozza a Felhaszn\u00e1l\u00f3 szem\u00e9lyes adatainak - bele\u00e9rtve a Felhaszn\u00e1l\u00f3 szem\u00e9lyes adatait is - feldolgoz\u00e1s\u00e1nak szab\u00e1lyait, valamint a Szolg\u00e1ltat\u00e1si felt\u00e9teleket, amelyek az al\u00e1bbi internetc\u00edmen vannak k\u00f6zz\u00e9t\u00e9ve \u00e9s\/vagy el\u00e9rhet\u0151k: <a href=\"https:\/\/alteg.io\/en\/info\/terms\">alteg.io\/en\/info\/terms<\/a> annak \u00e9rdek\u00e9ben, hogy a felek a jognak megfelel\u0151 m\u00f3don folytathass\u00e1k kapcsolatukat.\n\nAz Adatkezel\u0151 jogosult a szem\u00e9lyes adataimmal m\u0171veleteket (m\u0171veleteket) v\u00e9gezni, bele\u00e9rtve a szem\u00e9lyes adataim gy\u0171jt\u00e9s\u00e9t, rendszerez\u00e9s\u00e9t, gy\u0171jt\u00e9s\u00e9t, t\u00e1rol\u00e1s\u00e1t, felhaszn\u00e1l\u00e1suk pontos\u00edt\u00e1s\u00e1t (friss\u00edt\u00e9s\u00e9t, m\u00f3dos\u00edt\u00e1s\u00e1t), szem\u00e9lytelen\u00edt\u00e9s\u00e9t, z\u00e1rol\u00e1s\u00e1t, t\u00f6rl\u00e9s\u00e9t, amelyek kateg\u00f3ri\u00e1it az Adatv\u00e9delmi Szab\u00e1lyzat tartalmazza.\n\nNem tiltakozom szem\u00e9lyes adataimnak az Adatkezel\u0151 \u00e9s harmadik szem\u00e9lyek k\u00f6z\u00f6tti, a megk\u00f6t\u00f6tt szerz\u0151d\u00e9seknek \u00e9s meg\u00e1llapod\u00e1soknak megfelel\u0151 cser\u00e9je (\u00e1tv\u00e9tele, tov\u00e1bb\u00edt\u00e1sa) ellen, t\u00f6rv\u00e9nyes jogaim \u00e9s \u00e9rdekeim \u00e9rv\u00e9nyes\u00edt\u00e9se \u00e9rdek\u00e9ben.\n\nA jelen meg\u00e1llapod\u00e1s a Felek \u00e1ltali al\u00e1\u00edr\u00e1s\u00e1nak pillanat\u00e1t\u00f3l l\u00e9p hat\u00e1lyba, \u00e9s a jelen meg\u00e1llapod\u00e1s megsz\u0171n\u00e9s\u00e9ig marad hat\u00e1lyban.\n\nA jelen Meg\u00e1llapod\u00e1st saj\u00e1t bel\u00e1t\u00e1som szerint b\u00e1rmikor \u00edr\u00e1sban visszavonhatom.\n\n<hr \/>\n\nA Felhaszn\u00e1l\u00f3 a jelen meg\u00e1llapod\u00e1ssal \u00e9s a szem\u00e9lyes adatainak felhaszn\u00e1l\u00e1s\u00e1val kapcsolatos minden javaslatot, k\u00e9rd\u00e9st, k\u00e9r\u00e9st \u00e9s egy\u00e9b megkeres\u00e9st a k\u00f6vetkez\u0151 c\u00edmre k\u00fcldhet el <a href=\"mailto:support@alteg.io\">support@altegio.eu<\/a>.  Az adatv\u00e9delmi tisztvisel\u0151nkkel (DPO) is felveheti a kapcsolatot, ak\u00e1r a \u201cAdatv\u00e9delmi tisztvisel\u0151nek\u201d c\u00edmzett, a fent megadott c\u00edmre k\u00fcld\u00f6tt \u00edr\u00e1sbeli lev\u00e9lben, ak\u00e1r a k\u00f6vetkez\u0151 e-mail c\u00edmre k\u00fcld\u00f6tt e-mailben <a href=\"mailto:legal@alteg.io\">Az adatv\u00e9delmi tisztvisel\u0151 c\u00edme<\/a>.\t\t\t\t\t\t\t\t<\/div>\n\t\t\t\t\t<\/div>\n\t\t<\/div>\n\t\t\t\t\t<\/div>\n\t\t<\/section>\n\t\t\t\t<\/div>","protected":false},"excerpt":{"rendered":"","protected":false},"author":3,"featured_media":0,"parent":1114,"menu_order":0,"comment_status":"closed","ping_status":"closed","template":"","meta":{"_monsterinsights_skip_tracking":false,"_monsterinsights_sitenote_active":false,"_monsterinsights_sitenote_note":"","_monsterinsights_sitenote_category":0,"footnotes":""},"class_list":["post-1283","page","type-page","status-publish","hentry"],"aioseo_notices":[],"_links":{"self":[{"href":"https:\/\/alteg.io\/hu\/wp-json\/wp\/v2\/pages\/1283","targetHints":{"allow":["GET"]}}],"collection":[{"href":"https:\/\/alteg.io\/hu\/wp-json\/wp\/v2\/pages"}],"about":[{"href":"https:\/\/alteg.io\/hu\/wp-json\/wp\/v2\/types\/page"}],"author":[{"embeddable":true,"href":"https:\/\/alteg.io\/hu\/wp-json\/wp\/v2\/users\/3"}],"replies":[{"embeddable":true,"href":"https:\/\/alteg.io\/hu\/wp-json\/wp\/v2\/comments?post=1283"}],"version-history":[{"count":7,"href":"https:\/\/alteg.io\/hu\/wp-json\/wp\/v2\/pages\/1283\/revisions"}],"predecessor-version":[{"id":19294,"href":"https:\/\/alteg.io\/hu\/wp-json\/wp\/v2\/pages\/1283\/revisions\/19294"}],"up":[{"embeddable":true,"href":"https:\/\/alteg.io\/hu\/wp-json\/wp\/v2\/pages\/1114"}],"wp:attachment":[{"href":"https:\/\/alteg.io\/hu\/wp-json\/wp\/v2\/media?parent=1283"}],"curies":[{"name":"wp","href":"https:\/\/api.w.org\/{rel}","templated":true}]}}