{"id":10026,"date":"2025-04-01T09:24:11","date_gmt":"2025-04-01T09:24:11","guid":{"rendered":"https:\/\/blog.altegio.cloud\/blog-fooldal\/"},"modified":"2025-07-03T14:24:26","modified_gmt":"2025-07-03T14:24:26","slug":"blog","status":"publish","type":"page","link":"https:\/\/alteg.io\/hu\/blog\/","title":{"rendered":"Blog F\u0151oldal"},"content":{"rendered":"\t\t<div data-elementor-type=\"wp-post\" data-elementor-id=\"10026\" class=\"elementor elementor-10026 elementor-9636\" data-elementor-post-type=\"page\">\n\t\t\t\t<div class=\"elementor-element elementor-element-8497237 e-flex e-con-boxed e-con e-parent\" data-id=\"8497237\" data-element_type=\"container\" data-e-type=\"container\">\n\t\t\t\t\t<div class=\"e-con-inner\">\n\t\t\t\t<div class=\"elementor-element elementor-element-f731938 elementor-widget elementor-widget-heading\" data-id=\"f731938\" data-element_type=\"widget\" data-e-type=\"widget\" data-widget_type=\"heading.default\">\n\t\t\t\t\t<h1 class=\"elementor-heading-title elementor-size-default\">Az Altegio blog<\/h1>\t\t\t\t<\/div>\n\t\t<div class=\"elementor-element elementor-element-6fe7223 e-flex e-con-boxed e-con e-child\" data-id=\"6fe7223\" data-element_type=\"container\" data-e-type=\"container\">\n\t\t\t\t\t<div class=\"e-con-inner\">\n\t\t\t\t<div class=\"elementor-element elementor-element-b1867a5 elementor-widget__width-initial elementor-widget-mobile__width-inherit elementor-widget elementor-widget-text-editor\" data-id=\"b1867a5\" data-element_type=\"widget\" data-e-type=\"widget\" data-widget_type=\"text-editor.default\">\n\t\t\t\t\t\t\t\t\t<p>Mer\u00fclj\u00f6n el az Altegio term\u00e9kfriss\u00edt\u00e9sekben, v\u00e1llalati h\u00edrekben \u00e9s oktat\u00e1si tartalmakban arr\u00f3l, hogy a v\u00e1llalkoz\u00e1sok tulajdonosai \u00e9s rendszergazd\u00e1i hogyan haszn\u00e1lhatj\u00e1k ki a nyeres\u00e9get.<\/p>\t\t\t\t\t\t\t\t<\/div>\n\t\t\t\t\t<\/div>\n\t\t\t\t<\/div>\n\t\t\t\t\t<\/div>\n\t\t\t\t<\/div>\n\t\t<div class=\"elementor-element elementor-element-323e198 e-flex e-con-boxed e-con e-parent\" data-id=\"323e198\" data-element_type=\"container\" data-e-type=\"container\">\n\t\t\t\t\t<div class=\"e-con-inner\">\n\t\t\t\t<div class=\"elementor-element elementor-element-f343090 elementor-widget elementor-widget-heading\" data-id=\"f343090\" data-element_type=\"widget\" data-e-type=\"widget\" data-widget_type=\"heading.default\">\n\t\t\t\t\t<h2 class=\"elementor-heading-title elementor-size-default\">Legut\u00f3bbi bejegyz\u00e9sek<\/h2>\t\t\t\t<\/div>\n\t\t\t\t\t<\/div>\n\t\t\t\t<\/div>\n\t\t<div class=\"elementor-element elementor-element-be100d5 e-flex e-con-boxed e-con e-parent\" data-id=\"be100d5\" data-element_type=\"container\" data-e-type=\"container\">\n\t\t\t\t\t<div class=\"e-con-inner\">\n\t\t<div class=\"elementor-element elementor-element-277fc4f e-con-full e-flex e-con e-child\" data-id=\"277fc4f\" data-element_type=\"container\" data-e-type=\"container\">\n\t\t\t\t<\/div>\n\t\t<div class=\"elementor-element elementor-element-9185450 e-con-full elementor-hidden-mobile fiximg e-flex e-con e-child\" data-id=\"9185450\" data-element_type=\"container\" data-e-type=\"container\">\n\t\t\t\t<\/div>\n\t\t\t\t\t<\/div>\n\t\t\t\t<\/div>\n\t\t<div class=\"elementor-element elementor-element-b0d6606 e-flex e-con-boxed e-con e-parent\" data-id=\"b0d6606\" data-element_type=\"container\" data-e-type=\"container\">\n\t\t\t\t\t<div class=\"e-con-inner\">\n\t\t\t\t<div class=\"elementor-element elementor-element-e77618d elementor-widget elementor-widget-heading\" data-id=\"e77618d\" data-element_type=\"widget\" data-e-type=\"widget\" data-widget_type=\"heading.default\">\n\t\t\t\t\t<h2 class=\"elementor-heading-title elementor-size-default\">Minden blogbejegyz\u00e9s<\/h2>\t\t\t\t<\/div>\n\t\t\t\t\t<\/div>\n\t\t\t\t<\/div>\n\t\t\t\t<\/div>\n\t\t","protected":false},"excerpt":{"rendered":"<p>Az Altegio blog Mer\u00fclj\u00f6n el az Altegio term\u00e9kfriss\u00edt\u00e9sekben, v\u00e1llalati h\u00edrekben \u00e9s oktat\u00e1si tartalmakban arr\u00f3l, hogy a v\u00e1llalkoz\u00e1sok tulajdonosai \u00e9s rendszergazd\u00e1i hogyan haszn\u00e1lhatj\u00e1k ki a nyeres\u00e9get. Legut\u00f3bbi bejegyz\u00e9sek Minden blogbejegyz\u00e9s<\/p>\n","protected":false},"author":3,"featured_media":0,"parent":0,"menu_order":0,"comment_status":"closed","ping_status":"closed","template":"elementor_header_footer","meta":{"_monsterinsights_skip_tracking":false,"_monsterinsights_sitenote_active":false,"_monsterinsights_sitenote_note":"","_monsterinsights_sitenote_category":0,"footnotes":""},"class_list":["post-10026","page","type-page","status-publish","hentry","entry"],"aioseo_notices":[],"_links":{"self":[{"href":"https:\/\/alteg.io\/hu\/blog\/wp-json\/wp\/v2\/pages\/10026","targetHints":{"allow":["GET"]}}],"collection":[{"href":"https:\/\/alteg.io\/hu\/blog\/wp-json\/wp\/v2\/pages"}],"about":[{"href":"https:\/\/alteg.io\/hu\/blog\/wp-json\/wp\/v2\/types\/page"}],"author":[{"embeddable":true,"href":"https:\/\/alteg.io\/hu\/blog\/wp-json\/wp\/v2\/users\/3"}],"replies":[{"embeddable":true,"href":"https:\/\/alteg.io\/hu\/blog\/wp-json\/wp\/v2\/comments?post=10026"}],"version-history":[{"count":1,"href":"https:\/\/alteg.io\/hu\/blog\/wp-json\/wp\/v2\/pages\/10026\/revisions"}],"predecessor-version":[{"id":10029,"href":"https:\/\/alteg.io\/hu\/blog\/wp-json\/wp\/v2\/pages\/10026\/revisions\/10029"}],"wp:attachment":[{"href":"https:\/\/alteg.io\/hu\/blog\/wp-json\/wp\/v2\/media?parent=10026"}],"curies":[{"name":"wp","href":"https:\/\/api.w.org\/{rel}","templated":true}]}}