{"id":8844,"date":"2024-11-21T15:05:22","date_gmt":"2024-11-21T15:05:22","guid":{"rendered":"https:\/\/alteg.io\/?page_id=8844"},"modified":"2026-02-15T19:01:00","modified_gmt":"2026-02-15T19:01:00","slug":"eula","status":"publish","type":"page","link":"https:\/\/alteg.io\/es\/eula\/","title":{"rendered":"Aplicaci\u00f3n m\u00f3vil AunioAcuerdo de licencia"},"content":{"rendered":"<div data-elementor-type=\"wp-page\" data-elementor-id=\"8844\" class=\"elementor elementor-8844\" data-elementor-post-type=\"page\">\n\t\t\t\t<div class=\"elementor-element elementor-element-af88cb1 e-flex e-con-boxed e-con e-parent\" data-id=\"af88cb1\" data-element_type=\"container\" data-e-type=\"container\">\n\t\t\t\t\t<div class=\"e-con-inner\">\n\t\t\t\t<div class=\"elementor-element elementor-element-d7fae47 elementor-widget elementor-widget-shortcode\" data-id=\"d7fae47\" data-element_type=\"widget\" data-e-type=\"widget\" data-widget_type=\"shortcode.default\">\n\t\t\t\t\t\t\t<div class=\"elementor-shortcode\"><div class=\"aioseo-breadcrumbs\"><span class=\"aioseo-breadcrumb\">\n\t<a href=\"https:\/\/alteg.io\/es\/\" title=\"Inicio\">Inicio<\/a>\n<\/span><span class=\"aioseo-breadcrumb-separator\">&gt;<\/span><span class=\"aioseo-breadcrumb\">\n\tAplicaci\u00f3n m\u00f3vil AunioAcuerdo de licencia\n<\/span><\/div><\/div>\n\t\t\t\t\t\t<\/div>\n\t\t\t\t<div class=\"elementor-element elementor-element-4d2422d elementor-invisible elementor-widget elementor-widget-heading\" data-id=\"4d2422d\" data-element_type=\"widget\" data-e-type=\"widget\" data-settings=\"{&quot;_animation&quot;:&quot;fadeInUp&quot;,&quot;_animation_mobile&quot;:&quot;fadeInDown&quot;,&quot;_animation_delay&quot;:300}\" data-widget_type=\"heading.default\">\n\t\t\t\t\t<h1 class=\"elementor-heading-title elementor-size-default\">Acuerdo de licencia de la aplicaci\u00f3n m\u00f3vil Aunio<\/h1>\t\t\t\t<\/div>\n\t\t\t\t<div class=\"elementor-element elementor-element-c2d7f3f text-a text-main animated-slow elementor-invisible elementor-widget elementor-widget-text-editor\" data-id=\"c2d7f3f\" data-element_type=\"widget\" data-e-type=\"widget\" data-settings=\"{&quot;_animation&quot;:&quot;fadeIn&quot;,&quot;_animation_delay&quot;:500}\" data-widget_type=\"text-editor.default\">\n\t\t\t\t\t\t\t\t\t<ol class=\"ol-1-1 ol-1-1-head\" start=\"1\">\n \t<li><section>\n<div>\n\nEl presente Acuerdo de Licencia es una oferta de Altegio Limited, una empresa registrada conforme a las leyes de Chipre (en lo sucesivo, el \u201cTitular del Derecho\u201d) para celebrar el acuerdo en los t\u00e9rminos y condiciones que se indican a continuaci\u00f3n.\n\n<b> Por favor, lea los t\u00e9rminos y condiciones de este Contrato de Licencia antes de utilizar la aplicaci\u00f3n m\u00f3vil Aunio (en adelante \u201cAunio\u201d). No est\u00e1 permitido utilizar Aunio en otras condiciones. <\/b>\n\nEl presente Contrato se celebra \u00fanicamente entre el Usuario y el Titular del Derecho, y no con ninguna de las App Stores. Por lo tanto, el Titular del Derecho es el \u00fanico responsable del <b>Aunio<\/b> y su contenido.\n\n<\/div>\n<\/section><section>\n<div>\n<ol>\n \t<li>\n<h2>T\u00e9rminos y definiciones<\/h2>\n<ol>\n \t<li>Las palabras y frases utilizadas en este Contrato de Licencia tienen los siguientes significados, a menos que se especifique expresamente lo contrario en lo sucesivo:\n<ul>\n \t<li><b>Licencia (Acuerdo)<\/b> se entender\u00e1 el texto del presente documento con todos sus anexos, modificaciones y ap\u00e9ndices que aparezca durante el proceso de instalaci\u00f3n del <b>Aunio<\/b> o durante el inicio de su utilizaci\u00f3n.<\/li>\n \t<li><b>Usuario<\/b> se refiere a una persona que ha celebrado el presente Contrato con el Titular de los Derechos en beneficio propio o de terceros por exigencias de la legislaci\u00f3n vigente y del presente Contrato.<\/li>\n \t<li><b>Aunio<\/b> se refiere a la aplicaci\u00f3n m\u00f3vil, el programa de software acompa\u00f1ado de esta Licencia y destinado a la instalaci\u00f3n y el uso en el Dispositivo con el fin de que el Usuario realice pedidos (reservas) en l\u00ednea de los Servicios del Vendedor.<\/li>\n \t<li><b>Dispositivo<\/b> cualquier tel\u00e9fono m\u00f3vil, comunicador, smartphone, tableta u otro dispositivo que permita utilizar las aplicaciones m\u00f3viles de acuerdo con su finalidad funcional.<\/li>\n \t<li><b>Vendedor<\/b> significa un indicado en el <b>Aunio<\/b> entidad o individuo que proporciona al Usuario Servicios, pedidos (reservas) de los cuales el <b>Aunio<\/b> est\u00e1 destinado a.<\/li>\n \t<li><b>Servicios<\/b> se refiere a los servicios y bienes del Vendedor que pueden ser solicitados (reservados) por el Usuario en l\u00ednea utilizando el <b>Aunio<\/b>.<\/li>\n \t<li><b>Contenido<\/b> cualquier informaci\u00f3n y material, incluidos texto, gr\u00e1ficos, audio, v\u00eddeo y otros materiales que puedan transmitirse y\/o colocarse en el <b>Aunio<\/b>.<\/li>\n \t<li><b>App Store<\/b> se refiere a Google Play, Apple AppStore, Amazon Appstore y otros servicios y plataformas similares de distribuci\u00f3n de software para dispositivos m\u00f3viles.<\/li>\n<\/ul>\n<\/li>\n \t<li>El presente Acuerdo podr\u00e1 utilizar otros t\u00e9rminos y definiciones no estipulados en la cl\u00e1usula 1.1. del mismo. En este caso, dicho t\u00e9rmino deber\u00e1 interpretarse de acuerdo con el texto del mismo. Si no es posible interpretar dicho t\u00e9rmino o definici\u00f3n de una manera \u00fanica, dicho t\u00e9rmino o definici\u00f3n deber\u00e1 interpretarse en primer lugar de acuerdo con los documentos obligatorios estipulados en el mismo, en segundo lugar - de acuerdo con las leyes aplicables y despu\u00e9s de eso - de acuerdo con la costumbre empresarial y la doctrina cient\u00edfica.<\/li>\n<\/ol>\n<\/li>\n \t<li>\n<h2>Licencia<\/h2>\n<ol>\n \t<li>Una vez celebrado el presente Contrato, el Titular de los derechos autoriza al Usuario a utilizar el <b>Aunio<\/b> en los t\u00e9rminos de una licencia mundial no exclusiva e intransferible durante el plazo establecido.<\/li>\n \t<li>El Usuario s\u00f3lo podr\u00e1 utilizar el <b>Aunio<\/b> en un Dispositivo de su propiedad o bajo su control y seg\u00fan lo permitido por los t\u00e9rminos y condiciones de App Store.<\/li>\n \t<li>Para concluir el presente Acuerdo, el Usuario es suficiente para llevar a cabo la reproducci\u00f3n (grabaci\u00f3n) o el lanzamiento de la <b>Aunio<\/b> El cumplimiento de las acciones mencionadas anteriormente confirma que el Usuario ha revisado y acepta plena y absolutamente los t\u00e9rminos establecidos en este documento, y crea el acuerdo en las condiciones dadas entre el Usuario y el Titular del derecho.<\/li>\n \t<li>El Usuario tiene derecho a utilizar el <b>Aunio<\/b> de acuerdo con los t\u00e9rminos y condiciones del presente documento mediante los siguientes m\u00e9todos de uso:\n<ol>\n \t<li>Reproducci\u00f3n (registro) de la <b>Aunio<\/b> en un \u00fanico Dispositivo;<\/li>\n \t<li>Lanzamiento y uso del <b>Aunio<\/b> debido a su finalidad funcional en un \u00fanico Dispositivo;<\/li>\n \t<li>Proporcionar datos sobre el historial de los registros en l\u00ednea del Usuario utilizando el n\u00famero de tel\u00e9fono personal del Usuario.<\/li>\n<\/ol>\n<\/li>\n \t<li>Todos los derechos y formas de uso del <b>Aunio<\/b> no est\u00e9n expresamente concedidas al Usuario por el Contrato se considerar\u00e1n no concedidas\/prohibidas por el Titular de los Derechos.<\/li>\n \t<li>La duraci\u00f3n de esta licencia no est\u00e1 limitada. La disponibilidad real del pedido (reserva) de los Servicios por parte del Usuario depende del Vendedor.<\/li>\n<\/ol>\n<\/li>\n \t<li>\n<h2>Servicios y materiales del proveedor<\/h2>\n<ol>\n \t<li><b>Aunio<\/b> tiene por objeto hacer posible la interacci\u00f3n entre el Usuario y el Vendedor con el fin de que el Usuario encargue (reserve) los Servicios del Vendedor. En ese momento, el Usuario tiene acceso a la informaci\u00f3n y materiales colocados en el <b>Aunio<\/b> por el Vendedor o en su nombre, incluidos los enlaces a sitios web o servicios (en adelante, los Materiales del Vendedor).<\/li>\n \t<li>El Usuario reconoce y acepta que el Titular del Derecho no ser\u00e1 responsable de ning\u00fan Servicio o Material del Vendedor, incluida su exactitud, integridad, puntualidad, validez, cumplimiento de los derechos de autor, legalidad, decencia, calidad, seguridad o cualquier otro aspecto de los mismos. El Titular del Derecho no asume ni tendr\u00e1 responsabilidad alguna ante el Usuario ni ante ninguna otra persona o entidad por los Servicios o Materiales del Vendedor, y el Usuario los utiliza por su cuenta y riesgo.<\/li>\n \t<li>El Usuario debe cumplir las condiciones de uso aplicables de los Servicios o Materiales del Vendedor cuando utilice el <b>Aunio<\/b>.<\/li>\n<\/ol>\n<\/li>\n \t<li>\n<h2>Restricciones de licencia<\/h2>\n<ol>\n \t<li>El Usuario no est\u00e1 autorizado a hacer lo siguiente de forma independiente o empleando a terceros:\n<ol>\n \t<li>Copiar (reproducir) de cualquier modo el software de aplicaci\u00f3n y las bases de datos que forman parte del <b>Aunio<\/b>, incluyendo cualquiera de sus elementos y materiales de informaci\u00f3n sin el consentimiento previo por escrito de su propietario.<\/li>\n \t<li>Revelar las t\u00e9cnicas, emular, descompilar, desensamblar, descodificar y realizar cualquier otra acci\u00f3n similar en relaci\u00f3n con el <b>Aunio<\/b>.<\/li>\n \t<li>Crear software y\/o servicios utilizando el <b>Aunio<\/b> sin autorizaci\u00f3n previa del titular de los derechos.<\/li>\n \t<li>Eliminar o alterar de cualquier modo las marcas comerciales y los avisos de derechos de autor u otros avisos de propiedad incluidos en el <b>Aunio<\/b>.<\/li>\n<\/ol>\n<\/li>\n \t<li>Se proh\u00edbe terminantemente al usuario utilizar el <b>Aunio<\/b> para la creaci\u00f3n y\/o distribuci\u00f3n de Contenidos que:\n<ul>\n \t<li>sea ilegal (informaci\u00f3n prohibida), da\u00f1ina, ofenda la moralidad, demuestre (o propague) violencia y crueldad, promueva el odio y\/o la discriminaci\u00f3n de personas por motivos raciales, \u00e9tnicos, sexuales, religiosos, sociales, contenga elementos (o sea propaganda) de pornograf\u00eda, er\u00f3tica infantil, constituya un anuncio (o una promoci\u00f3n) de servicios sexuales (incluso bajo la apariencia de otros servicios), explique el procedimiento de fabricaci\u00f3n, aplicaci\u00f3n u otro uso de drogas o sus an\u00e1logos, explosivos u otras armas;<\/li>\n \t<li>viole derechos personales no patrimoniales o derechos de propiedad intelectual;<\/li>\n \t<li>infrinja de otro modo las disposiciones de la legislaci\u00f3n aplicable, as\u00ed como las normas morales y \u00e9ticas comunes.<\/li>\n<\/ul>\n<\/li>\n \t<li>El titular de los derechos tiene derecho a establecer restricciones t\u00e9cnicas de uso del <b>Aunio<\/b>. El titular de los derechos informar\u00e1 al usuario sobre las limitaciones mencionadas de vez en cuando de la forma que considere oportuna.<\/li>\n \t<li>La funcionalidad del <b>Aunio<\/b> est\u00e1 sujeta a la entera discreci\u00f3n del titular de los derechos y puede modificarse ocasionalmente.<\/li>\n \t<li>El Usuario declara y garantiza que (i) no se encuentra en un pa\u00eds sujeto a embargo por parte del Gobierno de EE.UU., o que figure en el T\u00edtulo 15, Parte 740 Suplemento 1 Pa\u00eds Grupo E del C\u00f3digo de Reglamentos Federales de EE.UU.; y (ii) no figura en ninguna lista del Gobierno de EE.UU. de partes prohibidas o restringidas.<\/li>\n<\/ol>\n<\/li>\n \t<li>\n<h2>Responsabilidad en virtud de la licencia<\/h2>\n<ol>\n \t<li>LA <b>Aunio<\/b> SE PROPORCIONA \u201cTAL CUAL\u2019. EN LA MEDIDA EN QUE LO PERMITA LA LEGISLACI\u00d3N APLICABLE, EL TITULAR DE LOS DERECHOS RENUNCIA EXPRESAMENTE A CUALQUIER GARANT\u00cdA CON RESPECTO A <b>Aunio<\/b> YA SEAN EXPRESAS, IMPL\u00cdCITAS O LEGALES, INCLUIDAS, SIN LIMITACI\u00d3N, LAS GARANT\u00cdAS O CONDICIONES DE COMERCIABILIDAD, IDONEIDAD PARA UN FIN DETERMINADO Y SUS EQUIVALENTES EN VIRTUD DE LA LEGISLACI\u00d3N DE CUALQUIER JURISDICCI\u00d3N. EL TITULAR DEL DERECHO NO GARANTIZA QUE <b>Aunio<\/b> CORRESPONDER\u00c1 A LAS EXIGENCIAS DEL USUARIO, QUE FUNCIONAR\u00c1 EN COMBINACI\u00d3N ELEGIDA PARA EL USO O JUNTO CON DIFERENTES PRODUCTOS DE UN TERCERO, QUE EL FUNCIONAMIENTO DE <b>Aunio<\/b> ESTAR\u00c1 LIBRE DE FALLOS O AVER\u00cdAS, Y QUE TODOS LOS FALLOS DE <b>Aunio<\/b> SE CORREGIR\u00c1.<\/li>\n \t<li>Dado que la funcionalidad del <b>Aunio<\/b> se complementa y actualiza constantemente, la forma y la naturaleza de la aplicaci\u00f3n m\u00f3vil podr\u00edan modificarse de vez en cuando sin previo aviso al Usuario. El Titular del derecho tiene derecho, a su discreci\u00f3n, a dejar (temporal o definitivamente) de proporcionar o dar soporte a la <b>Aunio<\/b> a los Usuarios, as\u00ed como a modificar o retirar la Licencia sin previo aviso.<\/li>\n \t<li>En virtud del presente Contrato, el Titular de los derechos no tiene obligaci\u00f3n alguna de prestar servicios de mantenimiento o asistencia con respecto al <b>Aunio<\/b>. En la medida en que la legislaci\u00f3n aplicable exija alg\u00fan tipo de mantenimiento o asistencia, el Titular del derecho, y no App Store, estar\u00e1 obligado a proporcionar dicho mantenimiento o asistencia.<\/li>\n \t<li>El Titular del Derecho no tiene relaci\u00f3n alguna con el Contenido que los Usuarios o Vendedores transmitan y\/o coloquen en el <b>Aunio<\/b>. El Titular del Derecho no comprueba el Contenido ni sus componentes, as\u00ed como su conformidad con cualquier tipo de requisitos y que los Usuarios dispongan de todos los derechos necesarios. Toda responsabilidad por el Contenido y su conformidad con los requisitos aplicables recae sobre el Usuario o el Vendedor.<\/li>\n \t<li>El titular de los derechos no es responsable de las infracciones cometidas por el usuario ni de los da\u00f1os o p\u00e9rdidas causados por dichas infracciones.<\/li>\n \t<li>El Usuario es responsable de cualquier infracci\u00f3n de las obligaciones estipuladas en el Contrato y (o) en la legislaci\u00f3n aplicable, as\u00ed como de todas las consecuencias de dichas infracciones (incluidos los da\u00f1os y perjuicios que puedan sufrir el Titular del Derecho y otros terceros). En caso de infracci\u00f3n, el titular de los derechos tiene derecho a limitar el uso de <b>Aunio<\/b> por el Usuario sin compensaci\u00f3n alguna.<\/li>\n \t<li>En caso de que el titular de los derechos sea procesado o sancionado debido a la violaci\u00f3n por parte del usuario de los derechos y\/o intereses de terceros, as\u00ed como a la violaci\u00f3n de las restricciones o limitaciones establecidas por la ley, dicho usuario deber\u00e1 reembolsar todos los da\u00f1os y perjuicios al titular de los derechos.<\/li>\n \t<li>BAJO NINGUNA CIRCUNSTANCIA EL LICENCIANTE SER\u00c1 RESPONSABLE DE NING\u00daN DA\u00d1O ESPECIAL, INCIDENTAL, INDIRECTO, ESTATUTARIO, EJEMPLAR, PUNITIVO O CONSECUENTE, DE NING\u00daN TIPO, O POR CUALQUIER P\u00c9RDIDA DE BENEFICIOS, NEGOCIO O INGRESOS, P\u00c9RDIDA DE USO O FONDO DE COMERCIO, U OTRA VENTAJA ECON\u00d3MICA PERDIDA, QUE SURJA DE O EST\u00c9 RELACIONADA CON EL ACUERDO O EL INCUMPLIMIENTO DEL MISMO, YA SEA QUE TALES RECLAMACIONES SE BASEN EN INCUMPLIMIENTO DE CONTRATO, RESPONSABILIDAD ESTRICTA, AGRAVIO, CUALQUIER RECLAMACI\u00d3N ESTATUTARIA FEDERAL O ESTATAL, O CUALQUIER OTRA TEOR\u00cdA LEGAL E INCLUSO SI EL LICENCIANTE SAB\u00cdA, DEBER\u00cdA HABER SABIDO, O HA SIDO ADVERTIDO DE LA POSIBILIDAD DE TALES DA\u00d1OS.<\/li>\n \t<li>La responsabilidad acumulativa del Titular del derecho en virtud del Acuerdo se limita en cualquier caso a los da\u00f1os documentados sufridos por el Usuario por un importe que no puede exceder de 20 euros, y el Titular del derecho asume la responsabilidad en funci\u00f3n de su culpa en la causaci\u00f3n de dichos da\u00f1os.<\/li>\n \t<li>En caso de que un tercero alegue que el <b>Aunio<\/b> o la posesi\u00f3n y uso por parte del Usuario del <b>Aunio<\/b> infrinja los derechos de propiedad intelectual de dicho tercero, el Titular del derecho, y no App Store, ser\u00e1 el \u00fanico responsable de la investigaci\u00f3n, defensa, resoluci\u00f3n y liquidaci\u00f3n de dicha reclamaci\u00f3n por infracci\u00f3n de la propiedad intelectual.El Titular del derecho, y no App Store, es responsable de atender cualquier reclamaci\u00f3n del Usuario o de cualquier tercero relacionada con el <b>Aunio<\/b> o la posesi\u00f3n y\/o uso por parte del Usuario de dicho <b>Aunio<\/b>, incluyendo, pero sin limitarse a: (i) reclamaciones de responsabilidad por productos defectuosos; (ii) cualquier reclamaci\u00f3n de que el <b>Aunio<\/b> Lo dispuesto en el presente apartado no podr\u00e1 considerarse en ning\u00fan caso en perjuicio de lo dispuesto en otros apartados del presente Contrato y, en cualquier caso, no se entender\u00e1 que estipula la responsabilidad del Titular de los derechos por las acciones del Usuario que constituyan una infracci\u00f3n de los derechos de terceros, incluidas las acciones del Usuario realizadas con el uso del <b>Aunio<\/b>; lo dispuesto en este p\u00e1rrafo no elimina ni reduce la responsabilidad del Usuario por cualquier infracci\u00f3n cometida por \u00e9ste.<\/li>\n \t<li>Algunas jurisdicciones no permiten la exclusi\u00f3n de determinados tipos de garant\u00edas\/responsabilidades o limitaciones de los derechos legales aplicables de un consumidor, por lo que es posible que algunas o todas las exclusiones y limitaciones anteriores no sean aplicables al Usuario. El presente Contrato no podr\u00e1 limitar la responsabilidad del Titular del derecho frente al Usuario m\u00e1s all\u00e1 de lo permitido por la legislaci\u00f3n aplicable. Pero en tal caso, las exclusiones y limitaciones establecidas en esta Secci\u00f3n se aplicar\u00e1n en la mayor medida que permita la ley aplicable. En la medida en que exista alguna garant\u00eda y\/o responsabilidad en virtud de la ley que no pueda ser rechazada, el Titular del Derecho, y no la App Store, ser\u00e1 el \u00fanico responsable de dicha garant\u00eda y\/o responsabilidad.<\/li>\n<\/ol>\n<\/li>\n \t<li>\n<h2>Actualizaciones\/nuevas versiones<\/h2>\n<ol>\n \t<li>En <b>Aunio<\/b> puede, de vez en cuando, descargar e instalar autom\u00e1ticamente actualizaciones dise\u00f1adas para mejorar la aplicaci\u00f3n m\u00f3vil y que pueden adoptar la forma de parches, m\u00f3dulos adicionales o versiones completamente nuevas de la aplicaci\u00f3n m\u00f3vil. Por la presente, el Usuario reconoce y acepta dicha actualizaci\u00f3n autom\u00e1tica de la <b>Aunio<\/b> incluyendo la solicitud, descarga e instalaci\u00f3n de las actualizaciones en el Dispositivo del Usuario sin m\u00e1s notificaciones.<\/li>\n \t<li>Esta Licencia regir\u00e1 todas las actualizaciones\/nuevas versiones del <b>Aunio<\/b>. Instalaci\u00f3n de la actualizaci\u00f3n\/nueva versi\u00f3n del <b>Aunio<\/b> se considerar\u00e1 como la aceptaci\u00f3n por parte del Usuario de esta Licencia con respecto a las actualizaciones\/nuevas versiones pertinentes del <b>Aunio<\/b> a menos que dicha instalaci\u00f3n vaya acompa\u00f1ada de un acuerdo de licencia diferente.<\/li>\n<\/ol>\n<\/li>\n \t<li>\n<h2>Disposiciones finales<\/h2>\n<ol>\n \t<li>El tratamiento de la informaci\u00f3n facilitada por el Usuario sobre s\u00ed mismo o sobre terceros dentro del uso del <b>Aunio<\/b> as\u00ed como la informaci\u00f3n que se recibe dentro de dicho uso de forma automatizada es realizada por el Titular del Derecho por instrucciones del Vendedor de acuerdo con la Pol\u00edtica de Privacidad publicada o disponible en la direcci\u00f3n: <a href=\"https:\/\/www.alteg.io\/en\/info\/privacy\" target=\"_blank\" rel=\"nofollow noreferrer noopener\">www.alteg.io\/en\/info\/privacy<\/a>.<\/li>\n \t<li>En caso de que la legislaci\u00f3n aplicable y\/o los acuerdos del Titular de los Derechos con las App Stores estipulen normas obligatorias diferentes que no puedan ser alteradas por el presente Contrato o que el presente Contrato deba cumplir, las relaciones de las Partes se regir\u00e1n por dichas normas obligatorias y el presente Contrato se aplicar\u00e1 en la medida en que cumpla dichas normas.<\/li>\n \t<li>En <b>Aunio<\/b> puede incluir software de terceros cuya licencia se otorgar\u00e1 al usuario en virtud de los t\u00e9rminos del presente Contrato o, si as\u00ed se especifica en la documentaci\u00f3n, en los archivos L\u00e9ame o de otro modo por escrito, en virtud de t\u00e9rminos de licencia independientes (\u201cT\u00e9rminos independientes\u201d) y no en virtud de los t\u00e9rminos del presente Contrato (\u201cSoftware de terceros con licencia independiente\u201d). Los derechos del Usuario a utilizar dicho Software de Terceros con Licencia Separada en virtud de los T\u00e9rminos Separados no est\u00e1n restringidos ni modificados en modo alguno por el presente Contrato.<\/li>\n \t<li>El presente Contrato, el procedimiento para su celebraci\u00f3n y ejecuci\u00f3n, as\u00ed como cualquier cuesti\u00f3n no prevista en el mismo, se regir\u00e1n por la legislaci\u00f3n aplicable en el lugar donde se encuentre el Titular del Derecho. Su uso del <b>Aunio<\/b> tambi\u00e9n puede estar sujeto a otras leyes locales, estatales, nacionales o internacionales.<\/li>\n \t<li>Cualquier litigio derivado del Acuerdo o relacionado con el mismo estar\u00e1 sujeto a resoluci\u00f3n judicial en el tribunal de la localidad del titular de los derechos, de conformidad con la legislaci\u00f3n procesal aplicada por dicho tribunal.<\/li>\n \t<li>El presente Contrato podr\u00e1 ser modificado o rescindido por el Titular del Derecho unilateralmente y sin notificaci\u00f3n previa al Usuario y sin pago de indemnizaci\u00f3n alguna al respecto. El presente Contrato quedar\u00e1 resuelto inmediatamente, sin necesidad de notificaci\u00f3n previa por parte del Titular del Derecho, en caso de que el Usuario incumpla cualquiera de sus disposiciones. Los Usuarios tambi\u00e9n podr\u00e1n rescindir el presente Acuerdo borrando el <b>Aunio<\/b> y todas sus copias del Dispositivo.<\/li>\n \t<li>El Titular de los derechos y el Usuario reconocen y aceptan que App Store, y sus filiales, son terceros beneficiarios del presente Contrato. Tras la aceptaci\u00f3n por parte del Usuario de los t\u00e9rminos y condiciones del presente Contrato, App Store tendr\u00e1 derecho (y se considerar\u00e1 que ha aceptado el derecho) a hacer valer el presente Contrato frente al Usuario como tercero beneficiario del mismo.<\/li>\n<\/ol>\n<\/li>\n \t<li>\n<h2>Datos del titular de los derechos:<\/h2>\n<ol>\n \t<li style=\"list-style-type: none;\">\n<ol>\n \t<li>Altegio Limited, sociedad registrada\nbajo las leyes de la Rep\u00fablica de Chipre, n\u00famero de registro:\nHE 434056, direcci\u00f3n: Ioanni Stylianou, 6, 2nd floor, Flat|Office 202, 2003, Nicosia, Chipre.\n<ol>\n \t<li>tel: <a href=\"tel:+35722030868\">+35722030868<\/a>.<\/li>\n \t<li>correo electr\u00f3nico: <a href=\"mailto:support@alteg.io\">support@alteg.io<\/a>.<\/li>\n<\/ol>\n<\/li>\n<\/ol>\n<\/li>\n<\/ol>\n<\/li>\n<\/ol>\n<\/div>\n<div><\/div>\n&nbsp;\n\n<\/section>Versi\u00f3n del 14 de diciembre de 2023<\/li>\n<\/ol>\t\t\t\t\t\t\t\t<\/div>\n\t\t\t\t\t<\/div>\n\t\t\t\t<\/div>\n\t\t\t\t<\/div>","protected":false},"excerpt":{"rendered":"","protected":false},"author":3,"featured_media":0,"parent":0,"menu_order":0,"comment_status":"closed","ping_status":"closed","template":"","meta":{"_monsterinsights_skip_tracking":false,"_monsterinsights_sitenote_active":false,"_monsterinsights_sitenote_note":"","_monsterinsights_sitenote_category":0,"footnotes":""},"class_list":["post-8844","page","type-page","status-publish","hentry"],"aioseo_notices":[],"_links":{"self":[{"href":"https:\/\/alteg.io\/es\/wp-json\/wp\/v2\/pages\/8844","targetHints":{"allow":["GET"]}}],"collection":[{"href":"https:\/\/alteg.io\/es\/wp-json\/wp\/v2\/pages"}],"about":[{"href":"https:\/\/alteg.io\/es\/wp-json\/wp\/v2\/types\/page"}],"author":[{"embeddable":true,"href":"https:\/\/alteg.io\/es\/wp-json\/wp\/v2\/users\/3"}],"replies":[{"embeddable":true,"href":"https:\/\/alteg.io\/es\/wp-json\/wp\/v2\/comments?post=8844"}],"version-history":[{"count":4,"href":"https:\/\/alteg.io\/es\/wp-json\/wp\/v2\/pages\/8844\/revisions"}],"predecessor-version":[{"id":19369,"href":"https:\/\/alteg.io\/es\/wp-json\/wp\/v2\/pages\/8844\/revisions\/19369"}],"wp:attachment":[{"href":"https:\/\/alteg.io\/es\/wp-json\/wp\/v2\/media?parent=8844"}],"curies":[{"name":"wp","href":"https:\/\/api.w.org\/{rel}","templated":true}]}}