{"id":8538,"date":"2024-11-07T13:38:47","date_gmt":"2024-11-07T13:38:47","guid":{"rendered":"https:\/\/alteg.io\/?page_id=8538"},"modified":"2026-01-20T10:23:47","modified_gmt":"2026-01-20T10:23:47","slug":"services","status":"publish","type":"page","link":"https:\/\/alteg.io\/es\/info\/services\/","title":{"rendered":"Altegio - Servicios en l\u00ednea y automatizados. Convi\u00e9rtete en el mejor y m\u00e1s r\u00e1pido usuario de Internet."},"content":{"rendered":"<div data-elementor-type=\"wp-page\" data-elementor-id=\"8538\" class=\"elementor elementor-8538\" data-elementor-post-type=\"page\">\n\t\t\t\t<div class=\"elementor-element elementor-element-e72e176 e-flex e-con-boxed e-con e-parent\" data-id=\"e72e176\" data-element_type=\"container\" data-e-type=\"container\">\n\t\t\t\t\t<div class=\"e-con-inner\">\n\t\t\t\t<div class=\"elementor-element elementor-element-04265be elementor-widget elementor-widget-shortcode\" data-id=\"04265be\" data-element_type=\"widget\" data-e-type=\"widget\" data-widget_type=\"shortcode.default\">\n\t\t\t\t\t\t\t<div class=\"elementor-shortcode\"><div class=\"aioseo-breadcrumbs\"><span class=\"aioseo-breadcrumb\">\n\tInicio\n<\/span><\/div><\/div>\n\t\t\t\t\t\t<\/div>\n\t\t\t\t<div class=\"elementor-element elementor-element-ce59e98 elementor-widget elementor-widget-text-editor\" data-id=\"ce59e98\" data-element_type=\"widget\" data-e-type=\"widget\" data-widget_type=\"text-editor.default\">\n\t\t\t\t\t\t\t\t\t<section>\n<div>\n\n<b>Altegio Europe Kft<\/b>, sociedad constituida y registrada en Hungr\u00eda, n\u00ba de registro: 01 09 302414; fecha de registro: 17\/08\/2017, direcci\u00f3n: 1054 Budapest, Sz\u00e9chenyi Istv\u00e1n t\u00e9r 7 (en lo sucesivo, el Contratista), por una parte, ofrece (oferta p\u00fablica) a un n\u00famero ilimitado de personas f\u00edsicas y\/o jur\u00eddicas (en lo sucesivo, el Cliente), por otra parte, en lo sucesivo denominadas colectivamente las \u201cPartes\u201d y cada una por separado como Parte, han celebrado un contrato p\u00fablico de prestaci\u00f3n de servicios (en lo sucesivo, la Oferta).\n\nAz El\u0151fizet\u0151 kijelenti, hogy a Szolg\u00e1ltat\u00e1st a saj\u00e1t \u00f6n\u00e1ll\u00f3 \u00fczleti tev\u00e9kenys\u00e9ge \u00e9rdek\u00e9ben ig\u00e9nybe vev\u0151 v\u00e1llalkoz\u00e1s.\n\n<\/div>\n<\/section><section>\n<div>\n<ol>\n \t<li>\n<h2>Definici\u00f3n de t\u00e9rminos y disposiciones generales<\/h2>\n<div>\n<div>\n\nLos servicios son prestaciones del Contratista en la forma y t\u00e9rminos definidos en la presente Oferta.\n\n<\/div>\n<div>\n\nPor sitio web del Contratista se entiende la p\u00e1gina web en Internet en la direcci\u00f3n: <a href=\"https:\/\/alteg.io\/en\/\" target=\"_blank\" rel=\"nofollow noreferrer noopener\">alteg.io<\/a>, que es la fuente oficial de informaci\u00f3n para los clientes sobre el contratista y los servicios que presta.\n\n<\/div>\n<div>\n\nOferta - el cuerpo de este documento tal y como se presenta en el sitio web y est\u00e1 disponible en: <a href=\"https:\/\/alteg.io\/hu\/info\/services\" target=\"_blank\" rel=\"nofollow noreferrer noopener\">alteg.io\/hu\/info\/servicios<\/a>, con todos sus anexos, modificaciones y adiciones.\n\n<\/div>\n<div>\n\nLa aceptaci\u00f3n es la aceptaci\u00f3n plena e incondicional por parte del Cliente de los t\u00e9rminos y condiciones, incluso en la forma en que se establecen en el texto de esta Oferta.\n\n<\/div>\n<div>Cliente significa una persona f\u00edsica o jur\u00eddica que ha aceptado esta Oferta.<\/div>\n<\/div><\/li>\n \t<li>\n<h2>Objeto del contrato y condiciones del servicio<\/h2>\n<div>\n\nEn la forma y t\u00e9rminos estipulados en esta Oferta, el Contratista se compromete a prestar servicios al Cliente, y el Cliente se compromete a aceptar y pagar los Servicios en la forma y t\u00e9rminos especificados en esta Oferta y en la Factura o acuerdo de Adhesi\u00f3n, cuando las Partes acuerden adicionalmente el alcance, procedimiento y t\u00e9rminos de la prestaci\u00f3n de servicios (si procede).\n\n<\/div>\n<div>\n\nEl Cliente elige independientemente la forma de los servicios. La aceptaci\u00f3n de esta Oferta consiste en la firma del acuerdo de Adhesi\u00f3n por ambas partes o en el pago por parte del Cliente de la Factura de Servicios del Contratista y significa la aceptaci\u00f3n plena e incondicional por parte del Cliente de los t\u00e9rminos de esta Oferta y equivale a la firma manuscrita del Cliente bajo esta Oferta.\n\n<\/div>\n<div>\n\nAl aceptar los t\u00e9rminos de la Oferta, el Cliente confirma su capacidad jur\u00eddica y legal, as\u00ed como que asume la responsabilidad de las obligaciones que se le imponen como resultado de esta Oferta.\n\n<\/div>\n<div>\n\nLos servicios se prestan en formato remoto mediante el software Altegio, en la cantidad y plazos acordados por las Partes.\n\n<\/div>\n<div>El servicio se considera prestado a partir de la fecha de realizaci\u00f3n por parte del Contratista de todas las acciones previstas en el acuerdo de Adhesi\u00f3n, sobre las que el Contratista informa al Cliente mediante el env\u00edo de una notificaci\u00f3n de prestaci\u00f3n de servicios a la direcci\u00f3n de correo electr\u00f3nico del Cliente.<\/div><\/li>\n \t<li>\n<h2>Derechos y obligaciones de las partes<\/h2>\n<div>\n\nEl Contratista se compromete:\n\n<\/div>\n<ol>\n \t<li style=\"list-style-type: none;\">\n<ol>\n \t<li style=\"list-style-type: none;\">\n<ol>\n \t<li>prestar servicios oportunos, adecuados y completos al Cliente de conformidad con esta Oferta.<\/li>\n \t<li>aceptar del Cliente y almacenar adecuadamente los documentos transferidos en relaci\u00f3n con el cumplimiento de las obligaciones derivadas de la presente Oferta, y devolverlos inmediatamente tras la expiraci\u00f3n o terminaci\u00f3n anticipada de la Oferta.no divulgar informaci\u00f3n confidencial y\/o secretos comerciales de las Partes que hayan llegado a su conocimiento, tanto durante la vigencia de la Oferta como en el plazo de 5 (Cinco) a\u00f1os desde la fecha de terminaci\u00f3n de la Oferta.<\/li>\n<\/ol>\n<\/li>\n<\/ol>\n<\/li>\n<\/ol>\n<div>\n\nEl Contratista tiene derecho:\n\n<\/div>\n<ol>\n \t<li style=\"list-style-type: none;\">\n<ol>\n \t<li style=\"list-style-type: none;\">\n<ol>\n \t<li>Acceder a la informaci\u00f3n, incluida la confidencial, y a los documentos del Cliente en la medida necesaria para el cumplimiento de las obligaciones del Contratista en virtud de la presente Oferta.<\/li>\n \t<li>encomendar la ejecuci\u00f3n del contrato de servicios a otra persona, a efectos del cumplimiento puntual y de calidad de las obligaciones derivadas de la presente Oferta.<\/li>\n \t<li>en caso de cambios en la lista de servicios acordada en el sentido de aumentarla o complicarla, a exigir un aumento proporcional del coste de los servicios, debiendo el Cliente pagar por ellos.<\/li>\n<\/ol>\n<\/li>\n<\/ol>\n<\/li>\n<\/ol>\n<div>\n\nEl Cliente se compromete:\n\n<\/div>\n<ol>\n \t<li style=\"list-style-type: none;\">\n<ol>\n \t<li style=\"list-style-type: none;\">\n<ol>\n \t<li>Proporcionar informaci\u00f3n veraz, completa y exacta sobre s\u00ed mismo en la prestaci\u00f3n de servicios de informaci\u00f3n y consultor\u00eda por parte del Contratista. Si la informaci\u00f3n del cuestionario en l\u00ednea resulta ser incorrecta, el Contratista no ser\u00e1 responsable de la imposibilidad de establecer contacto con el Cliente y de prestarle los servicios previstos en esta Oferta.<\/li>\n \t<li>Durante la vigencia de la presente Oferta, a petici\u00f3n del Contratista, facilitar al Contratista informaci\u00f3n completa y en tiempo oportuno, as\u00ed como facilitar al Contratista el acceso a los documentos del Cliente en la cantidad necesaria para cumplir con las obligaciones del Contratista en virtud de la presente Oferta.<\/li>\n \t<li>pagar \u00edntegra y puntualmente los servicios del Contratista de acuerdo con el procedimiento y en los t\u00e9rminos definidos en la presente Oferta.<\/li>\n \t<li>pagar puntual e \u00edntegramente los impuestos, derechos, tasas y todos los dem\u00e1s pagos que sean necesarios para la ejecuci\u00f3n de calidad del presente contrato.<\/li>\n \t<li>no revelar informaci\u00f3n confidencial y\/o secretos comerciales de las Partes que hayan llegado a su conocimiento, tanto durante la vigencia de la Oferta como en el plazo de 5 (Cinco) a\u00f1os desde la fecha de terminaci\u00f3n de la Oferta.<\/li>\n \t<li>Pagar los servicios del Contratista en la forma prevista en la Secci\u00f3n 4 de esta Oferta.<\/li>\n \t<li>El Cliente se compromete a no reproducir, repetir, copiar o vender, as\u00ed como a no utilizar para ning\u00fan fin la informaci\u00f3n y los materiales que se hayan puesto a su disposici\u00f3n en relaci\u00f3n con la prestaci\u00f3n de los Servicios, salvo para uso personal directamente por el Cliente sin facilitar en forma alguna el acceso a terceros.<\/li>\n<\/ol>\n<\/li>\n<\/ol>\n<\/li>\n<\/ol>\n<div>\n\nEl Contratista tiene derecho:\n\n<\/div>\n<ol>\n \t<li style=\"list-style-type: none;\">\n<ol>\n \t<li>Recibir servicios de calidad adecuada conforme a esta oferta.<\/li>\n \t<li>En cualquier momento para conocer los servicios y promociones de la web del Contratista.<\/li>\n \t<li>Utilizar los resultados de los servicios en sus actividades empresariales sin ninguna restricci\u00f3n.<\/li>\n<\/ol>\n<\/li>\n<\/ol>\n<\/li>\n \t<li>\n<h2>Remuneraci\u00f3n del Contratista y procedimiento para su pago<\/h2>\n<div>\n\nEl Cliente abonar\u00e1 al Contratista una remuneraci\u00f3n por la prestaci\u00f3n de los Servicios objeto de la presente Oferta.\n\n<\/div>\n<div>\n\nEl importe de la remuneraci\u00f3n del Contratista depende del contenido y alcance de los Servicios prestados en virtud de esta Oferta y acordados por las Partes en el acuerdo de Adhesi\u00f3n.\n\n<\/div>\n<div>\n\nEl coste total de los Servicios conforme a esta Oferta es el coste total de todos los Servicios a prestar por el Contratista conforme a esta Oferta.\n\n<\/div>\n<div>Salvo que las Partes acuerden otra cosa en el acuerdo de Adhesi\u00f3n, el Cliente paga por los servicios del Contratista en condiciones de pago \u00edntegro por adelantado por el importe especificado en la Factura. La remuneraci\u00f3n del Contratista no incluye los impuestos y tasas que el Cliente deba pagar y\/o pagar \u00e9l mismo de conformidad con las leyes del lugar de ubicaci\u00f3n del Cliente y no est\u00e1 sujeta a retenci\u00f3n por parte del Cliente del importe del pago.<\/div>\n<div>\n\nEl pago de los Servicios se realizar\u00e1 mediante transferencia no dineraria por parte del Cliente a la cuenta corriente del Contratista. El momento del pago de los servicios por parte del Cliente ser\u00e1 la fecha de recepci\u00f3n de los fondos en la cuenta del Contratista.\n\n<\/div>\n<div>En caso de rescisi\u00f3n anticipada del Contrato, el Contratista devolver\u00e1 los fondos en un plazo de 14 d\u00edas, sobre la base de la solicitud presentada a la direcci\u00f3n de correo electr\u00f3nico: <a href=\"mailto:finance@alteg.io\">finance@alteg.io<\/a>, menos el coste de los servicios prestados por el Contratista.<\/div><\/li>\n \t<li>\n<h2>Alcance y aceptaci\u00f3n de los servicios<\/h2>\n<div>\n\nSi el volumen de servicios prestados excede el plazo previsto por las Partes y\/o va m\u00e1s all\u00e1 del contenido de los servicios acordados por las Partes, el coste final (definitivo) del volumen de servicios efectivamente prestados ser\u00e1 acordado por las Partes adicionalmente en la forma prevista en la Oferta.\n\n<\/div>\n<div>Una vez finalizados los trabajos o los servicios, se informar\u00e1 de ello al Cliente. Si hubiera alg\u00fan defecto en el trabajo terminado y en los servicios prestados, deber\u00e1 ser puesto en conocimiento del Contratista en un plazo de 24 (veinticuatro) horas tras la finalizaci\u00f3n del trabajo y la prestaci\u00f3n de los servicios. Si no hay observaciones en los plazos especificados en esta cl\u00e1usula, los trabajos y servicios se consideran aceptados por el Cliente. En caso de que existan observaciones al trabajo realizado o a los servicios prestados, el Contratista deber\u00e1 eliminar las observaciones dentro del alcance de los Servicios inicialmente acordados por las Partes.<\/div><\/li>\n \t<li>\n<h2>Privacidad<\/h2>\n<div>\n\nA efectos de esta Oferta, el t\u00e9rmino \u201cInformaci\u00f3n Confidencial\u201d significa:\n\n<\/div>\n<ol>\n \t<li style=\"list-style-type: none;\">\n<ol>\n \t<li style=\"list-style-type: none;\">\n<ol>\n \t<li>toda la informaci\u00f3n oficial, no p\u00fablica y no divulgada, incluidos secretos comerciales, datos financieros, informaci\u00f3n comercial, t\u00e9cnica, operativa y de otro tipo, datos personales, informaci\u00f3n tecnol\u00f3gica, datos, experiencia y conocimientos de cualquier tipo y en cualquier forma, relacionados directa o indirectamente con las Partes de la presente Oferta, datos sobre proveedores y condiciones de las transacciones con ellos, planes financieros de las Partes e informes sobre actividades pasadas, que hayan llegado a conocimiento de las Partes de forma escrita, oral, electr\u00f3nica o de otro tipo durante su cooperaci\u00f3n;<\/li>\n \t<li>cualquier informaci\u00f3n que est\u00e9 en posesi\u00f3n, uso o disposici\u00f3n de las Partes y que llegue a conocimiento de las Partes en relaci\u00f3n con la cooperaci\u00f3n y las relaciones contractuales generales;<\/li>\n \t<li>cualquier informaci\u00f3n que no sea generalmente conocida o que no est\u00e9 a disposici\u00f3n del p\u00fablico y que tenga un valor real o potencial para la Parte por razones comerciales, cuya divulgaci\u00f3n pueda causar da\u00f1os materiales, as\u00ed como socavar la reputaci\u00f3n comercial o el prestigio de la Parte o de su personal;<\/li>\n \t<li>cualquier documento de la Parte (incluso en formato electr\u00f3nico) marcado como \u201cConfidencial\u201d y\/o \u201cPara uso oficial\u201d.<\/li>\n<\/ol>\n<\/li>\n<\/ol>\n<\/li>\n<\/ol>\n<div>Las Partes se comprometen mutuamente a utilizar la informaci\u00f3n confidencial facilitada o conocida durante la vigencia de esta Oferta y en el curso de la cooperaci\u00f3n de las Partes, \u00fanicamente de conformidad con los t\u00e9rminos de esta Oferta y s\u00f3lo en la cuant\u00eda y para los fines para los que dicha informaci\u00f3n fue facilitada.<\/div><\/li>\n \t<li>\n<h2>Protecci\u00f3n de datos personales<\/h2>\n<div>En el marco de esta Oferta, el Cliente podr\u00e1 transferir los datos personales de los empleados\/representantes\/clientes al Contratista.<\/div>\n<div>\n\nLos datos personales en virtud de la presente Oferta se transmitir\u00e1n a efectos de la ejecuci\u00f3n de la Oferta por parte del Contratista.\n\n<\/div>\n<div>El Contratista tiene derecho a procesar los datos personales en la medida necesaria para prestar los Servicios de esta Oferta, \u00fanicamente a efectos de la ejecuci\u00f3n de la misma.<\/div>\n<div>\n\nAl aceptar las condiciones de esta Oferta, el Cliente garantiza que:\n\n<\/div>\n<ol>\n \t<li style=\"list-style-type: none;\">\n<ol>\n \t<li style=\"list-style-type: none;\">\n<ol>\n \t<li>Al procesar datos personales, el Cliente respeta todos los derechos de los sujetos de los datos personales, estipulados por el Reglamento General de Protecci\u00f3n de Datos (RGPD).<\/li>\n \t<li>El Cliente recibe el consentimiento voluntario de los titulares de los datos personales para procesar sus datos personales.<\/li>\n<\/ol>\n<\/li>\n<\/ol>\n<\/li>\n<\/ol>\n<div>Al firmar esta Oferta, los representantes autorizados de las Partes consienten el tratamiento de sus datos personales con el fin de confirmar la autoridad del sujeto para modificar y rescindir la Oferta, para garantizar la ejecuci\u00f3n de las relaciones administrativas y jur\u00eddicas, las relaciones en el curso de las actividades comerciales y otras relaciones previstas por la ley.<\/div><\/li>\n \t<li>\n<h2>Responsabilidad de las partes<\/h2>\n<div>\n\nEn caso de incumplimiento de sus obligaciones en virtud de la presente Oferta, las Partes ser\u00e1n responsables de conformidad con la presente Oferta y la legislaci\u00f3n aplicable. El incumplimiento de una obligaci\u00f3n es su no ejecuci\u00f3n o ejecuci\u00f3n incorrecta.\n\n<\/div>\n<div>\n\nLas Partes no ser\u00e1n responsables del incumplimiento de sus obligaciones en virtud de la presente Oferta si no se debe a su culpa. Una parte se considerar\u00e1 inocente si demuestra que ha tomado todas las medidas a su alcance para el correcto cumplimiento de su obligaci\u00f3n.\n\n<\/div>\n<div>En caso de incumplimiento de las obligaciones dinerarias derivadas del Contrato, el Cliente estar\u00e1 obligado a reembolsar al Contratista el importe de la deuda, as\u00ed como una penalizaci\u00f3n a raz\u00f3n de 0,1% del coste total de los Servicios, determinado por la factura correspondiente, por cada d\u00eda de retraso.<\/div>\n<div>\n\nSi el Cliente incumple los pagos previstos en esta Oferta, el Contratista se reserva el derecho a suspender la prestaci\u00f3n de los Servicios previstos en esta Oferta.\n\n<\/div>\n<div>\n\nEl Contratista no ser\u00e1 responsable del incumplimiento o cumplimiento incorrecto de las obligaciones derivadas de la presente Oferta, si se ha producido como consecuencia del incumplimiento o cumplimiento incorrecto de las obligaciones del propio Cliente derivadas de la presente Oferta.\n\n<\/div>\n<div>En caso de divulgaci\u00f3n de Informaci\u00f3n Confidencial y violaci\u00f3n de los t\u00e9rminos de esta Oferta, la Parte que permiti\u00f3 dicha divulgaci\u00f3n estar\u00e1 obligada a compensar a la otra Parte por las p\u00e9rdidas documentadas resultantes de la divulgaci\u00f3n de Informaci\u00f3n Confidencial y relacionadas con el incumplimiento o la ejecuci\u00f3n incorrecta de los t\u00e9rminos de esta Oferta, incluidos los da\u00f1os a la reputaci\u00f3n empresarial.<\/div><\/li>\n \t<li>\n<h2>Fuerza mayor<\/h2>\n<div>\n\nLas Partes quedar\u00e1n exentas de responsabilidad por el incumplimiento total o parcial de sus obligaciones en virtud de la presente Oferta si es causado por circunstancias de fuerza mayor (caso fortuito), tales como: cat\u00e1strofes naturales, incendios, inundaciones, terremotos, guerra, bloqueo, ocupaci\u00f3n, imposici\u00f3n de normas de cuarentena, incautaci\u00f3n de documentos por parte de las autoridades p\u00fablicas (registro, acceso temporal a cosas y documentos, solicitudes de las autoridades p\u00fablicas en virtud de la legislaci\u00f3n vigente), reglamentos o leyes emitidos por las autoridades gubernamentales autorizadas.\n\n<\/div>\n<div>En caso de circunstancias de fuerza mayor, el plazo de cumplimiento de las obligaciones se pospondr\u00e1 por el tiempo durante el cual dichas circunstancias est\u00e9n vigentes. Si estas circunstancias y sus consecuencias duraran m\u00e1s de 3 (tres) meses, cada una de las Partes tendr\u00e1 derecho a negarse a seguir cumpliendo las obligaciones derivadas de la Oferta.<\/div>\n<div>\n\nLa Parte para la que resulte imposible cumplir las obligaciones derivadas de la presente Oferta debido a circunstancias de fuerza mayor, lo notificar\u00e1 inmediatamente a la otra Parte.\n\n<\/div>\n<div>La Parte para la que sea imposible cumplir con las obligaciones derivadas de esta Oferta debido a la ocurrencia de fuerza mayor, deber\u00e1 confirmar la existencia y duraci\u00f3n de la fuerza mayor con un certificado del organismo autorizado, o informaci\u00f3n utilizando los medios de comunicaci\u00f3n.<\/div><\/li>\n \t<li>\n<h2>Comunicaciones de las partes<\/h2>\n<div>\n\nLas Partes han acordado que las comunicaciones, solicitudes, demandas o cualquier otra correspondencia (en adelante, la \u201cComunicaci\u00f3n\u201d) en virtud de la presente Oferta se realizar\u00e1n por escrito o se enviar\u00e1n por correo electr\u00f3nico a la Parte correspondiente a la direcci\u00f3n de correo electr\u00f3nico.\n\n<\/div>\n<div>La notificaci\u00f3n se considerar\u00e1 debidamente ejecutada y conforme a los t\u00e9rminos de la presente Oferta desde el momento en que se env\u00ede dicha notificaci\u00f3n a la direcci\u00f3n de correo electr\u00f3nico especificada en los datos.<\/div><\/li>\n \t<li>\n<h2>Periodo de validez de la propuesta<\/h2>\n<div>\n\nEsta Oferta entra en vigor en el momento de su publicaci\u00f3n en la p\u00e1gina web del Contratista y es v\u00e1lida hasta su retirada por parte del Contratista.\n\n<\/div>\n<div>El Contratista tiene derecho a modificar en cualquier momento y a su discreci\u00f3n las condiciones de la Oferta y\/o a retirar la Oferta. En caso de que el Contratista realice cambios en la Oferta, dichos cambios entrar\u00e1n en vigor a partir de la fecha de colocaci\u00f3n del texto modificado de la Oferta en la p\u00e1gina web del Contratista, si no se define otra fecha de entrada en vigor directamente en el texto de la Oferta modificada.<\/div><\/li>\n \t<li>\n<h2>Disposiciones de cierre<\/h2>\n<div>Las partes han establecido que cualquier disputa o reclamaci\u00f3n se resolver\u00e1 mediante negociaciones.<\/div>\n<div>\n\nLas partes han acordado considerar el lugar de la transacci\u00f3n y el lugar del servicio como la ubicaci\u00f3n del Contratista especificada en la Secci\u00f3n 13 de esta Oferta.\n\n<\/div>\n<div>\n\nAl aceptar esta Oferta, el Cliente acepta que todos los litigios relacionados con esta Oferta se regir\u00e1n por la ley sin tener en cuenta las normas de conflicto de leyes. En caso de que las Partes no lleguen a un acuerdo durante la negociaci\u00f3n y el procedimiento de reclamaci\u00f3n, cualquier disputa, controversia o reclamaci\u00f3n que pueda surgir de o en relaci\u00f3n con esta Oferta, o la ejecuci\u00f3n, incumplimiento, terminaci\u00f3n o invalidez de la misma, ser\u00e1 resuelta por el Instituto de Arbitraje de la C\u00e1mara de Comercio de Estocolmo (SCC).\n\n<\/div>\n<div>\n\nLos encabezamientos utilizados en los art\u00edculos y cl\u00e1usulas de esta Oferta se utilizan \u00fanicamente para la comunicaci\u00f3n y conveniencia en el texto. Dichos encabezamientos no podr\u00e1n interpretarse como definitorios, limitativos o modificativos, ni afectar\u00e1n al significado y contenido de los t\u00e9rminos y condiciones de la presente Oferta o de cualquier parte de la misma.\n\n<\/div>\n<div>Las partes de esta Oferta han acordado que si una parte de esta Oferta se considera inv\u00e1lida (ilegal), entonces la propia Oferta, incluso sin la inclusi\u00f3n de la parte inv\u00e1lida (ilegal), se considerar\u00e1 concluida. En este caso, una Parte de esta Oferta no podr\u00e1 alegar que, sin la inclusi\u00f3n de la parte inv\u00e1lida (ilegal), no habr\u00eda suscrito la Oferta.<\/div>\n<div>\n\nTodo lo anterior constituye el texto \u00fanico de la Oferta y sustituye a todas las negociaciones, correspondencia, acuerdos, propuestas y declaraciones anteriores realizadas oralmente o por escrito por las Partes en relaci\u00f3n con el objeto de la Oferta.\n\n<\/div>\n<div>En todos los casos no cubiertos por esta oferta, las Partes se regir\u00e1n por las leyes aplicables de Inglaterra y Gales.<\/div><\/li>\n \t<li>\n<h2>Informaci\u00f3n sobre el contratista<\/h2>\n<div><b>Altegio Europa KFT<\/b><\/div>\n<div>N\u00ba de registro: 01 09 302414<\/div>\n<div>Fecha de Registro: 17\/08\/2017<\/div>\n<div>Direcci\u00f3n: Hungr\u00eda, 1054, Budapest, Sz\u00e9chenyi Istv\u00e1n t\u00e9r 7.<\/div>\n<div>Versi\u00f3n actual de la Oferta de <a class=\"gfm\" href=\"\/en\/altegio\/promo.landing\/-\/blob\/master\/hu\/info\/service-agreement-28042022\/\">28 de abril de 2022<\/a><\/div><\/li>\n<\/ol>\n<\/div>\n<\/section>\t\t\t\t\t\t\t\t<\/div>\n\t\t\t\t\t<\/div>\n\t\t\t\t<\/div>\n\t\t\t\t<\/div>","protected":false},"excerpt":{"rendered":"<p>Altegio Europe KFT., a company incorporated and registered in the Hungary, Registration No.: 01 09 302414; Date of Registration: 17\/08\/2017, address: 1054 Budapest, Sz\u00e9chenyi Istv\u00e1n t\u00e9r 7 (hereinafter referred to as the Contractor), on the one hand, offers (public offer) to an unlimited number of individuals and\/or legal entities (hereinafter referred to as the Customer), [&hellip;]<\/p>\n","protected":false},"author":3,"featured_media":0,"parent":1114,"menu_order":0,"comment_status":"closed","ping_status":"closed","template":"","meta":{"_monsterinsights_skip_tracking":false,"_monsterinsights_sitenote_active":false,"_monsterinsights_sitenote_note":"","_monsterinsights_sitenote_category":0,"footnotes":""},"class_list":["post-8538","page","type-page","status-publish","hentry"],"aioseo_notices":[],"_links":{"self":[{"href":"https:\/\/alteg.io\/es\/wp-json\/wp\/v2\/pages\/8538","targetHints":{"allow":["GET"]}}],"collection":[{"href":"https:\/\/alteg.io\/es\/wp-json\/wp\/v2\/pages"}],"about":[{"href":"https:\/\/alteg.io\/es\/wp-json\/wp\/v2\/types\/page"}],"author":[{"embeddable":true,"href":"https:\/\/alteg.io\/es\/wp-json\/wp\/v2\/users\/3"}],"replies":[{"embeddable":true,"href":"https:\/\/alteg.io\/es\/wp-json\/wp\/v2\/comments?post=8538"}],"version-history":[{"count":3,"href":"https:\/\/alteg.io\/es\/wp-json\/wp\/v2\/pages\/8538\/revisions"}],"predecessor-version":[{"id":15417,"href":"https:\/\/alteg.io\/es\/wp-json\/wp\/v2\/pages\/8538\/revisions\/15417"}],"up":[{"embeddable":true,"href":"https:\/\/alteg.io\/es\/wp-json\/wp\/v2\/pages\/1114"}],"wp:attachment":[{"href":"https:\/\/alteg.io\/es\/wp-json\/wp\/v2\/media?parent=8538"}],"curies":[{"name":"wp","href":"https:\/\/api.w.org\/{rel}","templated":true}]}}