{"id":1637,"date":"2024-04-04T03:53:01","date_gmt":"2024-04-04T03:53:01","guid":{"rendered":"https:\/\/new.alteg.io\/?page_id=1637"},"modified":"2026-02-15T18:54:37","modified_gmt":"2026-02-15T18:54:37","slug":"service-agreement","status":"publish","type":"page","link":"https:\/\/alteg.io\/es\/info\/service-agreement\/","title":{"rendered":"Contrato de servicios"},"content":{"rendered":"<div data-elementor-type=\"wp-page\" data-elementor-id=\"1637\" class=\"elementor elementor-1637\" data-elementor-post-type=\"page\">\n\t\t\t\t\t\t<section class=\"elementor-section elementor-top-section elementor-element elementor-element-ac2bd18 elementor-section-boxed elementor-section-height-default elementor-section-height-default\" data-id=\"ac2bd18\" data-element_type=\"section\" data-e-type=\"section\" data-settings=\"{&quot;background_background&quot;:&quot;classic&quot;}\">\n\t\t\t\t\t\t<div class=\"elementor-container elementor-column-gap-default\">\n\t\t\t\t\t<div class=\"elementor-column elementor-col-100 elementor-top-column elementor-element elementor-element-111e7d8\" data-id=\"111e7d8\" data-element_type=\"column\" data-e-type=\"column\">\n\t\t\t<div class=\"elementor-widget-wrap elementor-element-populated\">\n\t\t\t\t\t\t<div class=\"elementor-element elementor-element-496d6d5 elementor-widget elementor-widget-shortcode\" data-id=\"496d6d5\" data-element_type=\"widget\" data-e-type=\"widget\" data-widget_type=\"shortcode.default\">\n\t\t\t\t\t\t\t<div class=\"elementor-shortcode\"><div class=\"aioseo-breadcrumbs\"><span class=\"aioseo-breadcrumb\">\n\t<a href=\"https:\/\/alteg.io\/es\/\" title=\"Inicio\">Inicio<\/a>\n<\/span><span class=\"aioseo-breadcrumb-separator\">&gt;<\/span><span class=\"aioseo-breadcrumb\">\n\t<a href=\"https:\/\/alteg.io\/es\/?page_id=1114\" title=\"Informaci\u00f3n\">Informaci\u00f3n<\/a>\n<\/span><span class=\"aioseo-breadcrumb-separator\">&gt;<\/span><span class=\"aioseo-breadcrumb\">\n\tContrato de servicios\n<\/span><\/div><\/div>\n\t\t\t\t\t\t<\/div>\n\t\t\t\t<div class=\"elementor-element elementor-element-685289a elementor-invisible elementor-widget elementor-widget-heading\" data-id=\"685289a\" data-element_type=\"widget\" data-e-type=\"widget\" data-settings=\"{&quot;_animation&quot;:&quot;fadeInUp&quot;,&quot;_animation_mobile&quot;:&quot;fadeInDown&quot;,&quot;_animation_delay&quot;:300}\" data-widget_type=\"heading.default\">\n\t\t\t\t\t<h1 class=\"elementor-heading-title elementor-size-default\">Contrato de servicios<\/h1>\t\t\t\t<\/div>\n\t\t\t\t<div class=\"elementor-element elementor-element-e755576 text-a text-main animated-slow elementor-invisible elementor-widget elementor-widget-text-editor\" data-id=\"e755576\" data-element_type=\"widget\" data-e-type=\"widget\" data-settings=\"{&quot;_animation&quot;:&quot;fadeIn&quot;,&quot;_animation_delay&quot;:400}\" data-widget_type=\"text-editor.default\">\n\t\t\t\t\t\t\t\t\t<p>Altegio Limited, sociedad constituida con arreglo a las leyes de Chipre, con domicilio social en 2Ioanni Stylianou, 6, 2\u00aa planta, Piso|Oficina 202, 2003, Nicosia, Chipre (en lo sucesivo, el Contratista), por una parte, gui\u00e1ndose por las leyes aplicables de la Rep\u00fablica de Chipre, ofrece (oferta p\u00fablica) a un n\u00famero ilimitado de personas f\u00edsicas y\/o jur\u00eddicas (en lo sucesivo, el Cliente), por otra parte, en lo sucesivo denominadas colectivamente las \u201cPartes\u201d y cada una por separado como Parte, han celebrado un contrato p\u00fablico de prestaci\u00f3n de servicios (en lo sucesivo, la Oferta).<\/p>\t\t\t\t\t\t\t\t<\/div>\n\t\t\t\t<div class=\"elementor-element elementor-element-0b67c47 text-a text-main animated-slow elementor-invisible elementor-widget elementor-widget-text-editor\" data-id=\"0b67c47\" data-element_type=\"widget\" data-e-type=\"widget\" data-settings=\"{&quot;_animation&quot;:&quot;fadeIn&quot;,&quot;_animation_delay&quot;:500}\" data-widget_type=\"text-editor.default\">\n\t\t\t\t\t\t\t\t\t<ol class=\"ol-1-1 ol-1-1-head\"><li><h2>Definici\u00f3n de t\u00e9rminos y disposiciones generales<\/h2><ol class=\"ol-1-1\"><li>Los servicios son prestaciones del Contratista en la forma y en el<br \/>t\u00e9rminos definidos en esta Oferta.<\/li><li>Por sitio web del Contratista se entiende la p\u00e1gina web en Internet en la<br \/>direcci\u00f3n: <a href=\"https:\/\/alteg.io\/en\/\">alteg.io<\/a>, que es la fuente oficial de informaci\u00f3n<br \/>para los Clientes sobre el Contratista y los servicios que presta.<\/li><li>Oferta - el cuerpo de este documento tal y como se presenta en el Sitio Web y<br \/>disponible en:<br \/><a href=\"https:\/\/alteg.io\/en\/info\/service-agreement\">alteg.io\/es\/info\/servicio-acuerdo<\/a>, con todos sus anexos, modificaciones y adiciones.<\/li><li>La aceptaci\u00f3n es la aceptaci\u00f3n plena e incondicional por parte del Cliente de la<br \/>t\u00e9rminos y condiciones, incluso en la forma en que se establecen<br \/>en el texto de la presente Oferta.<\/li><li>Se entender\u00e1 por cliente la persona f\u00edsica o jur\u00eddica que haya aceptado el presente<br \/>Oferta.<\/li><\/ol><\/li><li><h2>Objeto del contrato y condiciones del servicio<\/h2><ol class=\"ol-1-1\"><li>En la forma y en los t\u00e9rminos estipulados por la presente Oferta, el<br \/>El Contratista se compromete a prestar servicios al Cliente, y el<br \/>El Cliente se compromete a aceptar y pagar los Servicios de la manera<br \/>y en los t\u00e9rminos especificados en esta Oferta y en la Factura o<br \/>Acuerdo de adhesi\u00f3n, en el que las Partes acuerdan adem\u00e1s la<br \/>alcance, procedimiento y condiciones de la prestaci\u00f3n de servicios (si<br \/>aplicable).<\/li><li>El Cliente elige de forma independiente la forma de los servicios. Aceptaci\u00f3n<br \/>de esta Oferta consiste en la firma del acuerdo de Adhesi\u00f3n por ambas<br \/>partes o en el pago por parte del Cliente de las<br \/>Factura de Servicios y significa la aceptaci\u00f3n plena e incondicional por parte de<br \/>al Cliente de los t\u00e9rminos de esta Oferta y equivale a la<br \/>Firma manuscrita del Cliente en esta Oferta.<\/li><li>Al aceptar las condiciones de la Oferta, el Cliente confirma su<br \/>capacidad jur\u00eddica y capacidad legal, as\u00ed como realiza la<br \/>responsabilidad por las obligaciones que se le impongan como consecuencia de<br \/>esta Oferta.<\/li><li>Los servicios se prestan en formato remoto mediante el software Altegio, en<br \/>el importe y el calendario acordados por las Partes.<\/li><li>El servicio se considera prestado a partir de la fecha de<br \/>ejecuci\u00f3n por el Contratista de todas las acciones previstas en el<br \/>Acuerdo de adhesi\u00f3n, sobre el que el Contratista notifica al<br \/>Cliente mediante el env\u00edo de una notificaci\u00f3n de prestaci\u00f3n de servicios a<br \/>la direcci\u00f3n de correo electr\u00f3nico del Cliente.<\/li><\/ol><\/li><li><h2>Derechos y obligaciones de las partes<\/h2><ol class=\"ol-1-1\"><li>El Contratista se compromete:<ol class=\"ol-1-1 ml-0\"><li style=\"list-style-type: none;\"><ol class=\"ol-1-1 ml-0\"><li>prestar servicios puntuales, adecuados y completos al Cliente en<br \/>de acuerdo con esta Oferta.<\/li><\/ol><\/li><\/ol><p>aceptar del Cliente y almacenar adecuadamente los documentos<br \/>transferidos en relaci\u00f3n con el cumplimiento de obligaciones<br \/>en virtud de la presente Oferta, y devolverlos inmediatamente a su vencimiento o antes de tiempo<br \/>terminaci\u00f3n de la Oferta.<\/p><ol class=\"ol-1-1 ml-0\"><li>no revelar informaci\u00f3n confidencial ni secretos comerciales de<br \/>las Partes que hayan llegado a su conocimiento, tanto durante la vigencia<br \/>de la Oferta y dentro de los 5 (Cinco) a\u00f1os siguientes a la fecha de<br \/>terminaci\u00f3n de la Oferta.<\/li><\/ol><\/li><li>El Contratista tiene derecho:<ol class=\"ol-1-1 ml-0\"><li>Para acceder a informaci\u00f3n, incluso confidencial, y<br \/>documentos del Cliente en la medida necesaria para llevar a cabo la<br \/>Las obligaciones del Contratista en virtud de esta Oferta.<\/li><li>confiar la ejecuci\u00f3n del contrato de servicios a otro<br \/>persona, a efectos de la ejecuci\u00f3n puntual y de calidad de<br \/>obligaciones derivadas de esta Oferta.<\/li><li>en caso de modificaci\u00f3n de la lista de servicios acordada en el<br \/>direcci\u00f3n de aumentarla o complicarla, para exigir una<br \/>aumento proporcional del coste de los servicios, y el Cliente<br \/>debe pagar por ellos.<\/li><\/ol><\/li><li>El Cliente se compromete:<ol class=\"ol-1-1 ml-0\"><li>Proporcionar informaci\u00f3n veraz, completa y exacta sobre s\u00ed mismo en<br \/>la prestaci\u00f3n de servicios de informaci\u00f3n y asesoramiento por parte de la<br \/>Contratista. Si la informaci\u00f3n del cuestionario en l\u00ednea resulta<br \/>sea incorrecta, el Contratista no ser\u00e1 responsable de la<br \/>imposibilidad de establecer contacto con el Cliente y de proporcionarle<br \/>servicios de esta Oferta.<\/li><li>Durante la vigencia de esta Oferta, a petici\u00f3n del Contratista,<br \/>proporcionar al Contratista informaci\u00f3n completa y exhaustiva en<br \/>de manera oportuna, as\u00ed como facilitar al Contratista el acceso<br \/>a los documentos del Cliente en la cantidad necesaria para cumplir<br \/>las obligaciones del Contratista en virtud de la presente Oferta.<\/li><li>pagar \u00edntegra y puntualmente los servicios del Contratista<br \/>de acuerdo con el procedimiento y en los t\u00e9rminos definidos en<br \/>esta Oferta.<\/li><li>pagar puntual e \u00edntegramente los impuestos, derechos, tasas y dem\u00e1s<br \/>pagos que sean necesarios para el desempe\u00f1o de calidad de este<br \/>contrato.<\/li><li>no revelar informaci\u00f3n confidencial ni secretos comerciales de<br \/>las Partes que hayan llegado a su conocimiento, tanto durante la vigencia<br \/>de la Oferta y dentro de los 5 (Cinco) a\u00f1os siguientes a la fecha de<br \/>terminaci\u00f3n de la Oferta.<\/li><li>Pagar los servicios del Contratista en la forma prevista<br \/>en la secci\u00f3n 4 de la presente oferta.<\/li><li>El cliente se compromete a no reproducir, repetir, copiar o vender, as\u00ed como a<br \/>a no utilizar para ning\u00fan fin la informaci\u00f3n y los materiales<br \/>que se han puesto a su disposici\u00f3n en relaci\u00f3n con la<br \/>prestaci\u00f3n de los Servicios, salvo para uso personal directamente por<br \/>el Cliente sin facilitar en forma alguna el acceso a cualquier<br \/>terceros.<\/li><\/ol><\/li><li>El Contratista tiene derecho:<ol class=\"ol-1-1 ml-0\"><li>Recibir servicios de calidad adecuada de acuerdo con este<br \/>oferta.<\/li><li>En cualquier momento para conocer los servicios y promociones<br \/>en el sitio web del Contratista.<\/li><li>Utilizar los resultados de los servicios en sus actividades empresariales<br \/>sin ninguna restricci\u00f3n.<\/li><\/ol><\/li><\/ol><\/li><li><h2>Remuneraci\u00f3n del Contratista y procedimiento para su pago<\/h2><ol class=\"ol-1-1\"><li>El Cliente abonar\u00e1 al Contratista una remuneraci\u00f3n por la prestaci\u00f3n<br \/>de los Servicios de esta Oferta.<\/li><li>El importe de la remuneraci\u00f3n del Contratista depende del contenido<br \/>y alcance de los Servicios prestados en virtud de esta Oferta y acordados por<br \/>las Partes en el acuerdo de adhesi\u00f3n.<\/li><li>El coste total de los Servicios de esta Oferta es el coste total de<br \/>todos los Servicios a prestar por el Contratista en virtud de la presente Oferta.<\/li><li>Salvo que las Partes acuerden otra cosa en el acuerdo de adhesi\u00f3n,<br \/>el Cliente paga por los servicios del Contratista en condiciones<br \/>del pago completo por adelantado del importe especificado en la Factura. La direcci\u00f3n<br \/>La remuneraci\u00f3n del contratista no incluye los impuestos y tasas que el<br \/>El cliente debe pagar y\/o pagarse a s\u00ed mismo de acuerdo con las leyes de<br \/>la ubicaci\u00f3n del Cliente y no est\u00e1 sujeta a retenci\u00f3n por parte de<br \/>al Cliente del importe del pago.<\/li><li>El pago de los Servicios se efectuar\u00e1 mediante transferencia no dineraria del<br \/>Cliente a la cuenta corriente del Contratista. Momento del pago<br \/>por los servicios por parte del Cliente es la fecha de recepci\u00f3n de los fondos a<br \/>la cuenta del Contratista.<\/li><li>En caso de rescisi\u00f3n anticipada del Contrato, el Contratista deber\u00e1<br \/>devolver los fondos en un plazo de 14 d\u00edas, sobre la base de la solicitud<br \/>enviado a la direcci\u00f3n de correo electr\u00f3nico:<br \/><a href=\"mailto:support@alteg.io\">support@alteg.io<\/a>, menos el<br \/>coste de los servicios prestados por el Contratista.<\/li><\/ol><\/li><li><h2>Alcance y aceptaci\u00f3n de los servicios<\/h2><ol class=\"ol-1-1\"><li>Si el volumen de servicios prestados supera el plazo previsto por el<br \/>Partes y\/o va m\u00e1s all\u00e1 del contenido de los servicios acordados por<br \/>las Partes, el coste final (definitivo) del volumen efectivamente prestado<br \/>de los servicios ser\u00e1n acordados por las Partes adicionalmente en el<br \/>forma prevista en la Oferta.<\/li><li>Una vez finalizados los trabajos o servicios, el Cliente deber\u00e1<br \/>notificado en consecuencia. Si hay alg\u00fan defecto en el trabajo terminado<br \/>y servicios prestados, deber\u00e1n ser llevados a la<br \/>atenci\u00f3n en un plazo de 24 (veinticuatro) horas tras la finalizaci\u00f3n de los trabajos<br \/>y prestaci\u00f3n de servicios. Si no hay comentarios dentro del<br \/>plazos especificados en esta cl\u00e1usula, los trabajos y servicios se<br \/>se considerar\u00e1n aceptadas por el Cliente. En caso de que existan observaciones<br \/>al trabajo realizado o a los servicios prestados, el Contratista deber\u00e1<br \/>eliminar inicialmente las observaciones en el \u00e1mbito de los Servicios<br \/>acordado por las Partes.<\/li><\/ol><\/li><li><h2>Privacidad<\/h2><ol class=\"ol-1-1\"><li>A efectos de esta Oferta, el t\u00e9rmino \u201cInformaci\u00f3n Confidencial\u201d<br \/>significa:<ol class=\"ol-1-1 ml-0\"><li>toda la informaci\u00f3n oficial, no p\u00fablica y no divulgada, incluyendo<br \/>secretos comerciales, datos financieros, comerciales, t\u00e9cnicos, operativos<br \/>y otra informaci\u00f3n, datos personales, informaci\u00f3n tecnol\u00f3gica,<br \/>datos, experiencia y conocimientos de cualquier tipo y en cualquier forma,<br \/>relacionados directa o indirectamente con las Partes de esta Oferta,<br \/>datos sobre proveedores y condiciones de las transacciones con ellos, financieros<br \/>planes de las Partes e informes sobre actividades anteriores, que<br \/>haya llegado a conocimiento de las Partes por v\u00eda escrita, oral, electr\u00f3nica o<br \/>otra forma durante su cooperaci\u00f3n;<\/li><li>cualquier informaci\u00f3n que est\u00e9 en posesi\u00f3n, uso o disposici\u00f3n de<br \/>las Partes y que llegue a conocimiento de las Partes en relaci\u00f3n con<br \/>con la cooperaci\u00f3n y las relaciones contractuales en general;<\/li><li>cualquier informaci\u00f3n que no sea de conocimiento general o p\u00fablico<br \/>disponible y tiene un valor real o potencial para la Parte para<br \/>razones comerciales, cuya divulgaci\u00f3n pueda causar da\u00f1os materiales.<br \/>da\u00f1ar, as\u00ed como socavar la reputaci\u00f3n o el prestigio empresarial<br \/>del Partido o de su personal;<\/li><li>cualquier documento de la Parte (incluso en formato electr\u00f3nico) marcado<br \/>\u201cConfidencial\u201d y\/o \u201cPara uso oficial\u201d.<\/li><\/ol><\/li><li>Las Partes se comprometen mutuamente a utilizar la informaci\u00f3n confidencial<br \/>proporcionado o conocido durante la vigencia de esta Oferta y en el<br \/>curso de la cooperaci\u00f3n de las Partes, \u00fanicamente de conformidad con el<br \/>t\u00e9rminos de la presente Oferta y \u00fanicamente en la cuant\u00eda y para los fines para los que<br \/>que se facilit\u00f3 dicha informaci\u00f3n.<\/li><\/ol><\/li><li><h2>Protecci\u00f3n de datos personales<\/h2><ol class=\"ol-1-1\"><li>En el marco de la presente Oferta, el Cliente podr\u00e1 ceder el<br \/>datos personales de empleados\/representantes\/clientes al<br \/>Contratista.<\/li><li>Los datos personales en el marco de la presente Oferta se transmitir\u00e1n a efectos<br \/>de la ejecuci\u00f3n de la Oferta por el Contratista.<\/li><li>El Contratista tiene derecho a tratar los datos personales en la medida en que<br \/>necesaria para prestar los Servicios de esta Oferta, \u00fanicamente para la<br \/>objeto de la ejecuci\u00f3n de la presente Oferta.<\/li><li>Al aceptar las condiciones de esta Oferta, el Cliente garantiza que:<ol class=\"ol-1-1 ml-0\"><li>En el tratamiento de datos personales, el Cliente respeta todos los derechos<br \/>de los sujetos de los datos personales, estipulado por el Reglamento General de Datos<br \/>Reglamento de Protecci\u00f3n de Datos (GDPR).<\/li><li>consentimiento voluntario de los titulares de los datos personales para su tratamiento<br \/>el Cliente reciba sus datos personales.<\/li><\/ol><\/li><li>Mediante la firma de la presente Oferta, los representantes autorizados de las Partes<br \/>consentimiento para el tratamiento de sus datos personales con el fin de confirmar<br \/>la autoridad del sujeto para modificar y rescindir la Oferta, a fin de garantizar<br \/>la aplicaci\u00f3n de las relaciones administrativas y jur\u00eddicas, las relaciones<br \/>en el curso de actividades empresariales y otras relaciones proporcionadas por<br \/>ley.<\/li><\/ol><\/li><li><h2>Responsabilidad de las partes<\/h2><ol class=\"ol-1-1\"><li>En caso de incumplimiento de sus obligaciones en virtud de la presente Oferta, las Partes<br \/>ser\u00e1 responsable de conformidad con la presente Oferta y con el<br \/>leyes. El incumplimiento de una obligaci\u00f3n es su no ejecuci\u00f3n o ejecuci\u00f3n indebida.<br \/>rendimiento.<\/li><li>Las Partes no ser\u00e1n responsables del incumplimiento de sus obligaciones<br \/>en virtud de la presente Oferta si no se debe a su culpa. Una parte ser\u00e1<br \/>considerada inocente si demuestra que ha tomado todas las medidas a su<br \/>poder para el correcto cumplimiento de su obligaci\u00f3n.<\/li><li>En caso de incumplimiento de las obligaciones monetarias en virtud del<br \/>Contrato, el Cliente estar\u00e1 obligado a reembolsar al Contratista<br \/>el importe de la deuda, as\u00ed como una penalizaci\u00f3n a raz\u00f3n del 0,1% del<br \/>el coste total de los Servicios, determinado por la factura correspondiente, para<br \/>cada d\u00eda de retraso.<\/li><li>Si el Cliente no abona los pagos previstos en esta Oferta, el<br \/>El Contratista se reserva el derecho de suspender la prestaci\u00f3n del<br \/>Servicios de esta Oferta.<\/li><li>El Contratista no ser\u00e1 responsable de la no ejecuci\u00f3n o ejecuci\u00f3n indebida<br \/>cumplimiento de las obligaciones derivadas de la presente Oferta, si se produjera como<br \/>resultado de la no ejecuci\u00f3n o ejecuci\u00f3n incorrecta de las obligaciones del Cliente.<br \/>propias obligaciones en virtud de la presente Oferta.<\/li><li>En caso de divulgaci\u00f3n de Informaci\u00f3n Confidencial y violaci\u00f3n de<br \/>los t\u00e9rminos de esta Oferta, la Parte que permiti\u00f3 dicha divulgaci\u00f3n<br \/>estar\u00e1 obligada a indemnizar a la otra Parte por las p\u00e9rdidas documentadas<br \/>resultante de la divulgaci\u00f3n de Informaci\u00f3n Confidencial y<br \/>relacionados con el incumplimiento o la ejecuci\u00f3n incorrecta de las condiciones de<br \/>esta Oferta, incluidos los da\u00f1os a la reputaci\u00f3n empresarial.<\/li><\/ol><\/li><li><h2>Fuerza mayor<\/h2><ol class=\"ol-1-1\"><li>Las Partes quedar\u00e1n exentas de responsabilidad por la totalidad o parte de las<br \/>incumplimiento de sus obligaciones en virtud de la presente Oferta si es<br \/>causadas por circunstancias de fuerza mayor, como:<br \/>cat\u00e1strofes naturales, incendios, inundaciones, terremotos, guerra, bloqueo,<br \/>ocupaci\u00f3n, imposici\u00f3n de normas de cuarentena, incautaci\u00f3n de<br \/>documentos por parte de las autoridades p\u00fablicas (registro, acceso temporal a cosas<br \/>y documentos, las solicitudes de las autoridades p\u00fablicas con arreglo a la actual<br \/>legislaci\u00f3n), reglamentos o leyes emitidos por organismos gubernamentales autorizados.<\/li><li>En caso de circunstancias de fuerza mayor, el plazo de ejecuci\u00f3n<br \/>de las obligaciones se aplazar\u00e1 por el tiempo durante el cual dicha<br \/>circunstancias. Si estas circunstancias y su<br \/>consecuencias durar\u00e1n m\u00e1s de 3 (tres) meses, cada una de las<br \/>Las Partes tendr\u00e1n derecho a negarse a seguir ejecutando<br \/>obligaciones derivadas de la Oferta.<\/li><li>La Parte para la que sea imposible cumplir las obligaciones<br \/>en virtud de la presente Oferta debido a circunstancias de fuerza mayor, deber\u00e1<br \/>notificar inmediatamente a la otra Parte.<\/li><li>La Parte para la que resulte imposible cumplir las obligaciones derivadas del<br \/>la presente Oferta por causa de fuerza mayor, deber\u00e1 confirmar la<br \/>existencia y duraci\u00f3n de la fuerza mayor con un certificado de<br \/>el organismo autorizado, o informaci\u00f3n a trav\u00e9s de los medios de comunicaci\u00f3n.<\/li><\/ol><\/li><li><h2>Comunicaciones de las partes<\/h2><ol class=\"ol-1-1\"><li>Las Partes han acordado que las comunicaciones, peticiones, demandas o<br \/>cualquier otra correspondencia (en lo sucesivo, la \u201cComunicaci\u00f3n\u201d) en virtud de<br \/>esta Oferta deber\u00e1 hacerse por escrito o enviarse por correo electr\u00f3nico al<br \/>Parte pertinente a la direcci\u00f3n de correo electr\u00f3nico.<\/li><li>La notificaci\u00f3n se considerar\u00e1 debidamente ejecutada y de conformidad con el<br \/>t\u00e9rminos de la presente Oferta desde el momento del env\u00edo de dicha notificaci\u00f3n al<br \/>direcci\u00f3n de correo electr\u00f3nico especificada en los datos.<\/li><\/ol><\/li><li><h2>Periodo de validez de la propuesta<\/h2><ol class=\"ol-1-1\"><li>La presente Oferta entrar\u00e1 en vigor en el momento de su publicaci\u00f3n en el<br \/>sitio web del Contratista y ser\u00e1 v\u00e1lida hasta su retirada por el<br \/>Contratista.<\/li><li>El Contratista tiene derecho en cualquier momento y a su propia discreci\u00f3n a<br \/>modificar las condiciones de la Oferta y\/o retirar la Oferta. En<br \/>en caso de que el Contratista introduzca cambios en la Oferta, dichos cambios vendr\u00e1n<br \/>en vigor a partir de la fecha de publicaci\u00f3n del texto modificado de la<br \/>Oferta en el sitio web del Contratista, si otra fecha de entrada en<br \/>La fuerza no se define directamente en el texto de la Oferta modificada.<\/li><\/ol><\/li><li><h2>Disposiciones de cierre<\/h2><ol class=\"ol-1-1\"><li>Las partes han establecido que los litigios y reclamaciones ser\u00e1n<br \/>resuelto mediante negociaciones.<\/li><li>Las partes han acordado considerar el lugar de la transacci\u00f3n y<br \/>el lugar de prestaci\u00f3n del servicio como la ubicaci\u00f3n del Contratista especificada en<br \/>Secci\u00f3n 13 de esta Oferta.<\/li><li>Al aceptar esta Oferta, el Cliente acepta que todos los litigios en<br \/>en relaci\u00f3n con esta Oferta se regir\u00e1n por la ley sin tener en cuenta<br \/>a las normas de conflicto de leyes. Si las Partes no llegan a un acuerdo<br \/>durante la negociaci\u00f3n y el procedimiento de reclamaci\u00f3n, cualquier litigio,<br \/>controversia o reclamaci\u00f3n que pueda surgir de o en relaci\u00f3n con<br \/>la presente Oferta, o la ejecuci\u00f3n, incumplimiento, rescisi\u00f3n o nulidad<br \/>ser\u00e1 resuelto por el Instituto de Arbitraje de la<br \/>C\u00e1mara de Comercio de Estocolmo (SCC).<\/li><li>Los t\u00edtulos utilizados en los art\u00edculos y cl\u00e1usulas de la presente Oferta se utilizan<br \/>s\u00f3lo a efectos de comunicaci\u00f3n y comodidad en el texto. Estos t\u00edtulos<br \/>no podr\u00e1 interpretarse en el sentido de que define, limita o modifica, o<br \/>que afecten al significado y contenido de las condiciones de<br \/>esta Oferta o cualquier parte de la misma.<\/li><li>Las partes de esta Oferta han acordado que si una parte de esta Oferta<br \/>se considera inv\u00e1lida (ilegal), entonces la propia Oferta, incluso sin la<br \/>inclusi\u00f3n de la parte no v\u00e1lida (ilegal), se considera concluida. En<br \/>este caso, una Parte en esta Oferta no puede alegar que sin la<br \/>inclusi\u00f3n de la parte no v\u00e1lida (ilegal), no habr\u00eda entrado en<br \/>en la Oferta.<\/li><li>Todo lo anterior constituye el texto \u00fanico de la Oferta y<br \/>sustituye a todas las negociaciones, correspondencia y acuerdos anteriores,<br \/>las propuestas y declaraciones orales o escritas de las Partes<br \/>sobre el objeto de la Oferta.<\/li><li>En todos los casos no contemplados en la presente oferta, las Partes se<br \/>regido por las leyes aplicables de Inglaterra y Gales.<\/li><\/ol><\/li><li><h2>Informaci\u00f3n sobre el contratista<\/h2><ol class=\"ol-none ml0\"><li>Altegio Limited<\/li><li>N\u00famero de registro: HE 434056<\/li><li>Direcci\u00f3n de registro: Ioanni Stylianou, 6, 2\u00aa planta, Piso|Oficina 202, 2003, Nicosia, Chipre.<\/li><li>Correo electr\u00f3nico <a href=\"mailto:support@alteg.io\">support@alteg.io<\/a><\/li><li>tel:+35722030868.<\/li><\/ol><\/li><\/ol>\t\t\t\t\t\t\t\t<\/div>\n\t\t\t\t<div class=\"elementor-element elementor-element-7e3fe72 text-a text-main animated-slow elementor-invisible elementor-widget elementor-widget-text-editor\" data-id=\"7e3fe72\" data-element_type=\"widget\" data-e-type=\"widget\" data-settings=\"{&quot;_animation&quot;:&quot;fadeIn&quot;,&quot;_animation_delay&quot;:400}\" data-widget_type=\"text-editor.default\">\n\t\t\t\t\t\t\t\t\tVersi\u00f3n actual de la Oferta a partir del 28 de abril de 2022\t\t\t\t\t\t\t\t<\/div>\n\t\t\t\t\t<\/div>\n\t\t<\/div>\n\t\t\t\t\t<\/div>\n\t\t<\/section>\n\t\t\t\t<\/div>","protected":false},"excerpt":{"rendered":"","protected":false},"author":3,"featured_media":0,"parent":1114,"menu_order":0,"comment_status":"closed","ping_status":"closed","template":"","meta":{"_monsterinsights_skip_tracking":false,"_monsterinsights_sitenote_active":false,"_monsterinsights_sitenote_note":"","_monsterinsights_sitenote_category":0,"footnotes":""},"class_list":["post-1637","page","type-page","status-publish","hentry"],"aioseo_notices":[],"_links":{"self":[{"href":"https:\/\/alteg.io\/es\/wp-json\/wp\/v2\/pages\/1637","targetHints":{"allow":["GET"]}}],"collection":[{"href":"https:\/\/alteg.io\/es\/wp-json\/wp\/v2\/pages"}],"about":[{"href":"https:\/\/alteg.io\/es\/wp-json\/wp\/v2\/types\/page"}],"author":[{"embeddable":true,"href":"https:\/\/alteg.io\/es\/wp-json\/wp\/v2\/users\/3"}],"replies":[{"embeddable":true,"href":"https:\/\/alteg.io\/es\/wp-json\/wp\/v2\/comments?post=1637"}],"version-history":[{"count":7,"href":"https:\/\/alteg.io\/es\/wp-json\/wp\/v2\/pages\/1637\/revisions"}],"predecessor-version":[{"id":19315,"href":"https:\/\/alteg.io\/es\/wp-json\/wp\/v2\/pages\/1637\/revisions\/19315"}],"up":[{"embeddable":true,"href":"https:\/\/alteg.io\/es\/wp-json\/wp\/v2\/pages\/1114"}],"wp:attachment":[{"href":"https:\/\/alteg.io\/es\/wp-json\/wp\/v2\/media?parent=1637"}],"curies":[{"name":"wp","href":"https:\/\/api.w.org\/{rel}","templated":true}]}}