{"id":1283,"date":"2024-04-04T00:43:25","date_gmt":"2024-04-04T00:43:25","guid":{"rendered":"https:\/\/new.alteg.io\/?page_id=1283"},"modified":"2026-02-15T18:53:24","modified_gmt":"2026-02-15T18:53:24","slug":"user-data-transfer-agreement","status":"publish","type":"page","link":"https:\/\/alteg.io\/es\/info\/user-data-transfer-agreement\/","title":{"rendered":"Acuerdo de transferencia de datos de usuario"},"content":{"rendered":"<div data-elementor-type=\"wp-page\" data-elementor-id=\"1283\" class=\"elementor elementor-1283\" data-elementor-post-type=\"page\">\n\t\t\t\t\t\t<section class=\"elementor-section elementor-top-section elementor-element elementor-element-faded31 elementor-section-boxed elementor-section-height-default elementor-section-height-default\" data-id=\"faded31\" data-element_type=\"section\" data-e-type=\"section\" data-settings=\"{&quot;background_background&quot;:&quot;classic&quot;}\">\n\t\t\t\t\t\t<div class=\"elementor-container elementor-column-gap-default\">\n\t\t\t\t\t<div class=\"elementor-column elementor-col-100 elementor-top-column elementor-element elementor-element-06ab8a0\" data-id=\"06ab8a0\" data-element_type=\"column\" data-e-type=\"column\">\n\t\t\t<div class=\"elementor-widget-wrap elementor-element-populated\">\n\t\t\t\t\t\t<div class=\"elementor-element elementor-element-966d695 elementor-widget elementor-widget-shortcode\" data-id=\"966d695\" data-element_type=\"widget\" data-e-type=\"widget\" data-widget_type=\"shortcode.default\">\n\t\t\t\t\t\t\t<div class=\"elementor-shortcode\"><div class=\"aioseo-breadcrumbs\"><span class=\"aioseo-breadcrumb\">\n\tInicio\n<\/span><\/div><\/div>\n\t\t\t\t\t\t<\/div>\n\t\t\t\t<div class=\"elementor-element elementor-element-d679525 elementor-invisible elementor-widget elementor-widget-heading\" data-id=\"d679525\" data-element_type=\"widget\" data-e-type=\"widget\" data-settings=\"{&quot;_animation&quot;:&quot;fadeInUp&quot;,&quot;_animation_mobile&quot;:&quot;fadeInDown&quot;,&quot;_animation_delay&quot;:300}\" data-widget_type=\"heading.default\">\n\t\t\t\t\t<h1 class=\"elementor-heading-title elementor-size-default\">Acuerdo de transferencia y tratamiento de datos del usuario<\/h1>\t\t\t\t<\/div>\n\t\t\t\t<div class=\"elementor-element elementor-element-1b60abf text-a animated-slow elementor-invisible elementor-widget elementor-widget-text-editor\" data-id=\"1b60abf\" data-element_type=\"widget\" data-e-type=\"widget\" data-settings=\"{&quot;_animation&quot;:&quot;fadeIn&quot;,&quot;_animation_delay&quot;:400}\" data-widget_type=\"text-editor.default\">\n\t\t\t\t\t\t\t\t\tDe conformidad con los requisitos de procesamiento de datos y el Reglamento (CE) 2016\/679 del Parlamento Europeo y del Consejo, de 27 de abril de 2016, relativo a la protecci\u00f3n de las personas f\u00edsicas en lo que respecta al tratamiento de datos personales y a la libre circulaci\u00f3n de estos datos, Doy mi consentimiento voluntario a la transferencia para el tratamiento de mis datos personales por el nuevo Controlador \u201cAltegio Limited\u201d, una empresa constituida bajo la ley de Chipre con domicilio social en Ioanni Stylianou, 6, 2\u00aa planta, Flat|Office 202, 2003, Nicosia, Chipre, (en adelante, el \u201cControlador\u201d) con el fin de llevar a cabo para acceder y utilizar la Plataforma Altegio.\n\nDoy mi consentimiento al Responsable del Tratamiento para el tratamiento de mis datos personales de conformidad con la Pol\u00edtica de Privacidad publicada y\/o disponible en Internet en la direcci\u00f3n <a href=\"https:\/\/alteg.io\/en\/info\/privacy\">alteg.io\/es\/info\/privacidad<\/a> y establece las normas de tratamiento de la informaci\u00f3n personal del usuario, incluidos los datos personales del usuario, y con las Condiciones del servicio que se publica y \/ o disponible en Internet en: <a href=\"https:\/\/alteg.io\/en\/info\/terms\">alteg.io\/es\/info\/terms<\/a> con el fin de permitir a las Partes continuar su relaci\u00f3n de manera conforme a la ley.\n\nEl Controlador tiene derecho a realizar acciones (operaciones) con mis datos personales, incluyendo la recopilaci\u00f3n, sistematizaci\u00f3n, acumulaci\u00f3n, almacenamiento, aclaraci\u00f3n (actualizaci\u00f3n, cambio) de uso, despersonalizaci\u00f3n, bloqueo, eliminaci\u00f3n de mis datos personales, categor\u00edas de las cuales se especifican en la Pol\u00edtica de Privacidad.\n\nNo tengo ninguna objeci\u00f3n al intercambio (recepci\u00f3n, transferencia) de mis datos personales entre el Controlador y terceros de conformidad con los contratos y acuerdos celebrados, con el fin de observar mis derechos e intereses legales.\n\nEl presente Acuerdo entra en vigor en el momento de su firma por las Partes y permanecer\u00e1 en vigor hasta su rescisi\u00f3n.\n\nEl presente Acuerdo podr\u00e1 ser revocado por m\u00ed por escrito en cualquier momento a mi entera discreci\u00f3n.\n\n<hr \/>\n\nTodas las sugerencias, preguntas, peticiones y otras consultas relativas al presente Acuerdo y al uso de sus datos personales el Usuario podr\u00e1 enviarlas a <a href=\"mailto:support@alteg.io\">support@alteg.io<\/a>.  Tambi\u00e9n puede ponerse en contacto con nuestro Responsable de Protecci\u00f3n de Datos (RPD), bien mediante una carta escrita dirigida al \u201cResponsable de Protecci\u00f3n de Datos\u201d enviada a la direcci\u00f3n indicada anteriormente, o bien por correo electr\u00f3nico a la direcci\u00f3n <a href=\"mailto:legal@alteg.io\">Direcci\u00f3n del RPD<\/a>.\t\t\t\t\t\t\t\t<\/div>\n\t\t\t\t\t<\/div>\n\t\t<\/div>\n\t\t\t\t\t<\/div>\n\t\t<\/section>\n\t\t\t\t<\/div>","protected":false},"excerpt":{"rendered":"","protected":false},"author":3,"featured_media":0,"parent":1114,"menu_order":0,"comment_status":"closed","ping_status":"closed","template":"","meta":{"_monsterinsights_skip_tracking":false,"_monsterinsights_sitenote_active":false,"_monsterinsights_sitenote_note":"","_monsterinsights_sitenote_category":0,"footnotes":""},"class_list":["post-1283","page","type-page","status-publish","hentry"],"aioseo_notices":[],"_links":{"self":[{"href":"https:\/\/alteg.io\/es\/wp-json\/wp\/v2\/pages\/1283","targetHints":{"allow":["GET"]}}],"collection":[{"href":"https:\/\/alteg.io\/es\/wp-json\/wp\/v2\/pages"}],"about":[{"href":"https:\/\/alteg.io\/es\/wp-json\/wp\/v2\/types\/page"}],"author":[{"embeddable":true,"href":"https:\/\/alteg.io\/es\/wp-json\/wp\/v2\/users\/3"}],"replies":[{"embeddable":true,"href":"https:\/\/alteg.io\/es\/wp-json\/wp\/v2\/comments?post=1283"}],"version-history":[{"count":7,"href":"https:\/\/alteg.io\/es\/wp-json\/wp\/v2\/pages\/1283\/revisions"}],"predecessor-version":[{"id":19294,"href":"https:\/\/alteg.io\/es\/wp-json\/wp\/v2\/pages\/1283\/revisions\/19294"}],"up":[{"embeddable":true,"href":"https:\/\/alteg.io\/es\/wp-json\/wp\/v2\/pages\/1114"}],"wp:attachment":[{"href":"https:\/\/alteg.io\/es\/wp-json\/wp\/v2\/media?parent=1283"}],"curies":[{"name":"wp","href":"https:\/\/api.w.org\/{rel}","templated":true}]}}