{"id":1116,"date":"2024-04-03T23:06:24","date_gmt":"2024-04-03T23:06:24","guid":{"rendered":"https:\/\/new.alteg.io\/?page_id=1116"},"modified":"2026-02-15T18:52:31","modified_gmt":"2026-02-15T18:52:31","slug":"data-transfer-agreement","status":"publish","type":"page","link":"https:\/\/alteg.io\/es\/info\/data-transfer-agreement\/","title":{"rendered":"Acuerdo de transferencia de datos"},"content":{"rendered":"<div data-elementor-type=\"wp-page\" data-elementor-id=\"1116\" class=\"elementor elementor-1116\" data-elementor-post-type=\"page\">\n\t\t\t\t\t\t<section class=\"elementor-section elementor-top-section elementor-element elementor-element-aef3809 elementor-section-boxed elementor-section-height-default elementor-section-height-default\" data-id=\"aef3809\" data-element_type=\"section\" data-e-type=\"section\" data-settings=\"{&quot;background_background&quot;:&quot;classic&quot;}\">\n\t\t\t\t\t\t<div class=\"elementor-container elementor-column-gap-default\">\n\t\t\t\t\t<div class=\"elementor-column elementor-col-100 elementor-top-column elementor-element elementor-element-4c88fbe\" data-id=\"4c88fbe\" data-element_type=\"column\" data-e-type=\"column\">\n\t\t\t<div class=\"elementor-widget-wrap elementor-element-populated\">\n\t\t\t\t\t\t<div class=\"elementor-element elementor-element-bd3132d elementor-widget elementor-widget-shortcode\" data-id=\"bd3132d\" data-element_type=\"widget\" data-e-type=\"widget\" data-widget_type=\"shortcode.default\">\n\t\t\t\t\t\t\t<div class=\"elementor-shortcode\"><div class=\"aioseo-breadcrumbs\"><span class=\"aioseo-breadcrumb\">\n\tInicio\n<\/span><\/div><\/div>\n\t\t\t\t\t\t<\/div>\n\t\t\t\t<div class=\"elementor-element elementor-element-e9de687 elementor-invisible elementor-widget elementor-widget-heading\" data-id=\"e9de687\" data-element_type=\"widget\" data-e-type=\"widget\" data-settings=\"{&quot;_animation&quot;:&quot;fadeInUp&quot;,&quot;_animation_mobile&quot;:&quot;fadeInDown&quot;,&quot;_animation_delay&quot;:300}\" data-widget_type=\"heading.default\">\n\t\t\t\t\t<h1 class=\"elementor-heading-title elementor-size-default\">Acuerdo de transferencia de datos<\/h1>\t\t\t\t<\/div>\n\t\t\t\t<div class=\"elementor-element elementor-element-1218f74 text-a animated-slow elementor-invisible elementor-widget elementor-widget-text-editor\" data-id=\"1218f74\" data-element_type=\"widget\" data-e-type=\"widget\" data-settings=\"{&quot;_animation&quot;:&quot;fadeIn&quot;,&quot;_animation_delay&quot;:400}\" data-widget_type=\"text-editor.default\">\n\t\t\t\t\t\t\t\t\tEl presente Acuerdo de Transferencia de Datos se celebra entre Altegio Limited, sociedad constituida de conformidad con las leyes de Chipre, con domicilio social en Ioanni Stylianou, 6, 2\u00aa planta, Piso|Oficina 202, 2003, Nicosia, Chipre (en lo sucesivo, el Licenciante) y el representante autorizado del Licenciatario.\n\nCONSIDERANDO que Altegio Limited celebra el presente Acuerdo con el fin de conceder al Licenciatario acceso a la Plataforma Altegio.\nCONSIDERANDO que este Acuerdo tiene por objeto regular la transferencia de Datos al Otorgante de la Licencia para su tratamiento;\nCONSIDERANDO que el Acuerdo tiene por objeto garantizar un nivel adecuado de seguridad de conformidad con la normativa sobre protecci\u00f3n de datos cuando se procesen y, en particular, se transfieran datos personales en relaci\u00f3n con las actividades comerciales de las Partes;\nCONSIDERANDO que usted, como representante autorizado del Licenciatario, confirma:\n<ul>\n \t<li>usted es un representante oficial que act\u00faa en nombre de una persona jur\u00eddica, empresario individual, Licenciatario, que utiliza efectivamente la Plataforma;<\/li>\n \t<li>tiene autoridad para aceptar este acuerdo en nombre de una persona jur\u00eddica, un empresario individual.<\/li>\n \t<li>si no est\u00e1 de acuerdo con este acuerdo, no podr\u00e1 acceder ni utilizar la Plataforma, el Sitio;<\/li>\n<\/ul>\nAHORA, POR LO TANTO, las Partes han acordado lo siguiente:\n\nEl objeto del presente Acuerdo son las obligaciones mutuas de las Partes de garantizar la confidencialidad de la transacci\u00f3n de todos los Datos en las condiciones especificadas en el presente Acuerdo.\n\nAl aceptar los t\u00e9rminos de este Acuerdo, el Licenciatario, libre, voluntariamente y en su inter\u00e9s, da su consentimiento para las siguientes acciones:\n<ul>\n \t<li>transferencia de todos los Datos de la cuenta de la Empresa a la Plataforma Altegio, incluyendo: bases de datos de los clientes de la empresa incluyendo Datos Personales, bases de datos de los empleados de la empresa incluyendo Datos Personales, datos sobre transacciones financieras, historial de registros en l\u00ednea, historial de visitas, integraciones con servicios de terceros, toda otra informaci\u00f3n de la cuenta;<\/li>\n \t<li>tratamiento de los Datos Personales de los empleados del Licenciatario, clientes y terceros cuyos datos personales sean transferidos por el Licenciatario en virtud del presente acuerdo a los efectos de la cuenta de transferencia de los datos de la Empresa del Licenciatario al software Altegio (tambi\u00e9n recogida, registro, sistematizaci\u00f3n, acumulaci\u00f3n, almacenamiento, aclaraci\u00f3n (actualizaci\u00f3n, modificaci\u00f3n), extracci\u00f3n, uso, transferencia (distribuci\u00f3n, suministro, acceso), despersonalizaci\u00f3n, bloqueo, supresi\u00f3n, destrucci\u00f3n de datos personales), de conformidad con los Requisitos de Procesamiento de Datos y el Reglamento (CE) 2016\/679 del Parlamento Europeo y del Consejo, de 27 de abril de 2016, relativo a la protecci\u00f3n de las personas f\u00edsicas en lo que respecta al tratamiento de datos personales y a la libre circulaci\u00f3n de estos datos;<\/li>\n \t<li>tratamiento de otros datos por cuenta de la empresa mediante su introducci\u00f3n en bases de datos electr\u00f3nicas, su inclusi\u00f3n en listas (registros) y formularios de informaci\u00f3n.<\/li>\n<\/ul>\nEl Licenciante consiente el tratamiento de mis datos personales de conformidad con la Pol\u00edtica de Privacidad publicada y\/o disponible en Internet en la direcci\u00f3n <a href=\"https:\/\/alteg.io\/en\/info\/privacy\">alteg.io\/es\/info\/privacidad<\/a> y establece las normas de tratamiento de la informaci\u00f3n personal del Usuario, incluidos los datos personales del Usuario con las Condiciones del servicio que se publica y \/ o disponible en Internet en: <a href=\"https:\/\/alteg.io\/en\/info\/terms\">alteg.io\/es\/info\/terms<\/a>y con el Contrato de Licencia que est\u00e1 publicado y\/o disponible en Internet en la direcci\u00f3n <a href=\"https:\/\/alteg.io\/en\/info\/license\">alteg.io\/es\/info\/licencia<\/a>con el fin de permitir a las Partes continuar su relaci\u00f3n de conformidad con la ley. El Licenciante procesa los datos personales como Responsable del tratamiento de datos personales.\nLas Partes toman las medidas organizativas y t\u00e9cnicas necesarias y suficientes para proteger los datos personales de los usuarios contra el acceso no autorizado o accidental, la destrucci\u00f3n, modificaci\u00f3n, bloqueo, copia, distribuci\u00f3n, as\u00ed como otras acciones ilegales con ellos por parte de terceros.\n\nEl Licenciante toma todas las medidas de seguridad t\u00e9cnicas y organizativas adecuadas a los riesgos, por ejemplo contra la destrucci\u00f3n accidental o ilegal o la p\u00e9rdida accidental, alteraci\u00f3n, divulgaci\u00f3n no autorizada o acceso durante la transferencia de datos.\n\nEl Licenciante se compromete a que cualquier persona que act\u00fae bajo la direcci\u00f3n del Licenciante no tratar\u00e1 los datos salvo en la forma indicada y de conformidad con los fines especificados en el presente contrato y en la pol\u00edtica de privacidad. Teniendo en cuenta el estado de la t\u00e9cnica, los costes de aplicaci\u00f3n y la naturaleza, el alcance, el contexto y los fines del Tratamiento, as\u00ed como el riesgo de probabilidad y gravedad variables para los derechos y libertades de las personas f\u00edsicas, las Partes aplicar\u00e1n las medidas t\u00e9cnicas y organizativas apropiadas para garantizar un nivel de seguridad adecuado a dicho riesgo, incluidas, en su caso, las medidas contempladas en el art\u00edculo 32, apartado 1, del GDPR.\n\nEl Licenciatario se compromete a cumplir los t\u00e9rminos de este acuerdo y garantiza que:\n<ul>\n \t<li>al transferir los datos de la Empresa, el Licenciatario respet\u00f3 todos los derechos de los titulares de datos personales previstos por la ley;<\/li>\n \t<li>el Licenciatario ha obtenido el consentimiento de los titulares de los datos personales para la transferencia y el tratamiento de sus datos personales por parte del Licenciante y de terceros de conformidad con los contratos y acuerdos celebrados, con el fin de respetar los derechos e intereses legales;<\/li>\n \t<li>El Licenciatario toma las medidas organizativas y t\u00e9cnicas necesarias y suficientes para proteger los datos del Usuario del acceso no autorizado o accidental, destrucci\u00f3n, modificaci\u00f3n, bloqueo, copia, distribuci\u00f3n, as\u00ed como otras acciones ilegales con ellos por parte de terceros.<\/li>\n<\/ul>\nCada una de las Partes deber\u00e1 mantener la confidencialidad del presente Acuerdo y de la informaci\u00f3n que reciba sobre la otra Parte y sus negocios en relaci\u00f3n con el presente Acuerdo y no deber\u00e1 utilizar ni divulgar dicha Informaci\u00f3n Confidencial sin el consentimiento previo de la otra Parte, salvo en la medida en que:\n<ul>\n \t<li>la divulgaci\u00f3n es obligatoria por ley;<\/li>\n \t<li>la informaci\u00f3n pertinente ya es de dominio p\u00fablico.<\/li>\n<\/ul>\nEl presente Acuerdo y cualquier disputa o reclamaci\u00f3n que surja de, o en relaci\u00f3n con, su objeto o formaci\u00f3n (incluidas las disputas o reclamaciones no contractuales) se regir\u00e1n e interpretar\u00e1n de conformidad con las leyes de Inglaterra y Gales. Cualquier disputa que surja en relaci\u00f3n con este Acuerdo, que las Partes no puedan resolver de forma amistosa, se someter\u00e1 a la jurisdicci\u00f3n exclusiva de los tribunales de Inglaterra y Gales.\n\nEl presente Acuerdo entrar\u00e1 en vigor en el momento de su aceptaci\u00f3n por las Partes y permanecer\u00e1 en vigor hasta su rescisi\u00f3n por escrito. El presente Acuerdo podr\u00e1 ser revocado por escrito por el Licenciatario en cualquier momento a su discreci\u00f3n.\n\n<hr \/>\n\nTodas las sugerencias, preguntas, solicitudes y otras consultas relativas al presente Acuerdo y a la transferencia de datos pueden enviarse a <a href=\"mailto:support@alteg.io\">support@alteg.io<\/a>. Tambi\u00e9n puede ponerse en contacto con nuestro Responsable de Protecci\u00f3n de Datos (RPD), bien mediante una carta escrita dirigida al \u201cResponsable de Protecci\u00f3n de Datos\u201d enviada a la direcci\u00f3n indicada anteriormente, o bien por correo electr\u00f3nico a la direcci\u00f3n <a href=\"mailto:legal@alteg.io\">Direcci\u00f3n del RPD<\/a>.\t\t\t\t\t\t\t\t<\/div>\n\t\t\t\t\t<\/div>\n\t\t<\/div>\n\t\t\t\t\t<\/div>\n\t\t<\/section>\n\t\t\t\t<\/div>","protected":false},"excerpt":{"rendered":"","protected":false},"author":3,"featured_media":0,"parent":1114,"menu_order":0,"comment_status":"closed","ping_status":"closed","template":"","meta":{"_monsterinsights_skip_tracking":false,"_monsterinsights_sitenote_active":false,"_monsterinsights_sitenote_note":"","_monsterinsights_sitenote_category":0,"footnotes":""},"class_list":["post-1116","page","type-page","status-publish","hentry"],"aioseo_notices":[],"_links":{"self":[{"href":"https:\/\/alteg.io\/es\/wp-json\/wp\/v2\/pages\/1116","targetHints":{"allow":["GET"]}}],"collection":[{"href":"https:\/\/alteg.io\/es\/wp-json\/wp\/v2\/pages"}],"about":[{"href":"https:\/\/alteg.io\/es\/wp-json\/wp\/v2\/types\/page"}],"author":[{"embeddable":true,"href":"https:\/\/alteg.io\/es\/wp-json\/wp\/v2\/users\/3"}],"replies":[{"embeddable":true,"href":"https:\/\/alteg.io\/es\/wp-json\/wp\/v2\/comments?post=1116"}],"version-history":[{"count":7,"href":"https:\/\/alteg.io\/es\/wp-json\/wp\/v2\/pages\/1116\/revisions"}],"predecessor-version":[{"id":19279,"href":"https:\/\/alteg.io\/es\/wp-json\/wp\/v2\/pages\/1116\/revisions\/19279"}],"up":[{"embeddable":true,"href":"https:\/\/alteg.io\/es\/wp-json\/wp\/v2\/pages\/1114"}],"wp:attachment":[{"href":"https:\/\/alteg.io\/es\/wp-json\/wp\/v2\/media?parent=1116"}],"curies":[{"name":"wp","href":"https:\/\/api.w.org\/{rel}","templated":true}]}}