{"id":205354,"date":"2024-11-23T04:42:13","date_gmt":"2024-11-23T04:42:13","guid":{"rendered":"https:\/\/support-landing.altegio.cloud\/support\/?page_id=205354"},"modified":"2026-04-09T22:42:52","modified_gmt":"2026-04-09T22:42:52","slug":"support","status":"publish","type":"page","link":"https:\/\/alteg.io\/es\/support\/","title":{"rendered":"Base de conocimientos"},"content":{"rendered":"\t\t<div data-elementor-type=\"wp-post\" data-elementor-id=\"205354\" class=\"elementor elementor-205354 elementor-578\" data-elementor-post-type=\"page\">\n\t\t\t\t<div class=\"elementor-element elementor-element-6d07a80 e-flex e-con-boxed e-con e-parent\" data-id=\"6d07a80\" data-element_type=\"container\" data-e-type=\"container\">\n\t\t\t\t\t<div class=\"e-con-inner\">\n\t\t\t\t<div class=\"elementor-element elementor-element-e1dd999 elementor-widget elementor-widget-betterdocs-search-form\" data-id=\"e1dd999\" data-element_type=\"widget\" data-e-type=\"widget\" data-widget_type=\"betterdocs-search-form.default\">\n\t\t\t\t\t<div\n\tclass=\"betterdocs-elementor betterdocs-search-form-wrapper\">\n\t<div class=\"betterdocs-live-search\">\n\t\n\t<form class=\"betterdocs-searchform betterdocs-advance-searchform\">\n\t\t<div class=\"betterdocs-searchform-input-wrap\">\n\t\t\t<svg class=\"docs-search-icon\" xmlns=\"http:\/\/www.w3.org\/2000\/svg\" xmlns:xlink=\"http:\/\/www.w3.org\/1999\/xlink\" width=\"38px\" viewBox=\"0 0 50 50\" version=\"1.1\">\n\t\t\t\t<g id=\"surface1\">\n\t\t\t\t\t<path d=\"M 21 3 C 11.601563 3 4 10.601563 4 20 C 4 29.398438 11.601563 37 21 37 C 24.355469 37 27.460938 36.015625 30.09375 34.34375 L 42.375 46.625 L 46.625 42.375 L 34.5 30.28125 C 36.679688 27.421875 38 23.878906 38 20 C 38 10.601563 30.398438 3 21 3 Z M 21 7 C 28.199219 7 34 12.800781 34 20 C 34 27.199219 28.199219 33 21 33 C 13.800781 33 8 27.199219 8 20 C 8 12.800781 13.800781 7 21 7 Z \"><\/path>\n\t\t\t\t<\/g>\n\t\t\t<\/svg>\n\t\t\t<input type=\"text\" class=\"betterdocs-search-field\" name=\"s\" aria-label=\"Search Input\" placeholder=\"Search\" autocomplete=\"off\" value=\"\">\n\t\t\t<svg class=\"docs-search-loader\" width=\"38\" height=\"38\" viewBox=\"0 0 38 38\" xmlns=\"http:\/\/www.w3.org\/2000\/svg\" stroke=\"#444b54\">\n\t\t\t\t<g fill=\"none\" fill-rule=\"evenodd\">\n\t\t\t\t\t<g transform=\"translate(1 1)\" stroke-width=\"2\">\n\t\t\t\t\t\t<circle stroke-opacity=\".5\" cx=\"18\" cy=\"18\" r=\"18\" \/>\n\t\t\t\t\t\t<path d=\"M36 18c0-9.94-8.06-18-18-18\">\n\t\t\t\t\t\t\t<animateTransform attributeName=\"transform\" type=\"rotate\" from=\"0 18 18\" to=\"360 18 18\" dur=\"1s\" repeatCount=\"indefinite\" \/>\n\t\t\t\t\t\t<\/path>\n\t\t\t\t\t<\/g>\n\t\t\t\t<\/g>\n\t\t\t<\/svg>\n\t\t\t<svg class=\"docs-search-close\" xmlns=\"http:\/\/www.w3.org\/2000\/svg\" width=\"38px\" viewBox=\"0 0 128 128\">\n\t\t\t\t<path fill=\"#fff\" d=\"M64 14A50 50 0 1 0 64 114A50 50 0 1 0 64 14Z\" transform=\"rotate(-45.001 64 64.001)\"><\/path>\n\t\t\t\t<path class=\"close-border\" d=\"M64,117c-14.2,0-27.5-5.5-37.5-15.5c-20.7-20.7-20.7-54.3,0-75C36.5,16.5,49.8,11,64,11c14.2,0,27.5,5.5,37.5,15.5c10,10,15.5,23.3,15.5,37.5s-5.5,27.5-15.5,37.5C91.5,111.5,78.2,117,64,117z M64,17c-12.6,0-24.4,4.9-33.2,13.8c-18.3,18.3-18.3,48.1,0,66.5C39.6,106.1,51.4,111,64,111c12.6,0,24.4-4.9,33.2-13.8S111,76.6,111,64s-4.9-24.4-13.8-33.2S76.6,17,64,17z\"><\/path>\n\t\t\t\t<path class=\"close-line\" d=\"M53.4,77.6c-0.8,0-1.5-0.3-2.1-0.9c-1.2-1.2-1.2-3.1,0-4.2l21.2-21.2c1.2-1.2,3.1-1.2,4.2,0c1.2,1.2,1.2,3.1,0,4.2L55.5,76.7C54.9,77.3,54.2,77.6,53.4,77.6z\"><\/path>\n\t\t\t\t<path class=\"close-line\" d=\"M74.6,77.6c-0.8,0-1.5-0.3-2.1-0.9L51.3,55.5c-1.2-1.2-1.2-3.1,0-4.2c1.2-1.2,3.1-1.2,4.2,0l21.2,21.2c1.2,1.2,1.2,3.1,0,4.2C76.1,77.3,75.4,77.6,74.6,77.6z\"><\/path>\n\t\t\t<\/svg>\n\t\t<\/div>\n\n\t\t\t\t<input type=\"hidden\" value=\"Search\" aria-label=\"Search Submit\" class=\"betterdocs-search-submit\" \/>\n\t<\/form>\n\n\t<\/div>\n<\/div>\n\t\t\t\t<\/div>\n\t\t\t\t<div class=\"elementor-element elementor-element-e7ed04d elementor-widget elementor-widget-heading\" data-id=\"e7ed04d\" data-element_type=\"widget\" data-e-type=\"widget\" data-widget_type=\"heading.default\">\n\t\t\t\t\t<h2 class=\"elementor-heading-title elementor-size-default\"><a href=\"https:\/\/alteg.io\/en\/support\/knowledge-base\/categories\/altegio-general-materials\/\">Altegio General materials<\/a><\/h2>\t\t\t\t<\/div>\n\t\t\t\t<div class=\"elementor-element elementor-element-d2a047a elementor-grid-2 elementor-grid-tablet-2 elementor-grid-mobile-1 elementor-widget elementor-widget-betterdocs-category-grid\" data-id=\"d2a047a\" data-element_type=\"widget\" data-e-type=\"widget\" data-settings=\"{&quot;grid_column&quot;:&quot;2&quot;,&quot;grid_column_tablet&quot;:&quot;2&quot;,&quot;grid_column_mobile&quot;:&quot;1&quot;}\" data-widget_type=\"betterdocs-category-grid.default\">\n\t\t\t\t\t\n<div\n\tid=\"el-betterdocs-cat-grid-d2a047a\" class=\"betterdocs-category-grid-wrapper betterdocs-elementor\">\n\t<div\n\t\tclass=\"betterdocs-category-grid-inner-wrapper betterdocs-category-grid grid layout-flex\" data-layout-mode=\"grid\" data-column_space_desktop=\"\" data-column_space_tab=\"\" data-column_space_mobile=\"\" data-column=\"2\" data-column_desktop=\"2\" data-column_tab=\"2\" data-column_mobile=\"1\">\n\t\t\t<\/div>\n\t\t<div class=\"clearfix\"><\/div>\n\t<\/div>\n\t\t\t\t<\/div>\n\t\t\t\t<div class=\"elementor-element elementor-element-7dae809 elementor-widget-divider--view-line elementor-widget elementor-widget-divider\" data-id=\"7dae809\" data-element_type=\"widget\" data-e-type=\"widget\" data-widget_type=\"divider.default\">\n\t\t\t\t\t\t\t<div class=\"elementor-divider\">\n\t\t\t<span class=\"elementor-divider-separator\">\n\t\t\t\t\t\t<\/span>\n\t\t<\/div>\n\t\t\t\t\t\t<\/div>\n\t\t\t\t<div class=\"elementor-element elementor-element-b30fe83 elementor-widget elementor-widget-heading\" data-id=\"b30fe83\" data-element_type=\"widget\" data-e-type=\"widget\" data-widget_type=\"heading.default\">\n\t\t\t\t\t<h2 class=\"elementor-heading-title elementor-size-default\"><a href=\"https:\/\/alteg.io\/es\/support\/knowledge-base\/categories\/configuracion-de-altegio\/\">Altegio settings<\/a><\/h2>\t\t\t\t<\/div>\n\t\t\t\t<div class=\"elementor-element elementor-element-e5ee665 elementor-grid-2 elementor-grid-tablet-2 elementor-grid-mobile-1 elementor-widget elementor-widget-betterdocs-category-grid\" data-id=\"e5ee665\" data-element_type=\"widget\" data-e-type=\"widget\" data-settings=\"{&quot;grid_column&quot;:&quot;2&quot;,&quot;grid_column_tablet&quot;:&quot;2&quot;,&quot;grid_column_mobile&quot;:&quot;1&quot;}\" data-widget_type=\"betterdocs-category-grid.default\">\n\t\t\t\t\t\n<div\n\tid=\"el-betterdocs-cat-grid-e5ee665\" class=\"betterdocs-category-grid-wrapper betterdocs-elementor\">\n\t<div\n\t\tclass=\"betterdocs-category-grid-inner-wrapper betterdocs-category-grid grid layout-flex\" data-layout-mode=\"grid\" data-column_space_desktop=\"\" data-column_space_tab=\"\" data-column_space_mobile=\"\" data-column=\"2\" data-column_desktop=\"2\" data-column_tab=\"2\" data-column_mobile=\"1\">\n\t\t\n<article\n\tdata-id=\"1165\" class=\"betterdocs-single-category-wrapper category-grid default\">\n\t<div class=\"betterdocs-single-category-inner\">\n\t\t\n<div class=\"betterdocs-category-header\">\n\t<div class=\"betterdocs-category-header-inner\">\n\t\t<h2 class=\"betterdocs-category-title\"><a href=\"https:\/\/alteg.io\/es\/support\/knowledge-base\/categories\/primeros-pasos\/\">Primeros pasos<\/a><\/h2>\t<\/div>\n<\/div>\n<div class=\"betterdocs-body\">\n<ul class=\"betterdocs-articles-list\">\n\t<li><img decoding=\"async\" src=\"https:\/\/alteg.io\/support\/wp-content\/uploads\/2025\/01\/Document.svg\" class=\"\" \/><a href=\"https:\/\/alteg.io\/es\/support\/knowledge-base\/informacion-general\/\"><span>Informaci\u00f3n general<\/span> <\/a><\/li><\/ul>\n<\/div>\t<\/div>\n<\/article>\n\n<article\n\tdata-id=\"1177\" class=\"betterdocs-single-category-wrapper category-grid default\">\n\t<div class=\"betterdocs-single-category-inner\">\n\t\t\n<div class=\"betterdocs-category-header\">\n\t<div class=\"betterdocs-category-header-inner\">\n\t\t<h2 class=\"betterdocs-category-title\"><a href=\"https:\/\/alteg.io\/es\/support\/knowledge-base\/categories\/servicios\/\">Servicios<\/a><\/h2>\t<\/div>\n<\/div>\n<div class=\"betterdocs-body\">\n<ul class=\"betterdocs-articles-list\">\n\t<li><img decoding=\"async\" src=\"https:\/\/alteg.io\/support\/wp-content\/uploads\/2025\/01\/Document.svg\" class=\"\" \/><a href=\"https:\/\/alteg.io\/es\/support\/knowledge-base\/asignar-equipo-a-los-servicios\/\"><span>Asignar equipo a los servicios<\/span> <\/a><\/li><li><img decoding=\"async\" src=\"https:\/\/alteg.io\/support\/wp-content\/uploads\/2025\/01\/Document.svg\" class=\"\" \/><a href=\"https:\/\/alteg.io\/es\/support\/knowledge-base\/traduccion-de-categorias-y-servicios-a-otros-idiomas\/\"><span>Traducci\u00f3n de categor\u00edas y servicios a otros idiomas<\/span> <\/a><\/li><li><img decoding=\"async\" src=\"https:\/\/alteg.io\/support\/wp-content\/uploads\/2025\/01\/Document.svg\" class=\"\" \/><a href=\"https:\/\/alteg.io\/es\/support\/knowledge-base\/4838164212509\/\"><span>C\u00f3mo agregar una lista de servicios usando Excel<\/span> <\/a><\/li><\/ul>\n<\/div>\t<\/div>\n<\/article>\n\t<\/div>\n\t\t<div class=\"clearfix\"><\/div>\n\t<\/div>\n\t\t\t\t<\/div>\n\t\t\t\t<div class=\"elementor-element elementor-element-cb5bb13 elementor-widget-divider--view-line elementor-widget elementor-widget-divider\" data-id=\"cb5bb13\" data-element_type=\"widget\" data-e-type=\"widget\" data-widget_type=\"divider.default\">\n\t\t\t\t\t\t\t<div class=\"elementor-divider\">\n\t\t\t<span class=\"elementor-divider-separator\">\n\t\t\t\t\t\t<\/span>\n\t\t<\/div>\n\t\t\t\t\t\t<\/div>\n\t\t\t\t<div class=\"elementor-element elementor-element-4bc14ac elementor-widget elementor-widget-heading\" data-id=\"4bc14ac\" data-element_type=\"widget\" data-e-type=\"widget\" data-widget_type=\"heading.default\">\n\t\t\t\t\t<h2 class=\"elementor-heading-title elementor-size-default\"><a href=\"https:\/\/alteg.io\/en\/support\/knowledge-base\/categories\/online-booking\/\">Online booking<\/a><\/h2>\t\t\t\t<\/div>\n\t\t\t\t<div class=\"elementor-element elementor-element-548167a elementor-grid-2 elementor-grid-tablet-2 elementor-grid-mobile-1 elementor-widget elementor-widget-betterdocs-category-grid\" data-id=\"548167a\" data-element_type=\"widget\" data-e-type=\"widget\" data-settings=\"{&quot;grid_column&quot;:&quot;2&quot;,&quot;grid_column_tablet&quot;:&quot;2&quot;,&quot;grid_column_mobile&quot;:&quot;1&quot;}\" data-widget_type=\"betterdocs-category-grid.default\">\n\t\t\t\t\t\n<div\n\tid=\"el-betterdocs-cat-grid-548167a\" class=\"betterdocs-category-grid-wrapper betterdocs-elementor\">\n\t<div\n\t\tclass=\"betterdocs-category-grid-inner-wrapper betterdocs-category-grid grid layout-flex\" data-layout-mode=\"grid\" data-column_space_desktop=\"\" data-column_space_tab=\"\" data-column_space_mobile=\"\" data-column=\"2\" data-column_desktop=\"2\" data-column_tab=\"2\" data-column_mobile=\"1\">\n\t\t\t<\/div>\n\t\t<div class=\"clearfix\"><\/div>\n\t<\/div>\n\t\t\t\t<\/div>\n\t\t\t\t<div class=\"elementor-element elementor-element-975e6d1 elementor-widget-divider--view-line elementor-widget elementor-widget-divider\" data-id=\"975e6d1\" data-element_type=\"widget\" data-e-type=\"widget\" data-widget_type=\"divider.default\">\n\t\t\t\t\t\t\t<div class=\"elementor-divider\">\n\t\t\t<span class=\"elementor-divider-separator\">\n\t\t\t\t\t\t<\/span>\n\t\t<\/div>\n\t\t\t\t\t\t<\/div>\n\t\t\t\t<div class=\"elementor-element elementor-element-0622a98 elementor-widget elementor-widget-heading\" data-id=\"0622a98\" data-element_type=\"widget\" data-e-type=\"widget\" data-widget_type=\"heading.default\">\n\t\t\t\t\t<h2 class=\"elementor-heading-title elementor-size-default\"><a href=\"https:\/\/alteg.io\/en\/support\/knowledge-base\/categories\/loyalty\/\">Loyalty<\/a><\/h2>\t\t\t\t<\/div>\n\t\t\t\t<div class=\"elementor-element elementor-element-05d35d2 elementor-grid-2 elementor-grid-tablet-2 elementor-grid-mobile-1 elementor-widget elementor-widget-betterdocs-category-grid\" data-id=\"05d35d2\" data-element_type=\"widget\" data-e-type=\"widget\" data-settings=\"{&quot;grid_column&quot;:&quot;2&quot;,&quot;grid_column_tablet&quot;:&quot;2&quot;,&quot;grid_column_mobile&quot;:&quot;1&quot;}\" data-widget_type=\"betterdocs-category-grid.default\">\n\t\t\t\t\t\n<div\n\tid=\"el-betterdocs-cat-grid-05d35d2\" class=\"betterdocs-category-grid-wrapper betterdocs-elementor\">\n\t<div\n\t\tclass=\"betterdocs-category-grid-inner-wrapper betterdocs-category-grid grid layout-flex\" data-layout-mode=\"grid\" data-column_space_desktop=\"\" data-column_space_tab=\"\" data-column_space_mobile=\"\" data-column=\"2\" data-column_desktop=\"2\" data-column_tab=\"2\" data-column_mobile=\"1\">\n\t\t\t<\/div>\n\t\t<div class=\"clearfix\"><\/div>\n\t<\/div>\n\t\t\t\t<\/div>\n\t\t\t\t<div class=\"elementor-element elementor-element-e3d8dbc elementor-widget-divider--view-line elementor-widget elementor-widget-divider\" data-id=\"e3d8dbc\" data-element_type=\"widget\" data-e-type=\"widget\" data-widget_type=\"divider.default\">\n\t\t\t\t\t\t\t<div class=\"elementor-divider\">\n\t\t\t<span class=\"elementor-divider-separator\">\n\t\t\t\t\t\t<\/span>\n\t\t<\/div>\n\t\t\t\t\t\t<\/div>\n\t\t\t\t<div class=\"elementor-element elementor-element-fb3d243 elementor-widget elementor-widget-heading\" data-id=\"fb3d243\" data-element_type=\"widget\" data-e-type=\"widget\" data-widget_type=\"heading.default\">\n\t\t\t\t\t<h2 class=\"elementor-heading-title elementor-size-default\"><a href=\"https:\/\/alteg.io\/en\/support\/knowledge-base\/categories\/altegio-settings-for-chains\/\">Altegio settings for chains<\/a><\/h2>\t\t\t\t<\/div>\n\t\t\t\t<div class=\"elementor-element elementor-element-fbe045c elementor-grid-2 elementor-grid-tablet-2 elementor-grid-mobile-1 elementor-widget elementor-widget-betterdocs-category-grid\" data-id=\"fbe045c\" data-element_type=\"widget\" data-e-type=\"widget\" data-settings=\"{&quot;grid_column&quot;:&quot;2&quot;,&quot;grid_column_tablet&quot;:&quot;2&quot;,&quot;grid_column_mobile&quot;:&quot;1&quot;}\" data-widget_type=\"betterdocs-category-grid.default\">\n\t\t\t\t\t\n<div\n\tid=\"el-betterdocs-cat-grid-fbe045c\" class=\"betterdocs-category-grid-wrapper betterdocs-elementor\">\n\t<div\n\t\tclass=\"betterdocs-category-grid-inner-wrapper betterdocs-category-grid grid layout-flex\" data-layout-mode=\"grid\" data-column_space_desktop=\"\" data-column_space_tab=\"\" data-column_space_mobile=\"\" data-column=\"2\" data-column_desktop=\"2\" data-column_tab=\"2\" data-column_mobile=\"1\">\n\t\t\t<\/div>\n\t\t<div class=\"clearfix\"><\/div>\n\t<\/div>\n\t\t\t\t<\/div>\n\t\t\t\t<div class=\"elementor-element elementor-element-c05ca58 elementor-widget-divider--view-line elementor-widget elementor-widget-divider\" data-id=\"c05ca58\" data-element_type=\"widget\" data-e-type=\"widget\" data-widget_type=\"divider.default\">\n\t\t\t\t\t\t\t<div class=\"elementor-divider\">\n\t\t\t<span class=\"elementor-divider-separator\">\n\t\t\t\t\t\t<\/span>\n\t\t<\/div>\n\t\t\t\t\t\t<\/div>\n\t\t\t\t<div class=\"elementor-element elementor-element-b5a8b11 elementor-widget elementor-widget-heading\" data-id=\"b5a8b11\" data-element_type=\"widget\" data-e-type=\"widget\" data-widget_type=\"heading.default\">\n\t\t\t\t\t<h2 class=\"elementor-heading-title elementor-size-default\"><a href=\"https:\/\/alteg.io\/en\/support\/knowledge-base\/categories\/analytics\/\">Analytics<\/a><\/h2>\t\t\t\t<\/div>\n\t\t\t\t<div class=\"elementor-element elementor-element-47eca26 elementor-grid-2 elementor-grid-tablet-2 elementor-grid-mobile-1 elementor-widget elementor-widget-betterdocs-category-grid\" data-id=\"47eca26\" data-element_type=\"widget\" data-e-type=\"widget\" data-settings=\"{&quot;grid_column&quot;:&quot;2&quot;,&quot;grid_column_tablet&quot;:&quot;2&quot;,&quot;grid_column_mobile&quot;:&quot;1&quot;}\" data-widget_type=\"betterdocs-category-grid.default\">\n\t\t\t\t\t\n<div\n\tid=\"el-betterdocs-cat-grid-47eca26\" class=\"betterdocs-category-grid-wrapper betterdocs-elementor\">\n\t<div\n\t\tclass=\"betterdocs-category-grid-inner-wrapper betterdocs-category-grid grid layout-flex\" data-layout-mode=\"grid\" data-column_space_desktop=\"\" data-column_space_tab=\"\" data-column_space_mobile=\"\" data-column=\"2\" data-column_desktop=\"2\" data-column_tab=\"2\" data-column_mobile=\"1\">\n\t\t\t<\/div>\n\t\t<div class=\"clearfix\"><\/div>\n\t<\/div>\n\t\t\t\t<\/div>\n\t\t\t\t<div class=\"elementor-element elementor-element-c68a6c6 elementor-widget-divider--view-line elementor-widget elementor-widget-divider\" data-id=\"c68a6c6\" data-element_type=\"widget\" data-e-type=\"widget\" data-widget_type=\"divider.default\">\n\t\t\t\t\t\t\t<div class=\"elementor-divider\">\n\t\t\t<span class=\"elementor-divider-separator\">\n\t\t\t\t\t\t<\/span>\n\t\t<\/div>\n\t\t\t\t\t\t<\/div>\n\t\t\t\t<div class=\"elementor-element elementor-element-ef546ad elementor-widget elementor-widget-heading\" data-id=\"ef546ad\" data-element_type=\"widget\" data-e-type=\"widget\" data-widget_type=\"heading.default\">\n\t\t\t\t\t<h2 class=\"elementor-heading-title elementor-size-default\"><a href=\"https:\/\/alteg.io\/en\/support\/knowledge-base\/categories\/personal-account\/\">Personal account<\/a><\/h2>\t\t\t\t<\/div>\n\t\t\t\t<div class=\"elementor-element elementor-element-a884250 elementor-grid-2 elementor-grid-tablet-2 elementor-grid-mobile-1 elementor-widget elementor-widget-betterdocs-category-grid\" data-id=\"a884250\" data-element_type=\"widget\" data-e-type=\"widget\" data-settings=\"{&quot;grid_column&quot;:&quot;2&quot;,&quot;grid_column_tablet&quot;:&quot;2&quot;,&quot;grid_column_mobile&quot;:&quot;1&quot;}\" data-widget_type=\"betterdocs-category-grid.default\">\n\t\t\t\t\t\n<div\n\tid=\"el-betterdocs-cat-grid-a884250\" class=\"betterdocs-category-grid-wrapper betterdocs-elementor\">\n\t<div\n\t\tclass=\"betterdocs-category-grid-inner-wrapper betterdocs-category-grid grid layout-flex\" data-layout-mode=\"grid\" data-column_space_desktop=\"\" data-column_space_tab=\"\" data-column_space_mobile=\"\" data-column=\"2\" data-column_desktop=\"2\" data-column_tab=\"2\" data-column_mobile=\"1\">\n\t\t\t<\/div>\n\t\t<div class=\"clearfix\"><\/div>\n\t<\/div>\n\t\t\t\t<\/div>\n\t\t\t\t<div class=\"elementor-element elementor-element-19123cb elementor-widget-divider--view-line elementor-widget elementor-widget-divider\" data-id=\"19123cb\" data-element_type=\"widget\" data-e-type=\"widget\" data-widget_type=\"divider.default\">\n\t\t\t\t\t\t\t<div class=\"elementor-divider\">\n\t\t\t<span class=\"elementor-divider-separator\">\n\t\t\t\t\t\t<\/span>\n\t\t<\/div>\n\t\t\t\t\t\t<\/div>\n\t\t\t\t<div class=\"elementor-element elementor-element-c36ca22 elementor-widget elementor-widget-heading\" data-id=\"c36ca22\" data-element_type=\"widget\" data-e-type=\"widget\" data-widget_type=\"heading.default\">\n\t\t\t\t\t<h2 class=\"elementor-heading-title elementor-size-default\"><a href=\"https:\/\/alteg.io\/en\/support\/knowledge-base\/categories\/pricing-information\/\">Pricing Information<\/a><\/h2>\t\t\t\t<\/div>\n\t\t\t\t<div class=\"elementor-element elementor-element-8e62b7e elementor-grid-2 elementor-grid-tablet-2 elementor-grid-mobile-1 elementor-widget elementor-widget-betterdocs-category-grid\" data-id=\"8e62b7e\" data-element_type=\"widget\" data-e-type=\"widget\" data-settings=\"{&quot;grid_column&quot;:&quot;2&quot;,&quot;grid_column_tablet&quot;:&quot;2&quot;,&quot;grid_column_mobile&quot;:&quot;1&quot;}\" data-widget_type=\"betterdocs-category-grid.default\">\n\t\t\t\t\t\n<div\n\tid=\"el-betterdocs-cat-grid-8e62b7e\" class=\"betterdocs-category-grid-wrapper betterdocs-elementor\">\n\t<div\n\t\tclass=\"betterdocs-category-grid-inner-wrapper betterdocs-category-grid grid layout-flex\" data-layout-mode=\"grid\" data-column_space_desktop=\"\" data-column_space_tab=\"\" data-column_space_mobile=\"\" data-column=\"2\" data-column_desktop=\"2\" data-column_tab=\"2\" data-column_mobile=\"1\">\n\t\t\t<\/div>\n\t\t<div class=\"clearfix\"><\/div>\n\t<\/div>\n\t\t\t\t<\/div>\n\t\t\t\t<div class=\"elementor-element elementor-element-9cf7afa elementor-widget-divider--view-line elementor-widget elementor-widget-divider\" data-id=\"9cf7afa\" data-element_type=\"widget\" data-e-type=\"widget\" data-widget_type=\"divider.default\">\n\t\t\t\t\t\t\t<div class=\"elementor-divider\">\n\t\t\t<span class=\"elementor-divider-separator\">\n\t\t\t\t\t\t<\/span>\n\t\t<\/div>\n\t\t\t\t\t\t<\/div>\n\t\t\t\t<div class=\"elementor-element elementor-element-1ce0761 elementor-widget elementor-widget-heading\" data-id=\"1ce0761\" data-element_type=\"widget\" data-e-type=\"widget\" data-widget_type=\"heading.default\">\n\t\t\t\t\t<h2 class=\"elementor-heading-title elementor-size-default\"><a href=\"https:\/\/alteg.io\/en\/support\/knowledge-base\/categories\/mobile-applications\/\">Mobile applications<\/a><\/h2>\t\t\t\t<\/div>\n\t\t\t\t<div class=\"elementor-element elementor-element-bba1c07 elementor-grid-2 elementor-grid-tablet-2 elementor-grid-mobile-1 elementor-widget elementor-widget-betterdocs-category-grid\" data-id=\"bba1c07\" data-element_type=\"widget\" data-e-type=\"widget\" data-settings=\"{&quot;grid_column&quot;:&quot;2&quot;,&quot;grid_column_tablet&quot;:&quot;2&quot;,&quot;grid_column_mobile&quot;:&quot;1&quot;}\" data-widget_type=\"betterdocs-category-grid.default\">\n\t\t\t\t\t\n<div\n\tid=\"el-betterdocs-cat-grid-bba1c07\" class=\"betterdocs-category-grid-wrapper betterdocs-elementor\">\n\t<div\n\t\tclass=\"betterdocs-category-grid-inner-wrapper betterdocs-category-grid grid layout-flex\" data-layout-mode=\"grid\" data-column_space_desktop=\"\" data-column_space_tab=\"\" data-column_space_mobile=\"\" data-column=\"2\" data-column_desktop=\"2\" data-column_tab=\"2\" data-column_mobile=\"1\">\n\t\t\t<\/div>\n\t\t<div class=\"clearfix\"><\/div>\n\t<\/div>\n\t\t\t\t<\/div>\n\t\t\t\t<div class=\"elementor-element elementor-element-98065a7 elementor-widget-divider--view-line elementor-widget elementor-widget-divider\" data-id=\"98065a7\" data-element_type=\"widget\" data-e-type=\"widget\" data-widget_type=\"divider.default\">\n\t\t\t\t\t\t\t<div class=\"elementor-divider\">\n\t\t\t<span class=\"elementor-divider-separator\">\n\t\t\t\t\t\t<\/span>\n\t\t<\/div>\n\t\t\t\t\t\t<\/div>\n\t\t\t\t<div class=\"elementor-element elementor-element-d16119e elementor-widget elementor-widget-heading\" data-id=\"d16119e\" data-element_type=\"widget\" data-e-type=\"widget\" data-widget_type=\"heading.default\">\n\t\t\t\t\t<h2 class=\"elementor-heading-title elementor-size-default\"><a href=\"https:\/\/alteg.io\/en\/support\/knowledge-base\/categories\/integrations\/\">Integrations<\/a><\/h2>\t\t\t\t<\/div>\n\t\t\t\t<div class=\"elementor-element elementor-element-0525ae9 elementor-grid-2 elementor-grid-tablet-2 elementor-grid-mobile-1 elementor-widget elementor-widget-betterdocs-category-grid\" data-id=\"0525ae9\" data-element_type=\"widget\" data-e-type=\"widget\" data-settings=\"{&quot;grid_column&quot;:&quot;2&quot;,&quot;grid_column_tablet&quot;:&quot;2&quot;,&quot;grid_column_mobile&quot;:&quot;1&quot;}\" data-widget_type=\"betterdocs-category-grid.default\">\n\t\t\t\t\t\n<div\n\tid=\"el-betterdocs-cat-grid-0525ae9\" class=\"betterdocs-category-grid-wrapper betterdocs-elementor\">\n\t<div\n\t\tclass=\"betterdocs-category-grid-inner-wrapper betterdocs-category-grid grid layout-flex\" data-layout-mode=\"grid\" data-column_space_desktop=\"\" data-column_space_tab=\"\" data-column_space_mobile=\"\" data-column=\"2\" data-column_desktop=\"2\" data-column_tab=\"2\" data-column_mobile=\"1\">\n\t\t\t<\/div>\n\t\t<div class=\"clearfix\"><\/div>\n\t<\/div>\n\t\t\t\t<\/div>\n\t\t\t\t<div class=\"elementor-element elementor-element-99d6249 elementor-widget-divider--view-line elementor-widget elementor-widget-divider\" data-id=\"99d6249\" data-element_type=\"widget\" data-e-type=\"widget\" data-widget_type=\"divider.default\">\n\t\t\t\t\t\t\t<div class=\"elementor-divider\">\n\t\t\t<span class=\"elementor-divider-separator\">\n\t\t\t\t\t\t<\/span>\n\t\t<\/div>\n\t\t\t\t\t\t<\/div>\n\t\t\t\t<div class=\"elementor-element elementor-element-5d11e78 elementor-widget elementor-widget-heading\" data-id=\"5d11e78\" data-element_type=\"widget\" data-e-type=\"widget\" data-widget_type=\"heading.default\">\n\t\t\t\t\t<h2 class=\"elementor-heading-title elementor-size-default\"><a href=\"https:\/\/alteg.io\/en\/support\/knowledge-base\/categories\/integration-marketplace\/\">Integration Marketplace<\/a><\/h2>\t\t\t\t<\/div>\n\t\t\t\t<div class=\"elementor-element elementor-element-89129c9 elementor-grid-2 elementor-grid-tablet-2 elementor-grid-mobile-1 elementor-widget elementor-widget-betterdocs-category-grid\" data-id=\"89129c9\" data-element_type=\"widget\" data-e-type=\"widget\" data-settings=\"{&quot;grid_column&quot;:&quot;2&quot;,&quot;grid_column_tablet&quot;:&quot;2&quot;,&quot;grid_column_mobile&quot;:&quot;1&quot;}\" data-widget_type=\"betterdocs-category-grid.default\">\n\t\t\t\t\t\n<div\n\tid=\"el-betterdocs-cat-grid-89129c9\" class=\"betterdocs-category-grid-wrapper betterdocs-elementor\">\n\t<div\n\t\tclass=\"betterdocs-category-grid-inner-wrapper betterdocs-category-grid grid layout-flex\" data-layout-mode=\"grid\" data-column_space_desktop=\"\" data-column_space_tab=\"\" data-column_space_mobile=\"\" data-column=\"2\" data-column_desktop=\"2\" data-column_tab=\"2\" data-column_mobile=\"1\">\n\t\t\t<\/div>\n\t\t<div class=\"clearfix\"><\/div>\n\t<\/div>\n\t\t\t\t<\/div>\n\t\t\t\t\t<\/div>\n\t\t\t\t<\/div>\n\t\t\t\t<\/div>\n\t\t","protected":false},"excerpt":{"rendered":"<p>Materiales generales de Altegio Configuraci\u00f3n de Altegio Reserva online Fidelizaci\u00f3n Configuraci\u00f3n de Altegio para cadenas Anal\u00edtica Cuenta personal Informaci\u00f3n de precios Aplicaciones m\u00f3viles Integraciones Marketplace de integraci\u00f3n<\/p>\n","protected":false},"author":1,"featured_media":0,"parent":0,"menu_order":0,"comment_status":"closed","ping_status":"closed","template":"elementor_header_footer","meta":{"footnotes":""},"class_list":["post-205354","page","type-page","status-publish","hentry","entry"],"aioseo_notices":[],"_links":{"self":[{"href":"https:\/\/alteg.io\/es\/support\/wp-json\/wp\/v2\/pages\/205354","targetHints":{"allow":["GET"]}}],"collection":[{"href":"https:\/\/alteg.io\/es\/support\/wp-json\/wp\/v2\/pages"}],"about":[{"href":"https:\/\/alteg.io\/es\/support\/wp-json\/wp\/v2\/types\/page"}],"author":[{"embeddable":true,"href":"https:\/\/alteg.io\/es\/support\/wp-json\/wp\/v2\/users\/1"}],"replies":[{"embeddable":true,"href":"https:\/\/alteg.io\/es\/support\/wp-json\/wp\/v2\/comments?post=205354"}],"version-history":[{"count":5,"href":"https:\/\/alteg.io\/es\/support\/wp-json\/wp\/v2\/pages\/205354\/revisions"}],"predecessor-version":[{"id":320386,"href":"https:\/\/alteg.io\/es\/support\/wp-json\/wp\/v2\/pages\/205354\/revisions\/320386"}],"wp:attachment":[{"href":"https:\/\/alteg.io\/es\/support\/wp-json\/wp\/v2\/media?parent=205354"}],"curies":[{"name":"wp","href":"https:\/\/api.w.org\/{rel}","templated":true}]}}