{"id":8238,"date":"2024-10-02T11:44:25","date_gmt":"2024-10-02T11:44:25","guid":{"rendered":"https:\/\/alteg.io\/?page_id=8238"},"modified":"2026-02-15T19:00:45","modified_gmt":"2026-02-15T19:00:45","slug":"stand-with-ukraine","status":"publish","type":"page","link":"https:\/\/alteg.io\/cs\/stand-with-ukraine\/","title":{"rendered":"Postavte se na stranu Ukrajiny"},"content":{"rendered":"<div data-elementor-type=\"wp-page\" data-elementor-id=\"8238\" class=\"elementor elementor-8238\" data-elementor-post-type=\"page\">\n\t\t\t\t<div class=\"elementor-element elementor-element-3c9789d e-flex e-con-boxed e-con e-parent\" data-id=\"3c9789d\" data-element_type=\"container\" data-e-type=\"container\" data-settings=\"{&quot;background_background&quot;:&quot;classic&quot;}\">\n\t\t\t\t\t<div class=\"e-con-inner\">\n\t\t<div class=\"elementor-element elementor-element-d2b59a9 e-con-full e-flex e-con e-child\" data-id=\"d2b59a9\" data-element_type=\"container\" data-e-type=\"container\">\n\t\t\t\t<div class=\"elementor-element elementor-element-92273cd elementor-widget__width-initial elementor-widget elementor-widget-image\" data-id=\"92273cd\" data-element_type=\"widget\" data-e-type=\"widget\" data-widget_type=\"image.default\">\n\t\t\t\t\t\t\t\t\t\t\t\t\t\t\t<img decoding=\"async\" src=\"https:\/\/upload.wikimedia.org\/wikipedia\/commons\/thumb\/4\/49\/Flag_of_Ukraine.svg\/255px-Flag_of_Ukraine.svg.png\" title=\"\" alt=\"\" loading=\"lazy\" \/>\t\t\t\t\t\t\t\t\t\t\t\t\t\t\t<\/div>\n\t\t\t\t<div class=\"elementor-element elementor-element-3f34d47 elementor-widget elementor-widget-text-editor\" data-id=\"3f34d47\" data-element_type=\"widget\" data-e-type=\"widget\" data-widget_type=\"text-editor.default\">\n\t\t\t\t\t\t\t\t\t<p>#StandWithUkraine<\/p>\t\t\t\t\t\t\t\t<\/div>\n\t\t\t\t<\/div>\n\t\t\t\t<div class=\"elementor-element elementor-element-ac06562 elementor-widget elementor-widget-text-editor\" data-id=\"ac06562\" data-element_type=\"widget\" data-e-type=\"widget\" data-widget_type=\"text-editor.default\">\n\t\t\t\t\t\t\t\t\t<p>Prohl\u00e1\u0161en\u00ed na podporu Ukrajiny<\/p><p>\u00a0<\/p><p>Ve spole\u010dnosti Altegio v\u011b\u0159\u00edme, \u017ee technologie maj\u00ed s\u00edlu spojovat lidi, roz\u0161i\u0159ovat p\u0159\u00edle\u017eitosti a podporovat svobodu po cel\u00e9m sv\u011bt\u011b.<\/p><p>\u00a0<\/p><p>Odsuzujeme agresi a mysl\u00edme na obyvatele Ukrajiny, podnikatele a v\u0161echny dal\u0161\u00ed, kter\u00fdch se tato v\u00e1lka dotkla - v\u010detn\u011b na\u0161ich koleg\u016f, kte\u0159\u00ed pracuj\u00ed ve skupin\u011b Altegio na Ukrajin\u011b a jejich rodin.<\/p><p>\u00a0<\/p><p>Coby technologick\u00e1 firma zam\u011b\u0159en\u00e1 na v\u00fdvoj softwaru a inovac\u00ed podnik\u00e1me konkr\u00e9tn\u00ed kroky na podporu Ukrajiny:\u00a0<\/p>\t\t\t\t\t\t\t\t<\/div>\n\t\t\t\t<div class=\"elementor-element elementor-element-d11b875 elementor-widget elementor-widget-text-editor\" data-id=\"d11b875\" data-element_type=\"widget\" data-e-type=\"widget\" data-widget_type=\"text-editor.default\">\n\t\t\t\t\t\t\t\t\t<p>1. Respektujeme mezin\u00e1rodn\u00ed sankce uvalen\u00e9 Spojen\u00fdmi st\u00e1ty a Evropskou uni\u00ed na zem\u011b, kter\u00e9 agresi proti Ukrajin\u011b podporuj\u00ed nebo j\u00ed napom\u00e1haj\u00ed.<br \/><br \/><\/p><p>2. Altegio neposkytuje sv\u00e9 slu\u017eby klient\u016fm s\u00eddl\u00edc\u00edm v Rusku a B\u011blorusku.<br \/><br \/><\/p><p>3. V roce 2022 jsme v dob\u011b nejv\u011bt\u0161\u00ed nejistoty zp\u0159\u00edstupnili n\u00e1\u0161 software ukrajinsk\u00fdm podnikatel\u016fm zdarma.<br \/><br \/><\/p><p>4. Jsme si v\u011bdomi v\u00fdznamu technologick\u00e9 infrastruktury, a proto klademe zvl\u00e1\u0161tn\u00ed d\u016fraz na ochranu dat na\u0161ich klient\u016f na Ukrajin\u011b. P\u0159\u00edstup k t\u011bmto \u00fadaj\u016fm maj\u00ed pouze zam\u011bstnanci Altegia, kte\u0159\u00ed p\u0159\u00edmo pracuj\u00ed s klienty na Ukrajin\u011b.<br \/><br \/><\/p><p>5. Altegio nespolupracuje s \u017e\u00e1dn\u00fdmi dodavateli, partnery ani poskytovateli slu\u017eeb, kte\u0159\u00ed podnikaj\u00ed nebo p\u016fsob\u00ed v Rusku a B\u011blorusku.<br \/><br \/><\/p><p>6. Altegio nezam\u011bstn\u00e1v\u00e1 pracovn\u00edky, kte\u0159\u00ed i nad\u00e1le \u017eij\u00ed a pracuj\u00ed v Rusku nebo B\u011blorusku.<\/p>\t\t\t\t\t\t\t\t<\/div>\n\t\t\t\t<div class=\"elementor-element elementor-element-f76d669 elementor-widget elementor-widget-text-editor\" data-id=\"f76d669\" data-element_type=\"widget\" data-e-type=\"widget\" data-widget_type=\"text-editor.default\">\n\t\t\t\t\t\t\t\t\t<p>Na\u0161e podpora Ukrajin\u011b je trval\u00e1. Stoj\u00edme za svobodou, lidskou d\u016fstojnost\u00ed a m\u00edrem. I nad\u00e1le budeme vyu\u017e\u00edvat na\u0161e zdroje a platformu na podporu Ukrajiny v tomto n\u00e1ro\u010dn\u00e9m obdob\u00ed.<\/p>\t\t\t\t\t\t\t\t<\/div>\n\t\t\t\t\t<\/div>\n\t\t\t\t<\/div>\n\t\t\t\t<\/div>","protected":false},"excerpt":{"rendered":"","protected":false},"author":3,"featured_media":0,"parent":0,"menu_order":0,"comment_status":"closed","ping_status":"closed","template":"","meta":{"_monsterinsights_skip_tracking":false,"_monsterinsights_sitenote_active":false,"_monsterinsights_sitenote_note":"","_monsterinsights_sitenote_category":0,"footnotes":""},"class_list":["post-8238","page","type-page","status-publish","hentry"],"aioseo_notices":[],"_links":{"self":[{"href":"https:\/\/alteg.io\/cs\/wp-json\/wp\/v2\/pages\/8238","targetHints":{"allow":["GET"]}}],"collection":[{"href":"https:\/\/alteg.io\/cs\/wp-json\/wp\/v2\/pages"}],"about":[{"href":"https:\/\/alteg.io\/cs\/wp-json\/wp\/v2\/types\/page"}],"author":[{"embeddable":true,"href":"https:\/\/alteg.io\/cs\/wp-json\/wp\/v2\/users\/3"}],"replies":[{"embeddable":true,"href":"https:\/\/alteg.io\/cs\/wp-json\/wp\/v2\/comments?post=8238"}],"version-history":[{"count":2,"href":"https:\/\/alteg.io\/cs\/wp-json\/wp\/v2\/pages\/8238\/revisions"}],"predecessor-version":[{"id":19366,"href":"https:\/\/alteg.io\/cs\/wp-json\/wp\/v2\/pages\/8238\/revisions\/19366"}],"wp:attachment":[{"href":"https:\/\/alteg.io\/cs\/wp-json\/wp\/v2\/media?parent=8238"}],"curies":[{"name":"wp","href":"https:\/\/api.w.org\/{rel}","templated":true}]}}