{"id":1283,"date":"2024-04-04T00:43:25","date_gmt":"2024-04-04T00:43:25","guid":{"rendered":"https:\/\/new.alteg.io\/?page_id=1283"},"modified":"2026-02-15T18:53:24","modified_gmt":"2026-02-15T18:53:24","slug":"user-data-transfer-agreement","status":"publish","type":"page","link":"https:\/\/alteg.io\/cs\/info\/user-data-transfer-agreement\/","title":{"rendered":"Dohoda o p\u0159enosu u\u017eivatelsk\u00fdch dat"},"content":{"rendered":"<div data-elementor-type=\"wp-page\" data-elementor-id=\"1283\" class=\"elementor elementor-1283\" data-elementor-post-type=\"page\">\n\t\t\t\t\t\t<section class=\"elementor-section elementor-top-section elementor-element elementor-element-faded31 elementor-section-boxed elementor-section-height-default elementor-section-height-default\" data-id=\"faded31\" data-element_type=\"section\" data-e-type=\"section\" data-settings=\"{&quot;background_background&quot;:&quot;classic&quot;}\">\n\t\t\t\t\t\t<div class=\"elementor-container elementor-column-gap-default\">\n\t\t\t\t\t<div class=\"elementor-column elementor-col-100 elementor-top-column elementor-element elementor-element-06ab8a0\" data-id=\"06ab8a0\" data-element_type=\"column\" data-e-type=\"column\">\n\t\t\t<div class=\"elementor-widget-wrap elementor-element-populated\">\n\t\t\t\t\t\t<div class=\"elementor-element elementor-element-966d695 elementor-widget elementor-widget-shortcode\" data-id=\"966d695\" data-element_type=\"widget\" data-e-type=\"widget\" data-widget_type=\"shortcode.default\">\n\t\t\t\t\t\t\t<div class=\"elementor-shortcode\"><div class=\"aioseo-breadcrumbs\"><span class=\"aioseo-breadcrumb\">\n\tHome\n<\/span><\/div><\/div>\n\t\t\t\t\t\t<\/div>\n\t\t\t\t<div class=\"elementor-element elementor-element-d679525 elementor-invisible elementor-widget elementor-widget-heading\" data-id=\"d679525\" data-element_type=\"widget\" data-e-type=\"widget\" data-settings=\"{&quot;_animation&quot;:&quot;fadeInUp&quot;,&quot;_animation_mobile&quot;:&quot;fadeInDown&quot;,&quot;_animation_delay&quot;:300}\" data-widget_type=\"heading.default\">\n\t\t\t\t\t<h1 class=\"elementor-heading-title elementor-size-default\">Smlouva o p\u0159enosu a zpracov\u00e1n\u00ed u\u017eivatelsk\u00fdch \u00fadaj\u016f<\/h1>\t\t\t\t<\/div>\n\t\t\t\t<div class=\"elementor-element elementor-element-1b60abf text-a animated-slow elementor-invisible elementor-widget elementor-widget-text-editor\" data-id=\"1b60abf\" data-element_type=\"widget\" data-e-type=\"widget\" data-settings=\"{&quot;_animation&quot;:&quot;fadeIn&quot;,&quot;_animation_delay&quot;:400}\" data-widget_type=\"text-editor.default\">\n\t\t\t\t\t\t\t\t\tPodle po\u017eadavk\u016f na zpracov\u00e1n\u00ed \u00fadaj\u016f a na\u0159\u00edzen\u00ed Evropsk\u00e9ho parlamentu a Rady (EU) 2016\/679 ze dne 27. dubna 2016 o ochran\u011b fyzick\u00fdch osob v souvislosti se zpracov\u00e1n\u00edm osobn\u00edch \u00fadaj\u016f a o voln\u00e9m pohybu t\u011bchto \u00fadaj\u016f, d\u00e1v\u00e1m dobrovoln\u00fd souhlas s p\u0159ed\u00e1n\u00edm sv\u00fdch osobn\u00edch \u00fadaj\u016f ke zpracov\u00e1n\u00ed nov\u00e9mu spr\u00e1vci \u201cAltegio Limited\u201d, spole\u010dnosti zalo\u017een\u00e9 podle kypersk\u00e9ho pr\u00e1va se s\u00eddlem na adrese Ioanni Stylianou, 6, 2nd floor, Flat|Office 202, 2003, Nik\u00f3sie, Kypr, (d\u00e1le jen \u201cspr\u00e1vce\u201d) za \u00fa\u010delem proveden\u00ed pro k p\u0159\u00edstupu a pou\u017e\u00edv\u00e1n\u00ed platformy Altegio.\n\nSouhlas ud\u011bluji Spr\u00e1vci se zpracov\u00e1n\u00edm sv\u00fdch osobn\u00edch \u00fadaj\u016f v souladu se Z\u00e1sadami ochrany osobn\u00edch \u00fadaj\u016f, kter\u00e9 jsou zve\u0159ejn\u011bny a\/nebo dostupn\u00e9 na internetu na adrese <a href=\"https:\/\/alteg.io\/en\/info\/privacy\">alteg.io\/en\/info\/privacy<\/a> a stanov\u00ed pravidla zpracov\u00e1n\u00ed osobn\u00edch \u00fadaj\u016f U\u017eivatele, v\u010detn\u011b osobn\u00edch \u00fadaj\u016f U\u017eivatele, a s Podm\u00ednkami slu\u017eby, kter\u00e9 jsou zve\u0159ejn\u011bny a\/nebo dostupn\u00e9 na internetu na adrese: <a href=\"https:\/\/alteg.io\/en\/info\/terms\">alteg.io\/en\/info\/terms<\/a> aby strany mohly pokra\u010dovat ve sv\u00fdch vztaz\u00edch zp\u016fsobem, kter\u00fd je v souladu se z\u00e1konem.\n\nSpr\u00e1vce je opr\u00e1vn\u011bn prov\u00e1d\u011bt \u010dinnosti (operace) s m\u00fdmi osobn\u00edmi \u00fadaji, v\u010detn\u011b shroma\u017e\u010fov\u00e1n\u00ed, systematizace, shroma\u017e\u010fov\u00e1n\u00ed, uchov\u00e1v\u00e1n\u00ed, up\u0159es\u0148ov\u00e1n\u00ed (aktualizace, zm\u011bny) pou\u017eit\u00ed, depersonalizace, blokov\u00e1n\u00ed, v\u00fdmazu m\u00fdch osobn\u00edch \u00fadaj\u016f, jejich\u017e kategorie jsou uvedeny v Z\u00e1sad\u00e1ch ochrany osobn\u00edch \u00fadaj\u016f.\n\nNem\u00e1m n\u00e1mitky proti v\u00fdm\u011bn\u011b (p\u0159ijet\u00ed, p\u0159ed\u00e1n\u00ed) m\u00fdch osobn\u00edch \u00fadaj\u016f mezi Spr\u00e1vcem a t\u0159et\u00edmi osobami v souladu s uzav\u0159en\u00fdmi smlouvami a dohodami, a to za \u00fa\u010delem dodr\u017een\u00ed m\u00fdch opr\u00e1vn\u011bn\u00fdch pr\u00e1v a z\u00e1jm\u016f.\n\nTato smlouva nab\u00fdv\u00e1 platnosti okam\u017eikem jej\u00edho podpisu smluvn\u00edmi stranami a z\u016fst\u00e1v\u00e1 v platnosti a\u017e do ukon\u010den\u00ed platnosti t\u00e9to smlouvy.\n\nTuto dohodu mohu kdykoli p\u00edsemn\u011b odvolat podle vlastn\u00edho uv\u00e1\u017een\u00ed.\n\n<hr \/>\n\nVe\u0161ker\u00e9 n\u00e1vrhy, dotazy, \u017e\u00e1dosti a jin\u00e9 dotazy t\u00fdkaj\u00edc\u00ed se t\u00e9to smlouvy a pou\u017e\u00edv\u00e1n\u00ed osobn\u00edch \u00fadaj\u016f m\u016f\u017ee u\u017eivatel zas\u00edlat na adresu. <a href=\"mailto:support@alteg.io\">support@alteg.io<\/a>.  M\u016f\u017eete tak\u00e9 kontaktovat na\u0161eho pov\u011b\u0159ence pro ochranu osobn\u00edch \u00fadaj\u016f (DPO), a to bu\u010f p\u00edsemn\u00fdm dopisem adresovan\u00fdm \u201cpov\u011b\u0159enci pro ochranu osobn\u00edch \u00fadaj\u016f\u201d zaslan\u00fdm na v\u00fd\u0161e uvedenou adresu, nebo e-mailem na adresu <a href=\"mailto:legal@alteg.io\">Adresa DPO<\/a>.\t\t\t\t\t\t\t\t<\/div>\n\t\t\t\t\t<\/div>\n\t\t<\/div>\n\t\t\t\t\t<\/div>\n\t\t<\/section>\n\t\t\t\t<\/div>","protected":false},"excerpt":{"rendered":"","protected":false},"author":3,"featured_media":0,"parent":1114,"menu_order":0,"comment_status":"closed","ping_status":"closed","template":"","meta":{"_monsterinsights_skip_tracking":false,"_monsterinsights_sitenote_active":false,"_monsterinsights_sitenote_note":"","_monsterinsights_sitenote_category":0,"footnotes":""},"class_list":["post-1283","page","type-page","status-publish","hentry"],"aioseo_notices":[],"_links":{"self":[{"href":"https:\/\/alteg.io\/cs\/wp-json\/wp\/v2\/pages\/1283","targetHints":{"allow":["GET"]}}],"collection":[{"href":"https:\/\/alteg.io\/cs\/wp-json\/wp\/v2\/pages"}],"about":[{"href":"https:\/\/alteg.io\/cs\/wp-json\/wp\/v2\/types\/page"}],"author":[{"embeddable":true,"href":"https:\/\/alteg.io\/cs\/wp-json\/wp\/v2\/users\/3"}],"replies":[{"embeddable":true,"href":"https:\/\/alteg.io\/cs\/wp-json\/wp\/v2\/comments?post=1283"}],"version-history":[{"count":7,"href":"https:\/\/alteg.io\/cs\/wp-json\/wp\/v2\/pages\/1283\/revisions"}],"predecessor-version":[{"id":19294,"href":"https:\/\/alteg.io\/cs\/wp-json\/wp\/v2\/pages\/1283\/revisions\/19294"}],"up":[{"embeddable":true,"href":"https:\/\/alteg.io\/cs\/wp-json\/wp\/v2\/pages\/1114"}],"wp:attachment":[{"href":"https:\/\/alteg.io\/cs\/wp-json\/wp\/v2\/media?parent=1283"}],"curies":[{"name":"wp","href":"https:\/\/api.w.org\/{rel}","templated":true}]}}